{"id":28786,"date":"2024-08-09T14:02:16","date_gmt":"2024-08-09T14:02:16","guid":{"rendered":"https:\/\/lacasadelamedicina.es\/product\/acheter-de-la-cocaine-volkswagen-en-ligne-a-90\/"},"modified":"2024-08-09T14:02:16","modified_gmt":"2024-08-09T14:02:16","slug":"acheter-de-la-cocaine-volkswagen-en-ligne-a-90","status":"publish","type":"product","link":"https:\/\/lacasadelamedicina.es\/fr\/produit\/acheter-de-la-cocaine-volkswagen-en-ligne-a-90\/","title":{"rendered":"Acheter de la coca\u00efne Volkswagen en ligne \u00e0 90 %"},"content":{"rendered":"<h3>Achetez de la coca\u00efne Volkswagen en ligne pure \u00e0 90 %<\/h3>\n<p> La coca\u00efne Volkswagen contient entre 70 et 90 pour cent de <a href=\"https:\/\/dieapotheke247.com\/\">coca\u00efne <\/a> pure. C&rsquo;est l&rsquo;un des types de coca\u00efne que l&rsquo;on trouve g\u00e9n\u00e9ralement dans la soci\u00e9t\u00e9 d&rsquo;aujourd&rsquo;hui. Dans de nombreux cas, la coca\u00efne agit comme un bloqueur ou un analg\u00e9sique. Coca\u00efne Volkswagen pure \u00e0 90 % \u00e0 vendre. Acheter de la coca\u00efne Volkswagen en ligne \u00e0 90% &#8211; <a href=\"https:\/\/drlawsonspharmacy\/contact-us\/\">CONTACT Acheter de la coca\u00efne Volkswagen en ligne \u00e0 90%<\/a> L&rsquo;une des substances psychotropes utilis\u00e9es dans les industries m\u00e9dicales et non m\u00e9dicales est la coca\u00efne Volkswagen. La coca\u00efne Volkswagen a souvent aussi des propri\u00e9t\u00e9s stimulantes. Pour cette raison, elle est utilis\u00e9e pour fabriquer une vari\u00e9t\u00e9 de m\u00e9dicaments et de th\u00e9rapies.       <\/p>\n<h3><b>Comment fonctionne la coca\u00efne Volkswagen<\/b><\/h3>\n<p> Bien que les diff\u00e9rents types de coca\u00efne contiennent diff\u00e9rentes quantit\u00e9s de coca\u00efne pure, certains d&rsquo;entre eux sont plus utiles que d&rsquo;autres. La coca\u00efne Volkswagen est \u00e9galement utile au corps humain de plusieurs fa\u00e7ons. Acheter Volkswagen Cocaine Online 90% Cette mati\u00e8re extr\u00eamement pure est utilis\u00e9e pour effectuer des t\u00e2ches rapidement et avec pr\u00e9cision. Cette coca\u00efne a un effet imm\u00e9diat sur le syst\u00e8me nerveux central. Certaines hormones chimiques utilis\u00e9es pour soulager la douleur sont stimul\u00e9es par la coca\u00efne. Elle stimule \u00e9galement la lib\u00e9ration de certains neurotransmetteurs dans le cerveau. Cependant, elle peut aussi occasionnellement lib\u00e9rer des substances chimiques par elle-m\u00eame pour contr\u00f4ler la douleur. Elle a un effet relaxant et peut soulager tout type d&rsquo;inconfort. Les gens ressentent ainsi un soulagement de leur inconfort.         <\/p>\n<h3>Acheter de la coca\u00efne Volkswagen en ligne<\/h3>\n<p> La prise de cette prodrogue peut \u00e9galement r\u00e9soudre le probl\u00e8me de l&rsquo;insomnie. Ses composants contiennent une petite quantit\u00e9 de m\u00e9dicaments somnif\u00e8res. La coca\u00efne Volkswagen est utilis\u00e9e dans les discoth\u00e8ques par des professionnels et des personnes ordinaires \u00e0 diverses fins. Les personnes qui ont consomm\u00e9 cette drogue pendant une courte p\u00e9riode ont d\u00e9clar\u00e9 se sentir plus \u00e9nergiques et actives. La coca\u00efne Volkswagen \u00e9tant une drogue tr\u00e8s pure, une consommation prolong\u00e9e peut \u00eatre dangereuse pour le corps humain. Par cons\u00e9quent, elle ne doit \u00eatre utilis\u00e9e que lorsque le corps humain en a besoin. Acheter de la coca\u00efne Volkswagen en ligne 90%       <\/p>\n<h3><strong>Commandez de la coca\u00efne Volkswagen en ligne pure \u00e0 90 %<\/strong><\/h3>\n<p> Nous proposons \u00e9galement de la coca\u00efne Volkswagen \u00e0 des prix tr\u00e8s avantageux dans notre boutique en ligne. Gr\u00e2ce \u00e0 notre service de livraison, vous pouvez recevoir votre article extr\u00eamement rapidement. Nos chimistes ont veill\u00e9 \u00e0 ce que les conditions de stockage soient telles que la puret\u00e9 de la coca\u00efne ne puisse \u00eatre alt\u00e9r\u00e9e par aucun facteur. Acheter de la coca\u00efne Volkswagen en ligne 90%    &nbsp;<\/p>\n","protected":false},"excerpt":{"rendered":"<p>Coca\u00efne Volkswagen \u00e0 vendre en ligne. Ici, \u00e0 la pharmacie Dr. Lawsons, nous proposons de la coca\u00efne Volkswagen authentique \u00e0 vendre. Nous travaillons dur chaque jour pour fournir \u00e0 nos clients la meilleure coca\u00efne Volkswagen du march\u00e9.   &nbsp;<\/p>\n","protected":false},"featured_media":18380,"comment_status":"closed","ping_status":"closed","template":"","meta":{"om_disable_all_campaigns":false,"_sitemap_exclude":false,"_sitemap_priority":"","_sitemap_frequency":"","_monsterinsights_skip_tracking":false,"_monsterinsights_sitenote_active":false,"_monsterinsights_sitenote_note":"","_monsterinsights_sitenote_category":0},"product_cat":[19626],"product_tag":[19715,19716,19722,19734,19728,19731,19729,19721,19724,19718,19719,19736,19735,19733,19730,19717,19726,19727,19732,19720,19725,19723],"class_list":{"0":"post-28786","1":"product","2":"type-product","3":"status-publish","4":"has-post-thumbnail","6":"product_cat-cocaine-fr","7":"product_tag-achetez-volkswagen-cocaine-90","8":"product_tag-achetez-volkswagen-cocaine-90-en-ligne","9":"product_tag-achetez-volkswagen-cocaine-90-en-ligne-en-europe","10":"product_tag-authentique-volkswagen-cocaine-90-europe","11":"product_tag-boutique-en-ligne-volkswagen-cocaine-90-europe","12":"product_tag-boutique-volkswagen-cocaine-90-europe","13":"product_tag-cocaine-volkswagen-pas-chere-a-90-en-europe","14":"product_tag-combien-coute-la-cocaine-volkswagen-a-90","15":"product_tag-commander-volkswagen-cocaine-90-eu","16":"product_tag-commandez-volkswagen-cocaine-90-en-ligne","17":"product_tag-effets-de-la-cocaine-volkswagen-90","18":"product_tag-essai-volkswagen-cocaine-90-europe","19":"product_tag-fournisseurs-de-cocaine-volkswagen-a-90-en-europe","20":"product_tag-livraison-volkswagen-cocaine-90-europe","21":"product_tag-offres-volkswagen-cocaine-90-europe","22":"product_tag-ou-acheter-volkswagen-cocaine-90-en-ligne","23":"product_tag-ou-acheter-volkswagen-cocaine-90-europe","24":"product_tag-vente-volkswagen-cocaine-90-europe","25":"product_tag-volkswagen-cocaine-90-de-reduction-en-europe","26":"product_tag-volkswagen-cocaine-90-des-ventes-en-ligne","27":"product_tag-volkswagen-cocaine-90-livraison-gratuite-en-europe","28":"product_tag-volkswagen-cocaine-90-meilleur-prix-europe","30":"first","31":"instock","32":"shipping-taxable","33":"purchasable","34":"product-type-variable","35":"farmacie-col"},"aioseo_notices":[],"_links":{"self":[{"href":"https:\/\/lacasadelamedicina.es\/fr\/wp-json\/wp\/v2\/product\/28786"}],"collection":[{"href":"https:\/\/lacasadelamedicina.es\/fr\/wp-json\/wp\/v2\/product"}],"about":[{"href":"https:\/\/lacasadelamedicina.es\/fr\/wp-json\/wp\/v2\/types\/product"}],"replies":[{"embeddable":true,"href":"https:\/\/lacasadelamedicina.es\/fr\/wp-json\/wp\/v2\/comments?post=28786"}],"wp:featuredmedia":[{"embeddable":true,"href":"https:\/\/lacasadelamedicina.es\/fr\/wp-json\/wp\/v2\/media\/18380"}],"wp:attachment":[{"href":"https:\/\/lacasadelamedicina.es\/fr\/wp-json\/wp\/v2\/media?parent=28786"}],"wp:term":[{"taxonomy":"product_cat","embeddable":true,"href":"https:\/\/lacasadelamedicina.es\/fr\/wp-json\/wp\/v2\/product_cat?post=28786"},{"taxonomy":"product_tag","embeddable":true,"href":"https:\/\/lacasadelamedicina.es\/fr\/wp-json\/wp\/v2\/product_tag?post=28786"}],"curies":[{"name":"wp","href":"https:\/\/api.w.org\/{rel}","templated":true}]}}