{"id":28779,"date":"2024-08-09T14:02:16","date_gmt":"2024-08-09T14:02:16","guid":{"rendered":"https:\/\/lacasadelamedicina.es\/product\/acheter-du-crack-en-ligne\/"},"modified":"2024-08-09T14:02:16","modified_gmt":"2024-08-09T14:02:16","slug":"acheter-du-crack-en-ligne","status":"publish","type":"product","link":"https:\/\/lacasadelamedicina.es\/fr\/produit\/acheter-du-crack-en-ligne\/","title":{"rendered":"Acheter du crack en ligne"},"content":{"rendered":"<h3>Achetez du crack en ligne.<\/h3>\n<p> Le crack est la drogue qu&rsquo;il vous faut si vous recherchez un high qui vous donnera un puissant regain d&rsquo;\u00e9nergie. La plante de coca est la source du crack, un puissant stimulant. Il a un effet fort et imm\u00e9diat qui produit du plaisir et un regain d&rsquo;\u00e9nergie, entre autres effets. Vous envisagez d&rsquo;acheter du crack en ligne ? Si tel est le cas, la pharmacie Dr. Lawsons est votre guichet unique pour tout ce que vous souhaitez acheter en ligne sur le crack. Acheter du crack en ligne &#8211;      <a href=\"https:\/\/drlawsonspharmacy\/contact-us\/\">CONTACT<\/a><\/p>\n<h3>De quoi est fait le crack ?<\/h3>\n<p> Les feuilles de la plante de coca sont utilis\u00e9es pour fabriquer de la coca\u00efne, un stimulant. Elle est souvent commercialis\u00e9e sous le nom de \u00ab crack \u00bb, un m\u00e9lange de coca\u00efne et d&rsquo;eau. La pharmacie Dr. Lawsons est le meilleur choix pour quiconque cherche \u00e0 acheter cette substance puissante en toute s\u00e9curit\u00e9, gr\u00e2ce \u00e0 sa large gamme de crack de haute qualit\u00e9 en vrac, \u00e0 ses m\u00e9thodes de paiement s\u00e9curis\u00e9es et \u00e0 sa livraison discr\u00e8te.   <\/p>\n<h3>Les bienfaits du crack<\/h3>\n<p> L&rsquo;un des stup\u00e9fiants les plus couramment utilis\u00e9s sur le march\u00e9 est le crack, et pour cause. C&rsquo;est un moyen facile et rapide d&rsquo;obtenir un high puissant qui dure plus longtemps que les autres drogues. Contrairement \u00e0 d&rsquo;autres stup\u00e9fiants, qui prennent parfois des heures \u00e0 faire effet, le crack agit instantan\u00e9ment. Vous pouvez profiter de votre high imm\u00e9diatement car vous pouvez ressentir les effets apr\u00e8s seulement quelques minutes. On pense \u00e9galement que le crack augmente la cr\u00e9ativit\u00e9 et l&rsquo;intensit\u00e9 \u00e9motionnelle par rapport \u00e0 d&rsquo;autres drogues comme la marijuana ou l&rsquo;ecstasy. Achetez du crack en ligne chez Dr. Chez Lawsons Pharmacy, nous offrons aux consommateurs de tous les pays un acc\u00e8s abordable \u00e0 la coca\u00efne crack de qualit\u00e9 sup\u00e9rieure disponible \u00e0 l&rsquo;achat en ligne. Vous pouvez \u00eatre s\u00fbr que vous obtiendrez les meilleurs r\u00e9sultats possibles car notre crack est fabriqu\u00e9 selon les normes de puret\u00e9 les plus \u00e9lev\u00e9es.       <\/p>\n<h3>Effets secondaires du crack<\/h3>\n<p> Le crack est une substance extr\u00eamement addictive et nocive qui peut nuire gravement \u00e0 votre sant\u00e9. Les effets n\u00e9gatifs du crack peuvent \u00eatre mortels, addictifs et avoir un impact n\u00e9gatif sur la sant\u00e9 mentale. De plus, le crack peut avoir des effets secondaires physiques imm\u00e9diats tels que des palpitations cardiaques, de l&rsquo;agressivit\u00e9 et des psychoses. Il est important de vous renseigner sur les risques avant de consommer du crack, car les effets n\u00e9gatifs \u00e0 long terme peuvent ne pas appara\u00eetre avant des ann\u00e9es apr\u00e8s la consommation.    <\/p>\n<h3>Acheter du crack en ligne &#8211; Acheter du crack en ligne aupr\u00e8s de la pharmacie Dr Lawsons<\/h3>\n<p> Vous cherchez un moyen de vous d\u00e9foncer ? Visitez la pharmacie Dr. Lawsons, le site Web o\u00f9 vous pouvez acheter du crack de qualit\u00e9 test\u00e9 en vrac. Nous proposons une large gamme de produits, notamment du crack en quantit\u00e9s allant d&rsquo;un kilo \u00e0 de petites quantit\u00e9s. Vous ne trouverez nulle part ailleurs une meilleure affaire que notre excellent prix du crack. Nous emballons nos articles avec le plus grand soin afin qu&rsquo;ils arrivent discr\u00e8tement et en toute s\u00e9curit\u00e9, car nous connaissons la valeur de la confidentialit\u00e9. Nous esp\u00e9rons sinc\u00e8rement que vous consid\u00e9rerez la pharmacie Dr. Lawsons comme votre principale source Internet pour acheter du crack.      &nbsp;<\/p>\n","protected":false},"excerpt":{"rendered":"<p>Achetez du crack en ligne. Le crack est la drogue qu&rsquo;il vous faut si vous recherchez un high qui vous donnera un puissant regain d&rsquo;\u00e9nergie. La plante de coca est la source du crack, un puissant stimulant. Il a un effet fort et imm\u00e9diat qui produit du plaisir et un regain d&rsquo;\u00e9nergie, entre autres effets. [&hellip;]<\/p>\n","protected":false},"featured_media":18755,"comment_status":"closed","ping_status":"closed","template":"","meta":{"om_disable_all_campaigns":false,"_sitemap_exclude":false,"_sitemap_priority":"","_sitemap_frequency":"","_monsterinsights_skip_tracking":false,"_monsterinsights_sitenote_active":false,"_monsterinsights_sitenote_note":"","_monsterinsights_sitenote_category":0},"product_cat":[19626],"product_tag":[19693,19695,19700,19699,19702,19694,19712,19708,19710,19701,19707,19714,19697,19713,19711,19703,19709,19706,19704,19696,19705,19698],"class_list":{"0":"post-28779","1":"product","2":"type-product","3":"status-publish","4":"has-post-thumbnail","6":"product_cat-cocaine-fr","7":"product_tag-acheter-du-crack","8":"product_tag-acheter-du-crack-en-ligne","9":"product_tag-acheter-du-crack-en-ligne-en-europe","10":"product_tag-combien-coute-le-crack","11":"product_tag-commander-du-crack-dans-lue","12":"product_tag-commander-du-crack-en-ligne","13":"product_tag-crack-authentique-en-europe","14":"product_tag-crack-cocaine-en-europe","15":"product_tag-crack-cocaine-en-europe-a-prix-reduit","16":"product_tag-crack-cocaine-meilleur-prix-europe","17":"product_tag-crack-pas-cher-en-europe","18":"product_tag-critique-de-crack-cocaine-en-europe","19":"product_tag-effets-du-crack","20":"product_tag-fournisseurs-de-crack-en-europe","21":"product_tag-livraison-de-crack-en-europe","22":"product_tag-livraison-gratuite-de-crack-cocaine-en-europe","23":"product_tag-magasin-de-crack-en-europe","24":"product_tag-magasin-en-ligne-de-crack-cocaine-europe","25":"product_tag-ou-acheter-du-crack-en-europe","26":"product_tag-ou-acheter-du-crack-en-ligne","27":"product_tag-vente-de-crack-en-europe","28":"product_tag-vente-de-crack-en-ligne","30":"first","31":"instock","32":"shipping-taxable","33":"purchasable","34":"product-type-variable","35":"farmacie-col"},"aioseo_notices":[],"_links":{"self":[{"href":"https:\/\/lacasadelamedicina.es\/fr\/wp-json\/wp\/v2\/product\/28779"}],"collection":[{"href":"https:\/\/lacasadelamedicina.es\/fr\/wp-json\/wp\/v2\/product"}],"about":[{"href":"https:\/\/lacasadelamedicina.es\/fr\/wp-json\/wp\/v2\/types\/product"}],"replies":[{"embeddable":true,"href":"https:\/\/lacasadelamedicina.es\/fr\/wp-json\/wp\/v2\/comments?post=28779"}],"wp:featuredmedia":[{"embeddable":true,"href":"https:\/\/lacasadelamedicina.es\/fr\/wp-json\/wp\/v2\/media\/18755"}],"wp:attachment":[{"href":"https:\/\/lacasadelamedicina.es\/fr\/wp-json\/wp\/v2\/media?parent=28779"}],"wp:term":[{"taxonomy":"product_cat","embeddable":true,"href":"https:\/\/lacasadelamedicina.es\/fr\/wp-json\/wp\/v2\/product_cat?post=28779"},{"taxonomy":"product_tag","embeddable":true,"href":"https:\/\/lacasadelamedicina.es\/fr\/wp-json\/wp\/v2\/product_tag?post=28779"}],"curies":[{"name":"wp","href":"https:\/\/api.w.org\/{rel}","templated":true}]}}