{"id":28773,"date":"2024-08-09T14:02:16","date_gmt":"2024-08-09T14:02:16","guid":{"rendered":"https:\/\/lacasadelamedicina.es\/product\/acheter-de-la-cocaine-colombienne-en-ligne\/"},"modified":"2024-08-09T14:02:16","modified_gmt":"2024-08-09T14:02:16","slug":"acheter-de-la-cocaine-colombienne-en-ligne","status":"publish","type":"product","link":"https:\/\/lacasadelamedicina.es\/fr\/produit\/acheter-de-la-cocaine-colombienne-en-ligne\/","title":{"rendered":"Acheter de la coca\u00efne colombienne en ligne"},"content":{"rendered":"<h3>Achetez de la coca\u00efne colombienne en ligne.<\/h3>\n<p> Vous cherchez de la coca\u00efne colombienne \u00e0 acheter en ligne ? Dans ce cas, la pharmacie Dr. Lawsons est l&rsquo;endroit id\u00e9al pour vous. Vous y trouverez une large gamme de produits de coca\u00efne de qualit\u00e9 sup\u00e9rieure fabriqu\u00e9s \u00e0 partir de feuilles de coca colombiennes. Acheter de la coca\u00efne colombienne en ligne &#8211;    <a href=\"https:\/\/drlawsonspharmacy\/contact-us\/\">CONTACT<\/a><\/p>\n<h3>Comment est fabriqu\u00e9e la coca\u00efne colombienne ?<\/h3>\n<p> L\u2019une des drogues les plus utilis\u00e9es sur le march\u00e9 aujourd\u2019hui est la coca\u00efne colombienne. C\u2019est un puissant stimulant qui peut augmenter l\u2019\u00e9nergie et la concentration. Pour produire de la coca\u00efne colombienne, les agriculteurs doivent d\u2019abord r\u00e9colter des feuilles de coca dans les Andes. Une fois les feuilles de coca m\u00fbres, elles sont cueillies et transform\u00e9es en cristaux de chlorhydrate de coca\u00efne. Ce processus implique la distillation des feuilles \u00e0 l\u2019aide de divers proc\u00e9d\u00e9s chimiques, tels que le lavage \u00e0 l\u2019acide et l\u2019extraction \u00e0 l\u2019\u00e9ther. Enfin, la coca\u00efne est transport\u00e9e \u00e0 l\u2019\u00e9tranger et vendue sur le march\u00e9 clandestin.      <\/p>\n<h3>Acheter de la coca\u00efne colombienne en ligne<\/h3>\n<p> La coca\u00efne colombienne \u00e9tant plus lucrative que d\u2019autres types de drogues en Europe et dans d\u2019autres parties du monde, les organisations de trafic de drogue utilisent des itin\u00e9raires et des ports diff\u00e9rents pour l\u2019acheminer. En raison de ces caract\u00e9ristiques, il existe souvent de grandes diff\u00e9rences de prix entre la coca\u00efne colombienne et les autres drogues disponibles sur le march\u00e9.  <\/p>\n<h3>Les bienfaits de la coca\u00efne colombienne<\/h3>\n<p> Si vous souhaitez ressentir une sensation d&rsquo;euphorie plus intense ou si vous souhaitez prendre de la coca\u00efne <a href=\"https:\/\/dieapotheke247.com\/\">colombienne<\/a> dans le cadre de votre traitement contre la d\u00e9pendance, cette pratique pr\u00e9sente de nombreux avantages. La coca\u00efne colombienne a une puissance plus \u00e9lev\u00e9e que les autres types de coca\u00efne, ce qui permet aux utilisateurs de ressentir les bienfaits avec une quantit\u00e9 beaucoup plus faible, ainsi que d&rsquo;avoir une plus grande sensation de plaisir et de vigilance. En raison de sa puret\u00e9 et de l&rsquo;absence de contamination crois\u00e9e avec d&rsquo;autres substances, la coca\u00efne colombienne achet\u00e9e en ligne est souvent consid\u00e9r\u00e9e comme plus attrayante. Nous avons la coca\u00efne colombienne id\u00e9ale \u00e0 vendre, que vous souhaitiez la sniffer ou la fumer. Pourquoi ne pas l&rsquo;essayer d\u00e8s maintenant \u00e0 la pharmacie Dr. Lawsons ? Vous ne serez pas d\u00e9\u00e7u !      <\/p>\n<h3>Effets secondaires de la coca\u00efne colombienne<\/h3>\n<p> Les effets secondaires \u00e0 court terme de la consommation de coca\u00efne comprennent une sensation d&rsquo;euphorie ou d&rsquo;euphorie, ainsi qu&rsquo;une augmentation de l&rsquo;\u00e9nergie et de la motivation. Selon la quantit\u00e9 de coca\u00efne consomm\u00e9e, ces effets ind\u00e9sirables durent g\u00e9n\u00e9ralement environ une heure. Des probl\u00e8mes de concentration et d&rsquo;attention, une augmentation du rythme cardiaque et de la tension art\u00e9rielle, des insomnies, une perte ou un gain de poids rapide, une d\u00e9pendance, des convulsions, des l\u00e9sions h\u00e9patiques et m\u00eame la mort sont autant d&rsquo;effets n\u00e9gatifs possibles \u00e0 long terme de la consommation de coca\u00efne.   <\/p>\n<h3>O\u00f9 commander de la coca\u00efne colombienne en ligne ?<\/h3>\n<p> Commander de la coca\u00efne en ligne aupr\u00e8s de la pharmacie Dr. Lawsons est logique pour plusieurs raisons. L\u2019une d\u2019entre elles est que les diff\u00e9rentes autorit\u00e9s restent divis\u00e9es sur la question de savoir s\u2019il est l\u00e9gal d\u2019acheter de la coca\u00efne en ligne. Mais vous pouvez acheter de la coca\u00efne colombienne en ligne sans craindre d\u2019\u00eatre arr\u00eat\u00e9. La commodit\u00e9 d\u2019acheter de la coca\u00efne en ligne est une autre justification. La pharmacie Dr. Lawsons permet d\u2019acheter facilement et de mani\u00e8re pratique de la coca\u00efne colombienne en gros sans avoir \u00e0 quitter votre domicile ou votre lieu de travail. Enfin et surtout, la pharmacie Dr. Lawsons propose \u00e0 la vente une vari\u00e9t\u00e9 de produits \u00e0 base de coca\u00efne, de la poudre aux briques de crack.      &nbsp;<\/p>\n","protected":false},"excerpt":{"rendered":"<p>&nbsp;<\/p>\n","protected":false},"featured_media":18365,"comment_status":"closed","ping_status":"closed","template":"","meta":{"om_disable_all_campaigns":false,"_sitemap_exclude":false,"_sitemap_priority":"","_sitemap_frequency":"","_monsterinsights_skip_tracking":false,"_monsterinsights_sitenote_active":false,"_monsterinsights_sitenote_note":"","_monsterinsights_sitenote_category":0},"product_cat":[19626],"product_tag":[19671,19673,19678,19687,19684,19688,19679,19690,19685,19686,19677,19680,19672,19675,19691,19689,19681,19682,19674,19692,19683,19676],"class_list":{"0":"post-28773","1":"product","2":"type-product","3":"status-publish","4":"has-post-thumbnail","6":"product_cat-cocaine-fr","7":"product_tag-acheter-de-la-cocaine-colombienne","8":"product_tag-acheter-de-la-cocaine-colombienne-en-ligne","9":"product_tag-acheter-de-la-cocaine-colombienne-en-ligne-en-europe","10":"product_tag-boutique-de-cocaine-colombienne-en-europe","11":"product_tag-boutique-en-ligne-de-cocaine-colombienne-europe","12":"product_tag-cocaine-colombienne-a-prix-reduit-en-europe","13":"product_tag-cocaine-colombienne-au-meilleur-prix-en-europe","14":"product_tag-cocaine-colombienne-authentique-europe","15":"product_tag-cocaine-colombienne-bon-marche-en-europe","16":"product_tag-cocaine-colombienne-et-trafic-en-europe","17":"product_tag-combien-coute-la-cocaine-colombienne","18":"product_tag-commander-de-la-cocaine-colombienne-dans-lue","19":"product_tag-commander-de-la-cocaine-colombienne-en-ligne","20":"product_tag-effets-de-la-cocaine-colombienne","21":"product_tag-fournisseurs-europeens-de-cocaine-colombienne","22":"product_tag-livraison-de-cocaine-colombienne-en-europe","23":"product_tag-livraison-gratuite-de-cocaine-colombienne-en-europe","24":"product_tag-ou-acheter-de-la-cocaine-colombienne-en-europe","25":"product_tag-ou-acheter-de-la-cocaine-colombienne-en-ligne","26":"product_tag-revue-de-la-cocaine-colombienne-en-europe","27":"product_tag-vente-de-cocaine-colombienne-en-europe","28":"product_tag-ventes-en-ligne-de-cocaine-colombienne","30":"first","31":"instock","32":"shipping-taxable","33":"purchasable","34":"product-type-variable","35":"farmacie-col"},"aioseo_notices":[],"_links":{"self":[{"href":"https:\/\/lacasadelamedicina.es\/fr\/wp-json\/wp\/v2\/product\/28773"}],"collection":[{"href":"https:\/\/lacasadelamedicina.es\/fr\/wp-json\/wp\/v2\/product"}],"about":[{"href":"https:\/\/lacasadelamedicina.es\/fr\/wp-json\/wp\/v2\/types\/product"}],"replies":[{"embeddable":true,"href":"https:\/\/lacasadelamedicina.es\/fr\/wp-json\/wp\/v2\/comments?post=28773"}],"wp:featuredmedia":[{"embeddable":true,"href":"https:\/\/lacasadelamedicina.es\/fr\/wp-json\/wp\/v2\/media\/18365"}],"wp:attachment":[{"href":"https:\/\/lacasadelamedicina.es\/fr\/wp-json\/wp\/v2\/media?parent=28773"}],"wp:term":[{"taxonomy":"product_cat","embeddable":true,"href":"https:\/\/lacasadelamedicina.es\/fr\/wp-json\/wp\/v2\/product_cat?post=28773"},{"taxonomy":"product_tag","embeddable":true,"href":"https:\/\/lacasadelamedicina.es\/fr\/wp-json\/wp\/v2\/product_tag?post=28773"}],"curies":[{"name":"wp","href":"https:\/\/api.w.org\/{rel}","templated":true}]}}