{"id":28768,"date":"2024-08-09T14:02:17","date_gmt":"2024-08-09T14:02:17","guid":{"rendered":"https:\/\/lacasadelamedicina.es\/product\/achetez-kilocain-en-poudre-a-99-en-ligne\/"},"modified":"2024-08-09T14:02:17","modified_gmt":"2024-08-09T14:02:17","slug":"achetez-kilocain-en-poudre-a-99-en-ligne","status":"publish","type":"product","link":"https:\/\/lacasadelamedicina.es\/fr\/produit\/achetez-kilocain-en-poudre-a-99-en-ligne\/","title":{"rendered":"Achetez Kilocain en poudre \u00e0 99 % en ligne"},"content":{"rendered":"<h3>Achetez de la poudre de kiloca\u00efne \u00e0 99 % en ligne<\/h3>\n<p> Achetez de la poudre de kiloca\u00efne en vrac maintenant ; Achetez de la poudre de kiloca\u00efne \u00e0 99 % en ligne &#8211; <a href=\"https:\/\/drlawsonspharmacy\/contact-us\/\">CONTACT Achetez de la poudre de kiloca\u00efne \u00e0 99 % en ligne<\/a> La kiloca\u00efne est similaire \u00e0 la coca\u00efne. Un tout nouveau produit chimique de recherche int\u00e9ressant, la kiloca\u00efne, a re\u00e7u des critiques positives depuis sa sortie. Cette cat\u00e9gorie de drogues exp\u00e9rimentales est souvent appel\u00e9e \u00ab drogues de synth\u00e8se \u00bb. En raison de leur nouvelle structure chimique et de l&rsquo;absence de r\u00e9glementations juridiques sp\u00e9cifiques, elles repr\u00e9sentent une nouvelle classe de drogues. Les produits chimiques de recherche eux-m\u00eames restent l\u00e9gaux et non planifi\u00e9s, ce qui les rend int\u00e9ressants pour un certain nombre de raisons. On les appelle souvent \u00ab sels de bain \u00bb ou \u00ab drogues l\u00e9gales \u00bb parce qu\u2019ils sont vendus l\u00e9galement et parce que leurs effets sont souvent \u00e9tonnamment similaires \u00e0 ceux des principales drogues d\u2019origine ill\u00e9gale.      <\/p>\n<h3><strong>Comment acheter de la poudre de kiloca\u00efne pure \u00e0 99 %<\/strong><\/h3>\n<p> La nouvelle substance de recherche fascinante Kilocain a re\u00e7u des critiques positives depuis sa sortie. Comme il s&rsquo;agit d&rsquo;un produit chimique qui fait encore l&rsquo;objet de recherches, il entre dans la cat\u00e9gorie des \u00ab drogues de synth\u00e8se \u00bb. Ces substances appartiennent \u00e0 une classe sp\u00e9ciale de drogues caract\u00e9ris\u00e9es par une structure chimique particuli\u00e8re et pour lesquelles la r\u00e9glementation actuelle est souvent limit\u00e9e. Souvent appel\u00e9es \u00ab sels de bain \u00bb ou \u00ab euphorisants l\u00e9gaux \u00bb, ces substances sont vendues l\u00e9galement et ont des effets similaires \u00e0 ceux des stup\u00e9fiants ill\u00e9gaux, mais leur puissance varie. Le statut l\u00e9gal et non r\u00e9glement\u00e9 de produits chimiques comme Kilocain, qui ouvre un univers de possibilit\u00e9s fascinantes, est ce qui pousse les scientifiques \u00e0 les \u00e9tudier. Acheter Kilocain Powder 99 en ligne      <\/p>\n<h3><strong>Commander de la poudre de kiloca\u00efne<\/strong><\/h3>\n<p> Le terme \u00ab drogues de synth\u00e8se \u00bb d\u00e9signe une large gamme de substances qui ont \u00e9t\u00e9 synth\u00e9tis\u00e9es \u00e0 des fins de recherche et de tests scientifiques. &nbsp;<\/p>\n","protected":false},"excerpt":{"rendered":"<p><strong>Achetez de la poudre de kiloca\u00efne pure \u00e0 99 % en ligne. La coca\u00efne est comparable \u00e0 la kiloca\u00efne.  <\/strong><\/p>\n","protected":false},"featured_media":18410,"comment_status":"closed","ping_status":"closed","template":"","meta":{"om_disable_all_campaigns":false,"_sitemap_exclude":false,"_sitemap_priority":"","_sitemap_frequency":"","_monsterinsights_skip_tracking":false,"_monsterinsights_sitenote_active":false,"_monsterinsights_sitenote_note":"","_monsterinsights_sitenote_category":0},"product_cat":[19407],"product_tag":[19649,19656,19650,19670,19655,19658,19652,19653,19662,19651,19660,19659,19657,19665,19661,19669,19663,19666,19654,19667,19664,19668],"class_list":{"0":"post-28768","1":"product","2":"type-product","3":"status-publish","4":"has-post-thumbnail","6":"product_cat-recherche-sur-les-produits-chimiques-et-les-psychedeliques","7":"product_tag-acheter-kilocain-en-poudre-a-99","8":"product_tag-acheter-kilocain-en-poudre-a-99-en-ligne-en-europe","9":"product_tag-achetez-kilocain-en-poudre-a-99-en-ligne","10":"product_tag-avis-sur-kilocain-en-poudre-a-99-europe","11":"product_tag-combien-coute-la-poudre-kilocain-99","12":"product_tag-commander-kilocain-poudre-99-ue","13":"product_tag-commandez-kilocain-en-poudre-a-99-en-ligne","14":"product_tag-effets-de-la-poudre-kilocain-99","15":"product_tag-kilocain-poudre-99-boutique-en-ligne-europe","16":"product_tag-ou-acheter-de-la-poudre-kilocain-99-en-ligne","17":"product_tag-ou-acheter-de-la-poudre-kilocain-99-europe","18":"product_tag-poudre-de-kilocaine-99-livraison-gratuite-en-europe","19":"product_tag-poudre-de-kilocaine-99-meilleur-prix-europe","20":"product_tag-poudre-de-kilocaine-a-99-en-europe","21":"product_tag-poudre-de-kilocaine-a-99-en-vente-en-europe","22":"product_tag-poudre-de-kilocaine-a-99-fournisseurs-europeens","23":"product_tag-poudre-de-kilocaine-pas-chere-a-99-en-europe","24":"product_tag-poudre-kilocain-99-de-reduction-en-europe","25":"product_tag-poudre-kilocain-99-des-ventes-en-ligne","26":"product_tag-poudre-kilocain-99-livraison-europe","27":"product_tag-poudre-kilocain-99-offres-europe","28":"product_tag-poudre-kilocain-authentique-99-europe","30":"first","31":"instock","32":"shipping-taxable","33":"purchasable","34":"product-type-variable","35":"farmacie-col"},"aioseo_notices":[],"_links":{"self":[{"href":"https:\/\/lacasadelamedicina.es\/fr\/wp-json\/wp\/v2\/product\/28768"}],"collection":[{"href":"https:\/\/lacasadelamedicina.es\/fr\/wp-json\/wp\/v2\/product"}],"about":[{"href":"https:\/\/lacasadelamedicina.es\/fr\/wp-json\/wp\/v2\/types\/product"}],"replies":[{"embeddable":true,"href":"https:\/\/lacasadelamedicina.es\/fr\/wp-json\/wp\/v2\/comments?post=28768"}],"wp:featuredmedia":[{"embeddable":true,"href":"https:\/\/lacasadelamedicina.es\/fr\/wp-json\/wp\/v2\/media\/18410"}],"wp:attachment":[{"href":"https:\/\/lacasadelamedicina.es\/fr\/wp-json\/wp\/v2\/media?parent=28768"}],"wp:term":[{"taxonomy":"product_cat","embeddable":true,"href":"https:\/\/lacasadelamedicina.es\/fr\/wp-json\/wp\/v2\/product_cat?post=28768"},{"taxonomy":"product_tag","embeddable":true,"href":"https:\/\/lacasadelamedicina.es\/fr\/wp-json\/wp\/v2\/product_tag?post=28768"}],"curies":[{"name":"wp","href":"https:\/\/api.w.org\/{rel}","templated":true}]}}