{"id":28761,"date":"2024-08-09T14:02:17","date_gmt":"2024-08-09T14:02:17","guid":{"rendered":"https:\/\/lacasadelamedicina.es\/product\/acheter-de-la-cocaine-bio-a-86-en-ligne\/"},"modified":"2024-08-09T14:02:17","modified_gmt":"2024-08-09T14:02:17","slug":"acheter-de-la-cocaine-bio-a-86-en-ligne","status":"publish","type":"product","link":"https:\/\/lacasadelamedicina.es\/fr\/produit\/acheter-de-la-cocaine-bio-a-86-en-ligne\/","title":{"rendered":"Acheter de la coca\u00efne bio \u00e0 86% en ligne"},"content":{"rendered":"<h3>Achetez de la coca\u00efne bio \u00e0 86 % en ligne.<\/h3>\n<p> La coca\u00efne est un stimulant tr\u00e8s puissant qui est utilis\u00e9 pour cr\u00e9er une structure mentale unique et s\u00e9duisante chez les gens. L&rsquo;esprit humain est <a href=\"https:\/\/dieapotheke247.com\/\">assist\u00e9<\/a> par la coca\u00efne organique pour percevoir des \u00e9v\u00e9nements ext\u00e9rieurs typiques. Comme d&rsquo;autres stimulants, la coca\u00efne organique agit directement sur le syst\u00e8me nerveux central. Acheter de la coca\u00efne bio 86% en ligne &#8211; <a href=\"https:\/\/drlawsonspharmacy\/contact-us\/\">CONTACT<\/a> Certains compos\u00e9s sont renforc\u00e9s par ce stimulant. Sur la plan\u00e8te, la coca\u00efne bio est \u00e9galement propos\u00e9e et achet\u00e9e sous la marque coke. Elle est utilis\u00e9e non seulement comme drogue, mais aussi pour produire divers m\u00e9dicaments. Ces drogues sont extr\u00eamement utiles pour la sant\u00e9 humaine. Parmi les drogues les plus populaires, la coca\u00efne occupe la deuxi\u00e8me place.        <\/p>\n<h3>Acheter de la coca\u00efne bio \u00e0 86 % en ligne<\/h3>\n<p> L&rsquo;une des vari\u00e9t\u00e9s les plus pures de coca\u00efne, produite \u00e0 la fois artificiellement et naturellement, est appel\u00e9e Bio Coca\u00efne-86. En raison de ses propri\u00e9t\u00e9s particuli\u00e8res, telles que sa capacit\u00e9 \u00e0 agir imm\u00e9diatement, la coca\u00efne bio est souvent utilis\u00e9e dans les produits pharmaceutiques. Il s&rsquo;agit d&rsquo;un m\u00e9dicament extr\u00eamement efficace con\u00e7u pour att\u00e9nuer les effets du choc sur le psychisme humain. En d&rsquo;autres termes, la Bio Coca\u00efne-86 est utilis\u00e9e pour aider l&rsquo;esprit humain \u00e0 contr\u00f4ler les \u00e9motions fortes telles que la joie ou la tristesse. Dans ces circonstances, l&rsquo;esprit humain fonctionne \u00e9galement normalement. Elle est \u00e9galement utilis\u00e9e pour favoriser un sommeil sain et non perturb\u00e9. Apr\u00e8s avoir consomm\u00e9 cette coca\u00efne, les utilisateurs disent se sentir d\u00e9tendus et pleins d&rsquo;\u00e9nergie. Afin de profiter pleinement de ces festivit\u00e9s, la Bio Coca\u00efne-86 est \u00e9galement consomm\u00e9e dans les salles de danse et les bars sans prescription m\u00e9dicale. Les gens utilisent cette substance pour se remettre de leurs t\u00e2ches quotidiennes. Pendant une courte p\u00e9riode, elle est \u00e9galement utilis\u00e9e pour soulager ou \u00e9liminer la d\u00e9pression. En raison des propri\u00e9t\u00e9s mentionn\u00e9es, elle occupe la deuxi\u00e8me place sur la liste des drogues les plus utilis\u00e9es. Acheter Bio Coca\u00efne 86% en ligne            <\/p>\n<h3><strong>Commander de la coca\u00efne bio \u00e0 86 %<\/strong><\/h3>\n<p> La coca\u00efne bio 86 est sans aucun doute tr\u00e8s utile pour le corps humain dans diverses situations, mais une consommation excessive peut nuire \u00e0 la sant\u00e9 physique et mentale du consommateur. En raison de son utilisation fr\u00e9quente, elle peut provoquer des insomnies. Par cons\u00e9quent, elle ne doit \u00eatre utilis\u00e9e que lorsque le corps humain en a besoin. La coca\u00efne bio 86 peut \u00eatre inject\u00e9e directement dans une veine ou sniff\u00e9e. Tout le monde peut facilement l&rsquo;obtenir via la boutique en ligne. Notre boutique en ligne propose \u00e9galement de la coca\u00efne bio 86 \u00e0 des prix tr\u00e8s abordables. Gr\u00e2ce \u00e0 notre service de livraison en ligne, vous recevrez votre article extr\u00eamement rapidement. Acheter de la coca\u00efne bio 86% en ligne        &nbsp;<\/p>\n","protected":false},"excerpt":{"rendered":"<p>Achetez de la coca\u00efne bio \u00e0 86 % chez nous et b\u00e9n\u00e9ficiez de notre emballage discret. Des remises sp\u00e9ciales sont disponibles pour les commandes en gros. Achetez de la coca\u00efne en ligne &#8211; Fournisseur l\u00e9gal de coca\u00efne &#8211; Achetez de la coca\u00efne en ligne aux \u00c9tats-Unis. Les pharmacies en ligne offrent des remises de gros incroyables !    &nbsp;<\/p>\n","protected":false},"featured_media":18395,"comment_status":"closed","ping_status":"closed","template":"","meta":{"om_disable_all_campaigns":false,"_sitemap_exclude":false,"_sitemap_priority":"","_sitemap_frequency":"","_monsterinsights_skip_tracking":false,"_monsterinsights_sitenote_active":false,"_monsterinsights_sitenote_note":"","_monsterinsights_sitenote_category":0},"product_cat":[19626],"product_tag":[19627,19629,19634,19648,19640,19643,19644,19632,19647,19645,19637,19635,19642,19646,19641,19633,19628,19636,19631,19630,19638,19639],"class_list":{"0":"post-28761","1":"product","2":"type-product","3":"status-publish","4":"has-post-thumbnail","6":"product_cat-cocaine-fr","7":"product_tag-acheter-de-la-cocaine-bio-86","8":"product_tag-acheter-de-la-cocaine-bio-86-en-ligne","9":"product_tag-acheter-de-la-cocaine-bio-86-en-ligne-en-europe","10":"product_tag-avis-sur-la-cocaine-bio-86-europe","11":"product_tag-cocaine-bio-86-boutique-en-ligne-europe","12":"product_tag-cocaine-bio-86-boutique-europe","13":"product_tag-cocaine-bio-86-de-reduction-en-europe","14":"product_tag-cocaine-bio-86-des-ventes-en-ligne","15":"product_tag-cocaine-bio-86-fournisseurs-europeens","16":"product_tag-cocaine-bio-86-livraison-europe","17":"product_tag-cocaine-bio-86-livraison-gratuite-europe","18":"product_tag-cocaine-bio-86-meilleur-prix-europe","19":"product_tag-cocaine-bio-86-offres-europe","20":"product_tag-cocaine-bio-authentique-86-europe","21":"product_tag-cocaine-bio-pas-chere-86-europe","22":"product_tag-combien-coute-la-cocaine-biologique-86","23":"product_tag-commander-de-la-cocaine-bio-86-en-ligne","24":"product_tag-commandez-de-la-cocaine-bio-86-eu","25":"product_tag-effets-de-la-cocaine-biologique-86","26":"product_tag-ou-acheter-de-la-cocaine-bio-86-en-ligne","27":"product_tag-ou-acheter-de-la-cocaine-bio-86-europe","28":"product_tag-vente-de-cocaine-bio-86-en-europe","30":"first","31":"instock","32":"shipping-taxable","33":"purchasable","34":"product-type-variable","35":"farmacie-col"},"aioseo_notices":[],"_links":{"self":[{"href":"https:\/\/lacasadelamedicina.es\/fr\/wp-json\/wp\/v2\/product\/28761"}],"collection":[{"href":"https:\/\/lacasadelamedicina.es\/fr\/wp-json\/wp\/v2\/product"}],"about":[{"href":"https:\/\/lacasadelamedicina.es\/fr\/wp-json\/wp\/v2\/types\/product"}],"replies":[{"embeddable":true,"href":"https:\/\/lacasadelamedicina.es\/fr\/wp-json\/wp\/v2\/comments?post=28761"}],"wp:featuredmedia":[{"embeddable":true,"href":"https:\/\/lacasadelamedicina.es\/fr\/wp-json\/wp\/v2\/media\/18395"}],"wp:attachment":[{"href":"https:\/\/lacasadelamedicina.es\/fr\/wp-json\/wp\/v2\/media?parent=28761"}],"wp:term":[{"taxonomy":"product_cat","embeddable":true,"href":"https:\/\/lacasadelamedicina.es\/fr\/wp-json\/wp\/v2\/product_cat?post=28761"},{"taxonomy":"product_tag","embeddable":true,"href":"https:\/\/lacasadelamedicina.es\/fr\/wp-json\/wp\/v2\/product_tag?post=28761"}],"curies":[{"name":"wp","href":"https:\/\/api.w.org\/{rel}","templated":true}]}}