{"id":28758,"date":"2024-08-09T14:02:20","date_gmt":"2024-08-09T14:02:20","guid":{"rendered":"https:\/\/lacasadelamedicina.es\/product\/acheter-de-la-benzyl-methyl-cetone-b-m-k-en-ligne\/"},"modified":"2024-09-19T07:33:13","modified_gmt":"2024-09-19T07:33:13","slug":"acheter-de-la-benzyl-methyl-cetone-b-m-k-en-ligne","status":"publish","type":"product","link":"https:\/\/lacasadelamedicina.es\/fr\/produit\/acheter-de-la-benzyl-methyl-cetone-b-m-k-en-ligne\/","title":{"rendered":"Acheter de la benzyl m\u00e9thyl c\u00e9tone (B-M-K) en ligne"},"content":{"rendered":"<h3>Benzyl m\u00e9thyl c\u00e9tone-b-m-k \u00e0 vendre \u2013 Acheter Benzyl m\u00e9thyl c\u00e9tone-b-m-k en ligne<\/h3>\n<p> Nous sommes votre meilleure source et revendeur pour l&rsquo;achat de benzyl m\u00e9thyl c\u00e9tone et nous avons \u00e9galement de la benzyl m\u00e9thyl c\u00e9tone \u00e0 vendre. Vous pouvez acheter de la benzyl m\u00e9thyl c\u00e9tone en ligne facilement et l\u00e9galement chez nous. Acheter de la benzyl m\u00e9thyl c\u00e9tone (B-M-K) en ligne \u2013 <a href=\"https:\/\/drlawsonspharmacy\/contact-us\/\">CONTACT<\/a> La BMK est un produit chimique naturel aux multiples utilisations. Il s&rsquo;agit d&rsquo;un processus en une seule \u00e9tape dans la synth\u00e8se de la drogue Ecstasy. C&rsquo;est un liquide miscible qui se dissout dans l&rsquo;eau et qui est insipide, incolore et inflammable. La meilleure huile BMK est disponible dans notre boutique en ligne. Acheter de la benzyl m\u00e9thyl c\u00e9tone en ligne est facile. Suivez ces instructions : S\u00e9lectionnez votre produit pr\u00e9f\u00e9r\u00e9 dans le menu d\u00e9roulant ci-dessous. Cliquez sur \u00ab Ajouter au panier \u00bb pour finaliser l&rsquo;achat de l&rsquo;article. Passez la commande une fois qu&rsquo;elle est livr\u00e9e.          <\/p>\n<h3>Avantages de la benzylm\u00e9thylc\u00e9tone<\/h3>\n<p> En raison de sa composition en alcool et en c\u00e9tone, la benzoyl m\u00e9thyl c\u00e9tone peut avoir des effets diur\u00e9tiques et d\u00e9toxifiants. <\/p>\n<ul>\n<li>Certains chercheurs ont sugg\u00e9r\u00e9 que le BMK \u00e9tait un moyen utile de soulager le stress.<\/li>\n<li>Certains disent que cela r\u00e9duit le cortisol, une hormone du stress, m\u00eame si cela peut prendre un certain temps avant d\u2019en ressentir les effets.<\/li>\n<li>Un autre avantage possible de la <strong>Benzyl Methyl Ketone-b-m-k<\/strong> est qu&rsquo;elle peut r\u00e9duire le risque de maladie d&rsquo;Alzheimer.<\/li>\n<li>On pense que ce compos\u00e9 combat l\u2019inflammation dans le cerveau, ce qui peut prot\u00e9ger contre les l\u00e9sions nerveuses li\u00e9es \u00e0 la maladie d\u2019Alzheimer.<\/li>\n<\/ul>\n<h3>O\u00f9 peut-on acheter de la benzylm\u00e9thylc\u00e9tone ?<\/h3>\n<p> La benzylm\u00e9thylc\u00e9tone, ou ph\u00e9nylac\u00e9tone, est une substance chimique. L&rsquo;huile est transparente et a un indice de r\u00e9fraction de 1,5168. Comme il s&rsquo;agit d&rsquo;une mati\u00e8re premi\u00e8re ou d&rsquo;un interm\u00e9diaire dans la fabrication de m\u00e9thamph\u00e9tamine et d&rsquo;amph\u00e9tamine, on l&rsquo;appelle souvent P2P. Ce produit sent bon et est \u00e0 peu pr\u00e8s aussi dense que l&rsquo;eau. Le BMK est utilis\u00e9 comme produit chimique ill\u00e9gal dans la fabrication ill\u00e9gale d&rsquo;amph\u00e9tamine, bien qu&rsquo;il ait quelques utilisations l\u00e9gitimes, comme dans le d\u00e9veloppement de la propylhex\u00e9drine. Achetez de la benzylm\u00e9thylc\u00e9tone (b-m-k) en ligne.<\/p>\n","protected":false},"excerpt":{"rendered":"<p>Benzyl m\u00e9thyl c\u00e9tone-b-m-k \u00e0 vendre \u2013 Acheter Benzyl m\u00e9thyl c\u00e9tone-b-m-k en ligne Nous sommes votre meilleure source et revendeur pour l&rsquo;achat de benzyl m\u00e9thyl c\u00e9tone et nous avons \u00e9galement de la benzyl m\u00e9thyl c\u00e9tone \u00e0 vendre. Vous pouvez acheter de la benzyl m\u00e9thyl c\u00e9tone en ligne facilement et l\u00e9galement chez nous. Acheter de la benzyl [&hellip;]<\/p>\n","protected":false},"featured_media":18650,"comment_status":"closed","ping_status":"closed","template":"","meta":{"om_disable_all_campaigns":false,"_sitemap_exclude":false,"_sitemap_priority":"","_sitemap_frequency":"","_monsterinsights_skip_tracking":false,"_monsterinsights_sitenote_active":false,"_monsterinsights_sitenote_note":"","_monsterinsights_sitenote_category":0},"product_cat":[19407],"product_tag":[19604,19606,19611,19623,19625,19612,19618,19617,19620,19610,19605,19613,19608,19624,19622,19614,19619,19615,19607,19621,19616,19609],"class_list":{"0":"post-28758","1":"product","2":"type-product","3":"status-publish","4":"has-post-thumbnail","6":"product_cat-recherche-sur-les-produits-chimiques-et-les-psychedeliques","7":"product_tag-acheter-de-la-benzyl-methyl-cetone-b-m-k","8":"product_tag-acheter-de-la-benzyl-methyl-cetone-b-m-k-en-ligne","9":"product_tag-acheter-de-la-benzyl-methyl-cetone-b-m-k-en-ligne-en-europe","10":"product_tag-authentique-benzyl-methyl-cetone-b-m-k-europe","11":"product_tag-avis-sur-la-benzyl-methyl-cetone-b-m-k-europe","12":"product_tag-benzyl-methyl-cetone-b-m-k-meilleur-prix-en-europe","13":"product_tag-benzyl-methyl-cetone-b-m-k-pas-cher-en-europe","14":"product_tag-boutique-en-ligne-de-benzyl-methyl-cetone-b-m-k-en-europe","15":"product_tag-boutique-europeenne-de-benzyl-methyl-cetone-b-m-k","16":"product_tag-combien-coute-la-benzylmethylcetone-b-m-k","17":"product_tag-commander-de-la-benzyl-methyl-cetone-b-m-k-en-ligne","18":"product_tag-commander-de-la-benzyl-methyl-cetone-b-m-k-eu","19":"product_tag-effets-de-la-benzylmethylcetone-b-m-k","20":"product_tag-fournisseurs-europeens-de-benzylmethylcetone-b-m-k","21":"product_tag-livraison-de-benzyl-methyl-cetone-b-m-k-en-europe","22":"product_tag-livraison-gratuite-de-benzyl-methyl-cetone-b-m-k-en-europe","23":"product_tag-offres-sur-la-benzyl-methyl-cetone-b-m-k-en-europe","24":"product_tag-ou-acheter-de-la-benzyl-methyl-cetone-b-m-k-en-europe","25":"product_tag-ou-acheter-de-la-benzyl-methyl-cetone-b-m-k-en-ligne","26":"product_tag-remise-sur-la-benzyl-methyl-cetone-b-m-k-en-europe","27":"product_tag-vente-de-benzyl-methyl-cetone-b-m-k-en-europe","28":"product_tag-vente-en-ligne-de-benzyl-methyl-cetone-b-m-k","30":"first","31":"instock","32":"shipping-taxable","33":"purchasable","34":"product-type-variable","35":"has-default-attributes","36":"farmacie-col"},"aioseo_notices":[],"_links":{"self":[{"href":"https:\/\/lacasadelamedicina.es\/fr\/wp-json\/wp\/v2\/product\/28758"}],"collection":[{"href":"https:\/\/lacasadelamedicina.es\/fr\/wp-json\/wp\/v2\/product"}],"about":[{"href":"https:\/\/lacasadelamedicina.es\/fr\/wp-json\/wp\/v2\/types\/product"}],"replies":[{"embeddable":true,"href":"https:\/\/lacasadelamedicina.es\/fr\/wp-json\/wp\/v2\/comments?post=28758"}],"wp:featuredmedia":[{"embeddable":true,"href":"https:\/\/lacasadelamedicina.es\/fr\/wp-json\/wp\/v2\/media\/18650"}],"wp:attachment":[{"href":"https:\/\/lacasadelamedicina.es\/fr\/wp-json\/wp\/v2\/media?parent=28758"}],"wp:term":[{"taxonomy":"product_cat","embeddable":true,"href":"https:\/\/lacasadelamedicina.es\/fr\/wp-json\/wp\/v2\/product_cat?post=28758"},{"taxonomy":"product_tag","embeddable":true,"href":"https:\/\/lacasadelamedicina.es\/fr\/wp-json\/wp\/v2\/product_tag?post=28758"}],"curies":[{"name":"wp","href":"https:\/\/api.w.org\/{rel}","templated":true}]}}