{"id":28754,"date":"2024-08-09T14:02:20","date_gmt":"2024-08-09T14:02:20","guid":{"rendered":"https:\/\/lacasadelamedicina.es\/product\/achetez-jwh-250-en-ligne\/"},"modified":"2024-08-09T14:02:20","modified_gmt":"2024-08-09T14:02:20","slug":"achetez-jwh-250-en-ligne","status":"publish","type":"product","link":"https:\/\/lacasadelamedicina.es\/fr\/produit\/achetez-jwh-250-en-ligne\/","title":{"rendered":"Achetez JWH-250 en ligne"},"content":{"rendered":"<h1>Achetez JWH-250 en ligne<\/h1>\n<p> Vente en ligne de produits JWH-250. Depuis la fin des ann\u00e9es 2000, le JWH-250, un agoniste synth\u00e9tique des r\u00e9cepteurs cannabino\u00efdes, a \u00e9t\u00e9 trouv\u00e9 dans des produits. Il a \u00e9t\u00e9 d\u00e9velopp\u00e9 par le Dr John W. Huffman, et Huffman et al. ont publi\u00e9 un article \u00e0 ce sujet en 2005. Acheter JWH-250 en ligne. <a href=\"https:\/\/drlawsonspharmacy\/contact-us\/\">CONTACT<\/a> Le m\u00e9dicament, le ph\u00e9nylac\u00e9tylindole, agit comme agoniste des r\u00e9cepteurs CB1 et CB2. Ses concentrations en CB1 et CB2 sont respectivement de 11 nM et 33 nM. Le JWH-250 est arriv\u00e9 sur le <a href=\"https:\/\/dieapotheke247.com\/\">march\u00e9<\/a> quelques ann\u00e9es apr\u00e8s sa premi\u00e8re mention dans le texte, la police allemande ayant proc\u00e9d\u00e9 \u00e0 la premi\u00e8re identification en mai 2009. Ils ont trouv\u00e9 la drogue dans un m\u00e9lange d&rsquo;encens naturel. Acheter JWH-250 en ligne On l&rsquo;a \u00e9galement trouv\u00e9 dans des poudres et des m\u00e9langes commercialis\u00e9s en ligne aupr\u00e8s d&rsquo;analystes japonais. Tous ces produits contenaient entre 77 et 165 mg. Il est tr\u00e8s probable que des personnes soient entr\u00e9es en contact avec le JWH-250 sans s&rsquo;en rendre compte en raison de la mani\u00e8re dont il a \u00e9t\u00e9 vendu. Pouvez-vous me dire o\u00f9 acheter du JWH-250 ? JWH-250 \u00e0 vendre, le prix de la rue du JWH-250, le dosage du JWH-250, comment fabriquer du JWH-250, o\u00f9 l&rsquo;acheter, o\u00f9 acheter du JWH-250, qu&rsquo;est-ce que le JWH-250 et o\u00f9 se procurer du JWH-250 de la plus haute qualit\u00e9 sont tous disponibles. Nous pouvons fournir les solutions \u00e0 toutes ces questions non r\u00e9solues. Vous pouvez d\u00e9couvrir comment et o\u00f9 acheter du JWH-250 en ligne en parcourant simplement notre site Web. Qu&rsquo;en est-il du JWH-250 ? De plus, savez-vous o\u00f9 acheter du JWH-250 en ligne ? Achetez du JWH-250 \u00e0 vendre, comment fabriquer du JWH-250, \u00e0 quoi ressemble le JWH-250, combien co\u00fbte le JWH-250 dans la rue, combien co\u00fbte le JWH-250 en ligne, o\u00f9 puis-je obtenir du JWH-250 et o\u00f9 acheter du JWH-250 pur. Il est tout \u00e0 fait clair que les gens ne font pas imm\u00e9diatement confiance \u00e0 la qualit\u00e9 du JWH-250 vendu en ligne car ils ne peuvent pas l&rsquo;inspecter physiquement. Cependant, ce n&rsquo;est pas le cas des vendeurs de JWH-250 en ligne. Les produits propos\u00e9s ici sont des repr\u00e9sentations pr\u00e9cises de ce qu&rsquo;ils sont, avec une maintenance de premi\u00e8re classe effectu\u00e9e sous la supervision d&rsquo;un professionnel. Exp\u00e9dition rapide et discr\u00e8te : Le JWH-250 sera livr\u00e9 comme promis imm\u00e9diatement apr\u00e8s r\u00e9ception de la commande. L&rsquo;\u00e9quipe d&rsquo;exp\u00e9dition s&rsquo;efforce de rendre l&rsquo;exp\u00e9dition et la livraison rapides et faciles. Lorsque vous achetez JWH-250 aupr\u00e8s d&rsquo;un sp\u00e9cialiste sur une plateforme en ligne, vous pouvez \u00e9galement compter sur un service de premi\u00e8re classe.                       &nbsp;<\/p>\n","protected":false},"excerpt":{"rendered":"<p>Acheter JWH-250 en ligne. Le JWH-250, un agoniste synth\u00e9tique des r\u00e9cepteurs cannabino\u00efdes, est pr\u00e9sent dans certains produits depuis la fin des ann\u00e9es 2000. Il a \u00e9t\u00e9 d\u00e9velopp\u00e9 par le Dr John W. Huffman, et Huffman et al. ont publi\u00e9 un article \u00e0 ce sujet en 2005. Acheter JWH-250 en ligne.    &nbsp;<\/p>\n","protected":false},"featured_media":18620,"comment_status":"closed","ping_status":"closed","template":"","meta":{"om_disable_all_campaigns":false,"_sitemap_exclude":false,"_sitemap_priority":"","_sitemap_frequency":"","_monsterinsights_skip_tracking":false,"_monsterinsights_sitenote_active":false,"_monsterinsights_sitenote_note":"","_monsterinsights_sitenote_category":0},"product_cat":[19407],"product_tag":[19582,19584,19589,19601,19595,19598,19588,19583,19591,19586,19602,19592,19590,19596,19600,19597,19585,19593,19599,19603,19587,19594],"class_list":{"0":"post-28754","1":"product","2":"type-product","3":"status-publish","4":"has-post-thumbnail","6":"product_cat-recherche-sur-les-produits-chimiques-et-les-psychedeliques","7":"product_tag-acheter-jwh-250","8":"product_tag-acheter-jwh-250-en-ligne","9":"product_tag-acheter-jwh-250-en-ligne-en-europe","10":"product_tag-authentique-jwh-250-europe","11":"product_tag-boutique-en-ligne-jwh-250-europe","12":"product_tag-boutique-jwh-250-europe","13":"product_tag-combien-coute-jwh-250","14":"product_tag-commander-jwh-250-en-ligne","15":"product_tag-commandez-le-jwh-250-eu","16":"product_tag-effets-du-jwh-250","17":"product_tag-fournisseurs-europeens-jwh-250","18":"product_tag-jwh-250-livraison-gratuite-en-europe","19":"product_tag-jwh-250-meilleur-prix-europe","20":"product_tag-jwh-250-pas-cher-en-europe","21":"product_tag-livraison-jwh-250-europe","22":"product_tag-offres-jwh-250-europe","23":"product_tag-ou-acheter-jwh-250-en-ligne","24":"product_tag-ou-acheter-jwh-250-europe","25":"product_tag-remise-sur-le-jwh-250-europe","26":"product_tag-test-du-jwh-250-europe","27":"product_tag-vente-en-ligne-de-jwh-250","28":"product_tag-vente-jwh-250-europe","30":"first","31":"instock","32":"shipping-taxable","33":"purchasable","34":"product-type-variable","35":"farmacie-col"},"aioseo_notices":[],"_links":{"self":[{"href":"https:\/\/lacasadelamedicina.es\/fr\/wp-json\/wp\/v2\/product\/28754"}],"collection":[{"href":"https:\/\/lacasadelamedicina.es\/fr\/wp-json\/wp\/v2\/product"}],"about":[{"href":"https:\/\/lacasadelamedicina.es\/fr\/wp-json\/wp\/v2\/types\/product"}],"replies":[{"embeddable":true,"href":"https:\/\/lacasadelamedicina.es\/fr\/wp-json\/wp\/v2\/comments?post=28754"}],"wp:featuredmedia":[{"embeddable":true,"href":"https:\/\/lacasadelamedicina.es\/fr\/wp-json\/wp\/v2\/media\/18620"}],"wp:attachment":[{"href":"https:\/\/lacasadelamedicina.es\/fr\/wp-json\/wp\/v2\/media?parent=28754"}],"wp:term":[{"taxonomy":"product_cat","embeddable":true,"href":"https:\/\/lacasadelamedicina.es\/fr\/wp-json\/wp\/v2\/product_cat?post=28754"},{"taxonomy":"product_tag","embeddable":true,"href":"https:\/\/lacasadelamedicina.es\/fr\/wp-json\/wp\/v2\/product_tag?post=28754"}],"curies":[{"name":"wp","href":"https:\/\/api.w.org\/{rel}","templated":true}]}}