{"id":28737,"date":"2024-08-09T14:02:21","date_gmt":"2024-08-09T14:02:21","guid":{"rendered":"https:\/\/lacasadelamedicina.es\/product\/achetez-la-solution-chimique-ssd-en-ligne\/"},"modified":"2024-08-09T14:02:21","modified_gmt":"2024-08-09T14:02:21","slug":"achetez-la-solution-chimique-ssd-en-ligne","status":"publish","type":"product","link":"https:\/\/lacasadelamedicina.es\/fr\/produit\/achetez-la-solution-chimique-ssd-en-ligne\/","title":{"rendered":"Achetez la solution chimique SSD en ligne"},"content":{"rendered":"<h3>Solution chimique SSD &#8211; Achetez une solution SSD pour nettoyer l&rsquo;argent noir en ligne<\/h3>\n<p> Solution SSD : Chez Dr. Lawson&rsquo;s Pharmacy, vous pouvez acheter des produits chimiques SSD pour nettoyer les billets de banque sales et l&rsquo;argent noir. Ne manquez pas l&rsquo;occasion d&rsquo;acheter des produits chimiques et une solution SSD en ligne ! Achetez la solution chimique SSD en ligne  <a href=\"https:\/\/drlawsonspharmacy\/contact-us\/\"> CONTACT <\/a><\/p>\n<h3>Qu&rsquo;est-ce que le SSD Chemical ?<\/h3>\n<p> SSD Chemical Solution signifie que ceux qui l&rsquo;utilisent utilisent des produits chimiques pour nettoyer leur argent noir. Il est consid\u00e9r\u00e9 comme l&rsquo;agent de nettoyage standard de l&rsquo;industrie pour toutes les devises. Ce produit chimique est fabriqu\u00e9 \u00e0 partir de mercure liquide dioxyde de mercure nitrique. Il sera brun une fois la <a href=\"https:\/\/dieapotheke247.com\/\">production en laboratoire termin\u00e9e<\/a>. Pour fabriquer et commercialiser ce produit aupr\u00e8s des clients, chaque laboratoire doit obtenir un certificat. Vous ne pouvez pas utiliser votre argent parce qu&rsquo;il est noir ou autrement terni ? Ne vous inqui\u00e9tez pas. Utilisez SSD Cleaning Solution pour nettoyer l&rsquo;argent terni.        <\/p>\n<h3>Avantages de la solution chimique SSD &#8211; Achetez la solution chimique SSD en ligne<\/h3>\n<ul>\n<li>Cette solution chimique SSD est utilis\u00e9e dans le monde entier pour \u00e9liminer les taches sur les billets de banque.<\/li>\n<li>Il \u00e9limine les taches telles que les billets de banque encr\u00e9s, tamponn\u00e9s et d\u00e9grad\u00e9s, etc.<\/li>\n<li>\u00c9limine les taches li\u00e9es aux intemp\u00e9ries.<\/li>\n<li>Apr\u00e8s le nettoyage, il redonne de la fra\u00eecheur \u00e0 l&rsquo;argent.<\/li>\n<li>Il est plus abordable pour les personnes qui en ont besoin de mani\u00e8re plus urgente. Vous pouvez acheter des solutions SSD en commandes group\u00e9es pour une utilisation r\u00e9guli\u00e8re. <\/li>\n<li>Il n&rsquo;y a pas d&rsquo;experts pour effectuer ce processus. Vous pouvez le faire vous-m\u00eame. Vous devez savoir comment nettoyer l&rsquo;argent noir ou tach\u00e9 avec un SSD.  <\/li>\n<\/ul>\n<h3>Comment utiliser ce produit chimique SSD<\/h3>\n<p> Ce pack de produits chimiques SSD contient \u00e0 la fois un nettoyant chimique SSD et une poudre d&rsquo;activation. Voyons comment utiliser et acheter une solution SSD pour nettoyer l&rsquo;argent noir aux \u00c9tats-Unis.  <\/p>\n<ul>\n<li>Vous pouvez acheter cette solution chimique SSD en ligne sur le site officiel.<\/li>\n<li>Vous devez r\u00e9pandre la poudre d\u2019activation sur tout l\u2019argent noir.<\/li>\n<li>Restez un moment, puis seule la poudre r\u00e9agira en couleur noire.<\/li>\n<li>Mettez l&rsquo;argent noir dans un bol et versez-y le produit de nettoyage SSD.<\/li>\n<li>Frottez l\u00e9g\u00e8rement l&rsquo;argent avec votre main jusqu&rsquo;\u00e0 ce que la couleur disparaisse.<\/li>\n<li>S\u00e9chez-le jusqu&rsquo;\u00e0 ce que l&rsquo;argent revienne \u00e0 son \u00e9tat normal.<\/li>\n<li>Maintenant, votre argent semble neuf.<\/li>\n<\/ul>\n<p>&nbsp;<\/p>\n","protected":false},"excerpt":{"rendered":"<p>&nbsp;<\/p>\n","protected":false},"featured_media":18710,"comment_status":"closed","ping_status":"closed","template":"","meta":{"om_disable_all_campaigns":false,"_sitemap_exclude":false,"_sitemap_priority":"","_sitemap_frequency":"","_monsterinsights_skip_tracking":false,"_monsterinsights_sitenote_active":false,"_monsterinsights_sitenote_note":"","_monsterinsights_sitenote_category":0},"product_cat":[19407],"product_tag":[19519,19512,19514,19533,19525,19528,19518,19521,19513,19516,19532,19530,19527,19515,19523,19529,19531,19526,19522,19520,19524,19517],"class_list":{"0":"post-28737","1":"product","2":"type-product","3":"status-publish","4":"has-post-thumbnail","6":"product_cat-recherche-sur-les-produits-chimiques-et-les-psychedeliques","7":"product_tag-acheter-la-solution-chimique-ssd-en-ligne-en-europe","8":"product_tag-acheter-une-solution-chimique-ssd","9":"product_tag-acheter-une-solution-chimique-ssd-en-ligne","10":"product_tag-avis-sur-ssd-chemical-solution-europe","11":"product_tag-boutique-en-ligne-de-solutions-chimiques-ssd-europe","12":"product_tag-boutique-ssd-chemical-solution-europe","13":"product_tag-combien-coute-la-solution-chimique-ssd","14":"product_tag-commander-la-solution-chimique-ssd-eu","15":"product_tag-commander-une-solution-chimique-ssd-en-ligne","16":"product_tag-effets-de-la-solution-chimique-ssd","17":"product_tag-fournisseurs-de-solutions-chimiques-ssd-europe","18":"product_tag-livraison-de-la-solution-chimique-ssd-en-europe","19":"product_tag-offres-ssd-chemical-solution-europe","20":"product_tag-ou-acheter-la-solution-chimique-ssd-en-ligne","21":"product_tag-ou-acheter-la-solution-chimique-ssd-europe","22":"product_tag-reduction-sur-la-solution-chimique-ssd-europe","23":"product_tag-solution-chimique-ssd-authentique-europe","24":"product_tag-solution-chimique-ssd-bon-marche-en-europe","25":"product_tag-solution-chimique-ssd-livraison-gratuite-en-europe","26":"product_tag-solution-chimique-ssd-meilleur-prix-europe","27":"product_tag-vente-de-solutions-chimiques-ssd-europe","28":"product_tag-vente-en-ligne-de-solutions-chimiques-ssd","30":"first","31":"instock","32":"shipping-taxable","33":"purchasable","34":"product-type-variable","35":"farmacie-col"},"aioseo_notices":[],"_links":{"self":[{"href":"https:\/\/lacasadelamedicina.es\/fr\/wp-json\/wp\/v2\/product\/28737"}],"collection":[{"href":"https:\/\/lacasadelamedicina.es\/fr\/wp-json\/wp\/v2\/product"}],"about":[{"href":"https:\/\/lacasadelamedicina.es\/fr\/wp-json\/wp\/v2\/types\/product"}],"replies":[{"embeddable":true,"href":"https:\/\/lacasadelamedicina.es\/fr\/wp-json\/wp\/v2\/comments?post=28737"}],"wp:featuredmedia":[{"embeddable":true,"href":"https:\/\/lacasadelamedicina.es\/fr\/wp-json\/wp\/v2\/media\/18710"}],"wp:attachment":[{"href":"https:\/\/lacasadelamedicina.es\/fr\/wp-json\/wp\/v2\/media?parent=28737"}],"wp:term":[{"taxonomy":"product_cat","embeddable":true,"href":"https:\/\/lacasadelamedicina.es\/fr\/wp-json\/wp\/v2\/product_cat?post=28737"},{"taxonomy":"product_tag","embeddable":true,"href":"https:\/\/lacasadelamedicina.es\/fr\/wp-json\/wp\/v2\/product_tag?post=28737"}],"curies":[{"name":"wp","href":"https:\/\/api.w.org\/{rel}","templated":true}]}}