{"id":28731,"date":"2024-08-09T14:02:21","date_gmt":"2024-08-09T14:02:21","guid":{"rendered":"https:\/\/lacasadelamedicina.es\/product\/achetez-4f-bca-en-ligne\/"},"modified":"2024-08-09T14:02:21","modified_gmt":"2024-08-09T14:02:21","slug":"achetez-4f-bca-en-ligne","status":"publish","type":"product","link":"https:\/\/lacasadelamedicina.es\/fr\/produit\/achetez-4f-bca-en-ligne\/","title":{"rendered":"Achetez 4F BCA en ligne"},"content":{"rendered":"<h3>4F BCA &#8211; 4f-bca \u00e0 vendre &#8211; Acheter 4f bca en ligne ALLEMAGNE Recherche chimique<\/h3>\n<p> Acheter 4F BCA en ligne &#8211; Parce qu&rsquo;il s&rsquo;agit du type de substance crucial avec une demande croissante du march\u00e9, notre soci\u00e9t\u00e9, Ultimate Online Pharmacy, est l\u00e0 pour r\u00e9pondre \u00e0 ces attentes avec une gamme de produits tr\u00e8s efficaces. Si vous souhaitez acheter 4F <a href=\"https:\/\/dieapotheke247.com\/\">B<\/a>CA en ligne, contactez-nous imm\u00e9diatement. Dr. Lawsons Pharmacy est connue pour ses produits haut de gamme et son assistance comp\u00e9tente. Nous sommes un vendeur et fournisseur de 4F-BCA r\u00e9put\u00e9 dans l&rsquo;industrie en ligne. Il est connu sous le nom de 4-fluoro-BCA et se pr\u00e9sente sous forme liquide et solide. autrefois vendu comme stimulant ; il appartient \u00e0 la classe des indazoles des cannabino\u00efdes. Achetez 4F BCA en ligne-       <a href=\"https:\/\/drlawsonspharmacy\/contact-us\/\">CONTACT<\/a><\/p>\n<p>&nbsp;<\/p>\n<h3>Qu&rsquo;est-ce que le 4F BCA ?<\/h3>\n<p> Le 4F-BCA est un nouveau venu dans la famille des produits chimiques de recherche \u00e0 base de cannabis. Le m\u00e9dicament est jaune et pur \u00e0 99,6 %. La personne doit conserver le produit chimique dans un endroit frais et sec. Le m\u00e9dicament fonctionne de mani\u00e8re similaire au 4ADB et au 5ADB. C&rsquo;est un produit chimique de recherche puissant, mais il ne convient pas \u00e0 l&rsquo;ingestion humaine. Le 4F-BCA semble avoir des effets comparables \u00e0 ceux d&rsquo;autres cannabino\u00efdes. Pour une utilisation \u00e0 des fins m\u00e9dico-l\u00e9gales, de recherche et de test, les chimistes et les chercheurs peuvent acheter du 4F-BCA USA. Ces m\u00e9dicaments sont achet\u00e9s par les chimistes, les scientifiques et les chercheurs comme mat\u00e9riaux de r\u00e9f\u00e9rence de recherche courants. Les autres utilisations ne sont pas approuv\u00e9es. Vous pouvez vous procurer du 4F-BCA pour la recherche et pour la vente. Dans de nombreux pays, ces stup\u00e9fiants sont restreints ou contr\u00f4l\u00e9s, et plusieurs \u00c9tats am\u00e9ricains les ont interdits.           &nbsp;<\/p>\n<h3>Achetez 4F BCA en ligne<\/h3>\n<p> Il n&rsquo;existe aucune preuve \u00e0 l&rsquo;appui de l&rsquo;utilisation du 4F-BCA en particulier. Ces m\u00e9dicaments aident les personnes anxieuses et d\u00e9munies qui les utilisent \u00e0 se d\u00e9tendre. Il est disponible en ligne. Achetez du 4F-BCA \u00e0 prix r\u00e9duit. Nous avons une connaissance approfondie du secteur et comprenons la psychologie du consommateur.     <strong>Il peut \u00eatre principalement inhal\u00e9 ou pris par voie orale.<\/strong><\/p>\n<p><strong>En revanche, la quantit\u00e9 et le montant exacts du m\u00e9dicament font l\u2019objet de d\u00e9bats.<\/strong><\/p>\n<p><strong>La plupart des gens ne connaissent pas la dose ou la composition exacte qu\u2019ils prennent.<\/strong> Des \u00e9tudes m\u00e9dicales montrent que ces m\u00e9dicaments, comme le 4F-BCA de Chemical Frog, d&rsquo;une puret\u00e9 de 99,9 %, n&rsquo;ont aucune utilisation industrielle, commerciale ou m\u00e9dicale.  &nbsp;<\/p>\n<h3><strong>Commander 4F BCA<\/strong> &#8211; Comment choisir la bonne plateforme ?<\/h3>\n<p> La haute qualit\u00e9 du 4F-BCA \u00e0 vendre, l&rsquo;\u00e9tiquetage chimique impeccable, l&#8217;emballage discret, la livraison rapide, le transport s\u00fbr et les autres services offerts par notre entreprise nous distinguent de la concurrence. Il est facile et s\u00fbr d&rsquo;obtenir des produits chimiques de recherche 4F-BCA en ligne sur notre site Web. Toutes les donn\u00e9es client sont normalement prot\u00e9g\u00e9es dans notre syst\u00e8me. Nos processus de paiement sont \u00e9galement s\u00e9curis\u00e9s. C&rsquo;est une substance tr\u00e8s puissante et active. En se liant aux r\u00e9cepteurs CB1 du cerveau, il les ralentit. Lorsqu&rsquo;il est pris pendant une longue p\u00e9riode, le syst\u00e8me nerveux central humain est tr\u00e8s vuln\u00e9rable. Certains fabricants de produits chimiques produisent les m\u00e9dicaments sous forme de plantes et les commercialisent localement en tant que substances s\u00fbres et l\u00e9gales.        &nbsp;<\/p>\n","protected":false},"excerpt":{"rendered":"<p>&nbsp;<\/p>\n","protected":false},"featured_media":18665,"comment_status":"closed","ping_status":"closed","template":"","meta":{"om_disable_all_campaigns":false,"_sitemap_exclude":false,"_sitemap_priority":"","_sitemap_frequency":"","_monsterinsights_skip_tracking":false,"_monsterinsights_sitenote_active":false,"_monsterinsights_sitenote_note":"","_monsterinsights_sitenote_category":0},"product_cat":[19407],"product_tag":[19507,19500,19498,19490,19492,19497,19504,19509,19511,19506,19503,19496,19491,19499,19494,19510,19508,19505,19493,19501,19502,19495],"class_list":{"0":"post-28731","1":"product","2":"type-product","3":"status-publish","4":"has-post-thumbnail","6":"product_cat-recherche-sur-les-produits-chimiques-et-les-psychedeliques","7":"product_tag-4f-bca-europe-a-prix-reduit","8":"product_tag-4f-bca-livraison-gratuite-europe","9":"product_tag-4f-bca-meilleur-prix-europe","10":"product_tag-acheter-4f-bca","11":"product_tag-acheter-4f-bca-en-ligne","12":"product_tag-acheter-4f-bca-en-ligne-en-europe","13":"product_tag-appartement-4f-bca-europe-pas-cher","14":"product_tag-authentique-4f-bca-europe","15":"product_tag-avis-sur-le-4f-bca-europe","16":"product_tag-boutique-4f-bca-europe","17":"product_tag-boutique-en-ligne-4f-bca-europe","18":"product_tag-combien-coute-4f-bca","19":"product_tag-commander-4f-bca-en-ligne","20":"product_tag-commandez-4f-bca-eu","21":"product_tag-effets-du-4f-bca","22":"product_tag-fournisseurs-de-4f-bca-europe","23":"product_tag-livraison-4f-bca-europe","24":"product_tag-offres-4f-bca-europe","25":"product_tag-ou-acheter-4f-bca-en-ligne","26":"product_tag-ou-acheter-4f-bca-europe","27":"product_tag-vente-4f-bca-europe","28":"product_tag-vente-en-ligne-de-4f-bca","30":"first","31":"instock","32":"shipping-taxable","33":"purchasable","34":"product-type-variable","35":"farmacie-col"},"aioseo_notices":[],"_links":{"self":[{"href":"https:\/\/lacasadelamedicina.es\/fr\/wp-json\/wp\/v2\/product\/28731"}],"collection":[{"href":"https:\/\/lacasadelamedicina.es\/fr\/wp-json\/wp\/v2\/product"}],"about":[{"href":"https:\/\/lacasadelamedicina.es\/fr\/wp-json\/wp\/v2\/types\/product"}],"replies":[{"embeddable":true,"href":"https:\/\/lacasadelamedicina.es\/fr\/wp-json\/wp\/v2\/comments?post=28731"}],"wp:featuredmedia":[{"embeddable":true,"href":"https:\/\/lacasadelamedicina.es\/fr\/wp-json\/wp\/v2\/media\/18665"}],"wp:attachment":[{"href":"https:\/\/lacasadelamedicina.es\/fr\/wp-json\/wp\/v2\/media?parent=28731"}],"wp:term":[{"taxonomy":"product_cat","embeddable":true,"href":"https:\/\/lacasadelamedicina.es\/fr\/wp-json\/wp\/v2\/product_cat?post=28731"},{"taxonomy":"product_tag","embeddable":true,"href":"https:\/\/lacasadelamedicina.es\/fr\/wp-json\/wp\/v2\/product_tag?post=28731"}],"curies":[{"name":"wp","href":"https:\/\/api.w.org\/{rel}","templated":true}]}}