{"id":28724,"date":"2024-08-09T14:02:30","date_gmt":"2024-08-09T14:02:30","guid":{"rendered":"https:\/\/lacasadelamedicina.es\/product\/acheter-de-la-poudre-dibogaine-en-ligne\/"},"modified":"2024-08-09T14:02:30","modified_gmt":"2024-08-09T14:02:30","slug":"acheter-de-la-poudre-dibogaine-en-ligne","status":"publish","type":"product","link":"https:\/\/lacasadelamedicina.es\/fr\/produit\/acheter-de-la-poudre-dibogaine-en-ligne\/","title":{"rendered":"Acheter de la poudre d&rsquo;iboga\u00efne en ligne"},"content":{"rendered":"<h3 class=\"product_title entry-title\">Achetez de la poudre d&rsquo;iboga\u00efne en ligne.<\/h3>\n<p> Acheter de la poudre d&rsquo;iboga\u00efne en ligne. La coca\u00efne est \u00e9galement disponible en ligne. Un buisson est Iboga. Dans plusieurs communaut\u00e9s africaines, il est stylis\u00e9 et utilis\u00e9 \u00e0 des fins g\u00e9n\u00e9rales. L&rsquo;\u00e9corce de racine de cette plante est \u00e9galement utilis\u00e9e en m\u00e9decine. Le composant de l&rsquo;Iboga\u00ef qui est interdit en <a href=\"https:\/\/dieapotheke247.com\/\">Allemagne<\/a> est l&rsquo;iboga\u00efne. L&rsquo;iboga est utilis\u00e9e par les gens pour traiter le rhume des foins, la grippe saisonni\u00e8re, la grippe porcine, l&rsquo;hypertension art\u00e9rielle, la toxicomanie, le VIH\/SIDA et les probl\u00e8mes nerveux. Il est \u00e9galement utilis\u00e9 comme tonique g\u00e9n\u00e9ral, pour augmenter le d\u00e9sir sexuel, pour lutter contre la toxicomanie et la toxicomanie, et pour pr\u00e9venir la fatigue et la somnolence.        <\/p>\n<h3>Achetez de la poudre d&rsquo;iboga\u00efne en ligne. La coca\u00efne est \u00e9galement disponible en ligne. <\/h3>\n<p> Introduction La poudre d&rsquo;iboga, un alcalo\u00efde naturel extrait de la plante Tabernanthe, est connue pour son potentiel extraordinaire \u00e0 favoriser une gu\u00e9rison et une transformation profondes. Cette poudre propre et puissante est un rem\u00e8de prometteur pour les personnes \u00e0 la recherche d&rsquo;une nouvelle voie vers le bien-\u00eatre, offrant une approche holistique pour traiter divers probl\u00e8mes physiques, mentaux et \u00e9motionnels. Nous s\u00e9lectionnons soigneusement nos fournisseurs de confiance pour garantir la plus haute qualit\u00e9 et puret\u00e9 de notre poudre d&rsquo;iboga\u00efne. Nous effectuons des tests approfondis sur chaque lot pour confirmer son efficacit\u00e9 afin que vous puissiez commencer votre voyage en toute confiance et tranquillit\u00e9 d&rsquo;esprit.    <\/p>\n<h3><strong>Commander de la poudre d&rsquo;iboga\u00efne<\/strong><\/h3>\n<p> L&rsquo;iboga\u00efne est connue pour sa capacit\u00e9 extraordinaire \u00e0 briser le cycle de la d\u00e9pendance aux substances, ce qui la rend attrayante pour ceux qui cherchent \u00e0 se lib\u00e9rer de la d\u00e9pendance. Elle agit sur les r\u00e9cepteurs du cerveau pour cr\u00e9er une exp\u00e9rience qui change la vie et qui aide \u00e0 briser les cha\u00eenes de la d\u00e9pendance et nous permet de prendre un nouveau d\u00e9part sur la voie de la gu\u00e9rison. L&rsquo;iboga\u00efne s&rsquo;est r\u00e9v\u00e9l\u00e9e prometteuse dans la promotion du bien-\u00eatre mental et \u00e9motionnel en plus du traitement de la d\u00e9pendance. De nombreuses personnes d\u00e9clarent avoir connu une r\u00e9flexion accrue qui les a aid\u00e9es \u00e0 faire face et \u00e0 gu\u00e9rir des traumatismes \u00e9motionnels profond\u00e9ment enracin\u00e9s, de la peur et de la tristesse. La composante visionnaire de l&rsquo;exp\u00e9rience de l&rsquo;iboga\u00efne offre un espace sacr\u00e9 pour l&rsquo;introspection et la d\u00e9couverte de soi, conduisant souvent \u00e0 un renforcement des liens spirituels et du d\u00e9veloppement personnel.<\/p>\n","protected":false},"excerpt":{"rendered":"<p>La famille des Apocynaceae comprend des esp\u00e8ces telles que Tabernanthe iboga, Voacanga africana et Tabernaemontana undulata, qui contiennent un compos\u00e9 hallucinog\u00e8ne naturel, l&rsquo;iboga\u00efne. Une drogue psych\u00e9d\u00e9lique aux effets dissociatifs.  <\/p>\n","protected":false},"featured_media":18815,"comment_status":"closed","ping_status":"closed","template":"","meta":{"om_disable_all_campaigns":false,"_sitemap_exclude":false,"_sitemap_priority":"","_sitemap_frequency":"","_monsterinsights_skip_tracking":false,"_monsterinsights_sitenote_active":false,"_monsterinsights_sitenote_note":"","_monsterinsights_sitenote_category":0},"product_cat":[19407],"product_tag":[19464,19466,19471,19485,19480,19477,19470,19473,19465,19468,19484,19482,19479,19475,19467,19481,19472,19483,19474,19478,19476,19469],"class_list":{"0":"post-28724","1":"product","2":"type-product","3":"status-publish","4":"has-post-thumbnail","6":"product_cat-recherche-sur-les-produits-chimiques-et-les-psychedeliques","7":"product_tag-acheter-de-la-poudre-dibogaine","8":"product_tag-acheter-de-la-poudre-dibogaine-en-ligne","9":"product_tag-acheter-de-la-poudre-dibogaine-en-ligne-en-europe","10":"product_tag-avis-sur-la-poudre-dibogaine-en-europe","11":"product_tag-boutique-de-poudre-dibogaine-en-europe","12":"product_tag-boutique-en-ligne-de-poudre-dibogaine-en-europe","13":"product_tag-combien-coute-la-poudre-dibogaine","14":"product_tag-commander-de-la-poudre-dibogaine-dans-lue","15":"product_tag-commander-de-la-poudre-dibogaine-en-ligne","16":"product_tag-effets-de-la-poudre-dibogaine","17":"product_tag-fournisseurs-de-poudre-dibogaine-en-europe","18":"product_tag-livraison-de-poudre-dibogaine-en-europe","19":"product_tag-offres-sur-la-poudre-dibogaine-en-europe","20":"product_tag-ou-acheter-de-la-poudre-dibogaine-en-europe","21":"product_tag-ou-acheter-de-la-poudre-dibogaine-en-ligne","22":"product_tag-poudre-dibogaine-a-prix-reduit-en-europe","23":"product_tag-poudre-dibogaine-au-meilleur-prix-en-europe","24":"product_tag-poudre-dibogaine-authentique-europe","25":"product_tag-poudre-dibogaine-livraison-gratuite-en-europe","26":"product_tag-poudre-dibogaine-pas-chere-en-europe","27":"product_tag-vente-de-poudre-dibogaine-en-europe","28":"product_tag-vente-en-ligne-de-poudre-dibogaine","30":"first","31":"instock","32":"shipping-taxable","33":"purchasable","34":"product-type-variable","35":"farmacie-col"},"aioseo_notices":[],"_links":{"self":[{"href":"https:\/\/lacasadelamedicina.es\/fr\/wp-json\/wp\/v2\/product\/28724"}],"collection":[{"href":"https:\/\/lacasadelamedicina.es\/fr\/wp-json\/wp\/v2\/product"}],"about":[{"href":"https:\/\/lacasadelamedicina.es\/fr\/wp-json\/wp\/v2\/types\/product"}],"replies":[{"embeddable":true,"href":"https:\/\/lacasadelamedicina.es\/fr\/wp-json\/wp\/v2\/comments?post=28724"}],"wp:featuredmedia":[{"embeddable":true,"href":"https:\/\/lacasadelamedicina.es\/fr\/wp-json\/wp\/v2\/media\/18815"}],"wp:attachment":[{"href":"https:\/\/lacasadelamedicina.es\/fr\/wp-json\/wp\/v2\/media?parent=28724"}],"wp:term":[{"taxonomy":"product_cat","embeddable":true,"href":"https:\/\/lacasadelamedicina.es\/fr\/wp-json\/wp\/v2\/product_cat?post=28724"},{"taxonomy":"product_tag","embeddable":true,"href":"https:\/\/lacasadelamedicina.es\/fr\/wp-json\/wp\/v2\/product_tag?post=28724"}],"curies":[{"name":"wp","href":"https:\/\/api.w.org\/{rel}","templated":true}]}}