{"id":28708,"date":"2024-08-09T14:02:30","date_gmt":"2024-08-09T14:02:30","guid":{"rendered":"https:\/\/lacasadelamedicina.es\/product\/achetez-du-spray-fumigene-k2-en-ligne-spice-en-ligne\/"},"modified":"2024-08-09T14:02:30","modified_gmt":"2024-08-09T14:02:30","slug":"achetez-du-spray-fumigene-k2-en-ligne-spice-en-ligne","status":"publish","type":"product","link":"https:\/\/lacasadelamedicina.es\/fr\/produit\/achetez-du-spray-fumigene-k2-en-ligne-spice-en-ligne\/","title":{"rendered":"Achetez du spray fumig\u00e8ne K2 en ligne (SPICE) en ligne"},"content":{"rendered":"<h3>Achetez le spray d&rsquo;encens K2 en ligne (SPICE) en ligne.<\/h3>\n<p> Acheter du spray d&rsquo;encens K2 &#8211; Le papier K2 est \u00e9galement disponible. Il est possible d&rsquo;acheter du spray K2 incolore et inodore. Il faut 25 ml de spray pour recouvrir une feuille de papier A4 enti\u00e8re. Acheter du spray d&rsquo;encens K2 en ligne (SPICE) <a href=\"https:\/\/drlawsonspharmacy\/contact-us\/\">CONTACT<\/a> Les deux noms les plus connus de la marijuana synth\u00e9tique sont flavor et K2. Ils sont constitu\u00e9s de mati\u00e8re v\u00e9g\u00e9tale s\u00e9ch\u00e9e qui a \u00e9t\u00e9 m\u00e9lang\u00e9e \u00e0 des cannabino\u00efdes artificiels. Les cannabino\u00efdes artificiels sont des m\u00e9langes synth\u00e9tiques qui ont le m\u00eame effet sur les r\u00e9cepteurs cannabino\u00efdes du cerveau que le delta9-t\u00e9trahydrocannabinol (THC), le principal composant psychoactif de la marijuana. Les consommateurs de cannabis pensent que la consommation de Spice a des effets similaires. Les cannabino\u00efdes, ou compos\u00e9s chimiques, se trouvent dans la plante de marijuana. Un groupe de drogues appel\u00e9es cannabino\u00efdes artificiels sont appel\u00e9es saveur et K2. Elles sont constitu\u00e9es de mati\u00e8re v\u00e9g\u00e9tale s\u00e9ch\u00e9e qui a \u00e9t\u00e9 trait\u00e9e avec des substances artificielles pour affecter la perception. Les analystes ont d&rsquo;abord pris des dispositions pour des tests utilisant ces drogues artificielles.           <\/p>\n<h3>Achetez du spray fumig\u00e8ne K2 en ligne (SPICE)<\/h3>\n<p> Le K2 est \u00e9galement propos\u00e9 sous forme de liquide pouvant \u00eatre fum\u00e9 \u00e0 l&rsquo;aide de cigarettes \u00e9lectroniques. Il peut \u00e9galement \u00eatre consomm\u00e9 sous forme de th\u00e9 ou fum\u00e9 dans des joints ou des pipes. La forme liquide du K2 est ensuite vers\u00e9e sur des fibres, du papier et des plantes. L&rsquo;\u00e9pice peut avoir des effets similaires \u00e0 ceux de la marijuana, mais est consomm\u00e9e principalement en raison de sa discr\u00e9tion et de sa notori\u00e9t\u00e9. Habituellement, ce produit chimique est propos\u00e9 sous forme de mati\u00e8re v\u00e9g\u00e9tale. Malgr\u00e9 le fait que nous proposons une excellente saveur K2, la composition globale de nos m\u00e9langes personnalis\u00e9s est enti\u00e8rement inform\u00e9e par la r\u00e9glementation en vigueur. Encens aux herbes en ligne Pour \u00e9veiller vos sens, achetez de l&rsquo;encens aux herbes K2 puissant ! Lorsque vous achetez du K2 chez nous, notre qualit\u00e9 se d\u00e9marque de ceux qui vendent des m\u00e9langes sans vie et des imitations. Nous nous d\u00e9marquons des autres vendeurs car nous vendons de l&rsquo;encens aux herbes de haute qualit\u00e9. Un tranquillisant de rue artificiel avec des substances synth\u00e9tiques pulv\u00e9ris\u00e9es sur des ar\u00f4mes, l&rsquo;ar\u00f4me est \u00e9galement connu sous le nom de K2, de marijuana synth\u00e9tique et de spray d&rsquo;encens \u00e0 base d&rsquo;herbe synth\u00e9tique, de spray K2 \u00e0 vendre. Sur papier, liquide K2. Vous pouvez acheter du spray K2 et de l&rsquo;encens liquide en ligne. Commandez du papier K2 Zing de la plus haute qualit\u00e9 et faites-le livrer directement \u00e0 votre domicile.             <\/p>\n<h3><strong>Spray d&rsquo;encens K2 en ligne (SPICE) en ligne<\/strong><\/h3>\n<p> Si vous souhaitez ma\u00eetriser les liquides d&rsquo;encens locaux K2 et les e-liquides en ligne, vous \u00eates au bon endroit. Pour r\u00e9pondre aux besoins de tous les clients aux \u00c9tats-Unis et dans le monde entier, nous vendons les dominantes locales en col\u00e8re du liquide K2 aux prix les plus r\u00e9duits. Une autre utilisation bien connue est la fabrication de douches K2, qui sont g\u00e9n\u00e9ralement appliqu\u00e9es par voie topique. C&rsquo;est sans aucun doute vital. Les cannabino\u00efdes manufactur\u00e9s &#8211; \u00e9galement appel\u00e9s \u00ab ar\u00f4me \u00bb ou \u00ab K2 \u00bb &#8211; sont apparus pour la premi\u00e8re fois aux \u00c9tats-Unis dans les ann\u00e9es 2000. papier \u00e0 \u00e9pices K2 de haute qualit\u00e9. Nous proposons le meilleur papier \u00e0 \u00e9pices K2 que vous pouvez acheter en ligne. Obtenez-le maintenant. Qu&rsquo;est-ce que la marijuana synth\u00e9tique (\u00e9galement connue sous le nom de K2, Spice ou cannabino\u00efdes manufactur\u00e9s) ? Le meilleur encens local est disponible chez nous.          &nbsp;<\/p>\n","protected":false},"excerpt":{"rendered":"<p>Le spray K2 est disponible \u00e0 l&rsquo;achat et est incolore et inodore. Pour pulv\u00e9riser une feuille de papier A4 enti\u00e8re, vous aurez besoin de 25 ml. Le papier K2 est un autre article que nous vendons.   &nbsp;<\/p>\n","protected":false},"featured_media":18785,"comment_status":"closed","ping_status":"closed","template":"","meta":{"om_disable_all_campaigns":false,"_sitemap_exclude":false,"_sitemap_priority":"","_sitemap_frequency":"","_monsterinsights_skip_tracking":false,"_monsterinsights_sitenote_active":false,"_monsterinsights_sitenote_note":"","_monsterinsights_sitenote_category":0},"product_cat":[19407],"product_tag":[19408,19415,19409,19421,19414,19411,19417,19412,19428,19423,19419,19410,19424,19425,19426,19418,19416,19427,19422,19429,19420,19413],"class_list":{"0":"post-28708","1":"product","2":"type-product","3":"status-publish","4":"has-post-thumbnail","6":"product_cat-recherche-sur-les-produits-chimiques-et-les-psychedeliques","7":"product_tag-acheter-du-spray-fumigene-k2-spice","8":"product_tag-acheter-du-spray-fumigene-k2-spice-en-ligne-en-europe","9":"product_tag-achetez-du-spray-fumigene-k2-spice-en-ligne","10":"product_tag-boutique-en-ligne-de-spray-fumigene-k2-spice-europe","11":"product_tag-combien-coute-le-spray-fumigene-k2-spice","12":"product_tag-commandez-le-spray-fumigene-k2-spice-en-ligne","13":"product_tag-commandez-le-spray-fumigene-k2-spice-eu","14":"product_tag-effets-du-spray-fumigene-k2-spice","15":"product_tag-fournisseurs-europeens-de-spray-fumigene-k2-spice","16":"product_tag-offres-sur-le-spray-fumigene-k2-spice-en-europe","17":"product_tag-ou-acheter-du-spray-fumigene-k2-spice-en-europe","18":"product_tag-ou-acheter-du-spray-fumigene-k2-spice-en-ligne","19":"product_tag-spray-fumigene-k2-spice-boutique-europe","20":"product_tag-spray-fumigene-k2-spice-en-promotion-en-europe","21":"product_tag-spray-fumigene-k2-spice-livraison-europe","22":"product_tag-spray-fumigene-k2-spice-livraison-gratuite-en-europe","23":"product_tag-spray-fumigene-k2-spice-meilleur-prix-europe","24":"product_tag-spray-fumigene-k2-authentique-spice-europe","25":"product_tag-spray-fumigene-k2-pas-cher-spice-europe","26":"product_tag-test-du-spray-fumigene-k2-spice-europe","27":"product_tag-vente-de-spray-fumigene-k2-spice-en-europe","28":"product_tag-vente-en-ligne-de-spray-fumigene-k2-spice","30":"first","31":"instock","32":"shipping-taxable","33":"purchasable","34":"product-type-variable","35":"farmacie-col"},"aioseo_notices":[],"_links":{"self":[{"href":"https:\/\/lacasadelamedicina.es\/fr\/wp-json\/wp\/v2\/product\/28708"}],"collection":[{"href":"https:\/\/lacasadelamedicina.es\/fr\/wp-json\/wp\/v2\/product"}],"about":[{"href":"https:\/\/lacasadelamedicina.es\/fr\/wp-json\/wp\/v2\/types\/product"}],"replies":[{"embeddable":true,"href":"https:\/\/lacasadelamedicina.es\/fr\/wp-json\/wp\/v2\/comments?post=28708"}],"wp:featuredmedia":[{"embeddable":true,"href":"https:\/\/lacasadelamedicina.es\/fr\/wp-json\/wp\/v2\/media\/18785"}],"wp:attachment":[{"href":"https:\/\/lacasadelamedicina.es\/fr\/wp-json\/wp\/v2\/media?parent=28708"}],"wp:term":[{"taxonomy":"product_cat","embeddable":true,"href":"https:\/\/lacasadelamedicina.es\/fr\/wp-json\/wp\/v2\/product_cat?post=28708"},{"taxonomy":"product_tag","embeddable":true,"href":"https:\/\/lacasadelamedicina.es\/fr\/wp-json\/wp\/v2\/product_tag?post=28708"}],"curies":[{"name":"wp","href":"https:\/\/api.w.org\/{rel}","templated":true}]}}