{"id":28703,"date":"2024-08-09T14:02:39","date_gmt":"2024-08-09T14:02:39","guid":{"rendered":"https:\/\/lacasadelamedicina.es\/product\/achetez-albert-einstein-queen-elizabeth-en-ligne\/"},"modified":"2024-08-09T14:02:39","modified_gmt":"2024-08-09T14:02:39","slug":"achetez-albert-einstein-queen-elizabeth-en-ligne","status":"publish","type":"product","link":"https:\/\/lacasadelamedicina.es\/fr\/produit\/achetez-albert-einstein-queen-elizabeth-en-ligne\/","title":{"rendered":"Achetez Albert Einstein + Queen Elizabeth en ligne"},"content":{"rendered":"<h2>Achetez Albert Einstein + Queen Elizabeth en ligne. Lot de 2 draps de haute qualit\u00e9. <\/h2>\n<p> Achetez Albert Einstein + Queen Elizabeth en ligne. Lot de 2 feuilles de haute qualit\u00e9. Ces feuilles perfor\u00e9es ont des couleurs vives, des d\u00e9tails \u00e9lev\u00e9s et une perforation nette de 1\/4\u2033. 2 mod\u00e8les diff\u00e9rents \u2013 \u00e9galement vendus individuellement.<\/p>\n","protected":false},"excerpt":{"rendered":"<p>Achetez Albert Einstein + Queen Elizabeth en ligne. Lot de 2 draps de haute qualit\u00e9. Achetez Albert Einstein + Queen Elizabeth en ligne. Lot de 2 feuilles de haute qualit\u00e9. Ces feuilles perfor\u00e9es ont des couleurs vives, des d\u00e9tails \u00e9lev\u00e9s et une perforation nette de 1\/4\u2033. 2 mod\u00e8les diff\u00e9rents \u2013 \u00e9galement vendus individuellement.<\/p>\n","protected":false},"featured_media":19235,"comment_status":"open","ping_status":"closed","template":"","meta":{"om_disable_all_campaigns":false,"_sitemap_exclude":false,"_sitemap_priority":"","_sitemap_frequency":"","_monsterinsights_skip_tracking":false,"_monsterinsights_sitenote_active":false,"_monsterinsights_sitenote_note":"","_monsterinsights_sitenote_category":0},"product_cat":[19140],"product_tag":[19255,19247,19240,19241,19248,19250,19245,19254,19259,19256,19253,19246,19243,19249,19261,19244,19260,19258,19242,19251,19257,19252],"class_list":{"0":"post-28703","1":"product","2":"type-product","3":"status-publish","4":"has-post-thumbnail","6":"product_cat-lsd-fr","7":"product_tag-accords-entre-albert-einstein-et-la-reine-elizabeth-en-europe","8":"product_tag-acheter-albert-einstein-queen-elizabeth-en-ligne-en-europe","9":"product_tag-achetez-albert-einstein-queen-elizabeth","10":"product_tag-achetez-albert-einstein-queen-elizabeth-en-ligne","11":"product_tag-albert-einstein-la-reine-elizabeth-au-meilleur-prix-en-europe","12":"product_tag-albert-einstein-la-reine-elizabeth-livraison-gratuite-en-europe","13":"product_tag-albert-einstein-queen-elizabeth-en-vente-en-ligne","14":"product_tag-albert-einstein-queen-elizabeth-europe-pas-cher","15":"product_tag-authentique-albert-einstein-reine-elizabeth-europe","16":"product_tag-boutique-albert-einstein-queen-elizabeth-europe","17":"product_tag-boutique-en-ligne-albert-einstein-queen-elizabeth-europe","18":"product_tag-combien-coute-albert-einstein-la-reine-elizabeth","19":"product_tag-commandez-albert-einstein-queen-elizabeth-en-ligne","20":"product_tag-commandez-albert-einstein-queen-elizabeth-ue","21":"product_tag-critique-dalbert-einstein-queen-elizabeth-europe","22":"product_tag-effets-dalbert-einstein-reine-elizabeth","23":"product_tag-fournisseurs-dalbert-einstein-queen-elizabeth-europe","24":"product_tag-livraison-dalbert-einstein-et-de-la-reine-elizabeth-en-europe","25":"product_tag-ou-acheter-albert-einstein-queen-elizabeth-en-ligne","26":"product_tag-ou-acheter-albert-einstein-queen-elizabeth-europe","27":"product_tag-remise-sur-albert-einstein-queen-elizabeth-europe","28":"product_tag-vente-albert-einstein-queen-elizabeth-europe","30":"first","31":"instock","32":"shipping-taxable","33":"purchasable","34":"product-type-simple","35":"farmacie-col"},"aioseo_notices":[],"_links":{"self":[{"href":"https:\/\/lacasadelamedicina.es\/fr\/wp-json\/wp\/v2\/product\/28703"}],"collection":[{"href":"https:\/\/lacasadelamedicina.es\/fr\/wp-json\/wp\/v2\/product"}],"about":[{"href":"https:\/\/lacasadelamedicina.es\/fr\/wp-json\/wp\/v2\/types\/product"}],"replies":[{"embeddable":true,"href":"https:\/\/lacasadelamedicina.es\/fr\/wp-json\/wp\/v2\/comments?post=28703"}],"wp:featuredmedia":[{"embeddable":true,"href":"https:\/\/lacasadelamedicina.es\/fr\/wp-json\/wp\/v2\/media\/19235"}],"wp:attachment":[{"href":"https:\/\/lacasadelamedicina.es\/fr\/wp-json\/wp\/v2\/media?parent=28703"}],"wp:term":[{"taxonomy":"product_cat","embeddable":true,"href":"https:\/\/lacasadelamedicina.es\/fr\/wp-json\/wp\/v2\/product_cat?post=28703"},{"taxonomy":"product_tag","embeddable":true,"href":"https:\/\/lacasadelamedicina.es\/fr\/wp-json\/wp\/v2\/product_tag?post=28703"}],"curies":[{"name":"wp","href":"https:\/\/api.w.org\/{rel}","templated":true}]}}