{"id":28700,"date":"2024-08-09T14:02:39","date_gmt":"2024-08-09T14:02:39","guid":{"rendered":"https:\/\/lacasadelamedicina.es\/product\/achetez-des-buvards-1p-lsd-150mcg-en-ligne\/"},"modified":"2024-08-09T14:02:39","modified_gmt":"2024-08-09T14:02:39","slug":"achetez-des-buvards-1p-lsd-150mcg-en-ligne","status":"publish","type":"product","link":"https:\/\/lacasadelamedicina.es\/fr\/produit\/achetez-des-buvards-1p-lsd-150mcg-en-ligne\/","title":{"rendered":"Achetez des buvards 1P-LSD 150mcg en ligne"},"content":{"rendered":"<h3>Achetez des buvards 1P-LSD 150mcg : informations sur les produits chimiques de recherche<\/h3>\n<p><strong>Que sont les buvards 1P-LSD 150 mcg ?<\/strong> Les buvards 1P-LSD (150 mcg) sont un type de produit chimique de recherche couramment utilis\u00e9 dans les \u00e9tudes. Bien que ces buvards soient actuellement l\u00e9gaux \u00e0 la vente et \u00e0 l&rsquo;achat, leur statut juridique pourrait changer. Il est important de noter que les buvards 1P-LSD sont destin\u00e9s strictement \u00e0 des fins de recherche et ne sont pas approuv\u00e9s pour la consommation humaine. <strong>Directives de stockage pour les buvards 1P-LSD 150 mcg<\/strong> Pour garantir la long\u00e9vit\u00e9 et l&rsquo;efficacit\u00e9 des buvards 1P-LSD (150 mcg), conservez-les dans un endroit frais et sec. Conserv\u00e9 dans ces conditions, le produit chimique reste stable jusqu&rsquo;\u00e0 deux ans. Un stockage appropri\u00e9 aidera \u00e0 maintenir l&rsquo;int\u00e9grit\u00e9 des buvards tout au long de leur dur\u00e9e de conservation. IUPAC : acide 1-propionyl-lysergique di\u00e9thylamide CAS# : N\/A Formule mol\u00e9culaire : C23H29N3O2 Masse mol\u00e9culaire : 379,45926 g\/mol <strong>Commandez des buvards 1P-LSD de 150 mcg chez Chemswell !<\/strong> Chemswell propose une livraison rapide et fiable pour les buvards 1P-LSD de 150 mcg. Si vous passez une commande aujourd&rsquo;hui, vous pouvez vous attendre \u00e0 ce que votre colis arrive \u00e0 votre porte dans un d\u00e9lai d&rsquo;un jour. Toutes les livraisons sont trait\u00e9es discr\u00e8tement par PostNL, garantissant la confidentialit\u00e9. Pour les commandes en gros de buvards 1P-LSD, veuillez contacter notre \u00e9quipe du service client pour plus d&rsquo;informations. <strong>Options de paiement<\/strong> Chemswell propose une vari\u00e9t\u00e9 de m\u00e9thodes de paiement pour votre commodit\u00e9, notamment :         <\/p>\n<ul>\n<li>Carte de cr\u00e9dit (Mastercard, Visa, American Express)<\/li>\n<li>PayPal<\/li>\n<li>Bitcoin<\/li>\n<li>id\u00e9al<\/li>\n<\/ul>\n<p><strong>Pourquoi choisir Chemswell?<\/strong> Chemswell s&rsquo;engage \u00e0 offrir un service de la plus haute qualit\u00e9 \u00e0 des prix comp\u00e9titifs. Pour toute demande de renseignements ou informations compl\u00e9mentaires, n&rsquo;h\u00e9sitez pas \u00e0 nous contacter par e-mail ou par t\u00e9l\u00e9phone. Visitez notre page de contact pour plus de d\u00e9tails. Le 1P-LSD est une nouvelle substance psych\u00e9d\u00e9lique de la classe des lysergamides. Le 1P-LSD est \u00e9troitement li\u00e9 au LSD et produirait des effets presque identiques. En raison de sa nouveaut\u00e9, on sait peu de choses sur la pharmacologie du 1P-LSD, mais on pense qu&rsquo;il produit ses effets en se liant aux r\u00e9cepteurs de la s\u00e9rotonine dans le cerveau. Commandez d\u00e8s aujourd&rsquo;hui vos buvards 1P-LSD de 150 mcg aupr\u00e8s de Chemswell pour un service et une valeur exceptionnels.<\/p>\n","protected":false},"excerpt":{"rendered":"<p>Le 1P-LSD Blotters 150mcg est une drogue psych\u00e9d\u00e9lique de la classe des lysergamides, d\u00e9riv\u00e9e et analogue fonctionnelle du LSD et homologue de l&rsquo;ALD-52. Il est apparu en 2015 lorsqu&rsquo;il est apparu comme une drogue de synth\u00e8se vendue en ligne. Il modifie la mol\u00e9cule de LSD en ajoutant un groupe propionyle \u00e0 l&rsquo;atome d&rsquo;azote du groupe indole du LSD.  <\/p>\n","protected":false},"featured_media":19220,"comment_status":"closed","ping_status":"closed","template":"","meta":{"om_disable_all_campaigns":false,"_sitemap_exclude":false,"_sitemap_priority":"","_sitemap_frequency":"","_monsterinsights_skip_tracking":false,"_monsterinsights_sitenote_active":false,"_monsterinsights_sitenote_note":"","_monsterinsights_sitenote_category":0},"product_cat":[19140],"product_tag":[19384,19381,19379,19373,19374,19392,19387,19388,19389,19393,19385,19390,19378,19394,19380,19376,19391,19386,19382,19375,19383,19377],"class_list":{"0":"post-28700","1":"product","2":"type-product","3":"status-publish","4":"has-post-thumbnail","6":"product_cat-lsd-fr","7":"product_tag-1p-lsd-blotters-150mcg-en-ligne-en-europe","8":"product_tag-1p-lsd-blotters-150mcg-livraison-gratuite-en-europe","9":"product_tag-acheter-des-buvards-1p-lsd-150mcg-en-ligne-en-europe","10":"product_tag-achetez-des-buvards-1p-lsd-150mcg","11":"product_tag-achetez-des-buvards-1p-lsd-150mcg-en-ligne","12":"product_tag-avis-sur-les-buvards-1p-lsd-150mcg-europe","13":"product_tag-buvards-1p-lsd-150mcg-en-magasin-en-europe","14":"product_tag-buvards-1p-lsd-150mcg-en-promotion-en-europe","15":"product_tag-buvards-1p-lsd-150mcg-livraison-en-europe","16":"product_tag-buvards-1p-lsd-150mcg-meilleur-prix-europe","17":"product_tag-buvards-1p-lsd-150mcg-pas-chers-en-europe","18":"product_tag-buvards-authentiques-1p-lsd-150mcg-europe","19":"product_tag-combien-coute-le-buvard-1p-lsd-150mcg","20":"product_tag-commandez-des-buvards-1p-lsd-150mcg-en-ligne","21":"product_tag-commandez-des-buvards-1p-lsd-150mcg-eu","22":"product_tag-effets-des-buvards-1p-lsd-150mcg","23":"product_tag-fournisseurs-europeens-de-buvards-1p-lsd-150mcg","24":"product_tag-offres-sur-les-buvards-1p-lsd-150mcg-en-europe","25":"product_tag-ou-acheter-des-buvards-1p-lsd-150mcg-en-europe","26":"product_tag-ou-acheter-des-buvards-1p-lsd-150mcg-en-ligne","27":"product_tag-vente-de-buvards-1p-lsd-150mcg-en-europe","28":"product_tag-vente-en-ligne-de-buvards-1p-lsd-150mcg","30":"first","31":"instock","32":"shipping-taxable","33":"purchasable","34":"product-type-simple","35":"farmacie-col"},"aioseo_notices":[],"_links":{"self":[{"href":"https:\/\/lacasadelamedicina.es\/fr\/wp-json\/wp\/v2\/product\/28700"}],"collection":[{"href":"https:\/\/lacasadelamedicina.es\/fr\/wp-json\/wp\/v2\/product"}],"about":[{"href":"https:\/\/lacasadelamedicina.es\/fr\/wp-json\/wp\/v2\/types\/product"}],"replies":[{"embeddable":true,"href":"https:\/\/lacasadelamedicina.es\/fr\/wp-json\/wp\/v2\/comments?post=28700"}],"wp:featuredmedia":[{"embeddable":true,"href":"https:\/\/lacasadelamedicina.es\/fr\/wp-json\/wp\/v2\/media\/19220"}],"wp:attachment":[{"href":"https:\/\/lacasadelamedicina.es\/fr\/wp-json\/wp\/v2\/media?parent=28700"}],"wp:term":[{"taxonomy":"product_cat","embeddable":true,"href":"https:\/\/lacasadelamedicina.es\/fr\/wp-json\/wp\/v2\/product_cat?post=28700"},{"taxonomy":"product_tag","embeddable":true,"href":"https:\/\/lacasadelamedicina.es\/fr\/wp-json\/wp\/v2\/product_tag?post=28700"}],"curies":[{"name":"wp","href":"https:\/\/api.w.org\/{rel}","templated":true}]}}