{"id":28695,"date":"2024-08-09T14:02:39","date_gmt":"2024-08-09T14:02:39","guid":{"rendered":"https:\/\/lacasadelamedicina.es\/product\/achetez-des-buvards-shiva-lsd-170ug-en-ligne\/"},"modified":"2024-08-09T14:02:39","modified_gmt":"2024-08-09T14:02:39","slug":"achetez-des-buvards-shiva-lsd-170ug-en-ligne","status":"publish","type":"product","link":"https:\/\/lacasadelamedicina.es\/fr\/produit\/achetez-des-buvards-shiva-lsd-170ug-en-ligne\/","title":{"rendered":"Achetez des buvards Shiva LSD 170ug en ligne"},"content":{"rendered":"<h2><strong>Achetez 1P-LSD 170UG SHIVA LSD BLOTTERS en ligne<\/strong><\/h2>\n<p> Le 1P-LSD, une drogue psych\u00e9d\u00e9lique, \u00e9galement appel\u00e9e di\u00e9thylamide de l&rsquo;acide 1-propionyl-lysergique, est un d\u00e9riv\u00e9 et un analogue fonctionnel du LSD et un homologue de l&rsquo;ALD-52. Le LSD et le 1P-LSD partagent une relation chimique et auraient des effets assez similaires. Bien que l&rsquo;on sache peu de choses sur la pharmacologie du 1P-LSD, il agit probablement sur les r\u00e9cepteurs de la s\u00e9rotonine dans le cerveau pour cr\u00e9er ses effets psych\u00e9d\u00e9liques.   <\/p>\n<h2><strong>Achetez 170 ug de buvards Shiva LSD<\/strong><\/h2>\n<p> ID IUPAC : (6aR,9R)- N,N- di\u00e9thyl- 7-m\u00e9thyl- 4,6,6a,7,8,9- hexahydroindolo \u2013 [4,3-fg] quinoline-9-carboxamide Masse molaire : 323,43 g Point de fusion : 80 \u00b0CFormule : C20H25N3O ID CAS : 50-37-3 Le di\u00e9thylamide de l&rsquo;acide lysergique, \u00e9galement connu sous le nom d&rsquo;acide, est une drogue psych\u00e9d\u00e9lique connue pour ses effets psychologiques. Formule : C20H25N30 ID IUPAC : (6aR,9R)- N,N- di\u00e9thyl- 7-m\u00e9thyl- 4,6,6a,7,8,9- hexahydroindolo-  [4,3-fg] quinol\u00e9ine-9-carboxamide Masse molaire : 323,43 g\/mol Point de fusion : 80 \u00b0C Num\u00e9ro CAS : 50-37-3 <\/p>\n<h3><strong>1P-LSD 170UG BUVETTES SHIVA LSD<\/strong><\/h3>\n<p> Nous avons de nombreux clients fid\u00e8les dans le monde entier et nous sommes impatients de travailler avec vous sur le long terme. Si vous avez besoin de plus d\u2019informations, n\u2019h\u00e9sitez pas \u00e0 nous contacter ; nous ferons tout notre possible pour r\u00e9pondre \u00e0 vos besoins. De nouveaux compos\u00e9s psychoactifs, ou substances chimiques psychotropes synth\u00e9tis\u00e9es en laboratoire et propos\u00e9es comme substituts l\u00e9gaux aux drogues illicites comme la coca\u00efne et la marijuana, sont devenus plus r\u00e9pandus au cours des 20 derni\u00e8res ann\u00e9es dans l\u2019industrie pharmaceutique. Ces m\u00e9dicaments n\u2019ont pas fait l\u2019objet de tests approfondis, il est donc possible que leurs effets soient incoh\u00e9rents et impr\u00e9visibles.    <\/p>\n<h3><strong>EFFETS<\/strong><\/h3>\n<p> Dans la litt\u00e9rature scientifique, le profil des effets du 1P-LSD n\u2019est pas bien d\u00e9crit. On pense g\u00e9n\u00e9ralement qu\u2019il est similaire \u00e0 celui du LSD. Selon plusieurs rapports anecdotiques, le 1P-LSD dure l\u00e9g\u00e8rement moins longtemps chez l\u2019homme que le LSD, la majorit\u00e9 des utilisateurs affirmant qu\u2019ils sont incapables de faire la diff\u00e9rence entre les effets qualitatifs des deux drogues.   <\/p>\n<h3><strong>CHOISIR GAMA<\/strong><\/h3>\n<p> Le facteur le plus important dans le choix de notre service est Meth Trust. L&rsquo;aspect principal pour gagner un nombre croissant de clients est la qualit\u00e9. Les offres et les remises sont essentielles au succ\u00e8s de nos clients.   <\/p>\n<h3><strong>CONCLUSION<\/strong><\/h3>\n<p> L&rsquo;un des produits \u00e0 base de LSD les plus populaires parmi les adolescents, qui l&rsquo;utilisent fr\u00e9quemment comme drogue de f\u00eate, est Goblin&rsquo;s Den. Sur le march\u00e9 virtuel, il existe une large gamme d&rsquo;articles \u00e0 base de LSD qui sont librement accessibles. Ici, nous vous garantissons la meilleure qualit\u00e9 et le meilleur prix du produit, 200 mcg Goblin&rsquo;s Den.<\/p>\n","protected":false},"excerpt":{"rendered":"<p>Achetez 1P-LSD 170UG SHIVA LSD BLOTTERS en ligne Le 1P-LSD, une drogue psych\u00e9d\u00e9lique, \u00e9galement appel\u00e9e di\u00e9thylamide de l&rsquo;acide 1-propionyl-lysergique, est un d\u00e9riv\u00e9 et un analogue fonctionnel du LSD et un homologue de l&rsquo;ALD-52. Le LSD et le 1P-LSD partagent une relation chimique et auraient des effets assez similaires. Bien que l&rsquo;on sache peu de choses [&hellip;]<\/p>\n","protected":false},"featured_media":19205,"comment_status":"open","ping_status":"closed","template":"","meta":{"om_disable_all_campaigns":false,"_sitemap_exclude":false,"_sitemap_priority":"","_sitemap_frequency":"","_monsterinsights_skip_tracking":false,"_monsterinsights_sitenote_active":false,"_monsterinsights_sitenote_note":"","_monsterinsights_sitenote_category":0},"product_cat":[19140],"product_tag":[19368,19361,19351,19352,19358,19370,19372,19364,19359,19367,19365,19357,19360,19354,19355,19371,19369,19366,19362,19353,19363,19356],"class_list":{"0":"post-28695","1":"product","2":"type-product","3":"status-publish","4":"has-post-thumbnail","6":"product_cat-lsd-fr","7":"product_tag-170ug-shiva-lsd-blotters-en-europe-a-prix-reduit","8":"product_tag-170ug-shiva-lsd-blotters-livraison-gratuite-en-europe","9":"product_tag-achetez-170-ug-de-buvards-shiva-lsd","10":"product_tag-achetez-des-buvards-shiva-lsd-170ug-en-ligne","11":"product_tag-achetez-des-buvards-shiva-lsd-170ug-en-ligne-en-europe","12":"product_tag-authentiques-buvards-shiva-lsd-170ug-europe","13":"product_tag-avis-sur-les-buvards-shiva-lsd-170ug-europe","14":"product_tag-boutique-en-ligne-de-buvards-shiva-lsd-170ug-europe","15":"product_tag-buvards-shiva-lsd-170ug-au-meilleur-prix-en-europe","16":"product_tag-buvards-shiva-lsd-170ug-en-europe","17":"product_tag-buvards-shiva-lsd-170ug-pas-chers-en-europe","18":"product_tag-combien-coute-170-ug-de-buvards-shiva-lsd","19":"product_tag-commandez-170-ug-de-buvards-shiva-lsd-eu","20":"product_tag-commandez-170ug-de-buvards-shiva-lsd-en-ligne","21":"product_tag-effets-des-buvards-shiva-lsd-170-ug","22":"product_tag-fournisseurs-europeens-de-buvards-shiva-lsd-170ug","23":"product_tag-livraison-en-europe-de-170ug-de-buvards-shiva-lsd","24":"product_tag-offres-europeennes-sur-les-buvards-shiva-lsd-de-170-ug","25":"product_tag-ou-acheter-des-buvards-shiva-lsd-170ug-en-europe","26":"product_tag-ou-acheter-des-buvards-shiva-lsd-170ug-en-ligne","27":"product_tag-vente-de-buvards-shiva-lsd-170ug-en-europe","28":"product_tag-vente-en-ligne-de-buvards-shiva-lsd-170ug","30":"first","31":"instock","32":"shipping-taxable","33":"purchasable","34":"product-type-variable","35":"farmacie-col"},"aioseo_notices":[],"_links":{"self":[{"href":"https:\/\/lacasadelamedicina.es\/fr\/wp-json\/wp\/v2\/product\/28695"}],"collection":[{"href":"https:\/\/lacasadelamedicina.es\/fr\/wp-json\/wp\/v2\/product"}],"about":[{"href":"https:\/\/lacasadelamedicina.es\/fr\/wp-json\/wp\/v2\/types\/product"}],"replies":[{"embeddable":true,"href":"https:\/\/lacasadelamedicina.es\/fr\/wp-json\/wp\/v2\/comments?post=28695"}],"wp:featuredmedia":[{"embeddable":true,"href":"https:\/\/lacasadelamedicina.es\/fr\/wp-json\/wp\/v2\/media\/19205"}],"wp:attachment":[{"href":"https:\/\/lacasadelamedicina.es\/fr\/wp-json\/wp\/v2\/media?parent=28695"}],"wp:term":[{"taxonomy":"product_cat","embeddable":true,"href":"https:\/\/lacasadelamedicina.es\/fr\/wp-json\/wp\/v2\/product_cat?post=28695"},{"taxonomy":"product_tag","embeddable":true,"href":"https:\/\/lacasadelamedicina.es\/fr\/wp-json\/wp\/v2\/product_tag?post=28695"}],"curies":[{"name":"wp","href":"https:\/\/api.w.org\/{rel}","templated":true}]}}