{"id":28690,"date":"2024-08-09T14:02:39","date_gmt":"2024-08-09T14:02:39","guid":{"rendered":"https:\/\/lacasadelamedicina.es\/product\/achetez-155-mcg-teachers-gaze-auto-pose-cristal-azteque-pur-a-99-en-ligne\/"},"modified":"2024-08-09T14:02:39","modified_gmt":"2024-08-09T14:02:39","slug":"achetez-155-mcg-teachers-gaze-auto-pose-cristal-azteque-pur-a-99-en-ligne","status":"publish","type":"product","link":"https:\/\/lacasadelamedicina.es\/fr\/produit\/achetez-155-mcg-teachers-gaze-auto-pose-cristal-azteque-pur-a-99-en-ligne\/","title":{"rendered":"Achetez 155 MCG Teacher\u2019s Gaze (auto-pos\u00e9, cristal azt\u00e8que pur \u00e0 99 %) en ligne"},"content":{"rendered":"<h3>Meilleur endroit pour acheter du LSD Teacher\u2019s Gaze en ligne<\/h3>\n<p> Nous vous pr\u00e9sentons une offre distincte : un lot limit\u00e9 de comprim\u00e9s LSD Teacher\u2019s Gaze, qui ont \u00e9t\u00e9 cr\u00e9\u00e9s avec un cristal rare provenant d\u2019un groupe de passionn\u00e9s d\u00e9vou\u00e9s qui s\u2019alignent sur nos perspectives sur la r\u00e9alit\u00e9 et la spiritualit\u00e9. Ce lot exclusif a \u00e9t\u00e9 produit une fois puis retir\u00e9, ce qui signifie que ni nous ni personne d\u2019autre n\u2019aurons \u00e0 nouveau ce cristal sp\u00e9cifique. Apr\u00e8s les tests, nous avons \u00e9t\u00e9 \u00e9tonn\u00e9s par la puissance et l\u2019exp\u00e9rience que ces comprim\u00e9s offraient. En raison de la raret\u00e9 du cristal, le prix est plus \u00e9lev\u00e9 que celui des vari\u00e9t\u00e9s azt\u00e8ques, mais nous le proposons \u00e0 un prix l\u00e9g\u00e8rement sup\u00e9rieur pour le partager au sein de notre communaut\u00e9 psych\u00e9d\u00e9lique.    <\/p>\n<h3>Acide buvard LSD disponible \u00e0 l&rsquo;achat en ligne<\/h3>\n<p> Teacher\u2019s Gaze LSD Online propose une large gamme de produits, notamment Goblin\u2019s Den, Hoffman LSD blotter, Void Realm, Teacher\u2019s Gaze, Fractal Storm, et bien d\u2019autres. Teacher\u2019s Gaze est notamment l\u2019un des produits les plus recherch\u00e9s, en particulier parmi les jeunes utilisateurs. Voici quelques d\u00e9tails cl\u00e9s sur Teacher\u2019s Gaze LSD :   <\/p>\n<ul>\n<li>Environ 10 % des Am\u00e9ricains ont essay\u00e9 le LSD Teacher\u2019s Gaze \u00e0 un moment donn\u00e9 depuis 2017, et 0,7 % l\u2019ont utilis\u00e9 au cours de l\u2019ann\u00e9e \u00e9coul\u00e9e. Son utilisation \u00e9tait la plus r\u00e9pandue des ann\u00e9es 1960 aux ann\u00e9es 1980. En g\u00e9n\u00e9ral, le LSD Teacher\u2019s Gaze est soit ing\u00e9r\u00e9, soit plac\u00e9 sous la langue, souvent distribu\u00e9 sur du papier buvard.  <\/li>\n<\/ul>\n<h3>Informations cl\u00e9s pour acheter 155 mcg Teacher\u2019s Gaze en ligne<\/h3>\n<p> Lors de l&rsquo;achat de 155 mcg de Teacher&rsquo;s Gaze, il est g\u00e9n\u00e9ralement m\u00e9lang\u00e9 \u00e0 99 % de cristal azt\u00e8que. Cette substance est connue pour quitter rapidement la circulation sanguine si elle est inject\u00e9e.  <\/p>\n<h4>Effets secondaires de 155 mcg de Teacher\u2019s Gaze<\/h4>\n<ul>\n<li>Les hallucinations sont un effet courant du regard du professeur.<\/li>\n<li>Les utilisateurs peuvent \u00e9prouver des difficult\u00e9s \u00e0 dormir.<\/li>\n<\/ul>\n<h3>Conclusion<\/h3>\n<p> Le LSD est un produit tr\u00e8s pris\u00e9 des adolescents, souvent consid\u00e9r\u00e9 comme une drogue de f\u00eate en raison de ses effets hallucinog\u00e8nes, ce qui le distingue des autres produits \u00e0 base de LSD. Le LSD, commun\u00e9ment appel\u00e9 \u00ab acide \u00bb, est connu pour induire des alt\u00e9rations significatives de la perception. Le LSD est une substance puissante qui alt\u00e8re l&rsquo;humeur et qui est d\u00e9riv\u00e9e de l&rsquo;acide lysergique, qui provient du champignon de l&rsquo;ergot que l&rsquo;on trouve sur les c\u00e9r\u00e9ales comme le seigle. Il est fabriqu\u00e9 dans des laboratoires ill\u00e9gaux, principalement aux \u00c9tats-Unis, o\u00f9 il est transform\u00e9 en liquide pour \u00eatre distribu\u00e9. Il est g\u00e9n\u00e9ralement incolore, inodore et a un go\u00fbt l\u00e9g\u00e8rement amer.     &nbsp;<\/p>\n","protected":false},"excerpt":{"rendered":"<p>La famille des Apocynaceae comprend des esp\u00e8ces telles que Tabernanthe iboga, Voacanga africana et Tabernaemontana undulata, qui contiennent un compos\u00e9 hallucinog\u00e8ne naturel, l&rsquo;iboga\u00efne. Une drogue psych\u00e9d\u00e9lique aux effets dissociatifs. <\/p>\n","protected":false},"featured_media":19190,"comment_status":"closed","ping_status":"closed","template":"","meta":{"om_disable_all_campaigns":false,"_sitemap_exclude":false,"_sitemap_priority":"","_sitemap_frequency":"","_monsterinsights_skip_tracking":false,"_monsterinsights_sitenote_active":false,"_monsterinsights_sitenote_note":"","_monsterinsights_sitenote_category":0},"product_cat":[19140],"product_tag":[19328,19333,19346,19327,19348,19350,19345,19342,19335,19331,19347,19338,19329,19336,19340,19339,19337,19332,19349,19344,19330,19343,19341,19334],"class_list":{"0":"post-28690","1":"product","2":"type-product","3":"status-publish","4":"has-post-thumbnail","6":"product_cat-lsd-fr","7":"product_tag-cristal-azteque-pur-a-99","8":"product_tag-155-mcg-le-regard-de-lenseignant-auto-pose","9":"product_tag-99-de-cristal-azteque-pur-remise-europe","10":"product_tag-achetez-155-mcg-teachers-gaze-a-poser-soi-meme","11":"product_tag-authentique-155-mcg-teachers-gaze-auto-pose","12":"product_tag-avis-sur-le-cristal-azteque-pur-a-99-en-europe","13":"product_tag-boutique-en-europe-cristal-azteque-pur-a-99","14":"product_tag-boutique-en-ligne-de-cristaux-azteques-purs-a-99-en-europe","15":"product_tag-combien-coute-155-mcg-teachers-gaze-self-laid","16":"product_tag-commandez-155-mcg-le-regard-du-professeur-auto-pose","17":"product_tag-cristal-azteque-pur-a-99-livraison-en-europe","18":"product_tag-cristal-azteque-pur-a-99-ue","19":"product_tag-cristal-azteque-pur-a-99-en-ligne","20":"product_tag-cristal-azteque-pur-a-99-en-ligne-en-europe","21":"product_tag-cristal-azteque-pur-a-99-europe","22":"product_tag-cristal-azteque-pur-a-99-livraison-gratuite-en-europe","23":"product_tag-cristal-azteque-pur-a-99-meilleur-prix-europe","24":"product_tag-effets-du-regard-de-lenseignant-155-mcg-auto-pose","25":"product_tag-fournisseurs-europeens-de-cristaux-azteques-purs-a-99","26":"product_tag-offres-europeennes-sur-les-cristaux-azteques-purs-a-99","27":"product_tag-ou-acheter-155-mcg-teachers-gaze-self-laid","28":"product_tag-regard-du-professeur-pas-cher-155-mcg-auto-pose","29":"product_tag-vente-en-europe-de-cristaux-azteques-purs-a-99","30":"product_tag-vente-en-ligne-de-cristaux-azteques-purs-a-99","32":"first","33":"instock","34":"shipping-taxable","35":"purchasable","36":"product-type-variable","37":"farmacie-col"},"aioseo_notices":[],"_links":{"self":[{"href":"https:\/\/lacasadelamedicina.es\/fr\/wp-json\/wp\/v2\/product\/28690"}],"collection":[{"href":"https:\/\/lacasadelamedicina.es\/fr\/wp-json\/wp\/v2\/product"}],"about":[{"href":"https:\/\/lacasadelamedicina.es\/fr\/wp-json\/wp\/v2\/types\/product"}],"replies":[{"embeddable":true,"href":"https:\/\/lacasadelamedicina.es\/fr\/wp-json\/wp\/v2\/comments?post=28690"}],"wp:featuredmedia":[{"embeddable":true,"href":"https:\/\/lacasadelamedicina.es\/fr\/wp-json\/wp\/v2\/media\/19190"}],"wp:attachment":[{"href":"https:\/\/lacasadelamedicina.es\/fr\/wp-json\/wp\/v2\/media?parent=28690"}],"wp:term":[{"taxonomy":"product_cat","embeddable":true,"href":"https:\/\/lacasadelamedicina.es\/fr\/wp-json\/wp\/v2\/product_cat?post=28690"},{"taxonomy":"product_tag","embeddable":true,"href":"https:\/\/lacasadelamedicina.es\/fr\/wp-json\/wp\/v2\/product_tag?post=28690"}],"curies":[{"name":"wp","href":"https:\/\/api.w.org\/{rel}","templated":true}]}}