{"id":28683,"date":"2024-08-09T14:02:39","date_gmt":"2024-08-09T14:02:39","guid":{"rendered":"https:\/\/lacasadelamedicina.es\/product\/achetez-voidrealm-105-mcg-en-ligne\/"},"modified":"2024-09-12T19:41:54","modified_gmt":"2024-09-12T19:41:54","slug":"achetez-voidrealm-105-mcg-en-ligne","status":"publish","type":"product","link":"https:\/\/lacasadelamedicina.es\/fr\/produit\/achetez-voidrealm-105-mcg-en-ligne\/","title":{"rendered":"Achetez Voidrealm 105 MCG en ligne"},"content":{"rendered":"<p><strong>Acheter 105 mcg Voidrealm en ligne<\/strong> Le LSD n&rsquo;est peut-\u00eatre pas toxique, mais une r\u00e9sistance peut se d\u00e9velopper avec l&rsquo;application de doses croissantes. Des r\u00e9actions psychologiques ind\u00e9sirables telles que la peur, la d\u00e9pression et les visions sont probables. Des hallucinations inqui\u00e9tantes peuvent survenir sans application suppl\u00e9mentaire, un syndrome appel\u00e9 syndrome hallucinog\u00e8ne de vision chronique. La mort suite au LSD est tr\u00e8s rare. <strong>Faits qui peuvent vous aider \u00e0 acheter 105 mcg Voidrealm en ligne<\/strong> Bien que le LSD propose une large gamme de produits tels que les cartouches de vape, la temp\u00eate fractale, le p\u00e2turage du professeur, etc. Et Voidrealm est une autre substance LSD populaire qui n&rsquo;est pas particuli\u00e8rement addictive, mais il est important de faire preuve de prudence lors de l&rsquo;utilisation de ces drogues. Voici quelques suggestions pour vous aider \u00e0 acheter 105 mcg void realm en ligne. <strong>Faits pour vous aider \u00e0 acheter 105 Mcg Voidrealm en ligne<\/strong><strong>Conclusion<\/strong> 105 mcg void domain cr\u00e9e une r\u00e9sistance, ce qui signifie que le patient a besoin de plus de LSD pour obtenir le m\u00eame effet. Les patients qui utilisent le m\u00e9dicament r\u00e9guli\u00e8rement doivent fournir des doses progressivement plus importantes afin de maintenir le niveau de d\u00e9pendance qu&rsquo;ils ressentaient auparavant. \u00c9tant donn\u00e9 la nature incertaine du produit, il s&rsquo;agit d&rsquo;une pratique extr\u00eamement dangereuse. Tout au long de l&rsquo;ann\u00e9e 2018, le nombre de personnes \u00e2g\u00e9es de douze ans et plus qui en sont victimes. <strong>Commandez des produits chimiques de recherche sur le darkweb,<\/strong> ,Achetez des produits chimiques de recherche sur le darkweb en ligne avec une livraison rapide par DHL et Fedex.Achetez des produits chimiques de recherche en ligne aux \u00c9tats-Unis.Achetez des drogues LSD en ligne. Achetez du fentanyl en ligne aux \u00c9tats-Unis. Achetez de la m\u00e9thamph\u00e9tamine en cristal en ligne, de la coca\u00efne en vente en ligne aux \u00c9tats-Unis<\/p>\n","protected":false},"excerpt":{"rendered":"<p>Acheter Voidrealm 105 mcg en ligneBien que le LSD propose une tr\u00e8s grande vari\u00e9t\u00e9 de produits tels que les cartouches de vape, la temp\u00eate fractale, le p\u00e2turage du professeur, etc. Et Voidrealm est \u00e9galement l\u2019un de ces produits populaires de LSD qui n\u2019est pas si addictif, mais il faut \u00eatre suffisamment prudent avec ces types de drogues. Par cons\u00e9quent, voici quelques points qui peuvent vous aider \u00e0 acheter 105 mcg void realm en ligne  <\/p>\n","protected":false},"featured_media":19175,"comment_status":"open","ping_status":"closed","template":"","meta":{"om_disable_all_campaigns":false,"_sitemap_exclude":false,"_sitemap_priority":"","_sitemap_frequency":"","_monsterinsights_skip_tracking":false,"_monsterinsights_sitenote_active":false,"_monsterinsights_sitenote_note":"","_monsterinsights_sitenote_category":0},"product_cat":[19140],"product_tag":[19320,19317,19310,19308,19315,19301,19302,19307,19319,19313,19316,19306,19309,19300,19304,19318,19303,19311,19321,19312,19305,19314],"class_list":{"0":"post-28683","1":"product","2":"type-product","3":"status-publish","4":"has-post-thumbnail","6":"product_cat-lsd-fr","7":"product_tag-105-fournisseurs-mcg-voidrealm-europe","8":"product_tag-105-mcg-voidrealm-europe-en-reduction","9":"product_tag-105-mcg-voidrealm-livraison-gratuite-europe","10":"product_tag-105-mcg-voidrealm-meilleur-prix-europe","11":"product_tag-105-offres-mcg-voidrealm-europe","12":"product_tag-acheter-voidrealm-105-mcg-en-ligne","13":"product_tag-achetez-105-mcg-voidrealm","14":"product_tag-achetez-105-mcg-voidrealm-en-ligne-en-europe","15":"product_tag-authentique-105-mcg-voidrealm-europe","16":"product_tag-boutique-en-ligne-105-mcg-voidrealm-europe","17":"product_tag-boutique-voidrealm-europe-105-mcg","18":"product_tag-combien-coute-105-mcg-voidrealm","19":"product_tag-commandez-105-mcg-voidrealm-eu","20":"product_tag-commandez-voidrealm-105-mcg-en-ligne","21":"product_tag-effets-du-royaume-du-vide-105-mcg","22":"product_tag-livraison-105-mcg-voidrealm-europe","23":"product_tag-ou-acheter-105-mcg-voidrealm-en-ligne","24":"product_tag-ou-acheter-105-mcg-voidrealm-europe","25":"product_tag-revue-du-105-mcg-voidrealm-europe","26":"product_tag-vente-de-105-mcg-voidrealm-europe","27":"product_tag-ventes-en-ligne-de-105-mcg-voidrealm","28":"product_tag-voidrealm-europe-pas-cher-de-105-mcg","30":"first","31":"instock","32":"shipping-taxable","33":"purchasable","34":"product-type-variable","35":"farmacie-col"},"aioseo_notices":[],"_links":{"self":[{"href":"https:\/\/lacasadelamedicina.es\/fr\/wp-json\/wp\/v2\/product\/28683"}],"collection":[{"href":"https:\/\/lacasadelamedicina.es\/fr\/wp-json\/wp\/v2\/product"}],"about":[{"href":"https:\/\/lacasadelamedicina.es\/fr\/wp-json\/wp\/v2\/types\/product"}],"replies":[{"embeddable":true,"href":"https:\/\/lacasadelamedicina.es\/fr\/wp-json\/wp\/v2\/comments?post=28683"}],"wp:featuredmedia":[{"embeddable":true,"href":"https:\/\/lacasadelamedicina.es\/fr\/wp-json\/wp\/v2\/media\/19175"}],"wp:attachment":[{"href":"https:\/\/lacasadelamedicina.es\/fr\/wp-json\/wp\/v2\/media?parent=28683"}],"wp:term":[{"taxonomy":"product_cat","embeddable":true,"href":"https:\/\/lacasadelamedicina.es\/fr\/wp-json\/wp\/v2\/product_cat?post=28683"},{"taxonomy":"product_tag","embeddable":true,"href":"https:\/\/lacasadelamedicina.es\/fr\/wp-json\/wp\/v2\/product_tag?post=28683"}],"curies":[{"name":"wp","href":"https:\/\/api.w.org\/{rel}","templated":true}]}}