{"id":28682,"date":"2024-08-09T14:02:42","date_gmt":"2024-08-09T14:02:42","guid":{"rendered":"https:\/\/lacasadelamedicina.es\/product\/achetez-hofmann-blotter-205%c2%b5g-lsd-en-ligne\/"},"modified":"2024-08-09T14:02:42","modified_gmt":"2024-08-09T14:02:42","slug":"achetez-hofmann-blotter-205%c2%b5g-lsd-en-ligne","status":"publish","type":"product","link":"https:\/\/lacasadelamedicina.es\/fr\/produit\/achetez-hofmann-blotter-205%c2%b5g-lsd-en-ligne\/","title":{"rendered":"Achetez Hofmann Blotter 205\u00b5g LSD en ligne"},"content":{"rendered":"<h2>Vente de buvard Hofmann 205\u00b5g de LSD<\/h2>\n<p> Hofmann Blotter 205\u00b5g LSD \u00e0 vendre. Nous avons Hofmann Blotter 200\u00b5g LSD. Une merde tr\u00e8s forte, un LSD agr\u00e9able et clair. Le groupe europ\u00e9en de contr\u00f4le des drogues qui a analys\u00e9 cette unit\u00e9 de dosage de buvard a \u00e9mis un avertissement de \u00ab dose \u00e9lev\u00e9e \u00bb car elle contient plus de 150 ug de LSD. Le dessin visible est bleu, noir, blanc et jaune. Le verso est noir et blanc.     <\/p>\n<h2>Acheter Hofmann LSD :<\/h2>\n<p> Le LSD, aussi connu sous le nom d\u2019acide ou LSD-25, est une substance psychoactive non addictive d\u00e9riv\u00e9e d\u2019un champignon appel\u00e9 ergot. Il a \u00e9t\u00e9 d\u00e9couvert par hasard dans le laboratoire d\u2019Albert Hofmann. Connu pour sa capacit\u00e9 \u00e0 alt\u00e9rer la perception, le LSD est souvent d\u00e9crit par ses utilisateurs comme une porte d\u2019entr\u00e9e vers un monde enti\u00e8rement nouveau. Il affecte les m\u00eames r\u00e9gions du cerveau que celles impliqu\u00e9es dans les r\u00eaves, ce qui entra\u00eene des perceptions d\u00e9form\u00e9es de la r\u00e9alit\u00e9 et des hallucinations vives. Le LSD est consid\u00e9r\u00e9 comme non toxique et il est pratiquement impossible de faire une overdose. Il est toutefois important de faire preuve de prudence et de conna\u00eetre les r\u00e9glementations l\u00e9gales entourant son utilisation.<\/p>\n","protected":false},"excerpt":{"rendered":"<p>Vente de buvard Hofmann 205\u00b5g de LSD Hofmann Blotter 205\u00b5g LSD \u00e0 vendre. Nous avons Hofmann Blotter 200\u00b5g LSD. Une merde tr\u00e8s forte, un LSD agr\u00e9able et clair. Le groupe europ\u00e9en de contr\u00f4le des drogues qui a analys\u00e9 cette unit\u00e9 de dosage de buvard a \u00e9mis un avertissement de \u00ab dose \u00e9lev\u00e9e \u00bb car elle [&hellip;]<\/p>\n","protected":false},"featured_media":19295,"comment_status":"open","ping_status":"closed","template":"","meta":{"om_disable_all_campaigns":false,"_sitemap_exclude":false,"_sitemap_priority":"","_sitemap_frequency":"","_monsterinsights_skip_tracking":false,"_monsterinsights_sitenote_active":false,"_monsterinsights_sitenote_note":"","_monsterinsights_sitenote_category":0},"product_cat":[19140],"product_tag":[],"class_list":{"0":"post-28682","1":"product","2":"type-product","3":"status-publish","4":"has-post-thumbnail","6":"product_cat-lsd-fr","8":"first","9":"instock","10":"shipping-taxable","11":"purchasable","12":"product-type-simple","13":"farmacie-col"},"aioseo_notices":[],"_links":{"self":[{"href":"https:\/\/lacasadelamedicina.es\/fr\/wp-json\/wp\/v2\/product\/28682"}],"collection":[{"href":"https:\/\/lacasadelamedicina.es\/fr\/wp-json\/wp\/v2\/product"}],"about":[{"href":"https:\/\/lacasadelamedicina.es\/fr\/wp-json\/wp\/v2\/types\/product"}],"replies":[{"embeddable":true,"href":"https:\/\/lacasadelamedicina.es\/fr\/wp-json\/wp\/v2\/comments?post=28682"}],"wp:featuredmedia":[{"embeddable":true,"href":"https:\/\/lacasadelamedicina.es\/fr\/wp-json\/wp\/v2\/media\/19295"}],"wp:attachment":[{"href":"https:\/\/lacasadelamedicina.es\/fr\/wp-json\/wp\/v2\/media?parent=28682"}],"wp:term":[{"taxonomy":"product_cat","embeddable":true,"href":"https:\/\/lacasadelamedicina.es\/fr\/wp-json\/wp\/v2\/product_cat?post=28682"},{"taxonomy":"product_tag","embeddable":true,"href":"https:\/\/lacasadelamedicina.es\/fr\/wp-json\/wp\/v2\/product_tag?post=28682"}],"curies":[{"name":"wp","href":"https:\/\/api.w.org\/{rel}","templated":true}]}}