{"id":28673,"date":"2024-08-09T14:02:42","date_gmt":"2024-08-09T14:02:42","guid":{"rendered":"https:\/\/lacasadelamedicina.es\/product\/achetez-california-sunshine-en-ligne\/"},"modified":"2024-09-12T19:35:28","modified_gmt":"2024-09-12T19:35:28","slug":"achetez-california-sunshine-en-ligne","status":"publish","type":"product","link":"https:\/\/lacasadelamedicina.es\/fr\/produit\/achetez-california-sunshine-en-ligne\/","title":{"rendered":"Achetez California Sunshine en ligne"},"content":{"rendered":"<h2>Achetez California Sunshine en ligne<\/h2>\n<p> California Sunshine \u2013 Feuille de 100 onglets. Achetez du LSD California Sunshine en ligne. Un buvard embl\u00e9matique, parfois confondu avec le soleil orange, avec des couleurs vives et des d\u00e9tails \u00e9tonnants, vu dos\u00e9 dans le monde entier depuis les ann\u00e9es 1980 et est un joyau absolu dans l&rsquo;histoire du LSD.  <\/p>\n<h2>Acheter du LSD California Sunshine en ligne<\/h2>\n<p> Ils ont cr\u00e9\u00e9 le LSD orange sunshine original apr\u00e8s un trip acide \u00e0 haute dose o\u00f9 une voix int\u00e9rieure a dit \u00e0 Nicholas Sand que son travail dans la vie \u00e9tait de fabriquer des psych\u00e9d\u00e9liques et d&rsquo;allumer le monde. Acheter California Sunshine LSD en ligne Le LSD (di\u00e9thylamide de l&rsquo;acide lysergique), synth\u00e9tis\u00e9 pour la premi\u00e8re fois en 1938, est une substance psychoactive puissante. Il est fabriqu\u00e9 artificiellement \u00e0 partir d&rsquo;acide lysergique, d\u00e9riv\u00e9 de l&rsquo;ergot, un champignon qui pousse sur le seigle et d&rsquo;autres c\u00e9r\u00e9ales. En raison de sa forte puissance, les doses de LSD sont g\u00e9n\u00e9ralement mesur\u00e9es en microgrammes (mcg). Les effets du LSD, souvent appel\u00e9s \u00ab trip \u00bb, peuvent aller de stimulants et agr\u00e9ables \u00e0 alt\u00e9rant l&rsquo;esprit. Cependant, ils peuvent \u00e9galement conduire \u00e0 des exp\u00e9riences d\u00e9sagr\u00e9ables ou parfois effrayantes connues sous le nom de \u00ab bad trip \u00bb. Aux \u00c9tats-Unis, le LSD est class\u00e9 comme une substance illicite et est d\u00e9sign\u00e9 par la Drug Enforcement Administration (DEA) comme une drogue de l&rsquo;annexe I. Cette classification signifie que le LSD est consid\u00e9r\u00e9 comme ayant un potentiel d&rsquo;abus \u00e9lev\u00e9, qu&rsquo;il n&rsquo;a pas d&rsquo;usages m\u00e9dicaux reconnus et qu&rsquo;il est jug\u00e9 dangereux pour une utilisation sous surveillance m\u00e9dicale. Malgr\u00e9 son statut de substance inscrite \u00e0 l&rsquo;annexe I, on s&rsquo;int\u00e9resse de nouveau \u00e0 l&rsquo;exploration des applications th\u00e9rapeutiques potentielles du LSD, notamment dans le traitement de l&rsquo;alcoolisme et de la d\u00e9pression. Les \u00e9tudes en cours, conformes aux normes de recherche modernes, pourraient am\u00e9liorer notre compr\u00e9hension des avantages possibles du LSD.<\/p>\n","protected":false},"excerpt":{"rendered":"<h2>Acheter du LSD California Sunshine en ligne<\/h2>\n<p> Le LSD est livr\u00e9 sous forme de substance vitreuse et se m\u00e9lange ensuite \u00e0 d&rsquo;autres substances latentes ou se dissout sous forme de liquide pour former des structures ing\u00e9rables. Il est inodore, sombre et a un go\u00fbt un peu \u00e2pre. <\/p>\n","protected":false},"featured_media":19280,"comment_status":"open","ping_status":"closed","template":"","meta":{"om_disable_all_campaigns":false,"_sitemap_exclude":false,"_sitemap_priority":"","_sitemap_frequency":"","_monsterinsights_skip_tracking":false,"_monsterinsights_sitenote_active":false,"_monsterinsights_sitenote_note":"","_monsterinsights_sitenote_category":0},"product_cat":[19140],"product_tag":[19141,19142,19143],"class_list":{"0":"post-28673","1":"product","2":"type-product","3":"status-publish","4":"has-post-thumbnail","6":"product_cat-lsd-fr","7":"product_tag-achetez-california-sunshine","8":"product_tag-achetez-california-sunshine-en-ligne","9":"product_tag-ou-acheter-california-sunshine-en-ligne","11":"first","12":"instock","13":"shipping-taxable","14":"purchasable","15":"product-type-simple","16":"farmacie-col"},"aioseo_notices":[],"_links":{"self":[{"href":"https:\/\/lacasadelamedicina.es\/fr\/wp-json\/wp\/v2\/product\/28673"}],"collection":[{"href":"https:\/\/lacasadelamedicina.es\/fr\/wp-json\/wp\/v2\/product"}],"about":[{"href":"https:\/\/lacasadelamedicina.es\/fr\/wp-json\/wp\/v2\/types\/product"}],"replies":[{"embeddable":true,"href":"https:\/\/lacasadelamedicina.es\/fr\/wp-json\/wp\/v2\/comments?post=28673"}],"wp:featuredmedia":[{"embeddable":true,"href":"https:\/\/lacasadelamedicina.es\/fr\/wp-json\/wp\/v2\/media\/19280"}],"wp:attachment":[{"href":"https:\/\/lacasadelamedicina.es\/fr\/wp-json\/wp\/v2\/media?parent=28673"}],"wp:term":[{"taxonomy":"product_cat","embeddable":true,"href":"https:\/\/lacasadelamedicina.es\/fr\/wp-json\/wp\/v2\/product_cat?post=28673"},{"taxonomy":"product_tag","embeddable":true,"href":"https:\/\/lacasadelamedicina.es\/fr\/wp-json\/wp\/v2\/product_tag?post=28673"}],"curies":[{"name":"wp","href":"https:\/\/api.w.org\/{rel}","templated":true}]}}