{"id":28669,"date":"2024-08-09T14:02:42","date_gmt":"2024-08-09T14:02:42","guid":{"rendered":"https:\/\/lacasadelamedicina.es\/product\/achetez-alice-au-pays-des-merveilles-308-ug-en-ligne\/"},"modified":"2024-10-16T08:15:52","modified_gmt":"2024-10-16T08:15:52","slug":"achetez-alice-au-pays-des-merveilles-308-ug-en-ligne","status":"publish","type":"product","link":"https:\/\/lacasadelamedicina.es\/fr\/produit\/achetez-alice-au-pays-des-merveilles-308-ug-en-ligne\/","title":{"rendered":"Achetez Alice au pays des merveilles 308 Ug en ligne"},"content":{"rendered":"<h2>Achetez Alice au pays des merveilles 308 Ug en ligne<\/h2>\n<p>Le di\u00e9thylamide de l&rsquo;acide lysergique (LSD), drogue psych\u00e9d\u00e9lique (ou enth\u00e9og\u00e8ne), a \u00e9t\u00e9 synth\u00e9tis\u00e9 pour la premi\u00e8re fois le 16 novembre 1938 par le chimiste suisse Albert Hofmann dans les laboratoires Sandoz (aujourd&rsquo;hui Novartis) \u00e0 B\u00e2le, en Suisse. Au milieu des ann\u00e9es 60, la r\u00e9action contre l&rsquo;utilisation du LSD et ses effets per\u00e7us comme corrosifs sur les valeurs de la classe moyenne occidentale a conduit les pouvoirs publics \u00e0 prendre des mesures pour restreindre la disponibilit\u00e9 de la drogue en rendant son utilisation ill\u00e9gale.<\/p>\n<p>[21]  Le LSD a \u00e9t\u00e9 d\u00e9clar\u00e9 substance de l'\u00a0\u00bbannexe I\u00a0\u00bb, ce qui signifie qu&rsquo;il pr\u00e9sente un \u00ab\u00a0potentiel \u00e9lev\u00e9 d&rsquo;abus\u00a0\u00bb et qu&rsquo;il n&rsquo;a pas d'\u00a0\u00bbutilisation m\u00e9dicale actuellement accept\u00e9e dans le cadre d&rsquo;un traitement\u00a0\u00bb. Le LSD a \u00e9t\u00e9 retir\u00e9 de la circulation l\u00e9gale. La Drug Enforcement Administration des \u00c9tats-Unis a d\u00e9clar\u00e9 : Achetez du LSD en ligne. Commander du LSD en ligne. Lsd For Sale online    <\/p>\n<h2>Bienfaits pour la sant\u00e9 de l&rsquo;acide lysergique di\u00e9thylamide<\/h2>\n<p>1) Le LSD soulage l&rsquo;anxi\u00e9t\u00e9 et la douleur chez les patients en phase terminale. 2) Le LSD renforce l&#8217;empathie \u00e9motionnelle, la sociabilit\u00e9 et la suggestibilit\u00e9. 3) Le LSD a des effets b\u00e9n\u00e9fiques sur l&rsquo;alcoolisme et la toxicomanie<br \/>\n4) Le LSD att\u00e9nue les maux de t\u00eate. 5) Le LSD pour le traitement des troubles de l&rsquo;humeur et de la d\u00e9pression. 6) Le LSD contribue \u00e0 stimuler la cr\u00e9ativit\u00e9 humaine. 7) Le LSD comme traitement de l&rsquo;autisme. 8) Le LSD a de puissants effets anti-inflammatoires. 9) Le LSD r\u00e9duit la criminalit\u00e9 chez les criminels. Au milieu des ann\u00e9es 1960, les r\u00e9actions de plus en plus vives contre le LSD et son impact per\u00e7u comme n\u00e9gatif sur les valeurs de la classe moyenne occidentale ont conduit les pouvoirs publics \u00e0 intervenir pour en restreindre la disponibilit\u00e9. Les autorit\u00e9s ont d\u00e9clar\u00e9 que le LSD \u00e9tait une substance de l'\u00a0\u00bbannexe I\u00a0\u00bb, qu&rsquo;il pr\u00e9sentait un \u00ab\u00a0risque \u00e9lev\u00e9 d&rsquo;abus\u00a0\u00bb et qu&rsquo;il n&rsquo;avait pas d'\u00a0\u00bbutilisation m\u00e9dicale reconnue dans le cadre d&rsquo;un traitement\u00a0\u00bb. En cons\u00e9quence, le LSD a \u00e9t\u00e9 retir\u00e9 de la circulation l\u00e9gale. La Drug Enforcement Administration des \u00c9tats-Unis a soulign\u00e9 son interdiction en d\u00e9clarant : \u00ab\u00a0Achetez du LSD en ligne. Commander du LSD en ligne. LSD for sale online\u00a0\u00bb.<\/p>\n","protected":false},"excerpt":{"rendered":"<p>Achetez Alice au pays des merveilles 308 Ug en ligne Le di\u00e9thylamide de l&rsquo;acide lysergique (LSD), drogue psych\u00e9d\u00e9lique (ou enth\u00e9og\u00e8ne), a \u00e9t\u00e9 synth\u00e9tis\u00e9 pour la premi\u00e8re fois le 16 novembre 1938 par le chimiste suisse Albert Hofmann dans les laboratoires Sandoz (aujourd&rsquo;hui Novartis) \u00e0 B\u00e2le, en Suisse. Au milieu des ann\u00e9es 60, la r\u00e9action contre [&hellip;]<\/p>\n","protected":false},"featured_media":19265,"comment_status":"open","ping_status":"closed","template":"","meta":{"om_disable_all_campaigns":false,"_sitemap_exclude":false,"_sitemap_priority":"","_sitemap_frequency":"","_monsterinsights_skip_tracking":false,"_monsterinsights_sitenote_active":false,"_monsterinsights_sitenote_note":"","_monsterinsights_sitenote_category":0},"product_cat":[19140],"product_tag":[39765,39766,39772,39778,39949,39943,39945,39948,39946,39781,39777,39944,39773,39775,39770,39771,39774,39768,39769,39767,39776],"class_list":{"0":"post-28669","1":"product","2":"type-product","3":"status-publish","4":"has-post-thumbnail","6":"product_cat-lsd-fr","7":"product_tag-acheter-alice-au-pays-des-merveilles-308-ug","8":"product_tag-acheter-alice-au-pays-des-merveilles-308-ug-en-ligne","9":"product_tag-acheter-alice-au-pays-des-merveilles-308-ug-en-ligne-europe","10":"product_tag-alice-au-pays-des-merveilles-308-ug-boutique-en-ligne-europe","11":"product_tag-alice-au-pays-des-merveilles-308-ug-europe-revue-de-presse","12":"product_tag-alice-au-pays-des-merveilles-308-ug-europe-deals","13":"product_tag-alice-au-pays-des-merveilles-308-ug-europe-discount","14":"product_tag-alice-au-pays-des-merveilles-308-ug-europe-fournisseurs","15":"product_tag-alice-au-pays-des-merveilles-308-ug-europe-livraison","16":"product_tag-alice-au-pays-des-merveilles-308-ug-europe-pas-cher","17":"product_tag-alice-au-pays-des-merveilles-308-ug-europe-sale","18":"product_tag-alice-au-pays-des-merveilles-308-ug-europe-shop","19":"product_tag-alice-au-pays-des-merveilles-308-ug-meilleur-prix-europe","20":"product_tag-alice-in-wonderland-308-ug-free-shipping-europe-fr","21":"product_tag-alice-in-wonderland-308-ug-ventes-en-ligne","22":"product_tag-combien-coute-alice-au-pays-des-merveilles-308-ug","23":"product_tag-commande-alice-au-pays-des-merveilles-308-ug-eu","24":"product_tag-commander-alice-au-pays-des-merveilles-308-ug-en-ligne","25":"product_tag-effets-dalice-au-pays-des-merveilles-308-ug","26":"product_tag-ou-acheter-alice-in-wonderland-308-ug-en-ligne","27":"product_tag-ou-acheter-alice-in-wonderland-308-ug-europe","29":"first","30":"instock","31":"shipping-taxable","32":"purchasable","33":"product-type-variable","34":"farmacie-col"},"aioseo_notices":[],"_links":{"self":[{"href":"https:\/\/lacasadelamedicina.es\/fr\/wp-json\/wp\/v2\/product\/28669"}],"collection":[{"href":"https:\/\/lacasadelamedicina.es\/fr\/wp-json\/wp\/v2\/product"}],"about":[{"href":"https:\/\/lacasadelamedicina.es\/fr\/wp-json\/wp\/v2\/types\/product"}],"replies":[{"embeddable":true,"href":"https:\/\/lacasadelamedicina.es\/fr\/wp-json\/wp\/v2\/comments?post=28669"}],"wp:featuredmedia":[{"embeddable":true,"href":"https:\/\/lacasadelamedicina.es\/fr\/wp-json\/wp\/v2\/media\/19265"}],"wp:attachment":[{"href":"https:\/\/lacasadelamedicina.es\/fr\/wp-json\/wp\/v2\/media?parent=28669"}],"wp:term":[{"taxonomy":"product_cat","embeddable":true,"href":"https:\/\/lacasadelamedicina.es\/fr\/wp-json\/wp\/v2\/product_cat?post=28669"},{"taxonomy":"product_tag","embeddable":true,"href":"https:\/\/lacasadelamedicina.es\/fr\/wp-json\/wp\/v2\/product_tag?post=28669"}],"curies":[{"name":"wp","href":"https:\/\/api.w.org\/{rel}","templated":true}]}}