{"id":28668,"date":"2024-08-09T14:02:42","date_gmt":"2024-08-09T14:02:42","guid":{"rendered":"https:\/\/lacasadelamedicina.es\/product\/achetez-en-ligne-albert-hofmann-bicycle-day-1943\/"},"modified":"2024-08-09T14:02:42","modified_gmt":"2024-08-09T14:02:42","slug":"achetez-en-ligne-albert-hofmann-bicycle-day-1943","status":"publish","type":"product","link":"https:\/\/lacasadelamedicina.es\/fr\/produit\/achetez-en-ligne-albert-hofmann-bicycle-day-1943\/","title":{"rendered":"Achetez en ligne Albert Hofmann Bicycle Day 1943"},"content":{"rendered":"<h2>Achetez en ligne Albert Hofmann Bicycle Day 1943<\/h2>\n<p> \u00ab Petit \u00e0 petit, je commen\u00e7ai \u00e0 appr\u00e9cier les couleurs et les jeux de formes in\u00e9dits qui persistaient derri\u00e8re mes yeux clos. Des images kal\u00e9idoscopiques et fantastiques surgirent en moi, alternant, bigarr\u00e9es, s\u2019ouvrant puis se refermant en cercles et en spirales, explosant en fontaines color\u00e9es, se r\u00e9organisant et s\u2019hybridant dans un flux constant. \u00bb<\/p>\n","protected":false},"excerpt":{"rendered":"<p>Achetez en ligne Albert Hofmann Bicycle Day 1943 \u00ab Petit \u00e0 petit, je commen\u00e7ai \u00e0 appr\u00e9cier les couleurs et les jeux de formes in\u00e9dits qui persistaient derri\u00e8re mes yeux clos. Des images kal\u00e9idoscopiques et fantastiques surgirent en moi, alternant, bigarr\u00e9es, s\u2019ouvrant puis se refermant en cercles et en spirales, explosant en fontaines color\u00e9es, se r\u00e9organisant [&hellip;]<\/p>\n","protected":false},"featured_media":19250,"comment_status":"open","ping_status":"closed","template":"","meta":{"om_disable_all_campaigns":false,"_sitemap_exclude":false,"_sitemap_priority":"","_sitemap_frequency":"","_monsterinsights_skip_tracking":false,"_monsterinsights_sitenote_active":false,"_monsterinsights_sitenote_note":"","_monsterinsights_sitenote_category":0},"product_cat":[19140],"product_tag":[19222,19215,19216,19234,19231,19228,19221,19224,19218,19219,19235,19225,19223,19230,19229,19233,19226,19217,19232,19236,19227,19220],"class_list":{"0":"post-28668","1":"product","2":"type-product","3":"status-publish","4":"has-post-thumbnail","6":"product_cat-lsd-fr","7":"product_tag-achetez-albert-hofmann-bicycle-day-1943-en-ligne-europe","8":"product_tag-achetez-albert-hofmann-journee-du-velo-1943","9":"product_tag-achetez-en-ligne-albert-hofmann-bicycle-day-1943","10":"product_tag-authentique-albert-hofmann-bicycle-day-1943-europe","11":"product_tag-boutique-albert-hofmann-pour-la-journee-du-velo-en-europe-en-1943","12":"product_tag-boutique-en-ligne-albert-hofmann-journee-du-velo-1943-europe","13":"product_tag-combien-coute-la-journee-du-velo-albert-hofmann-1943","14":"product_tag-commandez-albert-hofmann-journee-de-la-bicyclette-1943-ue","15":"product_tag-commandez-en-ligne-la-journee-du-velo-albert-hofmann-1943","16":"product_tag-effets-de-la-journee-du-velo-albert-hofmann-1943","17":"product_tag-fournisseurs-europeens-de-la-journee-du-velo-albert-hofmann-1943","18":"product_tag-journee-du-velo-albert-hofmann-1943-livraison-gratuite-europe","19":"product_tag-journee-du-velo-albert-hofmann-1943-meilleur-prix-europe","20":"product_tag-journee-du-velo-albert-hofmann-1943-offres-europe","21":"product_tag-journee-du-velo-albert-hofmann-pas-cher-1943-europe","22":"product_tag-livraison-de-la-journee-du-velo-albert-hofmann-en-europe-en-1943","23":"product_tag-ou-acheter-albert-hofmann-bicycle-day-1943-europe","24":"product_tag-ou-acheter-en-ligne-albert-hofmann-bicycle-day-1943","25":"product_tag-remise-sur-la-journee-du-velo-albert-hofmann-1943-en-europe","26":"product_tag-revue-de-la-journee-du-velo-albert-hofmann-en-europe-en-1943","27":"product_tag-vente-de-la-journee-du-velo-albert-hofmann-en-europe-en-1943","28":"product_tag-vente-en-ligne-de-la-journee-du-velo-albert-hofmann-1943","30":"first","31":"instock","32":"shipping-taxable","33":"purchasable","34":"product-type-simple","35":"farmacie-col"},"aioseo_notices":[],"_links":{"self":[{"href":"https:\/\/lacasadelamedicina.es\/fr\/wp-json\/wp\/v2\/product\/28668"}],"collection":[{"href":"https:\/\/lacasadelamedicina.es\/fr\/wp-json\/wp\/v2\/product"}],"about":[{"href":"https:\/\/lacasadelamedicina.es\/fr\/wp-json\/wp\/v2\/types\/product"}],"replies":[{"embeddable":true,"href":"https:\/\/lacasadelamedicina.es\/fr\/wp-json\/wp\/v2\/comments?post=28668"}],"wp:featuredmedia":[{"embeddable":true,"href":"https:\/\/lacasadelamedicina.es\/fr\/wp-json\/wp\/v2\/media\/19250"}],"wp:attachment":[{"href":"https:\/\/lacasadelamedicina.es\/fr\/wp-json\/wp\/v2\/media?parent=28668"}],"wp:term":[{"taxonomy":"product_cat","embeddable":true,"href":"https:\/\/lacasadelamedicina.es\/fr\/wp-json\/wp\/v2\/product_cat?post=28668"},{"taxonomy":"product_tag","embeddable":true,"href":"https:\/\/lacasadelamedicina.es\/fr\/wp-json\/wp\/v2\/product_tag?post=28668"}],"curies":[{"name":"wp","href":"https:\/\/api.w.org\/{rel}","templated":true}]}}