{"id":28660,"date":"2024-08-09T14:02:43","date_gmt":"2024-08-09T14:02:43","guid":{"rendered":"https:\/\/lacasadelamedicina.es\/product\/acheter-la-solution-buvable-de-pentobarbital-en-ligne\/"},"modified":"2024-08-09T14:02:43","modified_gmt":"2024-08-09T14:02:43","slug":"acheter-la-solution-buvable-de-pentobarbital-en-ligne","status":"publish","type":"product","link":"https:\/\/lacasadelamedicina.es\/fr\/produit\/acheter-la-solution-buvable-de-pentobarbital-en-ligne\/","title":{"rendered":"Acheter la solution buvable de pentobarbital en ligne"},"content":{"rendered":"<h3>Utilisations de la solution buvable de pentobarbital<\/h3>\n<p> Le pentobarbital a de nombreuses applications. Il est notamment utilis\u00e9 pour l&rsquo;euthanasie, notamment chez les animaux tels que les chiens et les chats, o\u00f9 il est administr\u00e9 \u00e0 des doses mortelles. Les v\u00e9t\u00e9rinaires utilisent \u00e9galement le pentobarbital pour la s\u00e9dation et l&rsquo;euthanasie.   <\/p>\n<h3>Comment fonctionne la solution buvable de pentobarbital<\/h3>\n<p> Le pentobarbital agit en supprimant l\u2019activit\u00e9 du syst\u00e8me nerveux central (SNC) et du cerveau. <\/p>\n<h3>Potentiel de d\u00e9pendance<\/h3>\n<p> Le pentobarbital est tr\u00e8s addictif. Il est essentiel de respecter la dose prescrite et de consulter votre m\u00e9decin avant d&rsquo;arr\u00eater de prendre ce m\u00e9dicament. Un arr\u00eat brutal peut entra\u00eener des sympt\u00f4mes de sevrage tels que l&rsquo;insomnie et des \u00e9tourdissements. Demandez toujours conseil \u00e0 un m\u00e9decin pour savoir comment arr\u00eater de prendre du pentobarbital en toute s\u00e9curit\u00e9.    <\/p>\n<h3>Utilisation chez les chiens<\/h3>\n<p> Le pentobarbital est couramment utilis\u00e9 pour euthanasier les chiens. Introduit en m\u00e9decine v\u00e9t\u00e9rinaire en 1931, il a constitu\u00e9 une avanc\u00e9e significative pour l&rsquo;anesth\u00e9sie et la s\u00e9dation animales. Malgr\u00e9 l&rsquo;apparition de nouveaux m\u00e9dicaments, le pentobarbital reste utilis\u00e9 pour traiter des affections telles que les crises d&rsquo;\u00e9pilepsie. Il n&rsquo;est disponible que sur ordonnance d&rsquo;un v\u00e9t\u00e9rinaire agr\u00e9\u00e9.    <\/p>\n<h3>Informations sur la posologie<\/h3>\n<p> La posologie du pentobarbital doit \u00eatre suivie \u00e0 la lettre selon les instructions de votre m\u00e9decin. Les dosages sont adapt\u00e9s en fonction des caract\u00e9ristiques sp\u00e9cifiques du patient et des taux d\u2019administration. Les patients \u00e2g\u00e9s ou affaiblis, ainsi que ceux qui ont des probl\u00e8mes h\u00e9patiques ou r\u00e9naux, peuvent n\u00e9cessiter des dosages ajust\u00e9s. Le dosage est d\u00e9termin\u00e9 par des facteurs tels que l\u2019affection trait\u00e9e, l\u2019\u00e9tat de sant\u00e9 g\u00e9n\u00e9ral du patient et ses caract\u00e9ristiques personnelles.    <\/p>\n<h3>Doses et effets disponibles<\/h3>\n<p> La solution buvable de pentobarbital est connue pour son action rapide. Elle est souvent utilis\u00e9e dans les cas d&rsquo;euthanasie en raison de son effet rapide, avec un nombre minime d&rsquo;\u00e9checs signal\u00e9s. En g\u00e9n\u00e9ral, les doses varient de 25 ml \u00e0 100 ml, avec des effets l\u00e9taux variables en fonction du poids et de l&rsquo;\u00e9tat de sant\u00e9 de l&rsquo;individu :   <\/p>\n<ul>\n<li><strong>25 ml<\/strong> \u2013 Adultes pesant entre 25 et 50 kg<\/li>\n<li><strong>50 ml<\/strong> \u2013 Adultes pesant entre 55 et 85 kg<\/li>\n<li><strong>75 ml<\/strong> \u2013 Adultes pesant entre 90 et 120 kg<\/li>\n<li><strong>100 ml<\/strong> \u2013 Adultes pesant plus de 125 kg<\/li>\n<\/ul>\n<h3>Pr\u00e9cautions \u00e0 prendre pour l&rsquo;euthanasie<\/h3>\n<p> Les sp\u00e9cialistes de l&rsquo;euthanasie recommandent souvent de boire de l&rsquo;alcool imm\u00e9diatement apr\u00e8s avoir ing\u00e9r\u00e9 du pentobarbital pour en renforcer les effets et masquer son go\u00fbt amer. \u00c9vitez de manger avant ou apr\u00e8s la consommation pour minimiser les risques de vomissements et assurer une bonne absorption. Certains m\u00e9decins sugg\u00e8rent d&rsquo;utiliser du chocolat pour att\u00e9nuer le go\u00fbt.   <\/p>\n<h3>D\u00e9but d&rsquo;action<\/h3>\n<p> Des \u00e9tudes indiquent qu\u2019une dose mortelle de 50 grammes de pentobarbital peut entra\u00eener la mort dans les deux heures suivant l\u2019ingestion. <\/p>\n<h3>Disponibilit\u00e9<\/h3>\n<p> La solution buvable de pentobarbital est propos\u00e9e en diff\u00e9rentes concentrations, notamment en flacons de 25 ml, 50 ml, 75 ml et 100 ml. <\/p>\n<h3>Effets secondaires<\/h3>\n<p> Comme d\u2019autres barbituriques, le pentobarbital peut provoquer plusieurs effets secondaires. Les effets les plus courants sont les suivants :  <\/p>\n<ul>\n<li>Somnolence<\/li>\n<li>D\u00e9pression du syst\u00e8me nerveux central<\/li>\n<li>Agitation<\/li>\n<li>Nervosit\u00e9<\/li>\n<li>Confusion<\/li>\n<li>Hallucinations<\/li>\n<li>Cauchemars<\/li>\n<li>Vertiges<\/li>\n<li>Pens\u00e9e anormale<\/li>\n<li>Insomnie<\/li>\n<li>Anxi\u00e9t\u00e9<\/li>\n<li>Naus\u00e9e<\/li>\n<li>Constipation<\/li>\n<li>Vomissement<\/li>\n<\/ul>\n<h3>Risque de surdosage<\/h3>\n<p> Le surdosage de pentobarbital est extr\u00eamement dangereux. Une consommation excessive, m\u00eame de 2 \u00e0 10 grammes seulement, peut \u00eatre mortelle. Un surdosage grave peut entra\u00eener la mort clinique, avec des complications potentielles telles qu&rsquo;une pneumonie, un \u0153d\u00e8me pulmonaire, des arythmies, une insuffisance cardiaque congestive et une insuffisance r\u00e9nale. Il est essentiel de conna\u00eetre le dosage correct et de consulter imm\u00e9diatement un m\u00e9decin en cas de surdosage.    <\/p>\n<h3>Achat en ligne<\/h3>\n<p> Vous pouvez acheter la solution buvable de pentobarbital en ligne, mais soyez prudent. En tant que substance contr\u00f4l\u00e9e de l&rsquo;annexe II, sa vente est r\u00e9glement\u00e9e. M\u00e9fiez-vous des vendeurs en ligne et assurez-vous d&rsquo;acheter aupr\u00e8s de sources fiables. Seules quelques pharmacies agr\u00e9\u00e9es peuvent vendre l\u00e9galement des barbituriques. Effectuez des recherches approfondies et v\u00e9rifiez la l\u00e9gitimit\u00e9 du vendeur avant de proc\u00e9der \u00e0 un achat.     <\/p>\n<h3>Statut juridique<\/h3>\n<p> Le pentobarbital est une drogue contr\u00f4l\u00e9e et son obtention l\u00e9gale n\u00e9cessite une prescription m\u00e9dicale. <\/p>\n<h3>Conclusion<\/h3>\n<p> Le pentobarbital se pr\u00e9sente sous diff\u00e9rentes formes, notamment sous forme de solution buvable, de pilules, de poudre et de comprim\u00e9s. Une administration appropri\u00e9e de n&rsquo;importe quelle forme produira des effets similaires. Pour plus d&rsquo;informations ou pour acheter du pentobarbital, visitez la pharmacie Dr. Lawsonspharmacy pour des options fiables et s\u00fbres.<\/p>\n","protected":false},"excerpt":{"rendered":"<p><strong>Achetez la solution buvable de pentobarbital sodique en ligne<\/strong> \u00e0 boire. Cette solution hautement concentr\u00e9e et \u00e0 action rapide prend effet en quelques minutes. Choisissez le dosage ou la quantit\u00e9 dont vous avez besoin ci-dessous et ajoutez-la \u00e0 votre panier.  <\/p>\n","protected":false},"featured_media":19370,"comment_status":"open","ping_status":"closed","template":"","meta":{"om_disable_all_campaigns":false,"_sitemap_exclude":false,"_sitemap_priority":"","_sitemap_frequency":"","_monsterinsights_skip_tracking":false,"_monsterinsights_sitenote_active":false,"_monsterinsights_sitenote_note":"","_monsterinsights_sitenote_category":0},"product_cat":[19087],"product_tag":[19194,19200,19193,19214,19209,19206,19199,19196,19202,19197,19213,19208,19204,19195,19212,19201,19210,19211,19203,19207,19205,19198],"class_list":{"0":"post-28660","1":"product","2":"type-product","3":"status-publish","4":"has-post-thumbnail","6":"product_cat-pentobarbital-sodique-nembutal","7":"product_tag-acheter-la-solution-buvable-de-pentobarbital-en-ligne","8":"product_tag-acheter-pentobarbital-solution-buvable-en-ligne-en-europe","9":"product_tag-acheter-une-solution-buvable-de-pentobarbital","10":"product_tag-avis-sur-la-solution-buvable-de-pentobarbital-en-europe","11":"product_tag-boutique-en-ligne-de-solution-buvable-de-pentobarbital-en-europe-fr","12":"product_tag-boutique-en-ligne-de-solution-buvable-de-pentobarbital-en-europe","13":"product_tag-combien-coute-la-solution-buvable-de-pentobarbital","14":"product_tag-commander-la-solution-buvable-de-pentobarbital-en-ligne","15":"product_tag-commander-pentobarbital-solution-buvable-ue","16":"product_tag-effets-de-la-solution-buvable-de-pentobarbital","17":"product_tag-fournisseurs-europeens-de-solution-buvable-de-pentobarbital","18":"product_tag-offres-sur-la-solution-buvable-de-pentobarbital-en-europe","19":"product_tag-ou-acheter-la-solution-buvable-de-pentobarbital-en-europe","20":"product_tag-ou-acheter-la-solution-buvable-de-pentobarbital-en-ligne","21":"product_tag-solution-buvable-authentique-de-pentobarbital-en-europe","22":"product_tag-solution-buvable-de-pentobarbital-au-meilleur-prix-en-europe","23":"product_tag-solution-buvable-de-pentobarbital-en-europe-a-prix-reduit","24":"product_tag-solution-buvable-de-pentobarbital-livraison-en-europe","25":"product_tag-solution-buvable-de-pentobarbital-livraison-gratuite-en-europe","26":"product_tag-solution-buvable-de-pentobarbital-pas-chere-en-europe","27":"product_tag-vente-en-europe-de-solution-buvable-de-pentobarbital","28":"product_tag-vente-en-ligne-de-solution-buvable-de-pentobarbital","30":"first","31":"instock","32":"shipping-taxable","33":"purchasable","34":"product-type-variable","35":"farmacie-col"},"aioseo_notices":[],"_links":{"self":[{"href":"https:\/\/lacasadelamedicina.es\/fr\/wp-json\/wp\/v2\/product\/28660"}],"collection":[{"href":"https:\/\/lacasadelamedicina.es\/fr\/wp-json\/wp\/v2\/product"}],"about":[{"href":"https:\/\/lacasadelamedicina.es\/fr\/wp-json\/wp\/v2\/types\/product"}],"replies":[{"embeddable":true,"href":"https:\/\/lacasadelamedicina.es\/fr\/wp-json\/wp\/v2\/comments?post=28660"}],"wp:featuredmedia":[{"embeddable":true,"href":"https:\/\/lacasadelamedicina.es\/fr\/wp-json\/wp\/v2\/media\/19370"}],"wp:attachment":[{"href":"https:\/\/lacasadelamedicina.es\/fr\/wp-json\/wp\/v2\/media?parent=28660"}],"wp:term":[{"taxonomy":"product_cat","embeddable":true,"href":"https:\/\/lacasadelamedicina.es\/fr\/wp-json\/wp\/v2\/product_cat?post=28660"},{"taxonomy":"product_tag","embeddable":true,"href":"https:\/\/lacasadelamedicina.es\/fr\/wp-json\/wp\/v2\/product_tag?post=28660"}],"curies":[{"name":"wp","href":"https:\/\/api.w.org\/{rel}","templated":true}]}}