{"id":28659,"date":"2024-08-09T14:02:43","date_gmt":"2024-08-09T14:02:43","guid":{"rendered":"https:\/\/lacasadelamedicina.es\/product\/achetez-du-lsd-filz-226-et-en-ligne\/"},"modified":"2024-08-09T14:02:43","modified_gmt":"2024-08-09T14:02:43","slug":"achetez-du-lsd-filz-226-et-en-ligne","status":"publish","type":"product","link":"https:\/\/lacasadelamedicina.es\/fr\/produit\/achetez-du-lsd-filz-226-et-en-ligne\/","title":{"rendered":"Achetez du LSD Filz 226 et en ligne"},"content":{"rendered":"<h3>Acheter LSD Filz 226 et en ligne<\/h3>\n<p> Achetez LSD Filz 226 ug en ligne. Le groupe europ\u00e9en de contr\u00f4le des drogues qui a analys\u00e9 cette unit\u00e9 de dose de LSD a \u00e9mis un avertissement de \u00ab dose \u00e9lev\u00e9e \u00bb car elle contient plus de 150 mcg de LSD. <\/p>\n<h3>1P-LSD (1-propionyl di\u00e9thylamide de l&rsquo;acide lysergique) \u2013 \u00c9levez vos sens<\/h3>\n<p> \u00cates-vous pr\u00eat \u00e0 vous lancer dans un voyage transformateur de l&rsquo;esprit ? D\u00e9couvrez notre 1P-LSD premium, un compos\u00e9 puissant et pr\u00e9cis\u00e9ment con\u00e7u pour offrir une exp\u00e9rience psych\u00e9d\u00e9lique unique et profonde. Parfait pour ceux qui recherchent une conscience \u00e9largie et des perspectives plus profondes, notre 1P-LSD promet une aventure transcendante.   <strong>Caract\u00e9ristiques principales :<\/strong><\/p>\n<ul>\n<li><strong>Exp\u00e9rience psych\u00e9d\u00e9lique puissante :<\/strong> le 1P-LSD est connu pour sa capacit\u00e9 \u00e0 provoquer de puissantes hallucinations, une profonde introspection et une euphorie intense. Pr\u00e9parez-vous \u00e0 une odyss\u00e9e mentale qui peut conduire \u00e0 une d\u00e9couverte de soi et \u00e0 un \u00e9veil spirituel importants. <\/li>\n<li><strong>Qualit\u00e9 et puret\u00e9 haut de gamme :<\/strong> nous accordons la priorit\u00e9 \u00e0 votre s\u00e9curit\u00e9 et \u00e0 votre satisfaction. Notre 1P-LSD provient de laboratoires r\u00e9put\u00e9s et subit des tests rigoureux pour garantir la plus haute qualit\u00e9. Vous pouvez \u00eatre s\u00fbr de recevoir le produit le plus pur et le plus authentique.  <\/li>\n<li><strong>Dosage pr\u00e9cis :<\/strong> chaque buvard 1P-LSD est soigneusement dos\u00e9 pour garantir une exp\u00e9rience coh\u00e9rente et fiable. Notre processus de fabrication pr\u00e9cis garantit un dosage pr\u00e9cis, afin que vous puissiez vous concentrer pleinement sur votre voyage. <\/li>\n<li><strong>Exp\u00e9dition rapide et emballage discret :<\/strong> nous appr\u00e9cions votre confidentialit\u00e9 et votre livraison dans les d\u00e9lais. Votre commande sera emball\u00e9e discr\u00e8tement pour prot\u00e9ger votre anonymat et livr\u00e9e rapidement et en toute s\u00e9curit\u00e9. <\/li>\n<\/ul>\n<p><strong>Pr\u00e9cautions de s\u00e9curit\u00e9 :<\/strong> Bien que le 1P-LSD offre une exploration remarquable des \u00e9tats de conscience alt\u00e9r\u00e9s, il est essentiel de l&rsquo;utiliser de mani\u00e8re responsable. Veuillez suivre ces consignes de s\u00e9curit\u00e9 :  <\/p>\n<ol>\n<li><strong>D\u00e9cor et cadre :<\/strong> Cr\u00e9ez un environnement confortable et familier pour votre exp\u00e9rience. Id\u00e9alement, soyez en compagnie d&rsquo;amis ou de guides de confiance. <\/li>\n<li><strong>Dosage appropri\u00e9 :<\/strong> respectez les dosages recommand\u00e9s pour \u00e9viter les sensations accablantes. Les d\u00e9butants doivent commencer par une faible dose pour \u00e9valuer leur sensibilit\u00e9. <\/li>\n<li><strong>Connaissez vos limites :<\/strong> les exp\u00e9riences psych\u00e9d\u00e9liques peuvent \u00eatre intenses et impr\u00e9visibles. Sachez quand demander de l&rsquo;aide ou des soins m\u00e9dicaux si n\u00e9cessaire. <\/li>\n<li><strong>Conformit\u00e9 l\u00e9gale :<\/strong> v\u00e9rifiez la l\u00e9galit\u00e9 du 1P-LSD dans votre r\u00e9gion avant de l&rsquo;acheter. Nous ne cautionnons pas l&rsquo;utilisation ill\u00e9gale ou irresponsable. <\/li>\n<\/ol>\n<p><strong>Diff\u00e9rences et similitudes entre le 1P-LSD et le LSD<\/strong> Le 1P-LSD et le LSD sont tous deux de puissants psych\u00e9d\u00e9liques aux effets similaires, mais il existe des diff\u00e9rences notables : <\/p>\n<ul>\n<li><strong>1P-LSD :<\/strong>\n<ul>\n<li><strong>Structure chimique :<\/strong> Le 1P-LSD est un analogue structurel du LSD, comportant un groupe propionyle attach\u00e9 \u00e0 la mol\u00e9cule d&rsquo;azote.<\/li>\n<li><strong>L\u00e9galit\u00e9 :<\/strong> Souvent consid\u00e9r\u00e9 comme un produit chimique de recherche, le 1P-LSD peut \u00eatre l\u00e9gal dans certaines r\u00e9gions o\u00f9 le LSD est interdit. Cette ambigu\u00eft\u00e9 juridique a conduit \u00e0 sa disponibilit\u00e9 sur certains march\u00e9s. <\/li>\n<li><strong>Puissance et effets :<\/strong> Ses effets sont cens\u00e9s \u00eatre presque identiques \u00e0 ceux du LSD, induisant des exp\u00e9riences psych\u00e9d\u00e9liques telles que des distorsions visuelles, une perception alt\u00e9r\u00e9e du temps, de l&rsquo;euphorie et des pens\u00e9es introspectives.<\/li>\n<li><strong>Profil de s\u00e9curit\u00e9 :<\/strong> Les recherches sont limit\u00e9es, mais on consid\u00e8re g\u00e9n\u00e9ralement que le 1P-LSD a un profil de s\u00e9curit\u00e9 similaire \u00e0 celui du LSD. Comme pour tous les psych\u00e9d\u00e9liques, il doit \u00eatre utilis\u00e9 avec prudence. <\/li>\n<\/ul>\n<\/li>\n<li><strong>LSD:<\/strong>\n<ul>\n<li><strong>Structure chimique :<\/strong> Le LSD, ou di\u00e9thylamide de l&rsquo;acide lysergique, a \u00e9t\u00e9 synth\u00e9tis\u00e9 pour la premi\u00e8re fois en 1938 et est d\u00e9riv\u00e9 du champignon de l&rsquo;ergot.<\/li>\n<li><strong>L\u00e9galit\u00e9 :<\/strong> le LSD est class\u00e9 comme substance contr\u00f4l\u00e9e de l&rsquo;annexe I dans de nombreux pays, y compris aux \u00c9tats-Unis, ce qui rend sa fabrication, sa possession ou sa distribution ill\u00e9gales sans autorisation de recherche appropri\u00e9e.<\/li>\n<li><strong>Puissance et effets :<\/strong> Le LSD est r\u00e9put\u00e9 pour ses effets psych\u00e9d\u00e9liques profonds, notamment des hallucinations intenses, des perceptions alt\u00e9r\u00e9es, des \u00e9motions exacerb\u00e9es et souvent des exp\u00e9riences mystiques ou spirituelles. Le dosage efficace est g\u00e9n\u00e9ralement tr\u00e8s faible. <\/li>\n<li><strong>Profil de s\u00e9curit\u00e9 :<\/strong> Le LSD a fait l&rsquo;objet d&rsquo;\u00e9tudes plus approfondies et est g\u00e9n\u00e9ralement consid\u00e9r\u00e9 comme s\u00fbr lorsqu&rsquo;il est utilis\u00e9 de mani\u00e8re responsable. Cependant, il peut avoir des effets impr\u00e9visibles et certains utilisateurs peuvent ressentir une d\u00e9tresse psychologique. <\/li>\n<\/ul>\n<\/li>\n<\/ul>\n","protected":false},"excerpt":{"rendered":"<p>Acheter LSD Filz 226 et en ligne Achetez LSD Filz 226 ug en ligne. Le groupe europ\u00e9en de contr\u00f4le des drogues qui a analys\u00e9 cette unit\u00e9 de dose de LSD a \u00e9mis un avertissement de \u00ab dose \u00e9lev\u00e9e \u00bb car elle contient plus de 150 mcg de LSD. 1P-LSD (1-propionyl di\u00e9thylamide de l&rsquo;acide lysergique) \u2013 [&hellip;]<\/p>\n","protected":false},"featured_media":19325,"comment_status":"closed","ping_status":"closed","template":"","meta":{"om_disable_all_campaigns":false,"_sitemap_exclude":false,"_sitemap_priority":"","_sitemap_frequency":"","_monsterinsights_skip_tracking":false,"_monsterinsights_sitenote_active":false,"_monsterinsights_sitenote_note":"","_monsterinsights_sitenote_category":0},"product_cat":[19140],"product_tag":[19164,19163,19170,19182,19184,19179,19169,19172,19166,19167,19183,19181,19168,19176,19180,19173,19171,19177,19178,19174,19165,19175],"class_list":{"0":"post-28659","1":"product","2":"type-product","3":"status-publish","4":"has-post-thumbnail","6":"product_cat-lsd-fr","7":"product_tag-acheter-lsd-filz-226-et-en-ligne","8":"product_tag-acheter-lsd-filz-226-ug","9":"product_tag-acheter-lsd-filz-226-ug-en-ligne-en-europe","10":"product_tag-authentique-lsd-filz-226-ug-europe","11":"product_tag-avis-sur-lsd-filz-226-ug-europe","12":"product_tag-boutique-lsd-filz-226-ug-europe","13":"product_tag-combien-coute-le-lsd-filz-226-ug","14":"product_tag-commander-lsd-filz-226-ug-eu","15":"product_tag-commandez-du-lsd-filz-226-ug-en-ligne","16":"product_tag-effets-du-lsd-filz-226-ug","17":"product_tag-fournisseurs-de-lsd-filz-226-ug-en-europe","18":"product_tag-livraison-lsd-filz-226-ug-en-europe","19":"product_tag-lsd-filz-226-et-vente-en-ligne","20":"product_tag-lsd-filz-226-ug-boutique-en-ligne-europe","21":"product_tag-lsd-filz-226-ug-en-europe-a-prix-reduit","22":"product_tag-lsd-filz-226-ug-livraison-gratuite-en-europe","23":"product_tag-lsd-filz-226-ug-meilleur-prix-europe","24":"product_tag-lsd-filz-226-ug-pas-cher-en-europe","25":"product_tag-offres-lsd-filz-226-ug-europe","26":"product_tag-ou-acheter-du-lsd-filz-226-ug-en-europe","27":"product_tag-ou-acheter-du-lsd-filz-226-ug-en-ligne","28":"product_tag-vente-de-lsd-filz-226-ug-en-europe","30":"first","31":"instock","32":"shipping-taxable","33":"purchasable","34":"product-type-simple","35":"farmacie-col"},"aioseo_notices":[],"_links":{"self":[{"href":"https:\/\/lacasadelamedicina.es\/fr\/wp-json\/wp\/v2\/product\/28659"}],"collection":[{"href":"https:\/\/lacasadelamedicina.es\/fr\/wp-json\/wp\/v2\/product"}],"about":[{"href":"https:\/\/lacasadelamedicina.es\/fr\/wp-json\/wp\/v2\/types\/product"}],"replies":[{"embeddable":true,"href":"https:\/\/lacasadelamedicina.es\/fr\/wp-json\/wp\/v2\/comments?post=28659"}],"wp:featuredmedia":[{"embeddable":true,"href":"https:\/\/lacasadelamedicina.es\/fr\/wp-json\/wp\/v2\/media\/19325"}],"wp:attachment":[{"href":"https:\/\/lacasadelamedicina.es\/fr\/wp-json\/wp\/v2\/media?parent=28659"}],"wp:term":[{"taxonomy":"product_cat","embeddable":true,"href":"https:\/\/lacasadelamedicina.es\/fr\/wp-json\/wp\/v2\/product_cat?post=28659"},{"taxonomy":"product_tag","embeddable":true,"href":"https:\/\/lacasadelamedicina.es\/fr\/wp-json\/wp\/v2\/product_tag?post=28659"}],"curies":[{"name":"wp","href":"https:\/\/api.w.org\/{rel}","templated":true}]}}