{"id":28658,"date":"2024-08-09T14:02:43","date_gmt":"2024-08-09T14:02:43","guid":{"rendered":"https:\/\/lacasadelamedicina.es\/product\/acheter-du-lsd-liquide-en-ligne\/"},"modified":"2024-08-09T14:02:43","modified_gmt":"2024-08-09T14:02:43","slug":"acheter-du-lsd-liquide-en-ligne","status":"publish","type":"product","link":"https:\/\/lacasadelamedicina.es\/fr\/produit\/acheter-du-lsd-liquide-en-ligne\/","title":{"rendered":"Acheter du LSD liquide en ligne"},"content":{"rendered":"<h2>Acheter du LSD liquide en vente en ligne<\/h2>\n<h3>Acheter du LSD liquide en vente en ligne<\/h3>\n<p> Le LSD est une substance cristalline qui est ensuite distribu\u00e9e sous des formes consommables. Dans les ann\u00e9es 1960, il \u00e9tait g\u00e9n\u00e9ralement distribu\u00e9 sous forme de micropoints (minuscules pilules), de carr\u00e9s de g\u00e9latine (appel\u00e9s \u00ab vitres \u00bb) et de papier buvard. <strong>Acheter du LSD<\/strong> Les psych\u00e9d\u00e9liques, dont le LSD, sont per\u00e7us diff\u00e9remment par diverses personnes : certains les voient comme un outil pr\u00e9cieux en psychiatrie, d&rsquo;autres comme une menace pour la soci\u00e9t\u00e9 et certains comme une porte d&rsquo;entr\u00e9e vers des royaumes alternatifs. Le LSD, ainsi que d\u2019autres psych\u00e9d\u00e9liques bien connus tels que le DMT, la mescaline et la psilocybine, sont utilis\u00e9s par diff\u00e9rentes cultures depuis des si\u00e8cles pour induire des \u00e9tats de conscience alt\u00e9r\u00e9s. Si le LSD a \u00e9t\u00e9 d\u00e9couvert pour la premi\u00e8re fois en 1943, les autres substances sont d\u00e9riv\u00e9es de plantes et de champignons et sont utilis\u00e9es depuis longtemps.    <strong>Pourquoi acheter du LSD ?<\/strong> Le LSD, \u00e9galement connu sous le nom d&rsquo;\u00ab acide \u00bb, est l&rsquo;une des substances psychotropes les plus puissantes. Il est synth\u00e9tis\u00e9 \u00e0 partir de l&rsquo;acide lysergique pr\u00e9sent dans le champignon de l&rsquo;ergot qui pousse sur le seigle et d&rsquo;autres c\u00e9r\u00e9ales. Le LSD est g\u00e9n\u00e9ralement disponible sous diverses formes, notamment sous forme de petits comprim\u00e9s (micropoints), de capsules, de carr\u00e9s de g\u00e9latine (vitres) et parfois sur du papier buvard avec des motifs artistiques ou des personnages de dessins anim\u00e9s. Il peut \u00e9galement \u00eatre vendu sous forme liquide. Quelle que soit la forme, le LSD induit g\u00e9n\u00e9ralement un d\u00e9tachement profond de la r\u00e9alit\u00e9.<\/p>\n","protected":false},"excerpt":{"rendered":"<p>Notre solution contient du LSD-25 authentique, et non un substitut (car de nombreux autres sites peuvent proposer du 1P-LSD \u00e0 la place). Elle est disponible en diff\u00e9rentes concentrations de dilution. La solution est compos\u00e9e du principe actif et d&rsquo;eau distill\u00e9e, pr\u00e9par\u00e9e dans un environnement st\u00e9rile pour garantir la puret\u00e9. L&rsquo;un des principaux avantages du format liquide est la possibilit\u00e9 de mesurer les doses avec pr\u00e9cision. Chaque flacon est \u00e9quip\u00e9 d&rsquo;un bouchon compte-gouttes marqu\u00e9 par incr\u00e9ments de 0,25 ml, ce qui permet un dosage pr\u00e9cis et une utilisation facile. Cela vous permet de prendre exactement la quantit\u00e9 souhait\u00e9e.     <\/p>\n","protected":false},"featured_media":19310,"comment_status":"open","ping_status":"closed","template":"","meta":{"om_disable_all_campaigns":false,"_sitemap_exclude":false,"_sitemap_priority":"","_sitemap_frequency":"","_monsterinsights_skip_tracking":false,"_monsterinsights_sitenote_active":false,"_monsterinsights_sitenote_note":"","_monsterinsights_sitenote_category":0},"product_cat":[19140],"product_tag":[19141,19142,19148,19160,19162,19157,19154,19151,19149,19159,19147,19150,19144,19161,19145,19158,19156,19143,19152,19155,19153,19146],"class_list":{"0":"post-28658","1":"product","2":"type-product","3":"status-publish","4":"has-post-thumbnail","6":"product_cat-lsd-fr","7":"product_tag-achetez-california-sunshine","8":"product_tag-achetez-california-sunshine-en-ligne","9":"product_tag-achetez-california-sunshine-en-ligne-en-europe","10":"product_tag-authentique-soleil-de-californie-en-europe","11":"product_tag-avis-sur-california-sunshine-europe","12":"product_tag-boutique-california-sunshine-europe","13":"product_tag-boutique-en-ligne-california-sunshine-europe","14":"product_tag-california-sunshine-livraison-gratuite-en-europe","15":"product_tag-california-sunshine-meilleur-prix-europe","16":"product_tag-californie-soleil-europe-livraison","17":"product_tag-combien-coute-california-sunshine","18":"product_tag-commander-california-sunshine-eu","19":"product_tag-commandez-california-sunshine-en-ligne","20":"product_tag-fournisseurs-de-california-sunshine-europe","21":"product_tag-les-effets-du-soleil-de-californie","22":"product_tag-livraison-california-sunshine-europe","23":"product_tag-offres-california-sunshine-europe","24":"product_tag-ou-acheter-california-sunshine-en-ligne","25":"product_tag-ou-acheter-california-sunshine-europe","26":"product_tag-soleil-de-californie-pas-cher-en-europe","27":"product_tag-vente-california-sunshine-europe","28":"product_tag-ventes-en-ligne-de-california-sunshine","30":"first","31":"instock","32":"shipping-taxable","33":"purchasable","34":"product-type-simple","35":"farmacie-col"},"aioseo_notices":[],"_links":{"self":[{"href":"https:\/\/lacasadelamedicina.es\/fr\/wp-json\/wp\/v2\/product\/28658"}],"collection":[{"href":"https:\/\/lacasadelamedicina.es\/fr\/wp-json\/wp\/v2\/product"}],"about":[{"href":"https:\/\/lacasadelamedicina.es\/fr\/wp-json\/wp\/v2\/types\/product"}],"replies":[{"embeddable":true,"href":"https:\/\/lacasadelamedicina.es\/fr\/wp-json\/wp\/v2\/comments?post=28658"}],"wp:featuredmedia":[{"embeddable":true,"href":"https:\/\/lacasadelamedicina.es\/fr\/wp-json\/wp\/v2\/media\/19310"}],"wp:attachment":[{"href":"https:\/\/lacasadelamedicina.es\/fr\/wp-json\/wp\/v2\/media?parent=28658"}],"wp:term":[{"taxonomy":"product_cat","embeddable":true,"href":"https:\/\/lacasadelamedicina.es\/fr\/wp-json\/wp\/v2\/product_cat?post=28658"},{"taxonomy":"product_tag","embeddable":true,"href":"https:\/\/lacasadelamedicina.es\/fr\/wp-json\/wp\/v2\/product_tag?post=28658"}],"curies":[{"name":"wp","href":"https:\/\/api.w.org\/{rel}","templated":true}]}}