{"id":28649,"date":"2024-08-09T14:02:44","date_gmt":"2024-08-09T14:02:44","guid":{"rendered":"https:\/\/lacasadelamedicina.es\/product\/acheter-des-pilules-de-pentobarbital-en-ligne\/"},"modified":"2024-08-09T14:02:44","modified_gmt":"2024-08-09T14:02:44","slug":"acheter-des-pilules-de-pentobarbital-en-ligne","status":"publish","type":"product","link":"https:\/\/lacasadelamedicina.es\/fr\/produit\/acheter-des-pilules-de-pentobarbital-en-ligne\/","title":{"rendered":"Acheter des pilules de pentobarbital en ligne"},"content":{"rendered":"<h2>Acheter des pilules de pentobarbital en ligne<\/h2>\n<p><strong>\u00c0 quoi servent les pilules de pentobarbital ?<\/strong> Les comprim\u00e9s de pentobarbital sont principalement utilis\u00e9s comme s\u00e9datif \u00e0 court terme pour traiter l&rsquo;insomnie et pour induire le sommeil en cas d&rsquo;intervention chirurgicale. Ils peuvent \u00e9galement \u00eatre utilis\u00e9s pour le traitement d&rsquo;urgence des crises d&rsquo;\u00e9pilepsie. Cependant, ce ne sont pas les seules utilisations du pentobarbital.   <strong>Informations importantes sur les pilules de pentobarbital<\/strong><\/p>\n<ul>\n<li><strong>\u00c0 \u00e9viter si :<\/strong> vous avez des ant\u00e9c\u00e9dents de porphyrie (un trouble enzymatique g\u00e9n\u00e9tique affectant le SNC et la peau) ou si vous \u00eates allergique aux barbituriques.<\/li>\n<li><strong>Conditions m\u00e9dicales :<\/strong> informez votre m\u00e9decin si vous souffrez d&rsquo;une maladie du foie ou des reins, d&rsquo;une maladie chronique ou d&rsquo;ant\u00e9c\u00e9dents d&rsquo;abus de barbituriques afin de vous assurer que le m\u00e9dicament est sans danger pour vous.<\/li>\n<li><strong>Grossesse :<\/strong> le pentobarbital peut nuire au f\u0153tus, provoquant une d\u00e9pendance et des sympt\u00f4mes de sevrage apr\u00e8s la naissance. Consultez toujours votre m\u00e9decin si vous \u00eates enceinte ou pr\u00e9voyez de devenir enceinte. <\/li>\n<li><strong>Contraception :<\/strong> le pentobarbital peut affecter l&rsquo;efficacit\u00e9 des pilules contraceptives. Des m\u00e9thodes non hormonales peuvent \u00eatre conseill\u00e9es. <\/li>\n<\/ul>\n<p><strong>Risques potentiels pour les enfants et les femmes enceintes<\/strong><\/p>\n<ul>\n<li><strong>D\u00e9veloppement du cerveau :<\/strong> les s\u00e9datifs utilis\u00e9s pendant une intervention chirurgicale peuvent avoir un impact sur le d\u00e9veloppement du cerveau des enfants de moins de trois ans ou des f\u0153tus expos\u00e9s au pentobarbital. Une utilisation r\u00e9p\u00e9t\u00e9e peut entra\u00eener des probl\u00e8mes d&rsquo;apprentissage ou de comportement. Cependant, des utilisations uniques \u00e0 court terme n&rsquo;ont pas montr\u00e9 d&rsquo;effets significatifs dans les \u00e9tudes.  <\/li>\n<li><strong>Allaitement :<\/strong> le pentobarbital peut passer dans le lait maternel et affecter le b\u00e9b\u00e9 allait\u00e9. Informez votre m\u00e9decin si vous allaitez. <\/li>\n<\/ul>\n<p><strong>Interactions m\u00e9dicamenteuses<\/strong> \u00c9vitez d&rsquo;associer le pentobarbital \u00e0 d&rsquo;autres d\u00e9presseurs du SNC ou \u00e0 des substances qui affectent la respiration ou induisent le sommeil, car cela peut entra\u00eener des effets graves ou potentiellement mortels. Informez votre m\u00e9decin si vous prenez :  <\/p>\n<ul>\n<li>Gris\u00e9ofulvine<\/li>\n<li>Doxycycline<\/li>\n<li>M\u00e9dicaments contre les crises d&rsquo;\u00e9pilepsie comme le divalproex<\/li>\n<li>M\u00e9dicaments st\u00e9ro\u00efdes tels que la dexam\u00e9thasone<\/li>\n<li>Th\u00e9rapie de remplacement hormonal ou pilules contraceptives<\/li>\n<li>Anticoagulants comme le Coumadin ou la warfarine<\/li>\n<li>Les inhibiteurs de la MAO tels que le m\u00e9thyl\u00e8ne ou le lin\u00e9zolide<\/li>\n<\/ul>\n<p> Cette liste n&rsquo;est pas exhaustive et d&rsquo;autres m\u00e9dicaments, notamment les produits \u00e0 base de plantes m\u00e9dicinales et les vitamines en vente libre, peuvent interagir avec le pentobarbital. <strong>Dose oubli\u00e9e<\/strong> Le pentobarbital est g\u00e9n\u00e9ralement prescrit au besoin, donc l&rsquo;oubli d&rsquo;une dose peut ne pas \u00eatre un probl\u00e8me. Si vous suivez un programme de dosage et que vous oubliez une dose, prenez-la d\u00e8s que vous vous en souvenez. Sautez-la si la prochaine dose est imminente. Ne doublez jamais la dose pour compenser une dose oubli\u00e9e. <strong>Risques de surdosage<\/strong> Un surdosage de pentobarbital peut \u00eatre mortel. Consultez imm\u00e9diatement un m\u00e9decin si vous suspectez un surdosage. Les sympt\u00f4mes comprennent une sensation de faiblesse ou de mollesse, une respiration lente ou superficielle, une somnolence extr\u00eame, un pouls faible, une fr\u00e9quence cardiaque rapide, une miction r\u00e9duite, un \u00e9vanouissement, des pupilles dilat\u00e9es ou une sensation de froid. <strong>Effets secondaires<\/strong> Demandez de l&rsquo;aide d&rsquo;urgence si vous pr\u00e9sentez des r\u00e9actions allergiques graves telles que des difficult\u00e9s respiratoires ou un gonflement du visage, des l\u00e8vres, de la langue ou de la gorge. D&rsquo;autres effets secondaires graves incluent :       <\/p>\n<ul>\n<li>Confusion, agitation, hallucinations<\/li>\n<li>Respiration faible ou superficielle<\/li>\n<li>Pouls faible ou rythme cardiaque lent<\/li>\n<li>\u00c9tourdissements, naus\u00e9es ou vomissements<\/li>\n<\/ul>\n<p> Les effets secondaires courants peuvent inclure : <\/p>\n<ul>\n<li>Perte d&rsquo;\u00e9quilibre ou de coordination<\/li>\n<li>Somnolence, \u00e9tourdissements<\/li>\n<li>Troubles du sommeil tels que cauchemars ou insomnie<\/li>\n<\/ul>\n<p><strong>Pr\u00e9cautions<\/strong><\/p>\n<ul>\n<li><strong>Vigilance :<\/strong> le pentobarbital peut alt\u00e9rer votre capacit\u00e9 \u00e0 penser et \u00e0 r\u00e9agir. \u00c9vitez les activit\u00e9s qui n\u00e9cessitent une vigilance totale, comme la conduite. <\/li>\n<li><strong>Alcool :<\/strong> ne consommez pas d&rsquo;alcool pendant que vous prenez ce m\u00e9dicament.<\/li>\n<li><strong>Partage :<\/strong> Gardez le pentobarbital hors de port\u00e9e des enfants et des personnes ayant des ant\u00e9c\u00e9dents de toxicomanie. Utilisez-le uniquement comme prescrit et suivez attentivement les instructions de dosage. <\/li>\n<\/ul>\n<p><strong>Acheter des pilules de pentobarbital en ligne<\/strong> Bien qu&rsquo;il soit possible d&rsquo;acheter des pilules de pentobarbital en ligne, la prudence est de mise. Assurez-vous de faire des recherches approfondies et de lire les avis pour \u00e9viter les escroqueries et v\u00e9rifier que vous achetez aupr\u00e8s d&rsquo;une source fiable. Pour des transactions s\u00fbres et discr\u00e8tes, visitez <a href=\"https:\/\/lacasadelamedicina.es\/fr\/\"><strong>Dr. Lawsons Pharmacy<\/strong>.<\/a>  <\/p>\n<p>&nbsp;<\/p>\n","protected":false},"excerpt":{"rendered":"<p>Commandez des comprim\u00e9s de pentobarbital sodique Nembutal \u00e0 usage oral. Disponible en doses de 50 mg et 100 mg. Chaque commande est emball\u00e9e en toute s\u00e9curit\u00e9 et exp\u00e9di\u00e9e discr\u00e8tement. S\u00e9lectionnez votre dosage et votre quantit\u00e9 pr\u00e9f\u00e9r\u00e9s ci-dessous, puis ajoutez-les \u00e0 votre panier.   <\/p>\n","protected":false},"featured_media":19385,"comment_status":"open","ping_status":"closed","template":"","meta":{"om_disable_all_campaigns":false,"_sitemap_exclude":false,"_sitemap_priority":"","_sitemap_frequency":"","_monsterinsights_skip_tracking":false,"_monsterinsights_sitenote_active":false,"_monsterinsights_sitenote_note":"","_monsterinsights_sitenote_category":0},"product_cat":[19087],"product_tag":[19118,19119,19125,19139,19134,19124,19127,19121,19122,19138,19136,19131,19133,19129,19120,19126,19137,19132,19128,19135,19130,19123],"class_list":{"0":"post-28649","1":"product","2":"type-product","3":"status-publish","4":"has-post-thumbnail","6":"product_cat-pentobarbital-sodique-nembutal","7":"product_tag-acheter-des-pilules-de-pentobarbital","8":"product_tag-acheter-des-pilules-de-pentobarbital-en-ligne","9":"product_tag-acheter-des-pilules-de-pentobarbital-en-ligne-en-europe","10":"product_tag-avis-sur-les-pilules-de-pentobarbital-en-europe","11":"product_tag-boutique-de-pilules-de-pentobarbital-en-europe","12":"product_tag-combien-coutent-les-pilules-de-pentobarbital","13":"product_tag-commander-des-pilules-de-pentobarbital-dans-lue","14":"product_tag-commander-des-pilules-de-pentobarbital-en-ligne","15":"product_tag-effets-des-pilules-de-pentobarbital","16":"product_tag-fournisseurs-de-pilules-de-pentobarbital-en-europe","17":"product_tag-livraison-de-pilules-de-pentobarbital-en-europe","18":"product_tag-magasin-en-ligne-de-pilules-de-pentobarbital-en-europe","19":"product_tag-offres-sur-les-pilules-de-pentobarbital-en-europe","20":"product_tag-ou-acheter-des-pilules-de-pentobarbital-en-europe","21":"product_tag-ou-acheter-des-pilules-de-pentobarbital-en-ligne","22":"product_tag-pentobarbital-pill-best-price-europe","23":"product_tag-pilules-de-pentobarbital-authentiques-en-europe","24":"product_tag-pilules-de-pentobarbital-bon-marche-en-europe","25":"product_tag-pilules-de-pentobarbital-livraison-gratuite-en-europe","26":"product_tag-remise-sur-les-pilules-de-pentobarbital-en-europe","27":"product_tag-vente-de-pilules-de-pentobarbital-en-europe","28":"product_tag-vente-en-ligne-de-pilules-de-pentobarbital","30":"first","31":"instock","32":"shipping-taxable","33":"purchasable","34":"product-type-variable","35":"farmacie-col"},"aioseo_notices":[],"_links":{"self":[{"href":"https:\/\/lacasadelamedicina.es\/fr\/wp-json\/wp\/v2\/product\/28649"}],"collection":[{"href":"https:\/\/lacasadelamedicina.es\/fr\/wp-json\/wp\/v2\/product"}],"about":[{"href":"https:\/\/lacasadelamedicina.es\/fr\/wp-json\/wp\/v2\/types\/product"}],"replies":[{"embeddable":true,"href":"https:\/\/lacasadelamedicina.es\/fr\/wp-json\/wp\/v2\/comments?post=28649"}],"wp:featuredmedia":[{"embeddable":true,"href":"https:\/\/lacasadelamedicina.es\/fr\/wp-json\/wp\/v2\/media\/19385"}],"wp:attachment":[{"href":"https:\/\/lacasadelamedicina.es\/fr\/wp-json\/wp\/v2\/media?parent=28649"}],"wp:term":[{"taxonomy":"product_cat","embeddable":true,"href":"https:\/\/lacasadelamedicina.es\/fr\/wp-json\/wp\/v2\/product_cat?post=28649"},{"taxonomy":"product_tag","embeddable":true,"href":"https:\/\/lacasadelamedicina.es\/fr\/wp-json\/wp\/v2\/product_tag?post=28649"}],"curies":[{"name":"wp","href":"https:\/\/api.w.org\/{rel}","templated":true}]}}