{"id":28642,"date":"2024-08-09T14:02:46","date_gmt":"2024-08-09T14:02:46","guid":{"rendered":"https:\/\/lacasadelamedicina.es\/product\/achetez-de-la-poudre-et-des-comprimes-de-cyanure-de-potassium-en-ligne\/"},"modified":"2024-09-12T17:08:51","modified_gmt":"2024-09-12T17:08:51","slug":"achetez-de-la-poudre-et-des-comprimes-de-cyanure-de-potassium-en-ligne","status":"publish","type":"product","link":"https:\/\/lacasadelamedicina.es\/fr\/produit\/achetez-de-la-poudre-et-des-comprimes-de-cyanure-de-potassium-en-ligne\/","title":{"rendered":"Achetez de la poudre et des comprim\u00e9s de cyanure de potassium en ligne"},"content":{"rendered":"<h3>Achetez de la poudre et des comprim\u00e9s de cyanure de potassium en ligne<\/h3>\n<p> C&rsquo;est la premi\u00e8re fois que vous rencontrez de la poudre et des pilules de cyanure de potassium ? Si c&rsquo;est le cas, ne vous inqui\u00e9tez pas. Dans cet article, nous allons discuter de tout ce que vous devez savoir sur ce produit chimique. Le cyanure de potassium (KCN) est un compos\u00e9 inorganique qui se pr\u00e9sente sous la forme d&rsquo;une substance cristalline incolore ressemblant au sucre. Il est tr\u00e8s soluble dans l&rsquo;eau et a diverses applications, notamment l&rsquo;extraction d&rsquo;or, la galvanoplastie, la synth\u00e8se organique et la dorure de bijoux. Le cyanure de potassium est \u00e9galement utilis\u00e9 par les entomologistes pour tuer rapidement les insectes \u00e0 des fins de collecte. Historiquement, il a \u00e9t\u00e9 utilis\u00e9 par certaines personnes pour se suicider, y compris les membres du parti nazi. <strong>Production de cyanure de potassium La<\/strong> production de cyanure de potassium implique le traitement du cyanure d&rsquo;hydrog\u00e8ne avec une solution aqueuse d&rsquo;hydroxyde de potassium \u00e0 50 %, suivi d&rsquo;une \u00e9vaporation sous vide. Chaque ann\u00e9e, environ 50 000 tonnes de cyanure de potassium sont produites par les industries autoris\u00e9es. <strong>M\u00e9canisme et toxicit\u00e9<\/strong> Le cyanure de potassium est un puissant inhibiteur de la respiration cellulaire. Il affecte la cytochrome c oxydase mitochondriale, bloquant la phosphorylation oxydative et perturbant la capacit\u00e9 du corps \u00e0 convertir les aliments en \u00e9nergie. Cela conduit \u00e0 une acidose lactique due au m\u00e9tabolisme ana\u00e9robie. <strong>Dose l\u00e9tale et voies d&rsquo;exposition<\/strong> La dose l\u00e9tale de cyanure de potassium est g\u00e9n\u00e9ralement comprise entre 200 et 300 mg. Ce produit chimique est extr\u00eamement toxique et peut lib\u00e9rer du gaz cyanure d&rsquo;hydrog\u00e8ne lors de l&rsquo;hydrolyse, qui a un go\u00fbt d&rsquo;amande am\u00e8re. Cependant, tout le monde ne peut pas d\u00e9tecter ce go\u00fbt, ce qui le rend particuli\u00e8rement dangereux. Le cyanure de potassium peut p\u00e9n\u00e9trer dans l&rsquo;organisme par ingestion, inhalation, contact avec la peau et les yeux. <strong>Utilisations du cyanure de potassium<\/strong> Bien que souvent associ\u00e9 au suicide en raison de ses effets rapides et indolores, le cyanure de potassium a des utilisations industrielles l\u00e9gitimes. Il est essentiel pour extraire des m\u00e9taux pr\u00e9cieux comme l&rsquo;or et l&rsquo;argent, et est utilis\u00e9 dans la galvanoplastie et la synth\u00e8se organique. Il peut \u00e9galement \u00eatre utilis\u00e9 comme r\u00e9actif analytique dans divers domaines. <strong>Comment fonctionne le cyanure de potassium<\/strong> Le cyanure de potassium lib\u00e8re du gaz cyanure d&rsquo;hydrog\u00e8ne, qui agit comme un puissant asphyxiant. Il alt\u00e8re gravement la capacit\u00e9 du corps \u00e0 utiliser l&rsquo;oxyg\u00e8ne, ce qui entra\u00eene des effets rapides et potentiellement mortels. Il affecte principalement les organes vitaux qui sont sensibles aux faibles niveaux d&rsquo;oxyg\u00e8ne, notamment le syst\u00e8me nerveux central et le syst\u00e8me pulmonaire.                 <strong>Effets du cyanure de potassium<\/strong><\/p>\n<ul>\n<li><strong>Petites doses<\/strong> : Difficult\u00e9s respiratoires, \u00e9tourdissements, maux de t\u00eate.<\/li>\n<li><strong>Doses \u00e9lev\u00e9es<\/strong> : coma, convulsions et d\u00e9c\u00e8s. L&rsquo;administration de glucose peut aider \u00e0 contrecarrer certains effets, mais n&rsquo;est pas toujours totalement efficace. <\/li>\n<\/ul>\n<p><strong>Sympt\u00f4mes de surdosage\/empoisonnement<\/strong> Les signes d&rsquo;intoxication au cyanure de potassium comprennent des yeux dilat\u00e9s ou rouges, des joues rouges et une couleur de peau bleut\u00e9e. L&rsquo;exposition peut provoquer des effets graves selon la voie d&rsquo;exposition :  <\/p>\n<ul>\n<li><strong>Peau<\/strong> : Br\u00fblure, irritation, l\u00e9sion tissulaire.<\/li>\n<li><strong>Ingestion<\/strong> : Douleurs abdominales, naus\u00e9es, vomissements, l\u00e9sions de la muqueuse de l&rsquo;estomac.<\/li>\n<li><strong>Inhalation<\/strong> : Les effets l\u00e9gers comprennent l&rsquo;anxi\u00e9t\u00e9, la confusion et les \u00e9tourdissements ; les effets graves comprennent les convulsions, le coma et la pr\u00e9sence de liquide dans les poumons.<\/li>\n<\/ul>\n<p><strong>Statut l\u00e9gal et achat<\/strong> Le cyanure de potassium est class\u00e9 comme substance contr\u00f4l\u00e9e dans de nombreux pays en raison de sa forte toxicit\u00e9. Un achat l\u00e9gal n\u00e9cessite une autorisation appropri\u00e9e. Si vous envisagez d&rsquo;acheter de la poudre ou des pilules de cyanure de potassium en ligne, soyez extr\u00eamement prudent. Assurez-vous d&rsquo;acheter aupr\u00e8s d&rsquo;une source fiable et l\u00e9gitime, car les produits de qualit\u00e9 inf\u00e9rieure ou contrefaits peuvent \u00eatre dangereux. Effectuez des recherches approfondies, consultez des experts et lisez les avis pour v\u00e9rifier la l\u00e9gitimit\u00e9 du vendeur.<\/p>\n","protected":false},"excerpt":{"rendered":"<p><strong>Achetez du cyanure de potassium pur (KCN) sous forme de poudre ou de pilule<\/strong> Disponible pour diverses applications, notre cyanure de potassium est propos\u00e9 sous forme de poudre et de pilule. Chaque produit est emball\u00e9 de mani\u00e8re s\u00e9curis\u00e9e et comprend des gants de manipulation sp\u00e9ciaux pour votre s\u00e9curit\u00e9. Choisissez la quantit\u00e9 dont vous avez besoin et ajoutez-la \u00e0 votre panier. La pharmacie Dr. Lawsons assure une livraison rapide et discr\u00e8te pour toutes les commandes.   <\/p>\n","protected":false},"featured_media":19400,"comment_status":"open","ping_status":"closed","template":"","meta":{"om_disable_all_campaigns":false,"_sitemap_exclude":false,"_sitemap_priority":"","_sitemap_frequency":"","_monsterinsights_skip_tracking":false,"_monsterinsights_sitenote_active":false,"_monsterinsights_sitenote_note":"","_monsterinsights_sitenote_category":0},"product_cat":[19087],"product_tag":[19095,19088,19089,19109,19104,19101,19094,19091,19097,19092,19108,19106,19103,19099,19090,19096,19098,19105,19107,19102,19100,19093],"class_list":{"0":"post-28642","1":"product","2":"type-product","3":"status-publish","4":"has-post-thumbnail","6":"product_cat-pentobarbital-sodique-nembutal","7":"product_tag-acheter-de-la-poudre-et-des-comprimes-de-cyanure-de-potassium-en-ligne-en-europe","8":"product_tag-acheter-de-la-poudre-et-des-pilules-de-cyanure-de-potassium","9":"product_tag-achetez-de-la-poudre-et-des-comprimes-de-cyanure-de-potassium-en-ligne","10":"product_tag-avis-sur-la-poudre-et-les-pilules-de-cyanure-de-potassium-en-europe","11":"product_tag-boutique-en-ligne-de-poudre-et-de-pilules-de-cyanure-de-potassium-en-europe-fr","12":"product_tag-boutique-en-ligne-de-poudre-et-de-pilules-de-cyanure-de-potassium-en-europe","13":"product_tag-combien-coute-la-poudre-et-les-comprimes-de-cyanure-de-potassium","14":"product_tag-commander-de-la-poudre-et-des-comprimes-de-cyanure-de-potassium-en-ligne","15":"product_tag-commander-de-la-poudre-et-des-pilules-de-cyanure-de-potassium-dans-lue","16":"product_tag-effets-de-la-poudre-et-des-comprimes-de-cyanure-de-potassium","17":"product_tag-fournisseurs-europeens-de-poudre-et-de-comprimes-de-cyanure-de-potassium","18":"product_tag-livraison-de-poudre-et-de-comprimes-de-cyanure-de-potassium-en-europe","19":"product_tag-offres-europe-sur-la-poudre-et-les-pilules-de-cyanure-de-potassium","20":"product_tag-ou-acheter-de-la-poudre-et-des-comprimes-de-cyanure-de-potassium-en-europe","21":"product_tag-ou-acheter-de-la-poudre-et-des-comprimes-de-cyanure-de-potassium-en-ligne","22":"product_tag-poudre-et-comprimes-de-cyanure-de-potassium-au-meilleur-prix-en-europe","23":"product_tag-poudre-et-comprimes-de-cyanure-de-potassium-livraison-gratuite-en-europe","24":"product_tag-poudre-et-pilules-de-cyanure-de-potassium-a-prix-reduit-en-europe","25":"product_tag-poudre-et-pilules-de-cyanure-de-potassium-authentiques-en-europe","26":"product_tag-poudre-et-pilules-de-cyanure-de-potassium-bon-marche-en-europe","27":"product_tag-vente-de-poudre-et-de-comprimes-de-cyanure-de-potassium-en-europe","28":"product_tag-vente-en-ligne-de-poudre-et-de-comprimes-de-cyanure-de-potassium","30":"first","31":"instock","32":"shipping-taxable","33":"purchasable","34":"product-type-variable","35":"farmacie-col"},"aioseo_notices":[],"_links":{"self":[{"href":"https:\/\/lacasadelamedicina.es\/fr\/wp-json\/wp\/v2\/product\/28642"}],"collection":[{"href":"https:\/\/lacasadelamedicina.es\/fr\/wp-json\/wp\/v2\/product"}],"about":[{"href":"https:\/\/lacasadelamedicina.es\/fr\/wp-json\/wp\/v2\/types\/product"}],"replies":[{"embeddable":true,"href":"https:\/\/lacasadelamedicina.es\/fr\/wp-json\/wp\/v2\/comments?post=28642"}],"wp:featuredmedia":[{"embeddable":true,"href":"https:\/\/lacasadelamedicina.es\/fr\/wp-json\/wp\/v2\/media\/19400"}],"wp:attachment":[{"href":"https:\/\/lacasadelamedicina.es\/fr\/wp-json\/wp\/v2\/media?parent=28642"}],"wp:term":[{"taxonomy":"product_cat","embeddable":true,"href":"https:\/\/lacasadelamedicina.es\/fr\/wp-json\/wp\/v2\/product_cat?post=28642"},{"taxonomy":"product_tag","embeddable":true,"href":"https:\/\/lacasadelamedicina.es\/fr\/wp-json\/wp\/v2\/product_tag?post=28642"}],"curies":[{"name":"wp","href":"https:\/\/api.w.org\/{rel}","templated":true}]}}