{"id":28641,"date":"2024-08-10T09:07:04","date_gmt":"2024-08-10T09:07:04","guid":{"rendered":"https:\/\/lacasadelamedicina.es\/product\/achetez-des-champignons-golden-teacher-en-ligne\/"},"modified":"2024-08-10T09:07:04","modified_gmt":"2024-08-10T09:07:04","slug":"achetez-des-champignons-golden-teacher-en-ligne","status":"publish","type":"product","link":"https:\/\/lacasadelamedicina.es\/fr\/produit\/achetez-des-champignons-golden-teacher-en-ligne\/","title":{"rendered":"Achetez des champignons Golden Teacher en ligne"},"content":{"rendered":"<h2>Achetez des champignons Golden Teacher en ligne<\/h2>\n<p> Achetez Golden Teacher en ligne. Les champignons Golden Teacher cr\u00e9ent de la magie dans l&rsquo;esprit et offrent un voyage vers la connaissance de soi. Ce kit de culture FreshMushroom 100 % myc\u00e9lium pousse rapidement et ne n\u00e9cessite aucun entretien. Le XP signifie Extra Potency !   <\/p>\n<h3>Comment \u00e7a marche<\/h3>\n<p> La psilocybine agit en activant les r\u00e9cepteurs de la s\u00e9rotonine, le plus souvent dans le cortex pr\u00e9frontal, <span class=\"css-1a8rnix icon-hl-trusted-source-after\"><span class=\"sro\">Trusted Source<\/span><\/span> . Cette partie du cerveau affecte l\u2019humeur, la cognition et la perception. Les hallucinog\u00e8nes agissent \u00e9galement dans d\u2019autres r\u00e9gions du cerveau qui r\u00e9gulent les r\u00e9actions d\u2019\u00e9veil et de panique. La psilocybine ne provoque pas toujours d\u2019hallucinations visuelles ou auditives actives. Au contraire, elle d\u00e9forme la fa\u00e7on dont certaines personnes qui consomment cette drogue per\u00e7oivent les objets et les personnes d\u00e9j\u00e0 pr\u00e9sentes dans leur environnement. La quantit\u00e9 de drogue consomm\u00e9e par une personne, ses exp\u00e9riences pass\u00e9es et ses attentes quant \u00e0 la mani\u00e8re dont l\u2019exp\u00e9rience se d\u00e9roulera peuvent toutes avoir un impact sur les effets de la psilocybine. Selon l\u2019Observatoire europ\u00e9en des drogues et des toxicomanies (OEDT), les effets hallucinog\u00e8nes de la psilocybine surviennent g\u00e9n\u00e9ralement dans les 30 minutes suivant l\u2019ingestion et durent de 4 \u00e0 6 heures. Chez certaines personnes, les changements dans la perception sensorielle et les sch\u00e9mas de pens\u00e9e peuvent durer plusieurs jours.        <\/p>\n<h3>Puissance<\/h3>\n<p> La puissance d&rsquo;un champignon magique d\u00e9pend de : <\/p>\n<ul>\n<li>esp\u00e8ces<\/li>\n<li>origine<\/li>\n<li>conditions de croissance<\/li>\n<li>p\u00e9riode de r\u00e9colte<\/li>\n<li>si une personne les mange frais ou s\u00e9ch\u00e9s<\/li>\n<\/ul>\n<p> L&rsquo;EMCDDA sugg\u00e8re que la quantit\u00e9 de psilocybine dans les champignons s\u00e9ch\u00e9s est environ 10 fois plus \u00e9lev\u00e9e que celle de leurs homologues frais. <\/p>\n<h3>Consommation<\/h3>\n<p> Les champignons contenant de la psilocybine sont petits et g\u00e9n\u00e9ralement bruns ou bruns. Dans la nature, les gens peuvent confondre les champignons contenant de la psilocybine avec d&rsquo;autres champignons v\u00e9n\u00e9neux. Les gens consomment g\u00e9n\u00e9ralement de la psilocybine sous forme de th\u00e9 infus\u00e9 ou la pr\u00e9parent avec un aliment pour masquer son go\u00fbt amer. Les fabricants \u00e9crasent \u00e9galement les champignons s\u00e9ch\u00e9s en poudre et les pr\u00e9parent sous forme de g\u00e9lules. Certaines personnes qui consomment ces champignons les enrobent de chocolat.     <\/p>\n<h3>Histoire:<\/h3>\n<p> Les amateurs de champignons magiques s&rsquo;accordent \u00e0 dire que les champignons Golden Teacher, \u00e9galement connus sous le nom de souche de Psilocybe cubensis, sont les champignons psych\u00e9d\u00e9liques les plus populaires. Cet article examinera de plus pr\u00e8s les fameux champignons Golden Teacher. \u00c0 la fin de cet article, vous saurez tout ce qu&rsquo;il y a \u00e0 savoir sur ce champignon psych\u00e9d\u00e9lique. Ceux qui sont nouveaux dans le monde des psych\u00e9d\u00e9liques et des champignons peuvent compter sur les Golden Teachers pour un voyage fiable avec moins de risques de faire un bad trip. Par cons\u00e9quent, ils sont souvent une passerelle pour les champignons magiques novices.    <\/p>\n<h3>Effets des champignons Golden Teacher ;<\/h3>\n<p> Les champignons Golden Teacher produisent \u00e9galement des effets hallucinog\u00e8nes **, un trait commun \u00e0 tous les champignons magiques. Attendez-vous \u00e0 une exp\u00e9rience visionnaire accompagn\u00e9e de vagues d&rsquo;\u00e9nergie universelle d\u00e9ferlant sur vous avec de fortes hallucinations aux yeux ouverts et ferm\u00e9s.<\/p>\n","protected":false},"excerpt":{"rendered":"<p>Les professeurs d&rsquo;or sont \u00e9galement reconnus pour leurs effets spirituels et\/ou chamaniques. Par cons\u00e9quent, ce champignon n&rsquo;est pas seulement destin\u00e9 aux voyages occasionnels. Il peut \u00e9galement \u00eatre utilis\u00e9 pour acqu\u00e9rir de nouvelles connaissances sur vous-m\u00eame et sur l&rsquo;univers.  <\/p>\n","protected":false},"featured_media":19730,"comment_status":"open","ping_status":"closed","template":"","meta":{"om_disable_all_campaigns":false,"_sitemap_exclude":false,"_sitemap_priority":"","_sitemap_frequency":"","_monsterinsights_skip_tracking":false,"_monsterinsights_sitenote_active":false,"_monsterinsights_sitenote_note":"","_monsterinsights_sitenote_category":0},"product_cat":[18970],"product_tag":[19059,19060,19066,19080,19072,19075,19078,19069,19067,19073,19065,19068,19062,19063,19079,19077,19074,19061,19070,19076,19071,19064],"class_list":{"0":"post-28641","1":"product","2":"type-product","3":"status-publish","4":"has-post-thumbnail","6":"product_cat-champignons-magiques","7":"product_tag-achetez-des-champignons-golden-teacher","8":"product_tag-achetez-des-champignons-golden-teacher-en-ligne","9":"product_tag-achetez-des-champignons-golden-teacher-en-ligne-en-europe","10":"product_tag-avis-sur-golden-teacher-mushrooms-europe","11":"product_tag-boutique-en-ligne-golden-teacher-mushrooms-europe","12":"product_tag-boutique-golden-teacher-mushrooms-europe","13":"product_tag-champignons-golden-teacher-authentiques-deurope","14":"product_tag-champignons-golden-teacher-livraison-gratuite-europe","15":"product_tag-champignons-golden-teacher-meilleur-prix-europe","16":"product_tag-champignons-golden-teacher-pas-chers-en-europe","17":"product_tag-combien-coutent-les-champignons-golden-teacher","18":"product_tag-commandez-des-champignons-golden-teacher-eu","19":"product_tag-commandez-les-champignons-golden-teacher-en-ligne","20":"product_tag-effets-des-champignons-golden-teacher","21":"product_tag-fournisseurs-europeens-de-golden-teacher-mushrooms","22":"product_tag-livraison-de-champignons-golden-teacher-europe","23":"product_tag-offres-golden-teacher-mushrooms-europe","24":"product_tag-ou-acheter-les-champignons-golden-teacher-en-ligne","25":"product_tag-ou-acheter-les-champignons-golden-teacher-europe","26":"product_tag-remise-sur-les-champignons-golden-teacher-europe","27":"product_tag-vente-de-champignons-golden-teacher-europe","28":"product_tag-vente-en-ligne-de-champignons-golden-teacher","30":"first","31":"instock","32":"shipping-taxable","33":"purchasable","34":"product-type-simple","35":"farmacie-col"},"aioseo_notices":[],"_links":{"self":[{"href":"https:\/\/lacasadelamedicina.es\/fr\/wp-json\/wp\/v2\/product\/28641"}],"collection":[{"href":"https:\/\/lacasadelamedicina.es\/fr\/wp-json\/wp\/v2\/product"}],"about":[{"href":"https:\/\/lacasadelamedicina.es\/fr\/wp-json\/wp\/v2\/types\/product"}],"replies":[{"embeddable":true,"href":"https:\/\/lacasadelamedicina.es\/fr\/wp-json\/wp\/v2\/comments?post=28641"}],"wp:featuredmedia":[{"embeddable":true,"href":"https:\/\/lacasadelamedicina.es\/fr\/wp-json\/wp\/v2\/media\/19730"}],"wp:attachment":[{"href":"https:\/\/lacasadelamedicina.es\/fr\/wp-json\/wp\/v2\/media?parent=28641"}],"wp:term":[{"taxonomy":"product_cat","embeddable":true,"href":"https:\/\/lacasadelamedicina.es\/fr\/wp-json\/wp\/v2\/product_cat?post=28641"},{"taxonomy":"product_tag","embeddable":true,"href":"https:\/\/lacasadelamedicina.es\/fr\/wp-json\/wp\/v2\/product_tag?post=28641"}],"curies":[{"name":"wp","href":"https:\/\/api.w.org\/{rel}","templated":true}]}}