{"id":28636,"date":"2024-08-10T10:17:18","date_gmt":"2024-08-10T10:17:18","guid":{"rendered":"https:\/\/lacasadelamedicina.es\/product\/acheter-des-champignons-magiques-en-ligne\/"},"modified":"2024-08-10T10:17:18","modified_gmt":"2024-08-10T10:17:18","slug":"acheter-des-champignons-magiques-en-ligne","status":"publish","type":"product","link":"https:\/\/lacasadelamedicina.es\/fr\/produit\/acheter-des-champignons-magiques-en-ligne\/","title":{"rendered":"Acheter des champignons magiques en ligne"},"content":{"rendered":"<h3>Acheter des champignons magiques en ligne<\/h3>\n<p> Psilocybe cubensis est une esp\u00e8ce de champignon psych\u00e9d\u00e9lique dont les principaux compos\u00e9s actifs sont la psilocybine et la psilocine. Appel\u00e9 commun\u00e9ment champignons, champignons magiques, sommets dor\u00e9s, cubes ou chapeaux dor\u00e9s, il appartient \u00e0 la famille des champignons Hymenogastraceae et \u00e9tait auparavant connu sous le nom de Stropharia cogenesis. Psilocybin cogenesis est une esp\u00e8ce de champignons psych\u00e9d\u00e9liques dont les principaux compos\u00e9s actifs sont la psilocybine et la psilocine. Appel\u00e9 commun\u00e9ment champignons, champignons magiques, sommets dor\u00e9s, cubes ou chapeaux dor\u00e9s, il appartient \u00e0 la famille des champignons Hymenogastraceae et \u00e9tait auparavant connu sous le nom de Stropharia cogenesis. Les champignons magiques sont des champignons sauvages ou cultiv\u00e9s qui contiennent de la psilocybine, un compos\u00e9 psychoactif et hallucinog\u00e8ne naturel. La psilocybine est consid\u00e9r\u00e9e comme l&rsquo;un des psych\u00e9d\u00e9liques les plus connus, selon les administrations des services de toxicomanie et de sant\u00e9 mentale.       <\/p>\n<h3>Qu&rsquo;est-ce que la psilocybine (champignons magiques) ?<\/h3>\n<p> La psilocybine (4-phosphoryloxy-N, N-dim\u00e9thyltryptamine) et la psilocine sont des compos\u00e9s chimiques obtenus \u00e0 partir de certains types de champignons hallucinog\u00e8nes s\u00e9ch\u00e9s ou frais trouv\u00e9s au Mexique, en Am\u00e9rique du Sud et dans les r\u00e9gions du sud et du nord-ouest des \u00c9tats-Unis. La psilocybine est class\u00e9e comme une indole-alkylamine (tryptamine). Ces compos\u00e9s ont une structure similaire \u00e0 celle du di\u00e9thylamide de l&rsquo;acide lysergique (LSD) et sont consomm\u00e9s de mani\u00e8re abusive pour leurs effets hallucinog\u00e8nes et euphorisants afin de produire un \u00ab trip \u00bb. Les effets hallucinog\u00e8nes (psych\u00e9d\u00e9liques) sont probablement dus \u00e0 une action sur les r\u00e9cepteurs de la s\u00e9rotonine (5-HT) du syst\u00e8me nerveux central. Il existe plus de 180 esp\u00e8ces de champignons qui contiennent les substances chimiques psilocybine ou psilocine. Comme le peyotl (mescaline), les champignons hallucinog\u00e8nes sont utilis\u00e9s dans les rites autochtones ou religieux depuis des si\u00e8cles. La psilocybine et la psilocine peuvent \u00e9galement \u00eatre produites synth\u00e9tiquement en laboratoire. Il a \u00e9t\u00e9 rapport\u00e9 que la psilocybine achet\u00e9e dans la rue peut en fait \u00eatre d\u2019autres esp\u00e8ces de champignons m\u00e9lang\u00e9s au LSD.        <\/p>\n<h3>M\u00e9thodes d&rsquo;utilisation de la psilocybine<\/h3>\n<p> Les \u00ab champignons magiques \u00bb ont des tiges longues et fines qui peuvent para\u00eetre blanches ou gris\u00e2tres, surmont\u00e9es de chapeaux avec des branchies sombres sur le dessous. Les champignons s\u00e9ch\u00e9s sont g\u00e9n\u00e9ralement de couleur brun rouille rouge\u00e2tre avec des zones isol\u00e9es de couleur blanc cass\u00e9. Les champignons sont ing\u00e9r\u00e9s par voie orale et peuvent \u00eatre transform\u00e9s en th\u00e9 ou m\u00e9lang\u00e9s \u00e0 d&rsquo;autres aliments. Les champignons peuvent \u00eatre utilis\u00e9s frais ou s\u00e9ch\u00e9s. La psilocybine a un go\u00fbt amer et d\u00e9sagr\u00e9able.<\/p>\n","protected":false},"excerpt":{"rendered":"<p>Acheter des champignons magiques en ligne Psilocybe cubensis est une esp\u00e8ce de champignon psych\u00e9d\u00e9lique dont les principaux compos\u00e9s actifs sont la psilocybine et la psilocine. Appel\u00e9 commun\u00e9ment champignons, champignons magiques, sommets dor\u00e9s, cubes ou chapeaux dor\u00e9s, il appartient \u00e0 la famille des champignons Hymenogastraceae et \u00e9tait auparavant connu sous le nom de Stropharia cogenesis. Psilocybin [&hellip;]<\/p>\n","protected":false},"featured_media":19760,"comment_status":"open","ping_status":"closed","template":"","meta":{"om_disable_all_campaigns":false,"_sitemap_exclude":false,"_sitemap_priority":"","_sitemap_frequency":"","_monsterinsights_skip_tracking":false,"_monsterinsights_sitenote_active":false,"_monsterinsights_sitenote_note":"","_monsterinsights_sitenote_category":0},"product_cat":[18970],"product_tag":[19016,19015,19022,19036,19031,19028,19023,19034,19025,19029,19021,19018,19024,19019,19035,19033,19030,19026,19017,19032,19027,19020],"class_list":{"0":"post-28636","1":"product","2":"type-product","3":"status-publish","4":"has-post-thumbnail","6":"product_cat-champignons-magiques","7":"product_tag-acheter-des-champignons-magiques","8":"product_tag-acheter-des-champignons-magiques-en-ligne","9":"product_tag-acheter-des-champignons-magiques-en-ligne-en-europe","10":"product_tag-avis-sur-magic-mushrooms-europe","11":"product_tag-boutique-de-champignons-magiques-europe","12":"product_tag-boutique-en-ligne-de-champignons-magiques-europe","13":"product_tag-champignons-magiques-au-meilleur-prix-en-europe","14":"product_tag-champignons-magiques-authentiques-deurope","15":"product_tag-champignons-magiques-livraison-gratuite-europe","16":"product_tag-champignons-magiques-pas-chers-en-europe","17":"product_tag-combien-coutent-les-champignons-magiques","18":"product_tag-commander-des-champignons-magiques-en-ligne","19":"product_tag-commander-des-champignons-magiques-ue","20":"product_tag-effets-des-champignons-magiques","21":"product_tag-fournisseurs-de-champignons-magiques-en-europe","22":"product_tag-livraison-de-champignons-magiques-en-europe","23":"product_tag-offres-sur-les-champignons-magiques-en-europe","24":"product_tag-ou-acheter-des-champignons-magiques-en-europe","25":"product_tag-ou-acheter-des-champignons-magiques-en-ligne","26":"product_tag-remise-sur-les-champignons-magiques-en-europe","27":"product_tag-vente-de-champignons-magiques-en-europe","28":"product_tag-vente-en-ligne-de-champignons-magiques","30":"first","31":"instock","32":"shipping-taxable","33":"purchasable","34":"product-type-simple","35":"farmacie-col"},"aioseo_notices":[],"_links":{"self":[{"href":"https:\/\/lacasadelamedicina.es\/fr\/wp-json\/wp\/v2\/product\/28636"}],"collection":[{"href":"https:\/\/lacasadelamedicina.es\/fr\/wp-json\/wp\/v2\/product"}],"about":[{"href":"https:\/\/lacasadelamedicina.es\/fr\/wp-json\/wp\/v2\/types\/product"}],"replies":[{"embeddable":true,"href":"https:\/\/lacasadelamedicina.es\/fr\/wp-json\/wp\/v2\/comments?post=28636"}],"wp:featuredmedia":[{"embeddable":true,"href":"https:\/\/lacasadelamedicina.es\/fr\/wp-json\/wp\/v2\/media\/19760"}],"wp:attachment":[{"href":"https:\/\/lacasadelamedicina.es\/fr\/wp-json\/wp\/v2\/media?parent=28636"}],"wp:term":[{"taxonomy":"product_cat","embeddable":true,"href":"https:\/\/lacasadelamedicina.es\/fr\/wp-json\/wp\/v2\/product_cat?post=28636"},{"taxonomy":"product_tag","embeddable":true,"href":"https:\/\/lacasadelamedicina.es\/fr\/wp-json\/wp\/v2\/product_tag?post=28636"}],"curies":[{"name":"wp","href":"https:\/\/api.w.org\/{rel}","templated":true}]}}