{"id":28635,"date":"2024-08-10T10:33:02","date_gmt":"2024-08-10T10:33:02","guid":{"rendered":"https:\/\/lacasadelamedicina.es\/product\/achetez-des-champignons-magiques-mazatapec-en-ligne\/"},"modified":"2024-08-10T10:33:02","modified_gmt":"2024-08-10T10:33:02","slug":"achetez-des-champignons-magiques-mazatapec-en-ligne","status":"publish","type":"product","link":"https:\/\/lacasadelamedicina.es\/fr\/produit\/achetez-des-champignons-magiques-mazatapec-en-ligne\/","title":{"rendered":"Achetez des champignons magiques Mazatapec en ligne"},"content":{"rendered":"<h3>Champignon magique Mazatapec<\/h3>\n<p> Achetez des champignons Mazatapec en ligne. Un champignon \u00e0 psilocybine, \u00e9galement connu sous le nom de champignon magique ou champignon psych\u00e9d\u00e9lique, contient de la psilocybine et de la psilocine. Les genres biologiques contenant des champignons \u00e0 psilocybine comprennent Copelandia, Gymnopilus, Inocybe, Panaeolus, Pholiotina, Pluteus et Psilocybe. Les champignons modifient chimiquement le cerveau. En g\u00e9n\u00e9ral, leurs effets durent de 6 \u00e0 7 heures et peuvent \u00eatre remarqu\u00e9s m\u00eame apr\u00e8s 24 heures. Les champignons magiques Mazatapec sont l&rsquo;une des deux vari\u00e9t\u00e9s tr\u00e8s populaires qui viennent du Mexique. Ces champignons produisent un voyage spirituel tr\u00e8s puissant et sont doux pour le corps. Par rapport \u00e0 d&rsquo;autres vari\u00e9t\u00e9s, les champignons Mazatepec ne font pas baisser autant la temp\u00e9rature de votre corps et les utilisateurs ont \u00e9galement signal\u00e9 qu&rsquo;ils serraient moins leurs m\u00e2choires avec cette vari\u00e9t\u00e9. Cela vous permettra \u00e0 son tour de profiter de votre voyage spirituel avec moins de distractions. L&rsquo;apparence de ces champignons est caract\u00e9ris\u00e9e par leurs chapeaux brun clair \u00e0 brun fonc\u00e9 associ\u00e9s \u00e0 une tige de taille moyenne.         <\/p>\n<h4>Histoire du Mazatapec<\/h4>\n<p> Trouv\u00e9 \u00e0 Oaxaca, au Mexique, le peuple indig\u00e8ne Mazat\u00e8que utilise ces champignons magiques pour des c\u00e9r\u00e9monies spirituelles et rituelles. C&rsquo;est une souche constante qui est utilis\u00e9e depuis des g\u00e9n\u00e9rations. La souche Mazatapec est \u00e9galement l&rsquo;un des premiers champignons \u00e0 psilocybine introduits dans le monde occidental. Acheter des champignons Mazatapec en ligne Effets du Mazatapec Cubensis Mazatapec Cubensis est id\u00e9al pour les d\u00e9butants et les v\u00e9t\u00e9rans. Il offre une exp\u00e9rience psychoactive compl\u00e8te avec un impact doux sur le corps. Les effets \u00e9largissent votre cr\u00e9ativit\u00e9 et vos pens\u00e9es originales. De plus, il am\u00e9liore le comportement social et les bons sentiments. Vous aurez des hallucinations visuelles avec les yeux ferm\u00e9s ou ouverts. Les visuels comprendront des variations de forme et de couleur, ainsi que des fractales et des formes.        <\/p>\n<h3>Guide de dosage<\/h3>\n<p> Dose cr\u00e9ative : 0,5 gramme \u00e0 1,25 gramme Dose r\u00e9cr\u00e9ative moyenne : 1,5 gramme \u00e0 2 grammes Dose r\u00e9cr\u00e9ative compl\u00e8te : 2 grammes \u00e0 3,5 grammes Dose r\u00e9cr\u00e9ative compl\u00e8te exp\u00e9riment\u00e9e : 3,5 grammes \u00e0 5 grammes Dose h\u00e9ro\u00efque : 5 grammes \u00e0 7+ grammes &nbsp;<\/p>\n","protected":false},"excerpt":{"rendered":"<p>Champignon magique Mazatapec Achetez des champignons Mazatapec en ligne. Un champignon \u00e0 psilocybine, \u00e9galement connu sous le nom de champignon magique ou champignon psych\u00e9d\u00e9lique, contient de la psilocybine et de la psilocine. Les genres biologiques contenant des champignons \u00e0 psilocybine comprennent Copelandia, Gymnopilus, Inocybe, Panaeolus, Pholiotina, Pluteus et Psilocybe. Les champignons modifient chimiquement le cerveau. [&hellip;]<\/p>\n","protected":false},"featured_media":14905,"comment_status":"open","ping_status":"closed","template":"","meta":{"om_disable_all_campaigns":false,"_sitemap_exclude":false,"_sitemap_priority":"","_sitemap_frequency":"","_monsterinsights_skip_tracking":false,"_monsterinsights_sitenote_active":false,"_monsterinsights_sitenote_note":"","_monsterinsights_sitenote_category":0},"product_cat":[18970],"product_tag":[18993,19000,18994,19014,19006,19009,19012,19003,19001,19007,18999,19002,18996,18997,19013,19011,19008,19004,18995,19010,19005,18998],"class_list":{"0":"post-28635","1":"product","2":"type-product","3":"status-publish","4":"has-post-thumbnail","6":"product_cat-champignons-magiques","7":"product_tag-acheter-des-champignons-magiques-mazatapec","8":"product_tag-acheter-des-champignons-magiques-mazatapec-en-ligne-en-europe","9":"product_tag-achetez-des-champignons-magiques-mazatapec-en-ligne","10":"product_tag-avis-sur-mazatapec-magic-mushroom-europe","11":"product_tag-boutique-en-ligne-de-champignons-magiques-mazatapec-europe","12":"product_tag-boutique-europeenne-de-champignons-magiques-mazatapec","13":"product_tag-champignon-magique-mazatapec-authentique-europe","14":"product_tag-champignons-magiques-mazatapec-livraison-gratuite-europe","15":"product_tag-champignons-magiques-mazatapec-meilleur-prix-europe","16":"product_tag-champignons-magiques-mazatapec-pas-cher-europe","17":"product_tag-combien-coute-le-champignon-magique-mazatapec","18":"product_tag-commander-des-champignons-magiques-mazatapec-eu","19":"product_tag-commandez-des-champignons-magiques-mazatapec-en-ligne","20":"product_tag-effets-du-champignon-magique-mazatapec","21":"product_tag-fournisseurs-europeens-de-champignons-magiques-mazatapec","22":"product_tag-livraison-de-champignons-magiques-mazatapec-en-europe","23":"product_tag-offres-sur-les-champignons-magiques-mazatapec-en-europe","24":"product_tag-ou-acheter-les-champignons-magiques-mazatapec-en-europe","25":"product_tag-ou-acheter-les-champignons-magiques-mazatapec-en-ligne","26":"product_tag-remise-sur-les-champignons-magiques-mazatapec-en-europe","27":"product_tag-vente-de-champignons-magiques-mazatapec-en-europe","28":"product_tag-vente-en-ligne-de-champignons-magiques-mazatapec","30":"first","31":"instock","32":"shipping-taxable","33":"purchasable","34":"product-type-simple","35":"farmacie-col"},"aioseo_notices":[],"_links":{"self":[{"href":"https:\/\/lacasadelamedicina.es\/fr\/wp-json\/wp\/v2\/product\/28635"}],"collection":[{"href":"https:\/\/lacasadelamedicina.es\/fr\/wp-json\/wp\/v2\/product"}],"about":[{"href":"https:\/\/lacasadelamedicina.es\/fr\/wp-json\/wp\/v2\/types\/product"}],"replies":[{"embeddable":true,"href":"https:\/\/lacasadelamedicina.es\/fr\/wp-json\/wp\/v2\/comments?post=28635"}],"wp:featuredmedia":[{"embeddable":true,"href":"https:\/\/lacasadelamedicina.es\/fr\/wp-json\/wp\/v2\/media\/14905"}],"wp:attachment":[{"href":"https:\/\/lacasadelamedicina.es\/fr\/wp-json\/wp\/v2\/media?parent=28635"}],"wp:term":[{"taxonomy":"product_cat","embeddable":true,"href":"https:\/\/lacasadelamedicina.es\/fr\/wp-json\/wp\/v2\/product_cat?post=28635"},{"taxonomy":"product_tag","embeddable":true,"href":"https:\/\/lacasadelamedicina.es\/fr\/wp-json\/wp\/v2\/product_tag?post=28635"}],"curies":[{"name":"wp","href":"https:\/\/api.w.org\/{rel}","templated":true}]}}