{"id":28634,"date":"2024-08-10T10:46:42","date_gmt":"2024-08-10T10:46:42","guid":{"rendered":"https:\/\/lacasadelamedicina.es\/product\/par-penis-envy-mushrooms-en-ligne\/"},"modified":"2024-08-10T10:46:42","modified_gmt":"2024-08-10T10:46:42","slug":"par-penis-envy-mushrooms-en-ligne","status":"publish","type":"product","link":"https:\/\/lacasadelamedicina.es\/fr\/produit\/par-penis-envy-mushrooms-en-ligne\/","title":{"rendered":"Par Penis Envy Mushrooms en ligne"},"content":{"rendered":"<h3>Par Penis Envy Mushrooms en ligne<\/h3>\n<p> Achetez des champignons Penis Envy en ligne. Psilocybe cubensis est une esp\u00e8ce de champignons psych\u00e9d\u00e9liques dont les principaux compos\u00e9s actifs sont la psilocybine et la psilocine. Commun\u00e9ment appel\u00e9s champignons, champignons magiques, sommets dor\u00e9s, cubes ou capsules dor\u00e9es. Les champignons Supa Envy vous feront vivre des voyages de niveau 4 \u00e0 5 qui vous emm\u00e8neront dans une autre dimension pendant des heures. Le Penis Envy est un gagnant absolu&#8230; Fort et tr\u00e8s visuel. En plus de sa puissance plus \u00e9lev\u00e9e, le Penis Envy a un aspect diff\u00e9rent. Aucune supposition n&rsquo;est n\u00e9cessaire, son apparence en forme de phallus en fait vraiment quelque chose d&rsquo;autre. La meilleure chose est que vous pouvez \u00e9galement cultiver ces champignons magiques. Le Penis Envy est une vari\u00e9t\u00e9 de champignons magiques tr\u00e8s puissante qui est connue pour avoir une quantit\u00e9 plus \u00e9lev\u00e9e. Achetez des champignons Penis Envy en ligne. Les champignons Penis Envy sont l&rsquo;une des 180 esp\u00e8ces de champignons du genre Psilocybe et poussent dans divers environnements. Le champignon de l&rsquo;envie du p\u00e9nis porte \u00e9galement les noms de Flying Saucers, Indigo Psilocybe, Azzies et Blue Angels.            <strong>Qu&rsquo;est-ce qui distingue nos champignons magiques Penis Envy ?<\/strong><\/p>\n<ol>\n<li><strong>Assurance l\u00e9gale et test\u00e9e en laboratoire<\/strong> : Chez Dr. Lawson&rsquo;s Pharmacy, tous nos produits, y compris les captivants champignons Penis Envy, sont minutieusement test\u00e9s pour garantir qu&rsquo;ils sont exempts de psilocybine, de psilocine, de 4-ACO-DMT, d&rsquo;Amanita muscaria, de cannabino\u00efdes et d&rsquo;autres produits chimiques de recherche. Ces tests rigoureux garantissent que nos offres r\u00e9pondent aux normes de s\u00e9curit\u00e9 et de l\u00e9galit\u00e9 les plus \u00e9lev\u00e9es. <\/li>\n<li><strong>Culture innovante<\/strong> : nos champignons Penis Envy sont cultiv\u00e9s gr\u00e2ce \u00e0 des techniques de culture avanc\u00e9es qui se concentrent sur la manipulation de la composition g\u00e9n\u00e9tique pour cr\u00e9er une souche \u00ab non d\u00e9tect\u00e9e \u00bb. Cela signifie que nos champignons sont d\u00e9pourvus de psilocybine et de psilocine, tout en pr\u00e9servant les qualit\u00e9s uniques qui les rendent recherch\u00e9s. <\/li>\n<li><strong>Profil alcalo\u00efde am\u00e9lior\u00e9<\/strong> : ce qui rend nos champignons Penis Envy vraiment sp\u00e9ciaux, ce sont leurs niveaux \u00e9lev\u00e9s d&rsquo;autres alcalo\u00efdes naturels. Ces compos\u00e9s contribuent \u00e0 une exp\u00e9rience psych\u00e9d\u00e9lique intense et immersive, offrant les effets profonds que recherchent les utilisateurs m\u00e9dicaux et r\u00e9cr\u00e9atifs. <\/li>\n<li><strong>Gamme de produits diversifi\u00e9e<\/strong> : en plus de nos champignons Penis Envy, la pharmacie Dr. Lawson&rsquo;s propose une gamme d&rsquo;autres produits \u00e0 base de champignons magiques, notamment des gummies et des capsules microdos\u00e9es. Chaque produit est fabriqu\u00e9 avec le m\u00eame engagement en mati\u00e8re de qualit\u00e9 et de s\u00e9curit\u00e9. <\/li>\n<\/ol>\n<p> Achetez des champignons Penis Envy en ligne d\u00e8s aujourd&rsquo;hui. Le champignon Penis Envy contient 0,4 % de ba\u00e9ocystine, 1,8 % de psilocybine et 0,5 % de psilocine. C&rsquo;est l&rsquo;esp\u00e8ce la plus puissante pour synth\u00e9tiser la tryptamine. Par exemple, cette esp\u00e8ce est 3 fois plus puissante que Psilocybe Cubensis Psilocybe Cyanscens <strong>D\u00e9couvrez les caract\u00e9ristiques uniques de nos champignons Penis Envy \u00e0 la pharmacie du Dr Lawson<\/strong> Nos champignons Penis Envy pr\u00e9sentent des caract\u00e9ristiques exceptionnelles et rares qui les distinguent. Voici un aper\u00e7u plus d\u00e9taill\u00e9 de leurs caract\u00e9ristiques distinctives :     <\/p>\n<ul>\n<li><strong>Spores<\/strong> : ces champignons poss\u00e8dent des spores qui se d\u00e9clinent en deux teintes distinctes : violet-noir et brun-violet fonc\u00e9. Les spores sont de forme ellipso\u00efde, ce qui les distingue des autres esp\u00e8ces du m\u00eame genre. <\/li>\n<li><strong>Pil\u00e9us (chapeau)<\/strong> : Le chapeau du champignon est de forme conique ou convexe. Lorsqu&rsquo;il est frais, il pr\u00e9sente une riche couleur marron ou caramel. \u00c0 mesure que le champignon vieillit, la tache sombre profonde au centre du chapeau passe \u00e0 une teinte plus claire semblable \u00e0 de la paille en s\u00e9chant.  <\/li>\n<\/ul>\n<p> Chez Dr. Lawson&rsquo;s Pharmacy, nous nous engageons \u00e0 offrir des champignons Penis Envy de haute qualit\u00e9 avec ces attributs uniques, garantissant un produit \u00e0 la fois rare et remarquable.<\/p>\n","protected":false},"excerpt":{"rendered":"<p>Le champignon responsable de l&rsquo;envie du p\u00e9nis a \u00e9t\u00e9 d\u00e9couvert en 1979 et depuis, les chercheurs ont publi\u00e9 divers articles sur le sujet. Par exemple, dans sa publication de 1996, \u00ab Psilocybin shrooms of the world \u00bb, Paul Stamets a nomm\u00e9 l&rsquo;esp\u00e8ce Azurescens. Le nom Azurescens est une traduction approximative de la couleur azur ou bleue du champignon.  <\/p>\n","protected":false},"featured_media":19790,"comment_status":"open","ping_status":"closed","template":"","meta":{"om_disable_all_campaigns":false,"_sitemap_exclude":false,"_sitemap_priority":"","_sitemap_frequency":"","_monsterinsights_skip_tracking":false,"_monsterinsights_sitenote_active":false,"_monsterinsights_sitenote_note":"","_monsterinsights_sitenote_category":0},"product_cat":[18970],"product_tag":[18971,18972,18978,18992,18984,18987,18990,18979,18981,18985,18977,18980,18974,18975,18991,18989,18986,18973,18982,18988,18983,18976],"class_list":{"0":"post-28634","1":"product","2":"type-product","3":"status-publish","4":"has-post-thumbnail","6":"product_cat-champignons-magiques","7":"product_tag-acheter-des-champignons-penis-envy","8":"product_tag-achetez-des-champignons-penis-envy-en-ligne","9":"product_tag-achetez-des-champignons-penis-envy-en-ligne-en-europe","10":"product_tag-avis-sur-penis-envy-mushrooms-europe","11":"product_tag-boutique-en-ligne-de-champignons-penis-envy-europe","12":"product_tag-boutique-europeenne-de-champignons-penis-envy","13":"product_tag-champignons-authentiques-pour-lenvie-de-penis-en-europe","14":"product_tag-champignons-penis-envy-au-meilleur-prix-en-europe","15":"product_tag-champignons-penis-envy-livraison-gratuite-en-europe","16":"product_tag-champignons-penis-envy-pas-cher-en-europe","17":"product_tag-combien-coute-le-penis-envy-mushrooms","18":"product_tag-commander-des-champignons-penis-envy-eu","19":"product_tag-commandez-des-champignons-penis-envy-en-ligne","20":"product_tag-effets-des-champignons-penis-envy","21":"product_tag-fournisseurs-europeens-de-champignons-penis-envy","22":"product_tag-livraison-de-champignons-penis-envy-en-europe","23":"product_tag-offres-europeennes-sur-les-champignons-penis-envy","24":"product_tag-ou-acheter-des-champignons-penis-envy-en-ligne","25":"product_tag-ou-acheter-les-champignons-penis-envy-en-europe","26":"product_tag-remise-sur-les-champignons-penis-envy-europe","27":"product_tag-vente-de-champignons-penis-envy-en-europe","28":"product_tag-vente-en-ligne-de-champignons-penis-envy","30":"first","31":"instock","32":"shipping-taxable","33":"purchasable","34":"product-type-simple","35":"farmacie-col"},"aioseo_notices":[],"_links":{"self":[{"href":"https:\/\/lacasadelamedicina.es\/fr\/wp-json\/wp\/v2\/product\/28634"}],"collection":[{"href":"https:\/\/lacasadelamedicina.es\/fr\/wp-json\/wp\/v2\/product"}],"about":[{"href":"https:\/\/lacasadelamedicina.es\/fr\/wp-json\/wp\/v2\/types\/product"}],"replies":[{"embeddable":true,"href":"https:\/\/lacasadelamedicina.es\/fr\/wp-json\/wp\/v2\/comments?post=28634"}],"wp:featuredmedia":[{"embeddable":true,"href":"https:\/\/lacasadelamedicina.es\/fr\/wp-json\/wp\/v2\/media\/19790"}],"wp:attachment":[{"href":"https:\/\/lacasadelamedicina.es\/fr\/wp-json\/wp\/v2\/media?parent=28634"}],"wp:term":[{"taxonomy":"product_cat","embeddable":true,"href":"https:\/\/lacasadelamedicina.es\/fr\/wp-json\/wp\/v2\/product_cat?post=28634"},{"taxonomy":"product_tag","embeddable":true,"href":"https:\/\/lacasadelamedicina.es\/fr\/wp-json\/wp\/v2\/product_tag?post=28634"}],"curies":[{"name":"wp","href":"https:\/\/api.w.org\/{rel}","templated":true}]}}