{"id":28598,"date":"2024-08-10T19:03:32","date_gmt":"2024-08-10T19:03:32","guid":{"rendered":"https:\/\/lacasadelamedicina.es\/product\/acheter-adderall-en-ligne\/"},"modified":"2024-08-10T19:03:32","modified_gmt":"2024-08-10T19:03:32","slug":"acheter-adderall-en-ligne","status":"publish","type":"product","link":"https:\/\/lacasadelamedicina.es\/fr\/produit\/acheter-adderall-en-ligne\/","title":{"rendered":"Acheter Adderall en ligne"},"content":{"rendered":"<h1 class=\"product_title entry-title\">Acheter Adderall en ligne<\/h1>\n<p> Acheter Adderall en ligne. Adderall est un m\u00e9dicament sur ordonnance contenant de l&rsquo;amph\u00e9tamine et de la dextroamph\u00e9tamine, class\u00e9s comme stimulants. Il est principalement prescrit pour traiter le trouble d\u00e9ficitaire de l&rsquo;attention avec hyperactivit\u00e9 (TDAH) et la narcolepsie. Adderall est une option privil\u00e9gi\u00e9e pour la gestion du TDAH. Les recherches montrent qu&rsquo;Adderall et Adderall XR am\u00e9liorent l&rsquo;attention, la concentration et r\u00e9duisent les comportements impulsifs, 75 \u00e0 80 % des enfants atteints de TDAH connaissant une am\u00e9lioration des sympt\u00f4mes gr\u00e2ce \u00e0 l&rsquo;utilisation de stimulants. Pour la narcolepsie, Adderall aide \u00e0 augmenter l&rsquo;\u00e9veil diurne, bien que les recherches sur son efficacit\u00e9 pour cette condition soient limit\u00e9es. Adderall et Mydayis sont des noms de marque pour un m\u00e9dicament compos\u00e9 de sels d&rsquo;amph\u00e9tamine mixtes, qui comprend une combinaison de quatre sels d&rsquo;amph\u00e9tamine. Ce m\u00e9lange se compose \u00e0 parts \u00e9gales d&rsquo;amph\u00e9tamine rac\u00e9mique et de dextroamph\u00e9tamine, cr\u00e9ant un rapport (3:1) de dextroamph\u00e9tamine \u00e0 l\u00e9voamph\u00e9tamine. Les deux \u00e9nantiom\u00e8res sont des stimulants mais ont des effets diff\u00e9rents, ce qui conf\u00e8re \u00e0 l&rsquo;Adderall un profil unique par rapport aux autres formes d&rsquo;amph\u00e9tamine. L&rsquo;Adderall est utilis\u00e9 pour traiter le TDAH et la narcolepsie, mais il est \u00e9galement utilis\u00e9 \u00e0 mauvais escient pour les performances sportives, l&rsquo;am\u00e9lioration cognitive, la suppression de l&rsquo;app\u00e9tit et l&rsquo;euphorie r\u00e9cr\u00e9ative. Il appartient \u00e0 la classe des stimulants du syst\u00e8me nerveux central (SNC). Nom g\u00e9n\u00e9rique : amph\u00e9tamine et dextroamph\u00e9tamine Noms de marque : Adderall, Adderall XR, Mydayis Classe de m\u00e9dicaments : Stimulants du SNC<\/p>\n","protected":false},"excerpt":{"rendered":"<p>Achetez de l&rsquo;Adderall en ligne. L&rsquo;Adderall est un m\u00e9dicament sur ordonnance compos\u00e9 d&rsquo;amph\u00e9tamine et de dextroamph\u00e9tamine. Vous pouvez trouver de l&rsquo;Adderall disponible \u00e0 l&rsquo;achat en ligne, y compris sous forme de pilules.  <\/p>\n","protected":false},"featured_media":19805,"comment_status":"open","ping_status":"closed","template":"","meta":{"om_disable_all_campaigns":false,"_sitemap_exclude":false,"_sitemap_priority":"","_sitemap_frequency":"","_monsterinsights_skip_tracking":false,"_monsterinsights_sitenote_active":false,"_monsterinsights_sitenote_note":"","_monsterinsights_sitenote_category":0},"product_cat":[18529],"product_tag":[18949,18950,18955,18967,18956,18962,18969,18964,18961,18954,18951,18957,18952,18968,18966,18958,18963,18959,18948,18965,18960,18953],"class_list":{"0":"post-28598","1":"product","2":"type-product","3":"status-publish","4":"has-post-thumbnail","6":"product_cat-analgesiques","7":"product_tag-acheter-adderall","8":"product_tag-acheter-adderall-en-ligne","9":"product_tag-acheter-adderall-en-ligne-en-europe","10":"product_tag-adderall-authentique-europe","11":"product_tag-adderall-meilleur-prix-europe","12":"product_tag-adderall-pas-cher-en-europe","13":"product_tag-avis-sur-adderall-europe","14":"product_tag-boutique-adderall-europe","15":"product_tag-boutique-en-ligne-adderall-europe","16":"product_tag-combien-coute-ladderall","17":"product_tag-commander-adderall-en-ligne","18":"product_tag-commander-adderall-ue","19":"product_tag-effets-de-ladderall","20":"product_tag-fournisseurs-dadderall-en-europe","21":"product_tag-livraison-dadderall-en-europe","22":"product_tag-livraison-gratuite-dadderall-en-europe","23":"product_tag-offres-adderall-europe","24":"product_tag-ou-acheter-adderall-en-europe","25":"product_tag-ou-acheter-adderall-en-ligne","26":"product_tag-rabais-sur-adderall-en-europe","27":"product_tag-vente-dadderall-en-europe","28":"product_tag-vente-dadderall-en-ligne","30":"first","31":"instock","32":"shipping-taxable","33":"purchasable","34":"product-type-variable","35":"farmacie-col","36":"product-has-gallery"},"aioseo_notices":[],"_links":{"self":[{"href":"https:\/\/lacasadelamedicina.es\/fr\/wp-json\/wp\/v2\/product\/28598"}],"collection":[{"href":"https:\/\/lacasadelamedicina.es\/fr\/wp-json\/wp\/v2\/product"}],"about":[{"href":"https:\/\/lacasadelamedicina.es\/fr\/wp-json\/wp\/v2\/types\/product"}],"replies":[{"embeddable":true,"href":"https:\/\/lacasadelamedicina.es\/fr\/wp-json\/wp\/v2\/comments?post=28598"}],"wp:featuredmedia":[{"embeddable":true,"href":"https:\/\/lacasadelamedicina.es\/fr\/wp-json\/wp\/v2\/media\/19805"}],"wp:attachment":[{"href":"https:\/\/lacasadelamedicina.es\/fr\/wp-json\/wp\/v2\/media?parent=28598"}],"wp:term":[{"taxonomy":"product_cat","embeddable":true,"href":"https:\/\/lacasadelamedicina.es\/fr\/wp-json\/wp\/v2\/product_cat?post=28598"},{"taxonomy":"product_tag","embeddable":true,"href":"https:\/\/lacasadelamedicina.es\/fr\/wp-json\/wp\/v2\/product_tag?post=28598"}],"curies":[{"name":"wp","href":"https:\/\/api.w.org\/{rel}","templated":true}]}}