{"id":28587,"date":"2024-08-10T19:38:26","date_gmt":"2024-08-10T19:38:26","guid":{"rendered":"https:\/\/lacasadelamedicina.es\/product\/acheter-du-demerol-en-ligne\/"},"modified":"2024-08-10T19:38:26","modified_gmt":"2024-08-10T19:38:26","slug":"acheter-du-demerol-en-ligne","status":"publish","type":"product","link":"https:\/\/lacasadelamedicina.es\/fr\/produit\/acheter-du-demerol-en-ligne\/","title":{"rendered":"Acheter du Demerol en ligne"},"content":{"rendered":"<h1 class=\"product_title entry-title\">Acheter du Demerol en ligne<\/h1>\n<p> Acheter Demerol en ligne. Le Demerol, \u00e9galement connu sous le nom de chlorhydrate de m\u00e9p\u00e9ridine, est utilis\u00e9 pour g\u00e9rer la douleur mod\u00e9r\u00e9e \u00e0 s\u00e9v\u00e8re. Il agit en se liant aux r\u00e9cepteurs opio\u00efdes du syst\u00e8me nerveux central, ce qui en fait un type d&rsquo;analg\u00e9sique et d&rsquo;opio\u00efde. La m\u00e9p\u00e9ridine est efficace pour soulager la douleur lorsque les autres analg\u00e9siques sont inad\u00e9quats ou intol\u00e9rables. Il fait partie de la cat\u00e9gorie des analg\u00e9siques narcotiques et agit sur le syst\u00e8me nerveux central pour soulager la douleur. Cependant, il n&rsquo;est pas recommand\u00e9 pour la gestion de la douleur chronique. L&rsquo;utilisation \u00e0 long terme de la m\u00e9p\u00e9ridine peut entra\u00eener une d\u00e9pendance physique ou mentale. Bien que la d\u00e9pendance mentale soit moins courante lorsqu&rsquo;elle est utilis\u00e9e de mani\u00e8re appropri\u00e9e, la d\u00e9pendance physique peut provoquer des sympt\u00f4mes de sevrage si le traitement est brusquement interrompu. Une r\u00e9duction progressive de la dose peut aider \u00e0 \u00e9viter les effets graves du sevrage. Le Demerol n&rsquo;est disponible que dans le cadre d&rsquo;un programme de distribution restreint connu sous le nom de programme REMS (Risk Evaluation and Mitigation Strategy) pour les analg\u00e9siques opio\u00efdes. <strong>Nom g\u00e9n\u00e9rique :<\/strong> m\u00e9p\u00e9ridine <strong>Nom de marque :<\/strong> Demerol <strong>Classe de m\u00e9dicaments :<\/strong> Analg\u00e9siques opio\u00efdes, opio\u00efdes synth\u00e9tiques <strong>Formes posologiques :<\/strong> sirop, comprim\u00e9, solution <strong>Effets secondaires graves possibles :<\/strong>         <\/p>\n<ul>\n<li>Rythme cardiaque lent<\/li>\n<li>Respiration faible ou superficielle<\/li>\n<li>Pauses respiratoires pendant le sommeil<\/li>\n<li>Somnolence s\u00e9v\u00e8re<\/li>\n<li>\u00c9tourdissements<\/li>\n<li>Confusion<\/li>\n<li>Changements d&rsquo;humeur<\/li>\n<li>Constipation s\u00e9v\u00e8re<\/li>\n<li>Tremblements<\/li>\n<li>Mouvements musculaires incontr\u00f4l\u00e9s<\/li>\n<li>Crises<\/li>\n<li>Naus\u00e9es et vomissements<\/li>\n<li>Perte d&rsquo;app\u00e9tit<\/li>\n<li>Vertiges<\/li>\n<li>Aggravation de la fatigue et de la faiblesse<\/li>\n<\/ul>\n<p> Consultez imm\u00e9diatement un m\u00e9decin si vous ressentez l\u2019un de ces effets secondaires graves. <strong>Effets secondaires courants :<\/strong><\/p>\n<ul>\n<li>\u00c9tourdissements<\/li>\n<li>Rythme cardiaque lent<\/li>\n<li>Respiration faible ou superficielle<\/li>\n<li>Confusion<\/li>\n<li>Tremblements<\/li>\n<li>Mouvements musculaires incontr\u00f4l\u00e9s<\/li>\n<li>Crises<\/li>\n<li>Vertiges<\/li>\n<li>S\u00e9dation<\/li>\n<li>Changements d&rsquo;humeur<\/li>\n<li>Naus\u00e9es et vomissements<\/li>\n<li>Transpiration<\/li>\n<li>Constipation<\/li>\n<li>Perte d&rsquo;app\u00e9tit<\/li>\n<li>Mal de t\u00eate<\/li>\n<li>Faiblesse<\/li>\n<li>Bouche s\u00e8che<\/li>\n<li>D\u00e9mangeaison<\/li>\n<li>R\u00e9duction de la miction<\/li>\n<li>Rin\u00e7age<\/li>\n<li>Somnolence s\u00e9v\u00e8re<\/li>\n<li>Diminution de l\u2019int\u00e9r\u00eat pour le sexe<\/li>\n<\/ul>\n<p><strong>Effets secondaires graves n\u00e9cessitant une attention imm\u00e9diate :<\/strong><\/p>\n<ul>\n<li>Perte soudaine de la vision ou autres sympt\u00f4mes oculaires graves<\/li>\n<li>Battements de c\u0153ur rapides ou irr\u00e9guliers, battements de poitrine, essoufflement ou \u00e9tourdissements soudains<\/li>\n<li>Maux de t\u00eate s\u00e9v\u00e8res, confusion, troubles de l&rsquo;\u00e9locution, faiblesse des membres, difficult\u00e9 \u00e0 marcher, perte de coordination, forte fi\u00e8vre, transpiration abondante ou tremblements<\/li>\n<\/ul>\n<p><strong>Dosage :<\/strong> la dose typique pour les adultes est de 50 \u00e0 150 mg toutes les 3 \u00e0 4 heures. <strong>Interactions m\u00e9dicamenteuses :<\/strong> Demerol peut interagir avec d&rsquo;autres analg\u00e9siques narcotiques, s\u00e9datifs, tranquillisants, relaxants musculaires ou m\u00e9dicaments qui affectent la somnolence ou la respiration. Informez votre m\u00e9decin de tous les m\u00e9dicaments et suppl\u00e9ments que vous utilisez. <strong>Grossesse et allaitement :<\/strong> Demerol n&rsquo;a pas \u00e9t\u00e9 \u00e9tudi\u00e9 de mani\u00e8re approfondie chez les femmes enceintes. Il cr\u00e9e une d\u00e9pendance et peut provoquer des sympt\u00f4mes de sevrage. Consultez votre m\u00e9decin si vous \u00eates enceinte ou pr\u00e9voyez de devenir enceinte. Le Demerol peut passer dans le lait maternel et potentiellement nuire au b\u00e9b\u00e9 allait\u00e9. Il est donc d\u00e9conseill\u00e9 d&rsquo;allaiter pendant la prise de Demerol. Achetez Demerol en ligne ou trouvez plus d&rsquo;informations sur les endroits o\u00f9 l&rsquo;acheter.<\/p>\n","protected":false},"excerpt":{"rendered":"<p>Acheter du Demerol en ligne. Le Demerol est un m\u00e9dicament utilis\u00e9 pour traiter les douleurs mod\u00e9r\u00e9es \u00e0 s\u00e9v\u00e8res. Comprim\u00e9s de Demerol en vente en ligne, o\u00f9 acheter du sirop de Demerol en ligne.  <\/p>\n","protected":false},"featured_media":19850,"comment_status":"open","ping_status":"closed","template":"","meta":{"om_disable_all_campaigns":false,"_sitemap_exclude":false,"_sitemap_priority":"","_sitemap_frequency":"","_monsterinsights_skip_tracking":false,"_monsterinsights_sitenote_active":false,"_monsterinsights_sitenote_note":"","_monsterinsights_sitenote_category":0},"product_cat":[18529],"product_tag":[18933,18926,18927,18945,18947,18942,18939,18932,18935,18929,18934,18940,18930,18946,18944,18936,18941,18937,18928,18943,18938,18931],"class_list":{"0":"post-28587","1":"product","2":"type-product","3":"status-publish","4":"has-post-thumbnail","6":"product_cat-analgesiques","7":"product_tag-acheter-demerol-en-ligne-en-europe","8":"product_tag-acheter-du-demerol","9":"product_tag-acheter-du-demerol-en-ligne","10":"product_tag-authentique-demerol-europe","11":"product_tag-avis-sur-demerol-europe","12":"product_tag-boutique-demerol-europe","13":"product_tag-boutique-en-ligne-demerol-europe","14":"product_tag-combien-coute-le-demerol","15":"product_tag-commander-demerol-eu","16":"product_tag-commander-du-demerol-en-ligne","17":"product_tag-demerol-meilleur-prix-europe","18":"product_tag-demerol-pas-cher-en-europe","19":"product_tag-effets-du-demerol","20":"product_tag-fournisseurs-de-demerol-europe","21":"product_tag-livraison-de-demerol-en-europe","22":"product_tag-livraison-gratuite-de-demerol-en-europe","23":"product_tag-offres-demerol-europe","24":"product_tag-ou-acheter-du-demerol-en-europe","25":"product_tag-ou-acheter-du-demerol-en-ligne","26":"product_tag-remise-sur-demerol-europe","27":"product_tag-vente-de-demerol-en-europe","28":"product_tag-vente-de-demerol-en-ligne","30":"first","31":"instock","32":"shipping-taxable","33":"purchasable","34":"product-type-variable","35":"farmacie-col"},"aioseo_notices":[],"_links":{"self":[{"href":"https:\/\/lacasadelamedicina.es\/fr\/wp-json\/wp\/v2\/product\/28587"}],"collection":[{"href":"https:\/\/lacasadelamedicina.es\/fr\/wp-json\/wp\/v2\/product"}],"about":[{"href":"https:\/\/lacasadelamedicina.es\/fr\/wp-json\/wp\/v2\/types\/product"}],"replies":[{"embeddable":true,"href":"https:\/\/lacasadelamedicina.es\/fr\/wp-json\/wp\/v2\/comments?post=28587"}],"wp:featuredmedia":[{"embeddable":true,"href":"https:\/\/lacasadelamedicina.es\/fr\/wp-json\/wp\/v2\/media\/19850"}],"wp:attachment":[{"href":"https:\/\/lacasadelamedicina.es\/fr\/wp-json\/wp\/v2\/media?parent=28587"}],"wp:term":[{"taxonomy":"product_cat","embeddable":true,"href":"https:\/\/lacasadelamedicina.es\/fr\/wp-json\/wp\/v2\/product_cat?post=28587"},{"taxonomy":"product_tag","embeddable":true,"href":"https:\/\/lacasadelamedicina.es\/fr\/wp-json\/wp\/v2\/product_tag?post=28587"}],"curies":[{"name":"wp","href":"https:\/\/api.w.org\/{rel}","templated":true}]}}