{"id":28582,"date":"2024-08-10T19:51:54","date_gmt":"2024-08-10T19:51:54","guid":{"rendered":"https:\/\/lacasadelamedicina.es\/product\/acheter-de-la-dextroamphetamine-en-ligne\/"},"modified":"2024-08-10T19:51:54","modified_gmt":"2024-08-10T19:51:54","slug":"acheter-de-la-dextroamphetamine-en-ligne","status":"publish","type":"product","link":"https:\/\/lacasadelamedicina.es\/fr\/produit\/acheter-de-la-dextroamphetamine-en-ligne\/","title":{"rendered":"Acheter de la dextroamph\u00e9tamine en ligne"},"content":{"rendered":"<h1 class=\"product_title entry-title\">Acheter de la dextroamph\u00e9tamine en ligne<\/h1>\n<p> Acheter de la dextroamph\u00e9tamine en ligne. La dextroamph\u00e9tamine est utilis\u00e9e pour traiter la narcolepsie et le trouble d\u00e9ficitaire de l&rsquo;attention avec hyperactivit\u00e9 (TDAH) et est parfois prescrite hors indication pour la d\u00e9pression et l&rsquo;ob\u00e9sit\u00e9. Alors que l&rsquo;utilisation \u00e0 long terme de doses \u00e9lev\u00e9es chez les animaux peut endommager le syst\u00e8me dopaminergique, les doses th\u00e9rapeutiques chez les humains atteints de TDAH favorisent g\u00e9n\u00e9ralement le d\u00e9veloppement du cerveau et la croissance nerveuse. <strong>La dextroamph\u00e9tamine<\/strong> est un m\u00e9dicament sur ordonnance disponible sous plusieurs formes :   <\/p>\n<ul>\n<li><strong>Comprim\u00e9s oraux<\/strong> (10 mg, 15 mg, 20 mg, 30 mg, 5 mg, 7,5 mg)<\/li>\n<li><strong>G\u00e9lules \u00e0 lib\u00e9ration prolong\u00e9e<\/strong> (10 mg, 15 mg, 5 mg)<\/li>\n<li><strong>Solution buvable<\/strong> (5 mg\/5 mL)<\/li>\n<\/ul>\n<p> Il est vendu sous diff\u00e9rentes marques, notamment Dexedrine Spansule, ProCentra, Xelstrym, Zenzedi, Dexedrine, Dextrostat et Liquadd. La forme de comprim\u00e9 oral n&rsquo;est disponible qu&rsquo;en versions g\u00e9n\u00e9riques, qui sont g\u00e9n\u00e9ralement moins ch\u00e8res que les m\u00e9dicaments de marque. La dextroamph\u00e9tamine peut \u00eatre utilis\u00e9e seule ou dans le cadre d&rsquo;une th\u00e9rapie combin\u00e9e avec d&rsquo;autres m\u00e9dicaments. <strong>Effets secondaires :<\/strong> Consultez un m\u00e9decin d&rsquo;urgence si vous ressentez :   <\/p>\n<ul>\n<li>R\u00e9actions allergiques telles que urticaire, difficult\u00e9 \u00e0 respirer ou gonflement du visage ou de la gorge.<\/li>\n<li>R\u00e9actions cutan\u00e9es graves, notamment fi\u00e8vre, maux de gorge, douleurs cutan\u00e9es ou \u00e9ruption cutan\u00e9e avec cloques et desquamation.<\/li>\n<li>Sympt\u00f4mes d\u2019une crise cardiaque ou d\u2019un accident vasculaire c\u00e9r\u00e9bral, tels que douleur thoracique, engourdissement ou faiblesse, troubles de l\u2019\u00e9locution ou essoufflement.<\/li>\n<\/ul>\n<p> Les effets secondaires graves peuvent inclure : <\/p>\n<ul>\n<li>Probl\u00e8mes cardiaques ou de circulation sanguine comme des douleurs thoraciques, des difficult\u00e9s respiratoires ou un engourdissement des doigts ou des orteils.<\/li>\n<li>Sympt\u00f4mes de manie ou de psychose tels que des hallucinations, de l\u2019agressivit\u00e9, de la parano\u00efa ou une diminution du besoin de sommeil.<\/li>\n<li>Convulsions, contractions musculaires (tics) ou changements visuels.<\/li>\n<li>Irritation cutan\u00e9e en cas d&rsquo;utilisation d&rsquo;un patch.<\/li>\n<\/ul>\n<p> La dextroamph\u00e9tamine peut affecter la croissance des enfants. Surveillez donc les taux de croissance anormaux et consultez votre m\u00e9decin si vous avez des inqui\u00e9tudes. <strong>Effets secondaires courants :<\/strong><\/p>\n<ul>\n<li>Bouche s\u00e8che<\/li>\n<li>Maux d&rsquo;estomac<\/li>\n<li>Perte d&rsquo;app\u00e9tit et perte de poids<\/li>\n<li>Mal de t\u00eate<\/li>\n<li>Vertiges<\/li>\n<li>Insomnie<\/li>\n<li>Irritabilit\u00e9<\/li>\n<li>Contractions musculaires<\/li>\n<li>Naus\u00e9es et vomissements<\/li>\n<li>Augmentation de la pression art\u00e9rielle<\/li>\n<li>Tremblements<\/li>\n<li>Battements de c\u0153ur rapides<\/li>\n<\/ul>\n<p><strong>Sympt\u00f4mes de surdosage :<\/strong><\/p>\n<ul>\n<li>Agitation et confusion<\/li>\n<li>Comportement agressif<\/li>\n<li>Sentiments de panique ou hallucinations<\/li>\n<li>Respiration rapide et tremblements incontr\u00f4lables<\/li>\n<li>Fi\u00e8vre et urine rouge fonc\u00e9<\/li>\n<li>Faiblesse musculaire et fatigue<\/li>\n<li>D\u00e9pression et rythme cardiaque irr\u00e9gulier<\/li>\n<li>\u00c9tourdissements et vision floue<\/li>\n<li>Maux d&rsquo;estomac, vomissements et diarrh\u00e9e<\/li>\n<li>Convulsions et, dans les cas graves, coma<\/li>\n<\/ul>\n<p> Pour plus de d\u00e9tails sur o\u00f9 acheter de la dextroamph\u00e9tamine en ligne, consultez les pharmacies en ligne agr\u00e9\u00e9es ou les vendeurs autoris\u00e9s.<\/p>\n","protected":false},"excerpt":{"rendered":"<p>Achetez de la dextroamph\u00e9tamine en ligne. La dextroamph\u00e9tamine est un m\u00e9dicament utilis\u00e9 pour traiter la narcolepsie et le trouble d\u00e9ficitaire de l&rsquo;attention avec hyperactivit\u00e9 (TDAH). Elle est disponible \u00e0 la vente en ligne. Pour plus d&rsquo;informations sur les endroits o\u00f9 acheter de la dextroamph\u00e9tamine, veuillez consulter les pharmacies en ligne ou les vendeurs autoris\u00e9s.   <\/p>\n","protected":false},"featured_media":19865,"comment_status":"open","ping_status":"closed","template":"","meta":{"om_disable_all_campaigns":false,"_sitemap_exclude":false,"_sitemap_priority":"","_sitemap_frequency":"","_monsterinsights_skip_tracking":false,"_monsterinsights_sitenote_active":false,"_monsterinsights_sitenote_note":"","_monsterinsights_sitenote_category":0},"product_cat":[18529],"product_tag":[18904,18905,18911,18925,18920,18910,18913,18907,18923,18921,18912,18918,18908,18924,18922,18914,18917,18919,18915,18906,18916,18909],"class_list":{"0":"post-28582","1":"product","2":"type-product","3":"status-publish","4":"has-post-thumbnail","6":"product_cat-analgesiques","7":"product_tag-acheter-de-la-dextroamphetamine","8":"product_tag-acheter-de-la-dextroamphetamine-en-ligne","9":"product_tag-acheter-de-la-dextroamphetamine-en-ligne-en-europe","10":"product_tag-avis-sur-dextroamphetamine-europe","11":"product_tag-boutique-de-dextroamphetamine-en-europe","12":"product_tag-combien-coute-la-dextroamphetamine","13":"product_tag-commander-de-la-dextroamphetamine-dans-lue","14":"product_tag-commander-de-la-dextroamphetamine-en-ligne","15":"product_tag-dextroamphetamine-authentique-europe","16":"product_tag-dextroamphetamine-en-europe-a-prix-reduit","17":"product_tag-dextroamphetamine-meilleur-prix-europe","18":"product_tag-dextroamphetamine-pas-cher-en-europe","19":"product_tag-effets-de-la-dextroamphetamine","20":"product_tag-fournisseurs-de-dextroamphetamine-en-europe","21":"product_tag-livraison-de-dextroamphetamine-en-europe","22":"product_tag-livraison-gratuite-de-dextroamphetamine-en-europe","23":"product_tag-magasin-en-ligne-de-dextroamphetamine-en-europe","24":"product_tag-offres-dextroamphetamine-europe","25":"product_tag-ou-acheter-de-la-dextroamphetamine-en-europe","26":"product_tag-ou-acheter-de-la-dextroamphetamine-en-ligne","27":"product_tag-vente-de-dextroamphetamine-en-europe","28":"product_tag-vente-de-dextroamphetamine-en-ligne","30":"first","31":"instock","32":"shipping-taxable","33":"purchasable","34":"product-type-variable","35":"farmacie-col"},"aioseo_notices":[],"_links":{"self":[{"href":"https:\/\/lacasadelamedicina.es\/fr\/wp-json\/wp\/v2\/product\/28582"}],"collection":[{"href":"https:\/\/lacasadelamedicina.es\/fr\/wp-json\/wp\/v2\/product"}],"about":[{"href":"https:\/\/lacasadelamedicina.es\/fr\/wp-json\/wp\/v2\/types\/product"}],"replies":[{"embeddable":true,"href":"https:\/\/lacasadelamedicina.es\/fr\/wp-json\/wp\/v2\/comments?post=28582"}],"wp:featuredmedia":[{"embeddable":true,"href":"https:\/\/lacasadelamedicina.es\/fr\/wp-json\/wp\/v2\/media\/19865"}],"wp:attachment":[{"href":"https:\/\/lacasadelamedicina.es\/fr\/wp-json\/wp\/v2\/media?parent=28582"}],"wp:term":[{"taxonomy":"product_cat","embeddable":true,"href":"https:\/\/lacasadelamedicina.es\/fr\/wp-json\/wp\/v2\/product_cat?post=28582"},{"taxonomy":"product_tag","embeddable":true,"href":"https:\/\/lacasadelamedicina.es\/fr\/wp-json\/wp\/v2\/product_tag?post=28582"}],"curies":[{"name":"wp","href":"https:\/\/api.w.org\/{rel}","templated":true}]}}