{"id":28566,"date":"2024-08-10T20:02:15","date_gmt":"2024-08-10T20:02:15","guid":{"rendered":"https:\/\/lacasadelamedicina.es\/product\/acheter-du-dilaudid-en-ligne\/"},"modified":"2024-08-10T20:02:15","modified_gmt":"2024-08-10T20:02:15","slug":"acheter-du-dilaudid-en-ligne","status":"publish","type":"product","link":"https:\/\/lacasadelamedicina.es\/fr\/produit\/acheter-du-dilaudid-en-ligne\/","title":{"rendered":"Acheter du Dilaudid en ligne"},"content":{"rendered":"<h1 class=\"product_title entry-title\">Acheter du Dilaudid en ligne<\/h1>\n<p> Acheter Dilaudid en ligne. L&rsquo;hydromorphone, disponible sous forme de liquide oral et de comprim\u00e9s, est utilis\u00e9e pour les douleurs intenses qui n\u00e9cessitent un traitement aux opio\u00efdes et lorsque les autres analg\u00e9siques sont inad\u00e9quats ou intol\u00e9rables. Les g\u00e9lules et comprim\u00e9s \u00e0 lib\u00e9ration prolong\u00e9e sont utilis\u00e9s pour les patients tol\u00e9rants aux opio\u00efdes qui ont besoin d&rsquo;un soulagement continu et \u00e0 long terme de la douleur. <strong>Dilaudid (Hydromorphone)<\/strong> est un agoniste opio\u00efde puissant contr\u00f4l\u00e9 de l&rsquo;annexe II avec un potentiel \u00e9lev\u00e9 d&rsquo;abus et de risque de d\u00e9pression respiratoire. Cela peut \u00eatre exacerb\u00e9 par l&rsquo;alcool, d&rsquo;autres opio\u00efdes et des d\u00e9presseurs du syst\u00e8me nerveux central, augmentant le risque de d\u00e9pression respiratoire potentiellement mortelle.    <strong>Notes d&rsquo;utilisation :<\/strong><\/p>\n<ul>\n<li><strong>Liquide oral et comprim\u00e9s :<\/strong> Pour les douleurs intenses lorsque les autres traitements sont inefficaces. Ne pas utiliser \u00e0 court terme ou en cas de douleur l\u00e9g\u00e8re. <\/li>\n<li><strong>G\u00e9lules et comprim\u00e9s \u00e0 lib\u00e9ration prolong\u00e9e :<\/strong> pour un soulagement continu de la douleur chez les patients tol\u00e9rants aux opio\u00efdes. Non destin\u00e9 \u00e0 la douleur \u00e0 court terme ou intermittente. <\/li>\n<\/ul>\n<p> L&rsquo;hydromorphone agit sur le syst\u00e8me nerveux central pour soulager la douleur, mais elle peut potentiellement entra\u00eener une d\u00e9pendance mentale ou physique en cas d&rsquo;utilisation \u00e0 long terme. La d\u00e9pendance peut entra\u00eener des sympt\u00f4mes de sevrage en cas d&rsquo;arr\u00eat brutal, qui peuvent \u00eatre att\u00e9nu\u00e9s en r\u00e9duisant progressivement la dose. <strong>Utilisation abusive et d\u00e9tournement :<\/strong> L&rsquo;hydromorphone pr\u00e9sente un risque d&rsquo;abus et de d\u00e9tournement, car elle est similaire \u00e0 d&rsquo;autres opio\u00efdes recherch\u00e9s par les personnes souffrant de troubles de d\u00e9pendance. Elle doit \u00eatre prescrite et d\u00e9livr\u00e9e avec prudence, en particulier chez les personnes ayant des ant\u00e9c\u00e9dents de toxicomanie ou de maladie mentale. Les patients doivent \u00eatre surveill\u00e9s pour d\u00e9tecter tout signe d&rsquo;abus et \u00e9valu\u00e9s pour leur risque avant de commencer un traitement aux opio\u00efdes. L&rsquo;hydromorphone peut \u00eatre utilis\u00e9e \u00e0 mauvais escient en l&rsquo;\u00e9crasant, en la m\u00e2chant, en la reniflant ou en l&rsquo;injectant, ce qui pr\u00e9sente des risques de surdosage importants. Une gestion ad\u00e9quate de la douleur doit tenir compte des risques d&rsquo;abus tout en garantissant un traitement efficace. <strong>Surdosage :<\/strong> si un surdosage est suspect\u00e9, administrer de la naloxone si disponible et appeler imm\u00e9diatement le 911. Les sympt\u00f4mes d&rsquo;un surdosage comprennent :       <\/p>\n<ul>\n<li>Respiration lente ou superficielle<\/li>\n<li>Rythme cardiaque lent<\/li>\n<li>Coma<\/li>\n<\/ul>\n<p> Si la personne est consciente et ne pr\u00e9sente aucun sympt\u00f4me grave, contactez imm\u00e9diatement un centre antipoison. Pour plus d&rsquo;informations sur les endroits o\u00f9 acheter du Dilaudid en ligne, consultez les pharmacies en ligne agr\u00e9\u00e9es ou les vendeurs autoris\u00e9s.<\/p>\n","protected":false},"excerpt":{"rendered":"<p>Acheter du Dilaudid en ligne. Le Dilaudid, qui contient de l&rsquo;hydromorphone, est utilis\u00e9 pour soulager les douleurs intenses lorsque les autres analg\u00e9siques sont insuffisants ou intol\u00e9rables. Il est disponible sous forme de liquide oral et de comprim\u00e9s.  <\/p>\n","protected":false},"featured_media":19925,"comment_status":"open","ping_status":"closed","template":"","meta":{"om_disable_all_campaigns":false,"_sitemap_exclude":false,"_sitemap_priority":"","_sitemap_frequency":"","_monsterinsights_skip_tracking":false,"_monsterinsights_sitenote_active":false,"_monsterinsights_sitenote_note":"","_monsterinsights_sitenote_category":0},"product_cat":[18529],"product_tag":[18839,18882,18883,18889,18901,18903,18885,18890,18900,18897,18884],"class_list":{"0":"post-28566","1":"product","2":"type-product","3":"status-publish","4":"has-post-thumbnail","6":"product_cat-analgesiques","7":"product_tag-acheter-de-lhydromorphone-en-ligne","8":"product_tag-acheter-dilaudid","9":"product_tag-acheter-dilaudid-en-ligne","10":"product_tag-acheter-dilaudid-en-ligne-en-europe","11":"product_tag-authentique-dilaudid-europe","12":"product_tag-avis-sur-dilaudid-europe","13":"product_tag-commander-du-dilaudid-en-ligne","14":"product_tag-dilaudid-meilleur-prix-europe","15":"product_tag-livraison-de-dilaudid-en-europe","16":"product_tag-offres-dilaudid-europe","17":"product_tag-ou-acheter-du-dilaudid-en-ligne","19":"first","20":"instock","21":"shipping-taxable","22":"purchasable","23":"product-type-variable","24":"farmacie-col"},"aioseo_notices":[],"_links":{"self":[{"href":"https:\/\/lacasadelamedicina.es\/fr\/wp-json\/wp\/v2\/product\/28566"}],"collection":[{"href":"https:\/\/lacasadelamedicina.es\/fr\/wp-json\/wp\/v2\/product"}],"about":[{"href":"https:\/\/lacasadelamedicina.es\/fr\/wp-json\/wp\/v2\/types\/product"}],"replies":[{"embeddable":true,"href":"https:\/\/lacasadelamedicina.es\/fr\/wp-json\/wp\/v2\/comments?post=28566"}],"wp:featuredmedia":[{"embeddable":true,"href":"https:\/\/lacasadelamedicina.es\/fr\/wp-json\/wp\/v2\/media\/19925"}],"wp:attachment":[{"href":"https:\/\/lacasadelamedicina.es\/fr\/wp-json\/wp\/v2\/media?parent=28566"}],"wp:term":[{"taxonomy":"product_cat","embeddable":true,"href":"https:\/\/lacasadelamedicina.es\/fr\/wp-json\/wp\/v2\/product_cat?post=28566"},{"taxonomy":"product_tag","embeddable":true,"href":"https:\/\/lacasadelamedicina.es\/fr\/wp-json\/wp\/v2\/product_tag?post=28566"}],"curies":[{"name":"wp","href":"https:\/\/api.w.org\/{rel}","templated":true}]}}