{"id":28472,"date":"2024-08-11T12:03:31","date_gmt":"2024-08-11T12:03:31","guid":{"rendered":"https:\/\/lacasadelamedicina.es\/product\/achetez-norco-en-ligne\/"},"modified":"2024-08-11T12:03:31","modified_gmt":"2024-08-11T12:03:31","slug":"achetez-norco-en-ligne","status":"publish","type":"product","link":"https:\/\/lacasadelamedicina.es\/fr\/produit\/achetez-norco-en-ligne\/","title":{"rendered":"Achetez NORCO en ligne"},"content":{"rendered":"<h1 class=\"product_title entry-title\">Achetez NORCO en ligne<\/h1>\n<p> Norco est un m\u00e9dicament sur ordonnance qui combine l&rsquo;hydrocodone et le parac\u00e9tamol, destin\u00e9 \u00e0 la gestion de la douleur lorsque les traitements non opio\u00efdes n&rsquo;ont pas apport\u00e9 un soulagement suffisant. Il se pr\u00e9sente sous forme de comprim\u00e9s et se prend par voie orale, ses effets apparaissant g\u00e9n\u00e9ralement dans les 30 minutes. Les effets secondaires courants de Norco comprennent des \u00e9tourdissements, une somnolence, des naus\u00e9es, des vomissements, de la constipation et des d\u00e9mangeaisons. D&rsquo;autres effets secondaires peuvent inclure des maux de t\u00eate, de la fatigue, un \u00ab brouillard c\u00e9r\u00e9bral \u00bb, des douleurs abdominales et des changements de tension art\u00e9rielle. Les effets secondaires graves n\u00e9cessitant une attention m\u00e9dicale imm\u00e9diate sont les suivants :     <\/p>\n<ul>\n<li>Respiration lente ou difficile, coloration bleut\u00e9e des l\u00e8vres ou des extr\u00e9mit\u00e9s<\/li>\n<li>Sympt\u00f4mes de surdosage : absence de r\u00e9action, ralentissement de la respiration, somnolence extr\u00eame, peau froide ou moite, rythme cardiaque lent, douleur abdominale sup\u00e9rieure, urine fonc\u00e9e, jaunisse<\/li>\n<li>Sympt\u00f4mes de sevrage : anxi\u00e9t\u00e9, pens\u00e9es suicidaires, agitation, \u00e9coulement nasal, b\u00e2illements, transpiration, frissons, pupilles dilat\u00e9es, irritabilit\u00e9<\/li>\n<li>R\u00e9actions allergiques graves : \u00e9ruption cutan\u00e9e, urticaire, cloques, difficult\u00e9 \u00e0 respirer, rythme cardiaque rapide, \u00e9tourdissements, chaleur soudaine<\/li>\n<\/ul>\n<p> La constipation est un effet secondaire fr\u00e9quent de Norco. Pour la g\u00e9rer, assurez-vous de boire suffisamment d&rsquo;eau et d&rsquo;int\u00e9grer plus de fibres \u00e0 votre alimentation. Si ces mesures ne suffisent pas, consultez votre m\u00e9decin pour conna\u00eetre d&rsquo;autres traitements ou m\u00e9dicaments. \u00c9vitez de boire de l&rsquo;alcool pendant que vous prenez Norco, car la combinaison des deux peut augmenter la somnolence et les \u00e9tourdissements et peut endommager votre foie. Suivez toujours les instructions de votre m\u00e9decin concernant la posologie et l&rsquo;utilisation. Ne modifiez pas votre dose ou n&rsquo;arr\u00eatez pas le traitement sans consulter votre m\u00e9decin, qui peut r\u00e9duire progressivement votre dose pour minimiser les sympt\u00f4mes de sevrage. Gardez de la naloxone (Narcan) \u00e0 port\u00e9e de main pour contrer les effets potentiels d&rsquo;une surdose et informez vos proches de son utilisation. Demandez de l&rsquo;aide d&rsquo;urgence si vous prenez de la naloxone, car ses effets sont temporaires. Informez votre m\u00e9decin si vous \u00eates enceinte ou pr\u00e9voyez de devenir enceinte, car Norco n&rsquo;est g\u00e9n\u00e9ralement pas recommand\u00e9 pendant la grossesse. Informez \u00e9galement votre m\u00e9decin si vous allaitez, car le m\u00e9dicament peut passer dans le lait maternel et pr\u00e9senter des risques pour votre b\u00e9b\u00e9. Conservez Norco en toute s\u00e9curit\u00e9, hors de port\u00e9e des enfants et des animaux domestiques, et utilisez les programmes de reprise des m\u00e9dicaments pour \u00e9liminer tout m\u00e9dicament non utilis\u00e9 en toute s\u00e9curit\u00e9 afin d&rsquo;\u00e9viter un surdosage accidentel.<\/p>\n","protected":false},"excerpt":{"rendered":"<p>Achetez Norco en ligne. Norco est un m\u00e9dicament combin\u00e9 qui contient de l\u2019hydrocodone et de l\u2019ac\u00e9taminoph\u00e8ne. Il est utilis\u00e9 pour g\u00e9rer la douleur chez les personnes qui ont essay\u00e9 des m\u00e9dicaments non opio\u00efdes mais n\u2019ont pas obtenu de soulagement suffisant.  <\/p>\n","protected":false},"featured_media":19985,"comment_status":"open","ping_status":"closed","template":"","meta":{"om_disable_all_campaigns":false,"_sitemap_exclude":false,"_sitemap_priority":"","_sitemap_frequency":"","_monsterinsights_skip_tracking":false,"_monsterinsights_sitenote_active":false,"_monsterinsights_sitenote_note":"","_monsterinsights_sitenote_category":0},"product_cat":[18529],"product_tag":[18772,18779,18773,18785,18788,18778,18863,18775,18781,18776,18792,18782,18790,18786,18780,18787,18774,18783,18789,18793,18777,18784],"class_list":{"0":"post-28472","1":"product","2":"type-product","3":"status-publish","4":"has-post-thumbnail","6":"product_cat-analgesiques","7":"product_tag-acheter-norco","8":"product_tag-acheter-norco-en-ligne-en-europe","9":"product_tag-achetez-norco-en-ligne","10":"product_tag-boutique-en-ligne-norco-europe","11":"product_tag-boutique-norco-europe","12":"product_tag-combien-coute-norco","13":"product_tag-commander-de-lhydrocodone-en-ligne","14":"product_tag-commandez-norco-en-ligne","15":"product_tag-commandez-norco-eu","16":"product_tag-effets-de-norco","17":"product_tag-fournisseurs-de-norco-europe","18":"product_tag-livraison-gratuite-norco-en-europe","19":"product_tag-livraison-norco-europe","20":"product_tag-norco-europe-pas-cher","21":"product_tag-norco-meilleur-prix-europe","22":"product_tag-offres-norco-europe","23":"product_tag-ou-acheter-norco-en-ligne","24":"product_tag-ou-acheter-norco-europe","25":"product_tag-remise-norco-europe","26":"product_tag-revue-de-norco-europe","27":"product_tag-vente-en-ligne-de-norco","28":"product_tag-vente-norco-europe","30":"first","31":"instock","32":"shipping-taxable","33":"purchasable","34":"product-type-variable","35":"farmacie-col"},"aioseo_notices":[],"_links":{"self":[{"href":"https:\/\/lacasadelamedicina.es\/fr\/wp-json\/wp\/v2\/product\/28472"}],"collection":[{"href":"https:\/\/lacasadelamedicina.es\/fr\/wp-json\/wp\/v2\/product"}],"about":[{"href":"https:\/\/lacasadelamedicina.es\/fr\/wp-json\/wp\/v2\/types\/product"}],"replies":[{"embeddable":true,"href":"https:\/\/lacasadelamedicina.es\/fr\/wp-json\/wp\/v2\/comments?post=28472"}],"wp:featuredmedia":[{"embeddable":true,"href":"https:\/\/lacasadelamedicina.es\/fr\/wp-json\/wp\/v2\/media\/19985"}],"wp:attachment":[{"href":"https:\/\/lacasadelamedicina.es\/fr\/wp-json\/wp\/v2\/media?parent=28472"}],"wp:term":[{"taxonomy":"product_cat","embeddable":true,"href":"https:\/\/lacasadelamedicina.es\/fr\/wp-json\/wp\/v2\/product_cat?post=28472"},{"taxonomy":"product_tag","embeddable":true,"href":"https:\/\/lacasadelamedicina.es\/fr\/wp-json\/wp\/v2\/product_tag?post=28472"}],"curies":[{"name":"wp","href":"https:\/\/api.w.org\/{rel}","templated":true}]}}