{"id":28359,"date":"2024-08-11T13:08:06","date_gmt":"2024-08-11T13:08:06","guid":{"rendered":"https:\/\/lacasadelamedicina.es\/product\/acheter-oxycontin-en-ligne\/"},"modified":"2024-08-11T13:08:06","modified_gmt":"2024-08-11T13:08:06","slug":"acheter-oxycontin-en-ligne","status":"publish","type":"product","link":"https:\/\/lacasadelamedicina.es\/fr\/produit\/acheter-oxycontin-en-ligne\/","title":{"rendered":"Acheter OxyContin en ligne"},"content":{"rendered":"<h1 class=\"product_title entry-title\">Acheter OXYCONTIN en ligne<\/h1>\n<p><strong>Acheter OxyContin en ligne<\/strong> OxyContin est un puissant m\u00e9dicament sur ordonnance utilis\u00e9 pour g\u00e9rer la douleur intense qui n\u00e9cessite un traitement opio\u00efde continu et \u00e0 long terme. Il est prescrit lorsque d&rsquo;autres options de gestion de la douleur, y compris les analg\u00e9siques non opio\u00efdes ou les opio\u00efdes \u00e0 lib\u00e9ration imm\u00e9diate, se sont av\u00e9r\u00e9es insuffisantes ou intol\u00e9rables. L&rsquo;oxycodone, disponible sous des noms de marque tels que OxyContin et Roxicodone, est un opio\u00efde semi-synth\u00e9tique utilis\u00e9 pour traiter la douleur mod\u00e9r\u00e9e \u00e0 s\u00e9v\u00e8re. Il est g\u00e9n\u00e9ralement pris par voie orale et se pr\u00e9sente sous des formulations \u00e0 lib\u00e9ration imm\u00e9diate et \u00e0 lib\u00e9ration contr\u00f4l\u00e9e. L&rsquo;oxycodone \u00e0 lib\u00e9ration imm\u00e9diate commence \u00e0 soulager la douleur en 15 minutes environ et dure jusqu&rsquo;\u00e0 six heures. Au Royaume-Uni, il est \u00e9galement disponible sous forme injectable. L&rsquo;oxycodone peut \u00eatre associ\u00e9e \u00e0 d&rsquo;autres m\u00e9dicaments tels que le parac\u00e9tamol, l&rsquo;ibuprof\u00e8ne, la naloxone, la naltrexone et l&rsquo;aspirine. Ce m\u00e9dicament est con\u00e7u pour g\u00e9rer la douleur intense et persistante, comme la douleur li\u00e9e au cancer. L&rsquo;oxycodone agit en modifiant la fa\u00e7on dont votre cerveau per\u00e7oit et r\u00e9agit \u00e0 la douleur. Des doses plus \u00e9lev\u00e9es (plus de 40 milligrammes par comprim\u00e9) ne doivent \u00eatre utilis\u00e9es que si vous suivez un traitement r\u00e9gulier d&rsquo;analg\u00e9siques opio\u00efdes en raison du risque de surdose ou de d\u00e9c\u00e8s si elles sont utilis\u00e9es par une personne non habitu\u00e9e aux opio\u00efdes. La forme \u00e0 lib\u00e9ration prolong\u00e9e d&rsquo;oxycodone n&rsquo;est pas destin\u00e9e \u00e0 soulager la douleur l\u00e9g\u00e8re ou \u00e0 court terme.           <strong>Effets secondaires courants :<\/strong><\/p>\n<ul>\n<li>Euphorie<\/li>\n<li>Constipation<\/li>\n<li>Naus\u00e9es et vomissements<\/li>\n<li>Perte d&rsquo;app\u00e9tit<\/li>\n<li>Somnolence<\/li>\n<li>Vertiges<\/li>\n<li>D\u00e9mangeaison<\/li>\n<li>Bouche s\u00e8che<\/li>\n<li>Transpiration<\/li>\n<\/ul>\n<p> Les effets secondaires graves potentiels comprennent l&rsquo;addiction, la d\u00e9pendance, l&rsquo;irritabilit\u00e9, la d\u00e9pression ou la manie, le d\u00e9lire, les hallucinations, le ralentissement de la respiration, la gastropar\u00e9sie, la bradycardie et l&rsquo;hypotension. Les personnes allergiques \u00e0 la cod\u00e9ine peuvent \u00e9galement r\u00e9agir \u00e0 l&rsquo;oxycodone. L&rsquo;utilisation d&rsquo;oxycodone en d\u00e9but de grossesse est g\u00e9n\u00e9ralement consid\u00e9r\u00e9e comme relativement s\u00fbre. L&rsquo;arr\u00eat rapide de l&rsquo;oxycodone peut entra\u00eener des sympt\u00f4mes de sevrage. Le m\u00e9dicament active le r\u00e9cepteur opio\u00efde \u03bc et est environ 1,5 fois plus efficace que la morphine lorsqu&rsquo;il est pris par voie orale. OxyContin est disponible sous forme de comprim\u00e9 \u00e0 lib\u00e9ration contr\u00f4l\u00e9e destin\u00e9 \u00e0 \u00eatre administr\u00e9 toutes les 12 heures. Des \u00e9tudes ont montr\u00e9 que l&rsquo;oxycodone \u00e0 lib\u00e9ration contr\u00f4l\u00e9e est comparable \u00e0 l&rsquo;oxycodone \u00e0 lib\u00e9ration imm\u00e9diate, \u00e0 la morphine et \u00e0 l&rsquo;hydromorphone dans la prise en charge de la douleur canc\u00e9reuse mod\u00e9r\u00e9e \u00e0 s\u00e9v\u00e8re, avec moins d&rsquo;effets secondaires que la morphine. En 2014, l&rsquo;Association europ\u00e9enne pour les soins palliatifs a recommand\u00e9 l&rsquo;oxycodone comme option de traitement de deuxi\u00e8me intention \u00e0 la morphine pour la douleur canc\u00e9reuse.<\/p>\n","protected":false},"excerpt":{"rendered":"<div class=\"flex-shrink-0 flex flex-col relative items-end\">\n<div>\n<div class=\"pt-0\">\n<div class=\"gizmo-bot-avatar flex h-8 w-8 items-center justify-center overflow-hidden rounded-full\">\n<div class=\"relative p-1 rounded-sm flex items-center justify-center bg-token-main-surface-primary text-token-text-primary h-8 w-8\"><strong>Acheter OxyContin en ligne <\/strong>OxyContin est un m\u00e9dicament sur ordonnance puissant prescrit pour g\u00e9rer la douleur intense qui n\u00e9cessite un traitement opio\u00efde continu et \u00e0 long terme. Il est utilis\u00e9 lorsque les autres options de gestion de la douleur sont insuffisantes et n\u00e9cessite une utilisation quotidienne, 24 heures sur 24, pour contr\u00f4ler efficacement la douleur. <\/div>\n<\/div>\n<\/div>\n<\/div>\n<\/div>\n","protected":false},"featured_media":20075,"comment_status":"open","ping_status":"closed","template":"","meta":{"om_disable_all_campaigns":false,"_sitemap_exclude":false,"_sitemap_priority":"","_sitemap_frequency":"","_monsterinsights_skip_tracking":false,"_monsterinsights_sitenote_active":false,"_monsterinsights_sitenote_note":"","_monsterinsights_sitenote_category":0},"product_cat":[18529],"product_tag":[18729,18706,18707,18713,18719,18709,18717,18708,18716,18714,18720,18711],"class_list":{"0":"post-28359","1":"product","2":"type-product","3":"status-publish","4":"has-post-thumbnail","6":"product_cat-analgesiques","7":"product_tag-acheter-de-loxycodone-en-ligne","8":"product_tag-acheter-oxycontin","9":"product_tag-acheter-oxycontin-en-ligne","10":"product_tag-acheter-oxycontin-en-ligne-en-europe","11":"product_tag-boutique-en-ligne-oxycontin-europe","12":"product_tag-commandez-oxycontin-en-ligne","13":"product_tag-ou-acheter-oxycontin-en-europe","14":"product_tag-ou-acheter-oxycontin-en-ligne","15":"product_tag-oxycontin-livraison-gratuite-en-europe","16":"product_tag-oxycontin-meilleur-prix-europe","17":"product_tag-oxycontin-pas-cher-en-europe","18":"product_tag-vente-doxycontin-en-ligne","20":"first","21":"instock","22":"shipping-taxable","23":"purchasable","24":"product-type-variable","25":"farmacie-col"},"aioseo_notices":[],"_links":{"self":[{"href":"https:\/\/lacasadelamedicina.es\/fr\/wp-json\/wp\/v2\/product\/28359"}],"collection":[{"href":"https:\/\/lacasadelamedicina.es\/fr\/wp-json\/wp\/v2\/product"}],"about":[{"href":"https:\/\/lacasadelamedicina.es\/fr\/wp-json\/wp\/v2\/types\/product"}],"replies":[{"embeddable":true,"href":"https:\/\/lacasadelamedicina.es\/fr\/wp-json\/wp\/v2\/comments?post=28359"}],"wp:featuredmedia":[{"embeddable":true,"href":"https:\/\/lacasadelamedicina.es\/fr\/wp-json\/wp\/v2\/media\/20075"}],"wp:attachment":[{"href":"https:\/\/lacasadelamedicina.es\/fr\/wp-json\/wp\/v2\/media?parent=28359"}],"wp:term":[{"taxonomy":"product_cat","embeddable":true,"href":"https:\/\/lacasadelamedicina.es\/fr\/wp-json\/wp\/v2\/product_cat?post=28359"},{"taxonomy":"product_tag","embeddable":true,"href":"https:\/\/lacasadelamedicina.es\/fr\/wp-json\/wp\/v2\/product_tag?post=28359"}],"curies":[{"name":"wp","href":"https:\/\/api.w.org\/{rel}","templated":true}]}}