{"id":28333,"date":"2024-08-11T13:43:46","date_gmt":"2024-08-11T13:43:46","guid":{"rendered":"https:\/\/lacasadelamedicina.es\/product\/acheter-du-percocet-en-ligne\/"},"modified":"2024-08-11T13:43:46","modified_gmt":"2024-08-11T13:43:46","slug":"acheter-du-percocet-en-ligne","status":"publish","type":"product","link":"https:\/\/lacasadelamedicina.es\/fr\/produit\/acheter-du-percocet-en-ligne\/","title":{"rendered":"Acheter du Percocet en ligne"},"content":{"rendered":"<h1 class=\"product_title entry-title\">Acheter du Percocet en ligne<\/h1>\n<div class=\"flex-shrink-0 flex flex-col relative items-end\">\n<div>\n<div class=\"pt-0\">\n<div class=\"gizmo-bot-avatar flex h-8 w-8 items-center justify-center overflow-hidden rounded-full\">\n<div class=\"relative p-1 rounded-sm flex items-center justify-center bg-token-main-surface-primary text-token-text-primary h-8 w-8\"><strong>Acheter du Percocet en ligne<\/strong><\/div>\n<\/div>\n<\/div>\n<\/div>\n<\/div>\n<div class=\"group\/conversation-turn relative flex w-full min-w-0 flex-col agent-turn\">\n<div class=\"flex-col gap-1 md:gap-3\">\n<div class=\"flex max-w-full flex-col flex-grow\">\n<div class=\"min-h-[20px] text-message flex w-full flex-col items-end gap-2 whitespace-pre-wrap break-words [.text-message+&amp;]:mt-5 overflow-x-auto\" dir=\"auto\" data-message-author-role=\"assistant\" data-message-id=\"9e67d006-b066-4b1a-92a0-7ec361db76fe\">\n<div class=\"flex w-full flex-col gap-1 empty:hidden first:pt-[3px]\">\n<div class=\"markdown prose w-full break-words dark:prose-invert dark\"> Le Percocet est un m\u00e9dicament sur ordonnance qui combine l&rsquo;oxycodone et le parac\u00e9tamol pour traiter la douleur mod\u00e9r\u00e9e \u00e0 s\u00e9v\u00e8re. L&rsquo;oxycodone est un analg\u00e9sique opio\u00efde puissant, tandis que le parac\u00e9tamol renforce les effets de l&rsquo;oxycodone. Ce m\u00e9dicament est g\u00e9n\u00e9ralement prescrit lorsque les analg\u00e9siques non opio\u00efdes ou les opio\u00efdes \u00e0 lib\u00e9ration imm\u00e9diate sont inefficaces ou intol\u00e9rables.   <strong>Comment prendre du Percocet :<\/strong><\/p>\n<ul>\n<li><strong>Mode d&#8217;emploi :<\/strong> Prenez Percocet sous forme de comprim\u00e9 entier avec ou sans nourriture. Si vous avez des difficult\u00e9s \u00e0 avaler le comprim\u00e9, consultez votre professionnel de la sant\u00e9. <\/li>\n<li><strong>Posologie :<\/strong> Suivez les instructions de votre m\u00e9decin concernant la fr\u00e9quence de prise de Percocet, soit selon les besoins pour soulager la douleur, soit selon un calendrier r\u00e9gulier.<\/li>\n<li><strong>D\u00e9but du soulagement :<\/strong> le soulagement de la douleur commence g\u00e9n\u00e9ralement dans les 15 \u00e0 30 minutes et atteint son maximum en une heure environ, pour une dur\u00e9e de 3 \u00e0 6 heures.<\/li>\n<\/ul>\n<p><strong>Consid\u00e9rations importantes :<\/strong><\/p>\n<ul>\n<li><strong>Pr\u00e9cision de la dose :<\/strong> Assurez-vous de prendre la dose correcte, comme prescrit. Un surdosage peut entra\u00eener de graves l\u00e9sions h\u00e9patiques dues au parac\u00e9tamol. <\/li>\n<li><strong>\u00c9vitez l&rsquo;alcool :<\/strong> l&rsquo;association du Percocet \u00e0 l&rsquo;alcool augmente le risque de l\u00e9sions h\u00e9patiques et d&rsquo;autres effets graves.<\/li>\n<li><strong>Interactions m\u00e9dicamenteuses :<\/strong> Informez votre professionnel de la sant\u00e9 de tous les m\u00e9dicaments et suppl\u00e9ments que vous prenez, car le Percocet peut interagir avec d&rsquo;autres d\u00e9presseurs du syst\u00e8me nerveux central et divers m\u00e9dicaments.<\/li>\n<\/ul>\n<p><strong>Effets secondaires :<\/strong><\/p>\n<ul>\n<li><strong>Effets courants :<\/strong> constipation, naus\u00e9es, vomissements, maux d&rsquo;estomac, somnolence, \u00e9tourdissements, d\u00e9mangeaisons, maux de t\u00eate, vision floue, bouche s\u00e8che et transpiration.<\/li>\n<li><strong>Effets graves :<\/strong> d\u00e9pression respiratoire, confusion, pens\u00e9es ou comportements inhabituels, probl\u00e8mes de miction, douleurs dans la partie sup\u00e9rieure de l&rsquo;estomac, perte d&rsquo;app\u00e9tit, jaunisse et r\u00e9actions allergiques graves.<\/li>\n<\/ul>\n<p><strong>Sympt\u00f4mes d&rsquo;urgence :<\/strong> Consultez imm\u00e9diatement un m\u00e9decin si vous pr\u00e9sentez : <\/p>\n<ul>\n<li>Changements soudains de la vision, douleur oculaire ou vision de halos autour des lumi\u00e8res.<\/li>\n<li>Sympt\u00f4mes cardiaques graves tels que des battements cardiaques irr\u00e9guliers ou des battements dans la poitrine.<\/li>\n<li>Maux de t\u00eate s\u00e9v\u00e8res, confusion, troubles de l\u2019\u00e9locution, raideur musculaire ou forte fi\u00e8vre.<\/li>\n<\/ul>\n<p><strong>Disponibilit\u00e9 :<\/strong> Le Percocet peut \u00eatre obtenu dans les pharmacies de d\u00e9tail et par correspondance. Notez qu&rsquo;en raison de son statut de substance contr\u00f4l\u00e9e, le Percocet n\u00e9cessite une ordonnance pour \u00eatre achet\u00e9. \u00c9vitez d&rsquo;acheter aupr\u00e8s de sources qui pr\u00e9tendent le proposer sans ordonnance, car cela peut \u00eatre ill\u00e9gal et dangereux.   <\/div>\n<\/div>\n<\/div>\n<\/div>\n<\/div>\n<\/div>\n","protected":false},"excerpt":{"rendered":"<p>Acheter du Percocet en ligne. Le Percocet contient une combinaison d&rsquo;ac\u00e9taminoph\u00e8ne et d&rsquo;oxycodone. L&rsquo;oxycodone est un analg\u00e9sique opio\u00efde. Acheter des pilules de Percocet en ligne.   <\/p>\n","protected":false},"featured_media":20090,"comment_status":"open","ping_status":"closed","template":"","meta":{"om_disable_all_campaigns":false,"_sitemap_exclude":false,"_sitemap_priority":"","_sitemap_frequency":"","_monsterinsights_skip_tracking":false,"_monsterinsights_sitenote_active":false,"_monsterinsights_sitenote_note":"","_monsterinsights_sitenote_category":0},"product_cat":[18529],"product_tag":[18684,18685,18691,18705,18697,18700,18690,18731,18687,18693,18688,18704,18702,18699,18695,18686,18703,18694,18692,18698,18701,18696,18689],"class_list":{"0":"post-28333","1":"product","2":"type-product","3":"status-publish","4":"has-post-thumbnail","6":"product_cat-analgesiques","7":"product_tag-acheter-du-percocet","8":"product_tag-acheter-du-percocet-en-ligne","9":"product_tag-acheter-percocet-en-ligne-en-europe","10":"product_tag-avis-sur-percocet-europe","11":"product_tag-boutique-en-ligne-percocet-europe","12":"product_tag-boutique-percocet-europe","13":"product_tag-combien-coute-le-percocet","14":"product_tag-commander-de-loxycodone-en-ligne","15":"product_tag-commander-du-percocet-en-ligne","16":"product_tag-commander-percocet-ue","17":"product_tag-effets-du-percocet","18":"product_tag-fournisseurs-de-percocet-europe","19":"product_tag-livraison-de-percocet-en-europe","20":"product_tag-offres-percocet-europe","21":"product_tag-ou-acheter-du-percocet-en-europe","22":"product_tag-ou-acheter-du-percocet-en-ligne","23":"product_tag-percocet-authentique-europe","24":"product_tag-percocet-livraison-gratuite-en-europe","25":"product_tag-percocet-meilleur-prix-europe","26":"product_tag-percocet-pas-cher-en-europe","27":"product_tag-remise-sur-percocet-europe","28":"product_tag-vente-de-percocet-en-europe","29":"product_tag-vente-de-percocet-en-ligne","31":"first","32":"instock","33":"shipping-taxable","34":"purchasable","35":"product-type-variable","36":"farmacie-col"},"aioseo_notices":[],"_links":{"self":[{"href":"https:\/\/lacasadelamedicina.es\/fr\/wp-json\/wp\/v2\/product\/28333"}],"collection":[{"href":"https:\/\/lacasadelamedicina.es\/fr\/wp-json\/wp\/v2\/product"}],"about":[{"href":"https:\/\/lacasadelamedicina.es\/fr\/wp-json\/wp\/v2\/types\/product"}],"replies":[{"embeddable":true,"href":"https:\/\/lacasadelamedicina.es\/fr\/wp-json\/wp\/v2\/comments?post=28333"}],"wp:featuredmedia":[{"embeddable":true,"href":"https:\/\/lacasadelamedicina.es\/fr\/wp-json\/wp\/v2\/media\/20090"}],"wp:attachment":[{"href":"https:\/\/lacasadelamedicina.es\/fr\/wp-json\/wp\/v2\/media?parent=28333"}],"wp:term":[{"taxonomy":"product_cat","embeddable":true,"href":"https:\/\/lacasadelamedicina.es\/fr\/wp-json\/wp\/v2\/product_cat?post=28333"},{"taxonomy":"product_tag","embeddable":true,"href":"https:\/\/lacasadelamedicina.es\/fr\/wp-json\/wp\/v2\/product_tag?post=28333"}],"curies":[{"name":"wp","href":"https:\/\/api.w.org\/{rel}","templated":true}]}}