{"id":28285,"date":"2024-08-11T14:27:21","date_gmt":"2024-08-11T14:27:21","guid":{"rendered":"https:\/\/lacasadelamedicina.es\/product\/acheter-suboxone-en-ligne\/"},"modified":"2024-08-11T14:27:21","modified_gmt":"2024-08-11T14:27:21","slug":"acheter-suboxone-en-ligne","status":"publish","type":"product","link":"https:\/\/lacasadelamedicina.es\/fr\/produit\/acheter-suboxone-en-ligne\/","title":{"rendered":"Acheter Suboxone en ligne"},"content":{"rendered":"<h1 class=\"product_title entry-title\">Acheter Suboxone en ligne<\/h1>\n<p> Suboxone est un m\u00e9dicament sur ordonnance utilis\u00e9 pour traiter le trouble de consommation d&rsquo;opio\u00efdes (TCO). Il associe deux principes actifs : la bupr\u00e9norphine et la naloxone. Ce m\u00e9dicament r\u00e9duit consid\u00e9rablement le risque de surdose d&rsquo;opio\u00efdes tels que l&rsquo;h\u00e9ro\u00efne ou le fentanyl, r\u00e9duisant ainsi le taux de mortalit\u00e9 jusqu&rsquo;\u00e0 50 %. Suboxone aide \u00e0 g\u00e9rer les sympt\u00f4mes de sevrage des opio\u00efdes et soutient les objectifs de r\u00e9tablissement \u00e0 long terme en r\u00e9duisant les envies et le risque de rechute.    <strong>Comment fonctionne Suboxone :<\/strong><\/p>\n<ul>\n<li><strong>Bupr\u00e9norphine<\/strong> : agoniste partiel des opio\u00efdes, la bupr\u00e9norphine aide \u00e0 soulager les sympt\u00f4mes de sevrage en stimulant partiellement les r\u00e9cepteurs opio\u00efdes dans le cerveau. Cela permet de g\u00e9rer les envies et de faciliter la transition vers une d\u00e9pendance aux opio\u00efdes lorsqu&rsquo;elle est utilis\u00e9e sous surveillance m\u00e9dicale. <\/li>\n<li><strong>Naloxone<\/strong> : antagoniste des opio\u00efdes, la naloxone est incluse pour pr\u00e9venir l&rsquo;utilisation abusive du m\u00e9dicament. Elle inverse les effets des opio\u00efdes et peut induire des sympt\u00f4mes de sevrage en cas d&rsquo;abus de Suboxone, ce qui en fait une option plus s\u00fbre pour le traitement \u00e0 long terme. <\/li>\n<\/ul>\n<p><strong>Avantages de Suboxone :<\/strong> Suboxone est devenu un m\u00e9dicament privil\u00e9gi\u00e9 pour le traitement du trouble de l&rsquo;usage de stup\u00e9fiants en raison de son profil de s\u00e9curit\u00e9 et de son efficacit\u00e9. Contrairement \u00e0 la m\u00e9thadone, un autre traitement du trouble de l&rsquo;usage de stup\u00e9fiants, Suboxone est moins susceptible de cr\u00e9er une d\u00e9pendance et peut \u00eatre prescrit par un m\u00e9decin g\u00e9n\u00e9raliste, contrairement \u00e0 la m\u00e9thadone qui n\u00e9cessite g\u00e9n\u00e9ralement un traitement dans un centre sp\u00e9cialis\u00e9. <strong>Prescription et utilisation :<\/strong> la Suboxone peut \u00eatre prescrite au d\u00e9but du traitement ou tout au long de la convalescence \u00e0 long terme. Il est essentiel de discuter avec votre prestataire de soins de sant\u00e9 du meilleur plan de traitement adapt\u00e9 \u00e0 vos besoins. Un traitement complet comprend souvent un soutien en mati\u00e8re de sant\u00e9 comportementale ainsi qu&rsquo;une th\u00e9rapie <strong>assist\u00e9e par m\u00e9dicaments (TAM).<\/strong> <strong>Effets secondaires graves :<\/strong>   <\/p>\n<ul>\n<li><strong>R\u00e9actions allergiques<\/strong> : Urticaire, difficult\u00e9 \u00e0 respirer, gonflement du visage, des l\u00e8vres, de la langue ou de la gorge.<\/li>\n<li><strong>Probl\u00e8mes respiratoires<\/strong> : Respiration lente ou arr\u00eat\u00e9e, en particulier avec de longues pauses, des l\u00e8vres bleues ou des difficult\u00e9s \u00e0 se r\u00e9veiller.<\/li>\n<li><strong>Probl\u00e8mes de foie<\/strong> : douleurs dans la partie sup\u00e9rieure de l&rsquo;estomac, perte d&rsquo;app\u00e9tit, urines fonc\u00e9es, selles couleur argile, jaunisse.<\/li>\n<li><strong>Taux \u00e9lev\u00e9s de s\u00e9rotonine<\/strong> : agitation, hallucinations, fi\u00e8vre, transpiration, frissons, rythme cardiaque rapide, raideur musculaire, naus\u00e9es, vomissements, diarrh\u00e9e.<\/li>\n<li><strong>Faibles niveaux de cortisol<\/strong> : naus\u00e9es, vomissements, perte d&rsquo;app\u00e9tit, \u00e9tourdissements, faiblesse s\u00e9v\u00e8re.<\/li>\n<li><strong>Sympt\u00f4mes de sevrage<\/strong> : frissons, transpiration, \u00e9coulement nasal, yeux larmoyants, douleurs musculaires.<\/li>\n<\/ul>\n<p><strong>Effets secondaires courants :<\/strong><\/p>\n<ul>\n<li>\u00c9tourdissements, somnolence, vision floue, difficult\u00e9s de concentration.<\/li>\n<li>Sympt\u00f4mes de sevrage, douleur \u00e0 la langue, naus\u00e9es, vomissements, constipation.<\/li>\n<li>Maux de t\u00eate, maux de dos, transpiration accrue, troubles du sommeil.<\/li>\n<\/ul>\n<p><strong>Diff\u00e9rence entre Subutex et Suboxone :<\/strong> La principale diff\u00e9rence est que Suboxone contient \u00e0 la fois de la bupr\u00e9norphine et de la naloxone, tandis que Subutex ne contient que de la bupr\u00e9norphine. Subutex \u00e9tait la formulation originale et s&rsquo;est av\u00e9r\u00e9 efficace, mais pr\u00e9sentait un potentiel d&rsquo;abus plus \u00e9lev\u00e9. Suboxone a \u00e9t\u00e9 d\u00e9velopp\u00e9 pour r\u00e9soudre ce probl\u00e8me en incluant de la naloxone, qui bloque les effets des opio\u00efdes au niveau des sites r\u00e9cepteurs. L&rsquo;injection de Suboxone peut entra\u00eener un sevrage pr\u00e9cipit\u00e9, ce qui dissuade les abus.<\/p>\n","protected":false},"excerpt":{"rendered":"<p>Achetez Suboxone en ligne. Suboxone est un m\u00e9dicament combin\u00e9 \u00e0 dose fixe qui comprend de la bupr\u00e9norphine et de la naloxone. Suboxone en vente en ligne  <\/p>\n","protected":false},"featured_media":20135,"comment_status":"open","ping_status":"closed","template":"","meta":{"om_disable_all_campaigns":false,"_sitemap_exclude":false,"_sitemap_priority":"","_sitemap_frequency":"","_monsterinsights_skip_tracking":false,"_monsterinsights_sitenote_active":false,"_monsterinsights_sitenote_note":"","_monsterinsights_sitenote_category":0},"product_cat":[18529],"product_tag":[18618,18619,18625,18624,18621,18622,18632],"class_list":{"0":"post-28285","1":"product","2":"type-product","3":"status-publish","4":"has-post-thumbnail","6":"product_cat-analgesiques","7":"product_tag-acheter-suboxone","8":"product_tag-acheter-suboxone-en-ligne","9":"product_tag-acheter-suboxone-en-ligne-en-europe","10":"product_tag-combien-coute-suboxone","11":"product_tag-commander-suboxone-en-ligne","12":"product_tag-effets-de-suboxone","13":"product_tag-suboxone-pas-cher-en-europe","15":"first","16":"instock","17":"shipping-taxable","18":"purchasable","19":"product-type-variable","20":"farmacie-col"},"aioseo_notices":[],"_links":{"self":[{"href":"https:\/\/lacasadelamedicina.es\/fr\/wp-json\/wp\/v2\/product\/28285"}],"collection":[{"href":"https:\/\/lacasadelamedicina.es\/fr\/wp-json\/wp\/v2\/product"}],"about":[{"href":"https:\/\/lacasadelamedicina.es\/fr\/wp-json\/wp\/v2\/types\/product"}],"replies":[{"embeddable":true,"href":"https:\/\/lacasadelamedicina.es\/fr\/wp-json\/wp\/v2\/comments?post=28285"}],"wp:featuredmedia":[{"embeddable":true,"href":"https:\/\/lacasadelamedicina.es\/fr\/wp-json\/wp\/v2\/media\/20135"}],"wp:attachment":[{"href":"https:\/\/lacasadelamedicina.es\/fr\/wp-json\/wp\/v2\/media?parent=28285"}],"wp:term":[{"taxonomy":"product_cat","embeddable":true,"href":"https:\/\/lacasadelamedicina.es\/fr\/wp-json\/wp\/v2\/product_cat?post=28285"},{"taxonomy":"product_tag","embeddable":true,"href":"https:\/\/lacasadelamedicina.es\/fr\/wp-json\/wp\/v2\/product_tag?post=28285"}],"curies":[{"name":"wp","href":"https:\/\/api.w.org\/{rel}","templated":true}]}}