{"id":28268,"date":"2024-08-11T14:41:28","date_gmt":"2024-08-11T14:41:28","guid":{"rendered":"https:\/\/lacasadelamedicina.es\/product\/acheter-tapentadol-en-ligne\/"},"modified":"2024-08-11T14:41:28","modified_gmt":"2024-08-11T14:41:28","slug":"acheter-tapentadol-en-ligne","status":"publish","type":"product","link":"https:\/\/lacasadelamedicina.es\/fr\/produit\/acheter-tapentadol-en-ligne\/","title":{"rendered":"Acheter Tapentadol en ligne"},"content":{"rendered":"<h1 class=\"product_title entry-title\">Acheter Tapentadol en ligne<\/h1>\n<p> Le tapentadol est un analg\u00e9sique opio\u00efde puissant utilis\u00e9 pour soulager les douleurs intenses, en particulier lorsque les autres traitements contre la douleur se sont r\u00e9v\u00e9l\u00e9s inefficaces ou ne sont pas tol\u00e9r\u00e9s. Il peut \u00eatre administr\u00e9 sous forme de solution buvable ou de comprim\u00e9 et est \u00e9galement disponible sous forme \u00e0 lib\u00e9ration prolong\u00e9e pour soulager les douleurs chroniques, notamment celles caus\u00e9es par la neuropathie diab\u00e9tique.  <strong>Points cl\u00e9s :<\/strong><\/p>\n<ul>\n<li><strong>Utilisation :<\/strong> Le tapentadol est indiqu\u00e9 pour les douleurs intenses qui n\u00e9cessitent un traitement aux opio\u00efdes et ne convient pas pour un soulagement occasionnel ou \u00ab au besoin \u00bb. Il s\u2019agit d\u2019un analg\u00e9sique narcotique qui agit sur le syst\u00e8me nerveux central pour soulager la douleur. <\/li>\n<li><strong>Risque de d\u00e9pendance :<\/strong> l\u2019utilisation \u00e0 long terme du tapentadol peut entra\u00eener une d\u00e9pendance physique, bien que la d\u00e9pendance mentale soit moins probable. Pour att\u00e9nuer les sympt\u00f4mes de sevrage, il est essentiel de r\u00e9duire progressivement la prise du m\u00e9dicament plut\u00f4t que de l\u2019arr\u00eater brusquement. <\/li>\n<li><strong>Distribution restreinte :<\/strong> le tapentadol est disponible dans le cadre du programme REMS (Risk Evaluation and Mitigation Strategy) sur les analg\u00e9siques opio\u00efdes en raison de son potentiel d&rsquo;abus et de d\u00e9pendance.<\/li>\n<\/ul>\n<p><strong>Formes posologiques :<\/strong><\/p>\n<ul>\n<li><strong>Comprim\u00e9 \u00e0 lib\u00e9ration prolong\u00e9e :<\/strong> pour les douleurs intenses, y compris les douleurs chroniques dues \u00e0 la neuropathie diab\u00e9tique.<\/li>\n<li><strong>Comprim\u00e9 :<\/strong> pour d\u2019autres situations de douleur intense o\u00f9 un traitement aux opio\u00efdes est n\u00e9cessaire.<\/li>\n<\/ul>\n<p><strong>Effets secondaires du tapentadol :<\/strong><strong>Effets secondaires courants :<\/strong><\/p>\n<ul>\n<li>Somnolence<\/li>\n<li>Mal de t\u00eate<\/li>\n<li>Naus\u00e9e<\/li>\n<li>Constipation<\/li>\n<li>Inconfort ou douleur \u00e0 l&rsquo;estomac<\/li>\n<li>Fatigue ou faiblesse inhabituelle<\/li>\n<\/ul>\n<p><strong>Effets secondaires moins courants :<\/strong><\/p>\n<ul>\n<li>Douleurs \u00e0 la vessie<\/li>\n<li>Urine sanglante ou trouble<\/li>\n<li>Douleurs corporelles<\/li>\n<li>Toux<\/li>\n<li>Difficult\u00e9 \u00e0 respirer<\/li>\n<li>Fi\u00e8vre<\/li>\n<li>Douleurs musculaires<\/li>\n<li>Fatigue ou faiblesse inhabituelle<\/li>\n<\/ul>\n<p><strong>Effets secondaires rares :<\/strong><\/p>\n<ul>\n<li>Anxi\u00e9t\u00e9<\/li>\n<li>Confusion ou oubli<\/li>\n<li>Oppression thoracique<\/li>\n<li>Maladresse ou instabilit\u00e9<\/li>\n<li>Rythme cardiaque rapide ou irr\u00e9gulier<\/li>\n<li>Irritabilit\u00e9 ou agitation<\/li>\n<li>Crises<\/li>\n<li>Tremblements ou tremblements<\/li>\n<li>Gonflement du visage, des l\u00e8vres, des mains ou des pieds<\/li>\n<\/ul>\n<p><strong>Effets secondaires graves :<\/strong><\/p>\n<ul>\n<li><strong>Sympt\u00f4mes de surdosage :<\/strong>\n<ul>\n<li>Changement de conscience<\/li>\n<li>Douleur ou inconfort thoracique<\/li>\n<li>Peau froide et moite<\/li>\n<li>Cracher des expectorations mousseuses et roses<\/li>\n<li>Diminution de la conscience ou de la r\u00e9activit\u00e9<\/li>\n<li>Difficult\u00e9 ou trouble respiratoire<\/li>\n<li>\u00c9tourdissements, vertiges ou \u00e9vanouissements<\/li>\n<li>Perte de conscience<\/li>\n<li>L\u00e8vres, ongles ou peau p\u00e2les ou bleus<\/li>\n<li>Somnolence ou somnolence inhabituelle<\/li>\n<li>Gonflement des jambes et des chevilles<\/li>\n<\/ul>\n<\/li>\n<li><strong>Autres sympt\u00f4mes graves :<\/strong>\n<ul>\n<li>D\u00e9pression mentale<\/li>\n<li>Pens\u00e9es d&rsquo;automutilation<\/li>\n<li>R\u00e9actions allergiques graves (urticaire, difficult\u00e9 \u00e0 respirer, gonflement du visage ou de la gorge)<\/li>\n<\/ul>\n<\/li>\n<\/ul>\n<p><strong>Mesures d\u2019urgence :<\/strong><\/p>\n<ul>\n<li>Consultez imm\u00e9diatement un m\u00e9decin si vous pr\u00e9sentez des sympt\u00f4mes de surdosage, tels que de graves difficult\u00e9s respiratoires, des changements de conscience ou une somnolence importante.<\/li>\n<li>Signalez tout effet secondaire grave ou sympt\u00f4me inhabituel \u00e0 votre professionnel de la sant\u00e9.<\/li>\n<\/ul>\n<p><strong>Remarques g\u00e9n\u00e9rales :<\/strong><\/p>\n<ul>\n<li>Le tapentadol doit \u00eatre utilis\u00e9 sous la supervision d\u2019un professionnel de la sant\u00e9, avec une surveillance \u00e9troite des signes de d\u00e9pendance ou d\u2019effets ind\u00e9sirables.<\/li>\n<li>Une diminution progressive de la dose peut aider \u00e0 g\u00e9rer les sympt\u00f4mes de sevrage en cas d\u2019arr\u00eat de la consommation.<\/li>\n<li>Discutez de tous les probl\u00e8mes de sant\u00e9 et de tous les m\u00e9dicaments avec votre m\u00e9decin pour \u00e9viter les interactions potentielles et garantir une utilisation s\u00fbre.<\/li>\n<\/ul>\n","protected":false},"excerpt":{"rendered":"<p>Acheter du tapentadol en ligne. La solution buvable et les comprim\u00e9s de tapentadol sont utilis\u00e9s pour traiter la douleur suffisamment intense pour n\u00e9cessiter un traitement aux opio\u00efdes et lorsque les autres analg\u00e9siques ne fonctionnent pas suffisamment bien ou ne peuvent \u00eatre tol\u00e9r\u00e9s. O\u00f9 acheter du tapentadol en ligne.  <\/p>\n","protected":false},"featured_media":20165,"comment_status":"open","ping_status":"closed","template":"","meta":{"om_disable_all_campaigns":false,"_sitemap_exclude":false,"_sitemap_priority":"","_sitemap_frequency":"","_monsterinsights_skip_tracking":false,"_monsterinsights_sitenote_active":false,"_monsterinsights_sitenote_note":"","_monsterinsights_sitenote_category":0},"product_cat":[18529],"product_tag":[18574,18575,18577],"class_list":{"0":"post-28268","1":"product","2":"type-product","3":"status-publish","4":"has-post-thumbnail","6":"product_cat-analgesiques","7":"product_tag-acheter-tapentadol","8":"product_tag-acheter-tapentadol-en-ligne","9":"product_tag-commander-tapentadol-en-ligne","11":"first","12":"instock","13":"shipping-taxable","14":"purchasable","15":"product-type-variable","16":"farmacie-col"},"aioseo_notices":[],"_links":{"self":[{"href":"https:\/\/lacasadelamedicina.es\/fr\/wp-json\/wp\/v2\/product\/28268"}],"collection":[{"href":"https:\/\/lacasadelamedicina.es\/fr\/wp-json\/wp\/v2\/product"}],"about":[{"href":"https:\/\/lacasadelamedicina.es\/fr\/wp-json\/wp\/v2\/types\/product"}],"replies":[{"embeddable":true,"href":"https:\/\/lacasadelamedicina.es\/fr\/wp-json\/wp\/v2\/comments?post=28268"}],"wp:featuredmedia":[{"embeddable":true,"href":"https:\/\/lacasadelamedicina.es\/fr\/wp-json\/wp\/v2\/media\/20165"}],"wp:attachment":[{"href":"https:\/\/lacasadelamedicina.es\/fr\/wp-json\/wp\/v2\/media?parent=28268"}],"wp:term":[{"taxonomy":"product_cat","embeddable":true,"href":"https:\/\/lacasadelamedicina.es\/fr\/wp-json\/wp\/v2\/product_cat?post=28268"},{"taxonomy":"product_tag","embeddable":true,"href":"https:\/\/lacasadelamedicina.es\/fr\/wp-json\/wp\/v2\/product_tag?post=28268"}],"curies":[{"name":"wp","href":"https:\/\/api.w.org\/{rel}","templated":true}]}}