{"id":28257,"date":"2024-08-11T14:53:54","date_gmt":"2024-08-11T14:53:54","guid":{"rendered":"https:\/\/lacasadelamedicina.es\/product\/acheter-du-vicodin-en-ligne\/"},"modified":"2024-08-11T14:53:54","modified_gmt":"2024-08-11T14:53:54","slug":"acheter-du-vicodin-en-ligne","status":"publish","type":"product","link":"https:\/\/lacasadelamedicina.es\/fr\/produit\/acheter-du-vicodin-en-ligne\/","title":{"rendered":"Acheter du Vicodin en ligne"},"content":{"rendered":"<h1 class=\"product_title entry-title\">Acheter du Vicodin en ligne<\/h1>\n<p> La Vicodin est un m\u00e9dicament sur ordonnance qui combine deux principes actifs : <\/p>\n<ol>\n<li><strong>Hydrocodone :<\/strong> un analg\u00e9sique opio\u00efde (narcotique).<\/li>\n<li><strong>Ac\u00e9taminoph\u00e8ne :<\/strong> analg\u00e9sique non narcotique et r\u00e9ducteur de fi\u00e8vre.<\/li>\n<\/ol>\n<p><strong>Utilisations :<\/strong><\/p>\n<ul>\n<li>La Vicodin est utilis\u00e9e pour traiter les douleurs mod\u00e9r\u00e9es \u00e0 mod\u00e9r\u00e9ment intenses. Elle est g\u00e9n\u00e9ralement prescrite lorsque le soulagement de la douleur ne peut \u00eatre obtenu avec des m\u00e9dicaments non opio\u00efdes seuls. <\/li>\n<\/ul>\n<p><strong>Directives posologiques :<\/strong> La dose quotidienne maximale de Vicodin d\u00e9pend de la formulation : <\/p>\n<ul>\n<li><strong>Vicodin 5 mg\/300 mg<\/strong> : Prendre 1 \u00e0 2 comprim\u00e9s toutes les 4 \u00e0 6 heures selon les besoins, sans d\u00e9passer 8 comprim\u00e9s en 24 heures.<\/li>\n<li><strong>Vicodin 7,5 mg\/300 mg<\/strong> : Prendre 1 comprim\u00e9 toutes les 4 \u00e0 6 heures selon les besoins, sans d\u00e9passer 6 comprim\u00e9s en 24 heures.<\/li>\n<li><strong>Vicodin 10 mg\/300 mg<\/strong> : Prendre 1 comprim\u00e9 toutes les 4 \u00e0 6 heures selon les besoins, sans d\u00e9passer 6 comprim\u00e9s en 24 heures.<\/li>\n<\/ul>\n<p><strong>Consid\u00e9rations importantes :<\/strong><\/p>\n<ul>\n<li><strong>Limite d&rsquo;ac\u00e9taminoph\u00e8ne :<\/strong> la plupart des adultes peuvent prendre en toute s\u00e9curit\u00e9 jusqu&rsquo;\u00e0 4 000 mg d&rsquo;ac\u00e9taminoph\u00e8ne par jour, mais cette limite inclut toutes les sources d&rsquo;ac\u00e9taminoph\u00e8ne, comme d&rsquo;autres m\u00e9dicaments en vente libre.<\/li>\n<li><strong>\u00c9vitez de d\u00e9passer les doses :<\/strong> Soyez prudent avec la quantit\u00e9 totale d&rsquo;ac\u00e9taminoph\u00e8ne pour \u00e9viter d&rsquo;endommager le foie.<\/li>\n<\/ul>\n<p><strong>Effets secondaires :<\/strong><strong>Effets secondaires courants :<\/strong><\/p>\n<ul>\n<li>\u00c9tourdissements<\/li>\n<li>Vertiges<\/li>\n<li>Naus\u00e9es<\/li>\n<li>Vomissement<\/li>\n<li>Maux d&rsquo;estomac<\/li>\n<li>Somnolence<\/li>\n<li>Constipation<\/li>\n<li>Mal de t\u00eate<\/li>\n<li>Changements d&rsquo;humeur<\/li>\n<li>Vision floue<\/li>\n<li>Bourdonnements dans les oreilles<\/li>\n<li>Bouche s\u00e8che<\/li>\n<li>Difficult\u00e9 \u00e0 uriner<\/li>\n<\/ul>\n<p><strong>Effets secondaires graves :<\/strong><\/p>\n<ul>\n<li>Respiration superficielle ou lente<\/li>\n<li>Confusion, pens\u00e9es ou comportements inhabituels<\/li>\n<li>Crises<\/li>\n<li>Douleur abdominale sup\u00e9rieure<\/li>\n<li>D\u00e9mangeaison<\/li>\n<li>Perte d&rsquo;app\u00e9tit<\/li>\n<li>Urine fonc\u00e9e<\/li>\n<li>Tabourets couleur argile<\/li>\n<li>Jaunissement de la peau ou des yeux<\/li>\n<\/ul>\n<p><strong>Consultez imm\u00e9diatement un m\u00e9decin si :<\/strong><\/p>\n<ul>\n<li>Vous ressentez des sympt\u00f4mes tels que des changements s\u00e9v\u00e8res de la vision, des palpitations cardiaques ou de violents maux de t\u00eate.<\/li>\n<li>Vous pr\u00e9sentez des sympt\u00f4mes d\u2019une r\u00e9action allergique grave, tels que de l\u2019urticaire, un gonflement du visage ou de la gorge ou des difficult\u00e9s respiratoires.<\/li>\n<\/ul>\n<p><strong>Comparaison avec Percocet :<\/strong><\/p>\n<ul>\n<li><strong>Efficacit\u00e9 :<\/strong> des \u00e9tudes ont montr\u00e9 que le Vicodin et le Percocet (qui contient de l&rsquo;oxycodone) sont tout aussi efficaces pour la gestion de la douleur \u00e0 court terme et la douleur aigu\u00eb due aux fractures.<\/li>\n<li><strong>Puissance :<\/strong> l&rsquo;oxycodone (Percocet) est environ 1,5 fois plus puissante que l&rsquo;hydrocodone (Vicodin) lorsqu&rsquo;elle est prise \u00e0 doses \u00e9gales.<\/li>\n<\/ul>\n<p><strong>S\u00e9curit\u00e9 et pr\u00e9cautions :<\/strong><\/p>\n<ul>\n<li><strong>Cr\u00e9ation d&rsquo;accoutumance :<\/strong> la vicodine peut cr\u00e9er une accoutumance et entra\u00eener une d\u00e9pendance ou une addiction. Utilisez-la exactement comme prescrit. <\/li>\n<li><strong>Risque de surdosage :<\/strong> prendre trop de Vicodin ou l&rsquo;associer \u00e0 d&rsquo;autres d\u00e9presseurs (comme l&rsquo;alcool) peut entra\u00eener de graves complications de sant\u00e9, notamment un surdosage et la mort.<\/li>\n<li><strong>Consultation :<\/strong> Discutez de toute pr\u00e9occupation ou de tout effet secondaire avec votre professionnel de la sant\u00e9 et informez-le de tout autre m\u00e9dicament ou probl\u00e8me de sant\u00e9.<\/li>\n<\/ul>\n<p><strong>Informations l\u00e9gales et d&rsquo;achat :<\/strong><\/p>\n<ul>\n<li><strong>Exigence d\u2019ordonnance :<\/strong> la Vicodin n\u2019est disponible que sur ordonnance. Il est important de l\u2019obtenir aupr\u00e8s d\u2019une pharmacie agr\u00e9\u00e9e et non aupr\u00e8s de sources en ligne non autoris\u00e9es. <\/li>\n<li><strong>Achat :<\/strong> Pour des raisons de s\u00e9curit\u00e9, procurez-vous toujours du Vicodin par l&rsquo;interm\u00e9diaire de canaux l\u00e9gitimes et suivez attentivement les directives de dosage prescrites.<\/li>\n<\/ul>\n","protected":false},"excerpt":{"rendered":"<p>Achetez Vicodin en ligne. Vicodin est une combinaison d&rsquo;hydrocodone narcotique et d&rsquo;ac\u00e9taminoph\u00e8ne, un analg\u00e9sique non narcotique, utilis\u00e9 pour soulager la douleur mod\u00e9r\u00e9e \u00e0 mod\u00e9r\u00e9ment intense. <\/p>\n","protected":false},"featured_media":20180,"comment_status":"open","ping_status":"closed","template":"","meta":{"om_disable_all_campaigns":false,"_sitemap_exclude":false,"_sitemap_priority":"","_sitemap_frequency":"","_monsterinsights_skip_tracking":false,"_monsterinsights_sitenote_active":false,"_monsterinsights_sitenote_note":"","_monsterinsights_sitenote_category":0},"product_cat":[18529],"product_tag":[18861,18552,18553,18559,18573,18565,18568,18558,18555,18561,18556,18572,18570,18567,18554,18563,18569,18564,18557,18562,18560],"class_list":{"0":"post-28257","1":"product","2":"type-product","3":"status-publish","4":"has-post-thumbnail","6":"product_cat-analgesiques","7":"product_tag-acheter-de-lhydrocodone-en-ligne","8":"product_tag-acheter-du-vicodin","9":"product_tag-acheter-du-vicodin-en-ligne","10":"product_tag-acheter-vicodin-en-ligne-en-europe","11":"product_tag-avis-sur-vicodin-europe","12":"product_tag-boutique-en-ligne-vicodin-europe","13":"product_tag-boutique-vicodin-europe","14":"product_tag-combien-coute-la-vicodin","15":"product_tag-commander-du-vicodin-en-ligne","16":"product_tag-commander-vicodin-eu","17":"product_tag-effets-de-la-vicodine","18":"product_tag-fournisseurs-de-vicodin-europe","19":"product_tag-livraison-de-vicodin-en-europe","20":"product_tag-offres-vicodin-europe","21":"product_tag-ou-acheter-du-vicodin-en-ligne","22":"product_tag-ou-acheter-vicodin-europe","23":"product_tag-reduction-sur-vicodin-europe","24":"product_tag-vente-de-vicodin-en-europe","25":"product_tag-vente-de-vicodin-en-ligne","26":"product_tag-vicodin-livraison-gratuite-en-europe","27":"product_tag-vicodin-meilleur-prix-europe","29":"first","30":"instock","31":"shipping-taxable","32":"purchasable","33":"product-type-variable","34":"farmacie-col"},"aioseo_notices":[],"_links":{"self":[{"href":"https:\/\/lacasadelamedicina.es\/fr\/wp-json\/wp\/v2\/product\/28257"}],"collection":[{"href":"https:\/\/lacasadelamedicina.es\/fr\/wp-json\/wp\/v2\/product"}],"about":[{"href":"https:\/\/lacasadelamedicina.es\/fr\/wp-json\/wp\/v2\/types\/product"}],"replies":[{"embeddable":true,"href":"https:\/\/lacasadelamedicina.es\/fr\/wp-json\/wp\/v2\/comments?post=28257"}],"wp:featuredmedia":[{"embeddable":true,"href":"https:\/\/lacasadelamedicina.es\/fr\/wp-json\/wp\/v2\/media\/20180"}],"wp:attachment":[{"href":"https:\/\/lacasadelamedicina.es\/fr\/wp-json\/wp\/v2\/media?parent=28257"}],"wp:term":[{"taxonomy":"product_cat","embeddable":true,"href":"https:\/\/lacasadelamedicina.es\/fr\/wp-json\/wp\/v2\/product_cat?post=28257"},{"taxonomy":"product_tag","embeddable":true,"href":"https:\/\/lacasadelamedicina.es\/fr\/wp-json\/wp\/v2\/product_tag?post=28257"}],"curies":[{"name":"wp","href":"https:\/\/api.w.org\/{rel}","templated":true}]}}