{"id":35357,"date":"2024-08-09T14:01:59","date_gmt":"2024-08-09T14:01:59","guid":{"rendered":"https:\/\/lacasadelamedicina.es\/product\/osta-5f-mdmb-2201-kiteita-verkosta\/"},"modified":"2024-08-09T14:01:59","modified_gmt":"2024-08-09T14:01:59","slug":"osta-5f-mdmb-2201-kiteita-verkosta","status":"publish","type":"product","link":"https:\/\/lacasadelamedicina.es\/fi\/tuote\/osta-5f-mdmb-2201-kiteita-verkosta\/","title":{"rendered":"Osta 5f MDMB 2201 -kiteit\u00e4 verkosta"},"content":{"rendered":"<h1>Osta 5f MDMB 2201 -kiteit\u00e4 verkosta<\/h1>\n<p> Osta 5f MDMB 2201 -kiteit\u00e4 verkosta. Osta 5f MDMB 2201 -kiteit\u00e4 verkosta &#8211; <a href=\"https:\/\/drlawsonspharmacy\/contact-us\/\">OTA YHTEYTT\u00c4<\/a> Alamme l\u00f6yt\u00e4\u00e4 indatsoli-3-karboksamidia synteettisist\u00e4 kannabistuotteista ymp\u00e4ri maailmaa. Farmakologia: 5F-MDMB-2201:n tiedet\u00e4\u00e4n olevan eritt\u00e4in voimakas CB1-agonisti, mutta on ep\u00e4selv\u00e4\u00e4, onko se my\u00f6s eritt\u00e4in selektiivinen CB1:n suhteen vai onko se ollenkaan selektiivinen. Lis\u00e4\u00e4 <a href=\"https:\/\/dieapotheke247.com\/\">t\u00e4ll\u00e4 alueella tarvitaan testausta.<\/a> Samankaltaiset yhdisteet: 5F-AB-PINACA PX-3 MDMB-FUBINACA MDMB-CHMICA APINACA APICA ADB-PINACA ADBICA ADB- FUBINACA ADB-CHMINACA AB-PINACA AB-FUBINACA AB-CHMINACA AB-CHFUPYCA 5F-APINACA 5F-AMB Laillisuus: 5F-MDMB-2201 ei ole t\u00e4ll\u00e4 hetkell\u00e4 tunnustettu kielletyksi aineeksi miss\u00e4\u00e4n suuressa maassa tai laink\u00e4ytt\u00f6alueella, mutta sit\u00e4 voitaisiin pit\u00e4\u00e4 samanlaisena yhdiste 5F-ADB:ksi. Siksi on noudatettava varovaisuutta tuotaessa t\u00e4t\u00e4 ainetta, koska t\u00e4m\u00e4n aineen myynti tai hallussapito voi olla laitonta joissakin maissa. 5F-MDMB-2201 ei sovellu ihmisten tai el\u00e4inten ravinnoksi, koska se toimitetaan vain tutkimuskemikaalina. Vain p\u00e4tev\u00e4t henkil\u00f6t saavat k\u00e4ytt\u00e4\u00e4 sit\u00e4 laboratorio- tai oikeusl\u00e4\u00e4ketieteellisess\u00e4 ymp\u00e4rist\u00f6ss\u00e4. Esittelyss\u00e4 5F MDMB-2201 Crystals, vallankumouksellinen tuote, joka avaa oven uraauurtaville synteettisten kannabinoidien tutkimuksille. 5F MDMB-2201 -kiteet ovat ihanteellisia katalysaattoreita tieteellisten ponnistelujesi maksimaalisen potentiaalin avaamiseen vertaansa vailla olevan tehonsa ja erinomaisen puhtautensa ansiosta. 5F MDMB-2201 -kiteemme syntetisoidaan huolellisesti ja valmistetaan k\u00e4sin k\u00e4ytt\u00e4en huippuluokan menetelmi\u00e4, mik\u00e4 takaa vertaansa vailla olevan johdonmukaisuuden ja puhtauden, jonka avulla tutkijat voivat tutkia endokannabinoidij\u00e4rjestelm\u00e4n monimutkaisia \u200b\u200btoimintoja turvallisesti ja tarkasti.          <\/p>\n<h3>Osta 5F MDMB 2201 Crystals verkosta<\/h3>\n<p> Kun 5F MDMB-2201 -kiteet saavuttavat t\u00e4yden potentiaalinsa, avautuu lukuisia tutkimusmahdollisuuksia. T\u00e4m\u00e4 aine tarjoaa harvinaisen mahdollisuuden tutkia ja ymm\u00e4rt\u00e4\u00e4 endokannabinoidij\u00e4rjestelm\u00e4n ja useiden fysiologisten prosessien v\u00e4list\u00e4 vuorovaikutusta, mukaan lukien kivunhallinta, neurofarmakologia ja riippuvuustutkimus. Se on voimakas kannabinoidireseptorien agonisti. 5F MDMB-2201 -kiteiden erinomainen vakaus ja teho ovat syy niiden poikkeukselliseen laatuun. T\u00e4m\u00e4 vakaus mahdollistaa tarkan annostelun ja johdonmukaiset tulokset, mik\u00e4 antaa tutkijoille mahdollisuuden suorittaa pitki\u00e4 tutkimuksia luottavaisesti. Kiteet ovat my\u00f6s eritt\u00e4in liukoisia useisiin yleisiin liuottimiin, mik\u00e4 tekee niist\u00e4 helppoja sis\u00e4llytt\u00e4\u00e4 erilaisiin laboratoriotekniikoihin.      <\/p>\n<h3>Osta 5f MDMB 2201 Crystals verkosta<\/h3>\n<p> Osoitteessa <span class=\"selectable-text copyable-text\">LA CASA DE LA MEDICINA<\/span>, asiakastyytyv\u00e4isyys ja turvallisuus ovat meille etusijalla. Alan korkeimpien standardien noudattamisen varmistamiseksi 5F MDMB-2201 -kiteemme l\u00e4pik\u00e4yv\u00e4t tiukat laadunvalvontamenettelyt. Noudatamme tiukasti turvallisuusmenettelyj\u00e4 ja tarjoamme kattavan dokumentaation avuksi opiskeluprosessissasi. Huomaa, ett\u00e4 5F MDMB-2201 Crystals on tarkoitettu vain tutkimustarkoituksiin, eik\u00e4 ihmisten tulisi miss\u00e4\u00e4n olosuhteissa sy\u00f6d\u00e4 niit\u00e4. Kun ty\u00f6skentelet t\u00e4m\u00e4n kemikaalin kanssa, sinun on ehdottomasti noudatettava paikallisia lakeja ja moraalinormeja.     &nbsp;<\/p>\n","protected":false},"excerpt":{"rendered":"<p>Osta 5F-MDMB 2201 kristalleja verkosta. 5F-MDMB-2201 on synteettinen kannabinoidi indatsoliperheest\u00e4, joka on huomattavan samanlainen kuin suositumpi 5F-MDMB-PINACA.  &nbsp;<\/p>\n","protected":false},"featured_media":18574,"comment_status":"closed","ping_status":"closed","template":"","meta":{"om_disable_all_campaigns":false,"_sitemap_exclude":false,"_sitemap_priority":"","_sitemap_frequency":"","_monsterinsights_skip_tracking":false,"_monsterinsights_sitenote_active":false,"_monsterinsights_sitenote_note":"","_monsterinsights_sitenote_category":0},"product_cat":[17206],"product_tag":[38244,38243,38247,38256,38255,38259,38251,38254,38260,38257,38249,38252,38258,38253,38245,38241,38250,38240,38239,38246,38248,38242],"class_list":{"0":"post-35357","1":"product","2":"type-product","3":"status-publish","4":"has-post-thumbnail","6":"product_cat-tutkimuskemikaalit-ja-psykedeelit","7":"product_tag-5f-mdmb-2201-kiteiden-myynti-verkossa","8":"product_tag-5f-mdmb-2201-kiteiden-vaikutukset","9":"product_tag-5f-mdmb-2201-kristalleja-paras-hinta-euroopassa","10":"product_tag-5f-mdmb-2201-kristallit-euroopan-alennus","11":"product_tag-5f-mdmb-2201-kristallit-euroopan-kauppa","12":"product_tag-5f-mdmb-2201-kristallit-euroopan-toimittajat","13":"product_tag-5f-mdmb-2201-kristallit-euroopassa","14":"product_tag-5f-mdmb-2201-kristallit-euroopassa-fi","15":"product_tag-5f-mdmb-2201-kristallit-eurooppa-katsaus","16":"product_tag-5f-mdmb-2201-kristallit-eurooppaan-toimitus","17":"product_tag-5f-mdmb-2201-kristallit-ilmainen-toimitus-eurooppaan","18":"product_tag-5f-mdmb-2201-kristallit-verkkokauppa-eurooppa","19":"product_tag-aitoja-5f-mdmb-2201-kristalleja-euroopassa","20":"product_tag-halvat-5f-mdmb-2201-kristallit-eurooppa","21":"product_tag-kuinka-paljon-on-5f-mdmb-2201-kiteita","22":"product_tag-mista-ostaa-5f-mdmb-2201-kiteita-verkosta","23":"product_tag-mista-ostaa-5f-mdmb-2201-kristalleja-euroopassa","24":"product_tag-osta-5f-mdmb-2201-kiteita-verkosta","25":"product_tag-osta-5f-mdmb-2201-kristalleja","26":"product_tag-osta-5f-mdmb-2201-kristalleja-verkosta-euroopassa","27":"product_tag-tilaa-5f-mdmb-2201-kristalleja-eu","28":"product_tag-tilaa-5f-mdmb-2201-kristalleja-verkosta","30":"first","31":"instock","32":"shipping-taxable","33":"purchasable","34":"product-type-variable","35":"farmacie-col"},"aioseo_notices":[],"_links":{"self":[{"href":"https:\/\/lacasadelamedicina.es\/fi\/wp-json\/wp\/v2\/product\/35357"}],"collection":[{"href":"https:\/\/lacasadelamedicina.es\/fi\/wp-json\/wp\/v2\/product"}],"about":[{"href":"https:\/\/lacasadelamedicina.es\/fi\/wp-json\/wp\/v2\/types\/product"}],"replies":[{"embeddable":true,"href":"https:\/\/lacasadelamedicina.es\/fi\/wp-json\/wp\/v2\/comments?post=35357"}],"wp:featuredmedia":[{"embeddable":true,"href":"https:\/\/lacasadelamedicina.es\/fi\/wp-json\/wp\/v2\/media\/18574"}],"wp:attachment":[{"href":"https:\/\/lacasadelamedicina.es\/fi\/wp-json\/wp\/v2\/media?parent=35357"}],"wp:term":[{"taxonomy":"product_cat","embeddable":true,"href":"https:\/\/lacasadelamedicina.es\/fi\/wp-json\/wp\/v2\/product_cat?post=35357"},{"taxonomy":"product_tag","embeddable":true,"href":"https:\/\/lacasadelamedicina.es\/fi\/wp-json\/wp\/v2\/product_tag?post=35357"}],"curies":[{"name":"wp","href":"https:\/\/api.w.org\/{rel}","templated":true}]}}