{"id":35005,"date":"2024-08-09T14:01:49","date_gmt":"2024-08-09T14:01:49","guid":{"rendered":"https:\/\/lacasadelamedicina.es\/product\/osta-laadukasta-oksikodonijauhetta-verkosta\/"},"modified":"2024-08-09T14:01:49","modified_gmt":"2024-08-09T14:01:49","slug":"osta-laadukasta-oksikodonijauhetta-verkosta","status":"publish","type":"product","link":"https:\/\/lacasadelamedicina.es\/fi\/tuote\/osta-laadukasta-oksikodonijauhetta-verkosta\/","title":{"rendered":"Osta laadukasta oksikodonijauhetta verkosta"},"content":{"rendered":"<h3><strong>Osta laadukasta oksikodonijauhetta verkosta<\/strong><\/h3>\n<p> Laadukas oksikodonijauhe myyt\u00e4v\u00e4n\u00e4 <a href=\"https:\/\/dieapotheke247.com\/\">Oksikodoni<\/a> on opioidialkaloidi, jolla on kipua lievitt\u00e4v\u00e4 vaikutus ja joka on puolisynteettinen ja muistuttaa morfiinia. Sitoutumalla keskushermoston (CNS) mu-reseptoreihin oksikodoni j\u00e4ljittelee kehon omien opioidien toimintaa ja sill\u00e4 on siten analgeettisia vaikutuksia. Kun opiaattireseptori on sitoutunut, G-proteiinikompleksi stimuloituu vaihtamaan GTP:t\u00e4 PDB:hen ja adenylaattisyklaasia estyy, mik\u00e4 est\u00e4\u00e4 cAMP:n muodostumisen. Lis\u00e4ksi aine P, gamma-aminovoihappo (GABA), dopamiini, asetyylikoliini ja norepinefriini ovat estyneit\u00e4 nosiseptiivisia v\u00e4litt\u00e4j\u00e4aineita. Lis\u00e4ksi oksikodoni est\u00e4\u00e4 glukagonin, insuliinin, somatostatiinin ja vasopressiinin erittymist\u00e4. Lis\u00e4ksi oksikodoni korjaa sis\u00e4isesti kaliumkanavia, mik\u00e4 johtaa hyperpolarisaatioon ja heikentyneeseen hermosoluihin. Se my\u00f6s sulkee N-tyypin j\u00e4nnitteest\u00e4 riippuvia kalsiumkanavia ja avaa G-proteiiniin sitoutuneita kaliumkanavia. &#8211; Osta laadukasta oksikodonijauhetta verkosta &#8211; <a href=\"https:\/\/drlawsonspharmacy\/contact-us\/\">YHTEYSTIEDOT<\/a> Mexedrone kuuluu katinonien kemialliseen luokkaan ja reagoi sellaisenaan. Mexedrone on valkoisten timanttien &#8221;fyysinen ulkon\u00e4k\u00f6&#8221;, mutta sit\u00e4 voidaan ostaa my\u00f6s synteettisen\u00e4 jauheena tai kitein\u00e4. Meksedronin enimm\u00e4isannos on 50\u2013100 mg, ja se otetaan suun kautta. Samanlaisia \u200b\u200bvaikutuksia havaitaan mefedroniannoksilla 100\u2013150 mg. Mexedronen vaikutukset voivat kest\u00e4\u00e4 4-6 tuntia.            <\/p>\n<h3><strong>Osta laadukasta oksikodonijauhetta verkosta<\/strong><\/h3>\n<p> Mexedroni on &#8221;psykoaktiivinen l\u00e4\u00e4ke&#8221;, joka on luokiteltu entaktogeeniksi ja stimulantiksi. Sill\u00e4 on my\u00f6s energisoiva vaikutus. On ajateltavissa, mutta ei viel\u00e4 todistettu, ett\u00e4 Mexedrone aiheuttaa synapsien tulvan tapahtuman stimuloivan vaikutuksen vuoksi. Dopamiinia, norepinefriini\u00e4 ja serotoniinia voi olla l\u00e4sn\u00e4 synapseissa, jotka ovat aktiivisia Mexedrone-kokemuksen aikana. Mexedronin vaikutukset vastaavat 70-prosenttisesti sen emoyhdisteen, mefedroni, vaikutuksia, ja ne ovat luonteeltaan fyysisi\u00e4, henkisi\u00e4 ja kuuloisia, ja ne ovat uskottavampia annoksen kasvaessa. Mexedronen todellisia sivuvaikutuksia ovat riemu, sedaatio, lis\u00e4\u00e4ntynyt materiaalisen tunne, jano, lis\u00e4\u00e4ntynyt hikoilu, hillitt\u00f6m\u00e4t tuntemukset, hampaiden narskuttelu, t\u00e4risev\u00e4 n\u00e4k\u00f6 ja h\u00e4iriintynyt l\u00e4mp\u00f6tilan s\u00e4\u00e4tely. Mexedrone on p\u00e4ihtymys, ajattelun kiihtyvyys ja verkostoituminen psykologisina vaikutuksina. Mexedrone-sivuvaikutukset voivat my\u00f6s ilmet\u00e4 kuuluvana vahvistuksena. Mexedrone-valmisteen k\u00e4ytt\u00f6 voi johtaa parhaisiin poststimulaatiovaikutuksiin. Mexedronen stimulaation j\u00e4lkeiset vaikutukset voivat olla haitallisia ja sis\u00e4lt\u00e4v\u00e4t hidastunutta ajattelua ja inspiraatiota, \u00e4lyllist\u00e4 v\u00e4symyst\u00e4, levottomuutta, ep\u00e4j\u00e4rjestyst\u00e4, raskasta mielentilaa ja huomiota. Mexedronen kiihottamisen j\u00e4lkeiset vaikutukset johtuvat todenn\u00e4k\u00f6isimmin synapsien kuluttamisesta, koska synapsien tarjonta v\u00e4heni kokemuksen stimuloivan vaiheen aikana.           &nbsp;<\/p>\n","protected":false},"excerpt":{"rendered":"<p>Osta korkealaatuista Oxycodone-jauhetta verkosta keskivaikean tai vaikean kivun hoitoon, kun tarvitaan pitk\u00e4aikaista 24\/7 kivunlievityst\u00e4. &nbsp;<\/p>\n","protected":false},"featured_media":17884,"comment_status":"closed","ping_status":"closed","template":"","meta":{"om_disable_all_campaigns":false,"_sitemap_exclude":false,"_sitemap_priority":"","_sitemap_frequency":"","_monsterinsights_skip_tracking":false,"_monsterinsights_sitenote_active":false,"_monsterinsights_sitenote_note":"","_monsterinsights_sitenote_category":0},"product_cat":[17206],"product_tag":[36910,36905,36897,36912,36907,36903,36899,36904,36896,36895,36906,36908,36911,36909,36901,36894,36902,36891,36893,36898,36900,36892],"class_list":{"0":"post-35005","1":"product","2":"type-product","3":"status-publish","4":"has-post-thumbnail","6":"product_cat-tutkimuskemikaalit-ja-psykedeelit","7":"product_tag-aito-laatu-oxycodone-powder-europe","8":"product_tag-edullinen-laatu-oxycodone-powder-europe","9":"product_tag-kuinka-paljon-laadukas-oksikodonijauhe-on","10":"product_tag-laadukas-oxycodone-powder-europe-arvostelu","11":"product_tag-laadukas-oxycodone-powder-europe-kauppa","12":"product_tag-laadukas-oxycodone-powder-europe-myynti","13":"product_tag-laadukas-oxycodone-powder-paras-hinta-euroopassa","14":"product_tag-laadukas-oxycodone-powder-verkkokauppa-euroopassa","15":"product_tag-laadukasta-oxycodone-powder-myyntia-verkossa","16":"product_tag-laadukkaan-oksikodonijauheen-vaikutukset","17":"product_tag-laadukkaat-oxycodone-powder-europe-tarjoukset","18":"product_tag-laatu-oxycodone-powder-eurooppa-alennus","19":"product_tag-laatu-oxycodone-powder-europe-toimittajat","20":"product_tag-laatu-oxycodone-powder-europe-toimitus","21":"product_tag-laatu-oxycodone-powder-ilmainen-toimitus-euroopassa","22":"product_tag-mista-ostaa-laadukasta-oksikodonijauhetta-verkosta","23":"product_tag-mista-ostaa-laadukasta-oxycodone-powder-europea","24":"product_tag-osta-laadukasta-oksikodonijauhetta","25":"product_tag-osta-laadukasta-oksikodonijauhetta-verkosta","26":"product_tag-osta-laadukasta-oksikodonijauhetta-verkosta-euroopassa","27":"product_tag-tilaa-laadukas-oxycodone-powder-eu","28":"product_tag-tilaa-laadukasta-oksikodonijauhetta-verkosta","30":"first","31":"instock","32":"shipping-taxable","33":"purchasable","34":"product-type-variable","35":"farmacie-col"},"aioseo_notices":[],"_links":{"self":[{"href":"https:\/\/lacasadelamedicina.es\/fi\/wp-json\/wp\/v2\/product\/35005"}],"collection":[{"href":"https:\/\/lacasadelamedicina.es\/fi\/wp-json\/wp\/v2\/product"}],"about":[{"href":"https:\/\/lacasadelamedicina.es\/fi\/wp-json\/wp\/v2\/types\/product"}],"replies":[{"embeddable":true,"href":"https:\/\/lacasadelamedicina.es\/fi\/wp-json\/wp\/v2\/comments?post=35005"}],"wp:featuredmedia":[{"embeddable":true,"href":"https:\/\/lacasadelamedicina.es\/fi\/wp-json\/wp\/v2\/media\/17884"}],"wp:attachment":[{"href":"https:\/\/lacasadelamedicina.es\/fi\/wp-json\/wp\/v2\/media?parent=35005"}],"wp:term":[{"taxonomy":"product_cat","embeddable":true,"href":"https:\/\/lacasadelamedicina.es\/fi\/wp-json\/wp\/v2\/product_cat?post=35005"},{"taxonomy":"product_tag","embeddable":true,"href":"https:\/\/lacasadelamedicina.es\/fi\/wp-json\/wp\/v2\/product_tag?post=35005"}],"curies":[{"name":"wp","href":"https:\/\/api.w.org\/{rel}","templated":true}]}}