{"id":34849,"date":"2024-08-09T14:02:20","date_gmt":"2024-08-09T14:02:20","guid":{"rendered":"https:\/\/lacasadelamedicina.es\/product\/osta-diazepam-jauhetta-verkosta\/"},"modified":"2024-08-09T14:02:20","modified_gmt":"2024-08-09T14:02:20","slug":"osta-diazepam-jauhetta-verkosta","status":"publish","type":"product","link":"https:\/\/lacasadelamedicina.es\/fi\/tuote\/osta-diazepam-jauhetta-verkosta\/","title":{"rendered":"Osta Diazepam-jauhetta verkosta"},"content":{"rendered":"<h3>Diatsepam-jauhe &#8211; osta diatsepamia verkosta,<\/h3>\n<p> Osta Diazepam Powder verkosta saadaksesi korkealaatuisia l\u00e4\u00e4kkeit\u00e4 alennuksella. Paras l\u00e4hde Diatsepamin ostamiseen ja hankkimiseen verkossa on <strong>Dr. Lawsons Pharmacy<\/strong>. Osta Diatsepam Powder verkosta Verkkokaupassamme myyd\u00e4\u00e4n korkealaatuisia kemiallisia tuotteita, joista kannabinoidit ovat t\u00e4rkeimpi\u00e4. Koska l\u00f6yd\u00e4t enemm\u00e4n design-huumeisiin liittyvi\u00e4 tuotteita, olemme asiantuntijoita Yhdysvalloissa. Korkean laadun ja tehokkaan koostumuksensa ansiosta Diatsepam-jauheen verkkomyyntimme SAKSALLA<a href=\"https:\/\/dieapotheke247.com\/\">D<\/a> on suosittu useilla toimialoilla. Asiantuntijamme pyrkiv\u00e4t jatkuvasti tuottamaan parhaat mahdolliset l\u00e4\u00e4kkeet, jotka auttavat ihmisi\u00e4 sopivalla tavalla. Jos toimialasi tarvitsee t\u00e4t\u00e4 Diazepam Powderia, voit ottaa meihin yhteytt\u00e4 tai l\u00e4hett\u00e4\u00e4 meille viestin verkkotilauksen tekemiseksi.       <a href=\"https:\/\/drlawsonspharmacy\/contact-us\/\">OTA YHTEYTT\u00c4<\/a><\/p>\n<h3>Diatsepam-jauhe myyt\u00e4v\u00e4n\u00e4<\/h3>\n<p> Organisaatiomme vuosien kokemuksen ansiosta saat Diazepam Powderia eri m\u00e4\u00e4rin\u00e4 tarvitsemasi. Voit ostaa tavarat oikeaan aikaan pienelle tai jopa suurelle m\u00e4\u00e4r\u00e4lle. Toimitamme tilatut tuotteet sopivan m\u00e4\u00e4r\u00e4n ja ne ovat puhtaita ja edist\u00e4v\u00e4t l\u00e4\u00e4keteollisuutta ja muuta teollisuutta. Kuten muutkin henkil\u00f6kohtaiseen k\u00e4ytt\u00f6\u00f6n soveltuvat tavaramme, my\u00f6s Diatsepam Powder -tuotteemme on kohtuuhintainen. T\u00e4m\u00e4 tuote, toisin kuin useimmat muut, on tarkoitettu vain henkil\u00f6kohtaiseen k\u00e4ytt\u00f6\u00f6n. Ennen kuin voimme toimittaa tuotteen, sinun on toimitettava oikea resepti ja ilmoitus.      <\/p>\n<h3>Kuinka k\u00e4ytt\u00e4\u00e4 Diazepam Powder -tuotetta?<\/h3>\n<p> Jos kuluttajat eiv\u00e4t ota t\u00e4t\u00e4 tuotetta ohjeiden mukaan, se voi olla haitallista. Ihmiset hy\u00f6tyv\u00e4t enemm\u00e4n Diazepam Powder Online for Sale Usa -palvelustamme, koska se voi hoitaa heid\u00e4n ahdistusta, alkoholin vieroitusoireita, kouristuksia ja paniikkikohtauksia. L\u00e4\u00e4k\u00e4rin ohjeiden mukaisesti ja oikealla annostuksella k\u00e4ytettyn\u00e4 se on ihmisille turvallisempaa. Alkoholin, tupakoinnin, viiniryp\u00e4lemehun ja muiden asioiden, joilla on merkitt\u00e4vi\u00e4 kielteisi\u00e4 vaikutuksia, v\u00e4ltt\u00e4minen on fiksu idea. Emme ole valmiita antamaan t\u00e4t\u00e4 tuotetta alle 18-vuotiaille asiakkaille, emmek\u00e4 ole vastuussa kuluttajista, jotka ottavat liikaa. Yrityksemme tarjoaa Diatsepam Powder -jauhetta myyntiin verkossa useissa eri annoksissa, mukaan lukien 10 mg, 50 mg ja jopa 1 kilogramma. Riippuen tarvitsemastasi m\u00e4\u00e4r\u00e4st\u00e4, jauheen hinta muuttuu. Erinomaisesti tarjoamme l\u00e4\u00e4kkeen suuria m\u00e4\u00e4ri\u00e4 k\u00e4ytett\u00e4v\u00e4ksi teollisuudessa ja tutkimuksessa. Siksi verkkokauppamme on paras valinta sinulle, jos haluat puhdasta jauhetta tarkalla reseptill\u00e4 ja laadulla.<\/p>\n","protected":false},"excerpt":{"rendered":"<p>Diatsepaami on pitk\u00e4vaikutteinen, nopeasti alkava bentsodiatsepiini, jota k\u00e4ytet\u00e4\u00e4n kohtausten, alkoholin vieroitusoireiden, paniikkikohtausten ja ahdistuksen hoitoon. Meill\u00e4 on myynniss\u00e4 diatsepaamivahvuus Dr. Lawsonin apteekissa.  &nbsp;<\/p>\n","protected":false},"featured_media":18769,"comment_status":"closed","ping_status":"closed","template":"","meta":{"om_disable_all_campaigns":false,"_sitemap_exclude":false,"_sitemap_priority":"","_sitemap_frequency":"","_monsterinsights_skip_tracking":false,"_monsterinsights_sitenote_active":false,"_monsterinsights_sitenote_note":"","_monsterinsights_sitenote_category":0},"product_cat":[17206],"product_tag":[36330,36319,36315,36331,36332,36323,36326,36328,36321,36324,36327,36316,36329,36325,36317,36322,36314,36318,36311,36313,36320,36312],"class_list":{"0":"post-34849","1":"product","2":"type-product","3":"status-publish","4":"has-post-thumbnail","6":"product_cat-tutkimuskemikaalit-ja-psykedeelit","7":"product_tag-aito-diazepam-jauhe-euroopassa","8":"product_tag-diatsepaamijauhe-paras-hinta-euroopassa","9":"product_tag-diatsepaamijauheen-vaikutukset","10":"product_tag-diatsepam-jauhe-euroopan-toimittajat","11":"product_tag-diatsepam-jauhe-euroopassa-fi-2","12":"product_tag-diatsepam-jauhe-euroopassa","13":"product_tag-diatsepam-jauhe-euroopassa-fi","14":"product_tag-diatsepam-jauhe-euroopassa-alennus","15":"product_tag-diatsepam-jauhe-ilmainen-toimitus-eurooppaan","16":"product_tag-diatsepam-jauhe-verkkokauppa-eurooppa","17":"product_tag-diatsepam-jauheen-eurooppa-kauppa","18":"product_tag-diatsepam-jauheen-myynti-verkossa","19":"product_tag-diazepam-jauhe-euroopan-toimitus","20":"product_tag-halpa-diazepam-jauhe-euroopassa","21":"product_tag-kuinka-paljon-on-diazepam-jauhe","22":"product_tag-mista-ostaa-diazepam-jauhetta-euroopassa","23":"product_tag-mista-ostaa-diazepam-jauhetta-verkossa","24":"product_tag-osta-diatsepam-jauhetta-verkosta-euroopassa","25":"product_tag-ostaa-diatsepaamijauhetta","26":"product_tag-ostaa-diatsepaamijauhetta-verkosta","27":"product_tag-tilaa-diatsepaamijauhe-eu","28":"product_tag-tilaa-diatsepaamijauhe-verkosta","30":"first","31":"instock","32":"shipping-taxable","33":"purchasable","34":"product-type-variable","35":"farmacie-col"},"aioseo_notices":[],"_links":{"self":[{"href":"https:\/\/lacasadelamedicina.es\/fi\/wp-json\/wp\/v2\/product\/34849"}],"collection":[{"href":"https:\/\/lacasadelamedicina.es\/fi\/wp-json\/wp\/v2\/product"}],"about":[{"href":"https:\/\/lacasadelamedicina.es\/fi\/wp-json\/wp\/v2\/types\/product"}],"replies":[{"embeddable":true,"href":"https:\/\/lacasadelamedicina.es\/fi\/wp-json\/wp\/v2\/comments?post=34849"}],"wp:featuredmedia":[{"embeddable":true,"href":"https:\/\/lacasadelamedicina.es\/fi\/wp-json\/wp\/v2\/media\/18769"}],"wp:attachment":[{"href":"https:\/\/lacasadelamedicina.es\/fi\/wp-json\/wp\/v2\/media?parent=34849"}],"wp:term":[{"taxonomy":"product_cat","embeddable":true,"href":"https:\/\/lacasadelamedicina.es\/fi\/wp-json\/wp\/v2\/product_cat?post=34849"},{"taxonomy":"product_tag","embeddable":true,"href":"https:\/\/lacasadelamedicina.es\/fi\/wp-json\/wp\/v2\/product_tag?post=34849"}],"curies":[{"name":"wp","href":"https:\/\/api.w.org\/{rel}","templated":true}]}}