{"id":34808,"date":"2024-08-09T14:02:20","date_gmt":"2024-08-09T14:02:20","guid":{"rendered":"https:\/\/lacasadelamedicina.es\/product\/osta-virgin-silver-nestemaista-elohopeaa-verkosta\/"},"modified":"2024-09-18T17:20:05","modified_gmt":"2024-09-18T17:20:05","slug":"osta-virgin-silver-nestemaista-elohopeaa-verkosta","status":"publish","type":"product","link":"https:\/\/lacasadelamedicina.es\/fi\/tuote\/osta-virgin-silver-nestemaista-elohopeaa-verkosta\/","title":{"rendered":"Osta Virgin Silver nestem\u00e4ist\u00e4 elohopeaa verkosta"},"content":{"rendered":"<h3><span lang=\"EN-US\">Virgin Silver Liquid Mercury myyt\u00e4v\u00e4n\u00e4 &#8211; Osta Virgin Silver Liquid Mercury verkosta<\/span><\/h3>\n<p> Osta neitsyt hopea nestem\u00e4ist\u00e4 elohopeaa verkossa &#8211; Tarjoamme irtotavarana puhdasta hopeaa nestem\u00e4ist\u00e4 elohopeaa myyt\u00e4v\u00e4ksi verkossa edullisimpaan hintaan, koska olemme paras kannabinoidien j\u00e4lleenmyyj\u00e4. Puhtaaseen hopeaan liuotettua elohopeaa voi ostaa meilt\u00e4 laillisesti verkossa tutkimustarkoituksiin. Buy Virgin Silver Liquid Mercury Online &#8211; Osta neitsythopeaa nestem\u00e4ist\u00e4 elohopeaa verkossa &#8211; Buy Virgin Silver Liquid Mercury Online Nykyinen 34,5 kg:n s\u00e4ili\u00f6 sis\u00e4lt\u00e4\u00e4 neitsythopeaa nestem\u00e4ist\u00e4 hopeaa, jota voidaan k\u00e4ytt\u00e4\u00e4 teollisiin tarkoituksiin. T\u00e4m\u00e4 pullo sis\u00e4lt\u00e4\u00e4 puhdasta nestem\u00e4ist\u00e4 hopeaa, joka on tuotettu uusimpien koneiden ja asiantuntijoiden kehitt\u00e4mien reseptien avulla. Lis\u00e4ksi puhtaan hopean nestem\u00e4isen elohopean ostaminen t\u00e4m\u00e4n yrityksen verkkosivustolta on helppoa. T\u00e4t\u00e4 alustaa on helppo k\u00e4ytt\u00e4\u00e4 ja se toimittaa tarvittaessa laadukkaan tuotteen.      <a href=\"https:\/\/drlawsonspharmacy\/contact-us\/\">OTA YHTEYTT\u00c4<\/a><\/p>\n<h3><span lang=\"EN-US\">Mik\u00e4 on Virgin Silver Liquid Mercury?<\/span><\/h3>\n<p> T\u00e4m\u00e4 tunnettu raaka-aine l\u00f6ytyy monista tavaroista, kuten elohopeakytkimist\u00e4, loisteputkista, l\u00e4mp\u00f6mittareista ja ilmanpainemittareista. Puhdas hopeinen nestem\u00e4inen elohopea on siksi ainutlaatuinen k\u00e4ytett\u00e4v\u00e4ksi muiden materiaalien tai kemikaalien valmistuksessa, koska se toimii my\u00f6hempien kemiallisten reaktioiden katalysaattorina. Noin 99,9 % t\u00e4st\u00e4 elohopeasta on saatavilla puhtaassa muodossa. Siksi ohjelmaan tulee my\u00f6s muita raaka-aineita, kuten kultaa ja hopeaa. Siksi ne testataan perusteellisesti ennen k\u00e4ytt\u00f6\u00e4. Osta Virgin Silver Liquid Mercury verkosta      <\/p>\n<h3><span lang=\"EN-US\">Mist\u00e4 ostaa Virgin Silver Liquid Mercurya?<\/span><\/h3>\n<p> K\u00e4ytt\u00e4j\u00e4t voivat ostaa t\u00e4m\u00e4n nestem\u00e4isen elohopean s\u00e4ili\u00f6it\u00e4 kohtuulliseen hintaan. Aine ei sis\u00e4ll\u00e4 raskasmetalleja. Nestem\u00e4isen hopeaelohopean ostaminen oikeaan hintaan ja vaaditussa m\u00e4\u00e4r\u00e4ss\u00e4 on asiakkaille helpompaa. Jos et osaa oikein mitata tai laskea, kuinka paljon elohopeaa tarvitaan, soita viraston asiantuntijoille, ja he auttavat sinua m\u00e4\u00e4ritt\u00e4m\u00e4\u00e4n tarvitsemasi m\u00e4\u00e4r\u00e4n. <a href=\"https:\/\/dieapotheke247.com\/\">T\u00e4t\u00e4<\/a> tuotetta k\u00e4ytet\u00e4\u00e4n vain tutkimuskemikaaleihin, mutta se toimitetaan korkealaatuisessa, puhtaassa muodossa.    &nbsp;<\/p>\n","protected":false},"excerpt":{"rendered":"<p>Virgin Silver Liquid Mercury myyt\u00e4v\u00e4n\u00e4 &#8211; Osta Virgin Silver Liquid Mercury verkosta Osta neitsyt hopea nestem\u00e4ist\u00e4 elohopeaa verkossa &#8211; Tarjoamme irtotavarana puhdasta hopeaa nestem\u00e4ist\u00e4 elohopeaa myyt\u00e4v\u00e4ksi verkossa edullisimpaan hintaan, koska olemme paras kannabinoidien j\u00e4lleenmyyj\u00e4. Puhtaaseen hopeaan liuotettua elohopeaa voi ostaa meilt\u00e4 laillisesti verkossa tutkimustarkoituksiin. Buy Virgin Silver Liquid Mercury Online &#8211; Osta neitsythopeaa nestem\u00e4ist\u00e4 elohopeaa [&hellip;]<\/p>\n","protected":false},"featured_media":18724,"comment_status":"closed","ping_status":"closed","template":"","meta":{"om_disable_all_campaigns":false,"_sitemap_exclude":false,"_sitemap_priority":"","_sitemap_frequency":"","_monsterinsights_skip_tracking":false,"_monsterinsights_sitenote_active":false,"_monsterinsights_sitenote_note":"","_monsterinsights_sitenote_category":0},"product_cat":[17206],"product_tag":[36146,36141,36133,36138,36130,36128,36129,36134,36136,36127,36144,36148,36137,36135,36139,36145,36143,36132,36147,36140,36142,36131],"class_list":{"0":"post-34808","1":"product","2":"type-product","3":"status-publish","4":"has-post-thumbnail","6":"product_cat-tutkimuskemikaalit-ja-psykedeelit","7":"product_tag-aito-virgin-silver-nestemainen-elohopea-europe","8":"product_tag-halpa-virgin-silver-nestemainen-elohopea-eurooppa","9":"product_tag-kuinka-paljon-virgin-silverin-nestemainen-elohopea-on","10":"product_tag-mista-ostaa-virgin-silver-nestemaista-elohopeaa-euroopassa","11":"product_tag-mista-ostaa-virgin-silver-nestemaista-elohopeaa-verkosta","12":"product_tag-osta-virgin-silver-nestemaista-elohopeaa","13":"product_tag-osta-virgin-silver-nestemaista-elohopeaa-verkosta","14":"product_tag-osta-virgin-silver-nestemaista-elohopeaa-verkosta-euroopassa","15":"product_tag-tilaa-virgin-silver-nestemainen-elohopea-eu","16":"product_tag-tilaa-virgin-silver-nestemaista-elohopeaa-verkosta","17":"product_tag-virgin-silver-nestemainen-elohopea-euroopan-alennus","18":"product_tag-virgin-silver-nestemainen-elohopea-europe-katsaus","19":"product_tag-virgin-silver-nestemainen-elohopea-ilmainen-toimitus-euroopassa","20":"product_tag-virgin-silver-nestemainen-elohopea-paras-hinta-euroopassa","21":"product_tag-virgin-silver-nestemainen-elohopean-myynti-euroopassa","22":"product_tag-virgin-silver-nestemainen-elohopean-toimitus-euroopassa","23":"product_tag-virgin-silver-nestemaisen-elohopean-europe-shop","24":"product_tag-virgin-silver-nestemaisen-elohopean-myynti-verkossa","25":"product_tag-virgin-silver-nestemaisen-elohopean-toimittajat-euroopassa","26":"product_tag-virgin-silver-nestemainen-elohopea-ilmainen-toimitus-eurooppaan","27":"product_tag-virgin-silverin-nestemaisen-elohopean-tarjoukset-euroopassa","28":"product_tag-virgin-silverin-nestemaisen-elohopean-vaikutukset","30":"first","31":"instock","32":"shipping-taxable","33":"purchasable","34":"product-type-variable","35":"farmacie-col"},"aioseo_notices":[],"_links":{"self":[{"href":"https:\/\/lacasadelamedicina.es\/fi\/wp-json\/wp\/v2\/product\/34808"}],"collection":[{"href":"https:\/\/lacasadelamedicina.es\/fi\/wp-json\/wp\/v2\/product"}],"about":[{"href":"https:\/\/lacasadelamedicina.es\/fi\/wp-json\/wp\/v2\/types\/product"}],"replies":[{"embeddable":true,"href":"https:\/\/lacasadelamedicina.es\/fi\/wp-json\/wp\/v2\/comments?post=34808"}],"wp:featuredmedia":[{"embeddable":true,"href":"https:\/\/lacasadelamedicina.es\/fi\/wp-json\/wp\/v2\/media\/18724"}],"wp:attachment":[{"href":"https:\/\/lacasadelamedicina.es\/fi\/wp-json\/wp\/v2\/media?parent=34808"}],"wp:term":[{"taxonomy":"product_cat","embeddable":true,"href":"https:\/\/lacasadelamedicina.es\/fi\/wp-json\/wp\/v2\/product_cat?post=34808"},{"taxonomy":"product_tag","embeddable":true,"href":"https:\/\/lacasadelamedicina.es\/fi\/wp-json\/wp\/v2\/product_tag?post=34808"}],"curies":[{"name":"wp","href":"https:\/\/api.w.org\/{rel}","templated":true}]}}