{"id":28206,"date":"2024-08-09T14:01:49","date_gmt":"2024-08-09T14:01:49","guid":{"rendered":"https:\/\/lacasadelamedicina.es\/product\/osta-100mcg-fractal-storm-verkosta\/"},"modified":"2024-08-09T14:01:49","modified_gmt":"2024-08-09T14:01:49","slug":"osta-100mcg-fractal-storm-verkosta","status":"publish","type":"product","link":"https:\/\/lacasadelamedicina.es\/fi\/tuote\/osta-100mcg-fractal-storm-verkosta\/","title":{"rendered":"Osta 100Mcg Fractal Storm verkosta"},"content":{"rendered":"<h2>Osta LSD Fractal Storm Blotter 100ug verkosta<\/h2>\n<p> Fraktaalimyrsky on yksi suosituimmista luokista <a href=\"https:\/\/en.wikipedia.org\/wiki\/Lysergic_acid_diethylamide\" target=\"_blank\" rel=\"noopener\">LSD<\/a>, jota voidaan kuluttaa monella tavalla. Osta LSD Fractal Storm Blotter myyt\u00e4v\u00e4n\u00e4, jonka kemiallinen kaava on dietyyliamidi-lysergihappo, joka tuotettiin alun perin vuonna 1938, ja se on todellakin psykoaktiivinen huume. Sit\u00e4 tuotetaan teollisesti lysergihaposta, joka on sitruunahapossa, hiivassa, jota esiintyy usein rukiissa sek\u00e4 muissa viljelykasveissa. Se on niin vahva, ett\u00e4 sen pitoisuudet n\u00e4ytt\u00e4v\u00e4t olevan mikrogrammien (mcg) rajoissa. Sen tulokset voivat olla rentouttavia, nautinnollisia ja aivoja muuttavia, ja niit\u00e4 kutsutaan my\u00f6s matkaksi. Osta LSD Fractal Storm Blotter      <\/p>\n<h3>Fractal Storm Blotter Acid myyt\u00e4v\u00e4n\u00e4 verkossa<\/h3>\n<p> Faktoja, jotka voivat auttaa sinua ostamaan LSD Fractal Storm Blotter <\/p>\n<ul>\n<li>LSD:t\u00e4 voi olla saatavilla markkinoilla monin tavoin, kuten imupaperina, gelatiinineli\u00f6in\u00e4, tabletin muodossa tai joskus nestem\u00e4isess\u00e4 muodossa.<\/li>\n<li>Kun keskustellaan kulutustavoista, sill\u00e4 on laaja valikoima erilaisia \u200b\u200btapoja, kuten sis\u00e4\u00e4nhengitystapoja, pist\u00e4mist\u00e4 ruiskeilla tai suun kautta.<\/li>\n<\/ul>\n<p> Sivuvaikutukset Osta LSD Fractal Storm Blotter Huumeiden kuluttaminen enemm\u00e4n kuin sen kapasiteetti vahingoittaa kehoasi monin tavoin, kuten fyysisesti tai henkisesti. Siksi t\u00e4ss\u00e4 on muutamia kohtia &#8211;  <\/p>\n<ul>\n<li>Syd\u00e4men sykkeen, verenpaineen ja niin edelleen nousu.<\/li>\n<li>H\u00e4mmennys muodoissa, paikoissa ja niin edelleen.<\/li>\n<\/ul>\n<h4>Fractal Storm LSD Gammagoblin myyt\u00e4v\u00e4n\u00e4<\/h4>\n<p> Miksi valita Premium-psykedeelit Alla on kolme parasta syyt\u00e4 valita paras pistokekauppa <\/p>\n<ul>\n<li>Luottamus on olennainen osa tervett\u00e4 asiakassuhdetta, jota yll\u00e4pid\u00e4mme eritt\u00e4in huolellisesti.<\/li>\n<li>Laatu on avainkohta, jonka kautta aiemmat asiakkaamme ottavat meihin yhteytt\u00e4 yh\u00e4 uudelleen.<\/li>\n<li>Tarjoukset ja alennukset ovat ensisijaisia \u200b\u200btekij\u00f6it\u00e4.<\/li>\n<\/ul>\n<h4>Johtop\u00e4\u00e4t\u00f6s<\/h4>\n<p> Osta LSD Fractal Storm Blotter on yksi edullisista LSD-kategorioista, joka on useimmiten aina asiakkaiden kysytty. Myyt\u00e4v\u00e4n\u00e4 olevasta LSD:n kemiallisesta nimest\u00e4 puhutaan tieteellisesti kuin dietyyliamidi-lysergihappo, ja alun perin se valmistettiin vuoden 1938 puoliv\u00e4liss\u00e4.  <\/p>\n<h4>Fractal storm design lsd blotter myynniss\u00e4<\/h4>\n<div class=\"node\">\n<div class=\"content\">\n<div class=\"story\">\n<p class=\"common-body-white-8pt\"><span class=\"lsd-dropcap\">Osta LSD Fractal Storm Blotter. Osta LSD <\/span> on yksi tehokkaimmista mielialaa muuttavista kemikaaleista. Sit\u00e4 valmistetaan lysergihaposta, jota l\u00f6ytyy rukiin ja muiden jyvien pinnalla kasvavasta torajyv\u00e4sienest\u00e4. <\/p>\n<p class=\"common-body-white-8pt\">Sit\u00e4 valmistetaan kidemuodossa laittomissa laboratorioissa, p\u00e4\u00e4asiassa Yhdysvalloissa. N\u00e4m\u00e4 kiteet muunnetaan nesteeksi jakelua varten. Se on hajuton, v\u00e4rit\u00f6n ja hieman kitker\u00e4 maku. Osta LSD Fractal Storm Blotter   <span class=\"lsd-dropcap\">.<br \/>\nLSD for sale online <\/span> on yksi tehokkaimmista mielialaa muuttavista kemikaaleista. Sit\u00e4 valmistetaan lysergihaposta, jota l\u00f6ytyy rukiin ja muiden jyvien pinnalla kasvavasta torajyv\u00e4sienest\u00e4. <\/p>\n<div class=\"node\">\n<div class=\"content\">\n<div class=\"story\">\n<div class=\"node\">\n<div class=\"content\"> Joskus verkossa myyt\u00e4v\u00e4n\u00e4 1P LSD:n\u00e4 voi itse asiassa olla muita kemikaaleja, kuten myyt\u00e4v\u00e4n\u00e4 oleva NBOMe tai Buy 2Cb -l\u00e4\u00e4kkeiden tuoteperhe (osa uusia psykoaktiivisia aineita). N\u00e4m\u00e4 voivat olla varsin vaarallisia, koska niiden laatu on ep\u00e4johdonmukainen, ja mahdollisuus ottaa liikaa n\u00e4it\u00e4 muita aineita voi olla kohtalokasta, ja useita kuolemantapauksia on raportoitu ihmisten ottamisesta.  <\/p>\n<h5>mist\u00e4 ostaa lsd-fractal storm blotter acid verkosta<\/h5>\n<\/div>\n<\/div>\n<div class=\"ref-links\"> LSD Myyt\u00e4v\u00e4n\u00e4 verkossa kuuluu huumeiden ryhm\u00e4\u00e4n, joka tunnetaan psykedeelein\u00e4. Kun otetaan pieni\u00e4 annoksia, se voi aiheuttaa lievi\u00e4 muutoksia havainto-, mieliala- ja ajattelussa. Kun otetaan suurempia annoksia, se voi aiheuttaa visuaalisia hallusinaatioita sek\u00e4 tilan ja ajan v\u00e4\u00e4ristymi\u00e4.   <\/div>\n<p class=\"common-body-white-8pt\">Osta LSD Fractal Storm Blotter, jota myyd\u00e4\u00e4n kadulla pienin\u00e4 tabletteina, kapseleina tai gelatiinineli\u00f6in\u00e4. Joskus sit\u00e4 lis\u00e4t\u00e4\u00e4n imukykyiseen paperiin, joka sitten jaetaan pieniksi neli\u00f6iksi, jotka on koristeltu kuvioilla tai sarjakuvahahmoilla. Joskus sit\u00e4 myyd\u00e4\u00e4n nestem\u00e4isess\u00e4 muodossa. Mutta olipa se miss\u00e4 muodossa tahansa, myyt\u00e4v\u00e4t LSD-sy\u00f6t\u00e4v\u00e4t tuotteet ja lsd-mikroannos johtavat k\u00e4ytt\u00e4j\u00e4n samaan paikkaan \u2013 vakava irti todellisuudesta.<span class=\"lsd-dropcap\">Osta fraktaalimyrsky lsd verkosta.<\/span>   <\/p>\n<\/div>\n<\/div>\n<\/div>\n<\/div>\n<\/div>\n<\/div>\n","protected":false},"excerpt":{"rendered":"<p>Haluamme esitell\u00e4 sinulle erikoistuotteen: rajoitetun er\u00e4n LSD-tabletteja, jotka olemme itse levitt\u00e4neet k\u00e4ytt\u00e4m\u00e4ll\u00e4 kristalleja, jotka olemme hankkineet valitulta ryhm\u00e4lt\u00e4 harrastajia, joilla on samanlaisia \u200b\u200buskomuksia henkisyydest\u00e4 ja todellisuudesta. Testasimme sen matkalla ja olimme h\u00e4mm\u00e4styneit\u00e4 energiasta ja voimasta, jota n\u00e4m\u00e4 pienet paperipalat meille antoivat. Hinta ei ollut yht\u00e4 suotuisa kuin Aztecilla kristallim\u00e4\u00e4r\u00e4n rajallisuuden vuoksi, mutta myymme niit\u00e4 hieman kalliimmaksi levitt\u00e4\u00e4ksemme sanaa psykedeelisess\u00e4 yhteis\u00f6ss\u00e4mme.  <\/p>\n","protected":false},"featured_media":14063,"comment_status":"open","ping_status":"closed","template":"","meta":{"om_disable_all_campaigns":false,"_sitemap_exclude":false,"_sitemap_priority":"","_sitemap_frequency":"","_monsterinsights_skip_tracking":false,"_monsterinsights_sitenote_active":false,"_monsterinsights_sitenote_note":"","_monsterinsights_sitenote_category":0},"product_cat":[16902],"product_tag":[18446,18453,18458,18462,18457,18456,18461,18459,18451,18449,18454,18445,18460,18455,18447,18452,18443,18441,18442,18448,18450,18444],"class_list":{"0":"post-28206","1":"product","2":"type-product","3":"status-publish","4":"has-post-thumbnail","6":"product_cat-lsd-fi","7":"product_tag-100mcg-fractal-storm-myynti-verkossa","8":"product_tag-100mcg-fractal-storm-eurooppa-myynti","9":"product_tag-100mcg-fractal-storm-europe-alennus","10":"product_tag-100mcg-fractal-storm-europe-arvostelu","11":"product_tag-100mcg-fractal-storm-europe-kauppa","12":"product_tag-100mcg-fractal-storm-europe-tarjoukset","13":"product_tag-100mcg-fractal-storm-europe-toimittajat","14":"product_tag-100mcg-fractal-storm-europe-toimitus","15":"product_tag-100mcg-fractal-storm-ilmainen-toimitus-eurooppaan","16":"product_tag-100mcg-fractal-storm-paras-hinta-euroopassa","17":"product_tag-100mcg-fractal-storm-verkkokauppa-eurooppa","18":"product_tag-100mcg-fractal-stormin-vaikutukset","19":"product_tag-aito-100mcg-fractal-storm-europe","20":"product_tag-halpa-100mcg-fractal-storm-europe","21":"product_tag-kuinka-paljon-on-100mcg-fractal-storm","22":"product_tag-mista-ostaa-100mcg-fractal-storm-europe","23":"product_tag-mista-ostaa-100mcg-fractal-storm-verkossa","24":"product_tag-osta-100mcg-fractal-storm-fi","25":"product_tag-osta-100mcg-fractal-storm-verkosta","26":"product_tag-osta-100mcg-fractal-storm-verkosta-euroopassa","27":"product_tag-tilaa-100mcg-fractal-storm-eu","28":"product_tag-tilaa-100mcg-fractal-storm-verkosta","30":"first","31":"instock","32":"shipping-taxable","33":"purchasable","34":"product-type-variable","35":"farmacie-col"},"aioseo_notices":[],"_links":{"self":[{"href":"https:\/\/lacasadelamedicina.es\/fi\/wp-json\/wp\/v2\/product\/28206"}],"collection":[{"href":"https:\/\/lacasadelamedicina.es\/fi\/wp-json\/wp\/v2\/product"}],"about":[{"href":"https:\/\/lacasadelamedicina.es\/fi\/wp-json\/wp\/v2\/types\/product"}],"replies":[{"embeddable":true,"href":"https:\/\/lacasadelamedicina.es\/fi\/wp-json\/wp\/v2\/comments?post=28206"}],"wp:featuredmedia":[{"embeddable":true,"href":"https:\/\/lacasadelamedicina.es\/fi\/wp-json\/wp\/v2\/media\/14063"}],"wp:attachment":[{"href":"https:\/\/lacasadelamedicina.es\/fi\/wp-json\/wp\/v2\/media?parent=28206"}],"wp:term":[{"taxonomy":"product_cat","embeddable":true,"href":"https:\/\/lacasadelamedicina.es\/fi\/wp-json\/wp\/v2\/product_cat?post=28206"},{"taxonomy":"product_tag","embeddable":true,"href":"https:\/\/lacasadelamedicina.es\/fi\/wp-json\/wp\/v2\/product_tag?post=28206"}],"curies":[{"name":"wp","href":"https:\/\/api.w.org\/{rel}","templated":true}]}}