{"id":28195,"date":"2024-08-09T14:01:50","date_gmt":"2024-08-09T14:01:50","guid":{"rendered":"https:\/\/lacasadelamedicina.es\/product\/osta-ruskeaa-heroiinijauhetta-verkosta\/"},"modified":"2024-08-09T14:01:50","modified_gmt":"2024-08-09T14:01:50","slug":"osta-ruskeaa-heroiinijauhetta-verkosta","status":"publish","type":"product","link":"https:\/\/lacasadelamedicina.es\/fi\/tuote\/osta-ruskeaa-heroiinijauhetta-verkosta\/","title":{"rendered":"Osta ruskeaa heroiinijauhetta verkosta"},"content":{"rendered":"<h1>Osta ruskeaa heroiinijauhetta verkosta<\/h1>\n<p> Brown Powder Heroin (BPH) on saamassa suosiota kansainv\u00e4lisill\u00e4 markkinoilla. Vaikka BPH on ollut olemassa jo jonkin aikaa, kiinnostus sit\u00e4 kohtaan kasvaa, koska sill\u00e4 on erityisi\u00e4 vaikutuksia ihmiskehoon. Joten jos haluat ostaa ruskeaa heroiinijauhetta verkosta, Dr. Lawsons Pharmacy on paras vaihtoehto. Osta ruskea jauhe heroiini verkosta &#8211;    <a href=\"https:\/\/drlawsonspharmacy\/contact-us\/\">OTA YHTEYTT\u00c4<\/a><\/p>\n<h3>Mist\u00e4 ruskea heroiinijauhe on tehty?<\/h3>\n<p> BPH:n muodossa oleva oopiumi on jalostettu jauheeksi. T\u00e4m\u00e4 jauhe on tehokkaampi ja riippuvuutta aiheuttavampi kuin muut oopiumityypit, koska se on helppo polttaa tai pist\u00e4\u00e4. BPH soveltuu my\u00f6s paremmin k\u00e4ytett\u00e4v\u00e4ksi raskaan toiminnan, kuten urheilun tai seksin, aikana, koska sill\u00e4 on pidempi vaikutus kuin muilla oopiumilla.   <\/p>\n<h3>Ruskean jauheen heroiinin edut<\/h3>\n<p> Brown Powder Heroin (BPH) on ep\u00e4ilem\u00e4tt\u00e4 yksi yleisimmin k\u00e4ytetyist\u00e4 aineista nyky\u00e4\u00e4n. Se on helppo saada ja tarjoaa v\u00e4litt\u00f6m\u00e4n korkean. BPH:ta kutsutaan joskus &#8221;ruskeaksi heroiiniksi&#8221;, koska se on tyypillisesti valmistettu ruskeasta sokerista, kahvista ja ruokasoodasta. BPH on korkealaatuista heroiinia, mik\u00e4 tarkoittaa, ett\u00e4 se sis\u00e4lt\u00e4\u00e4 merkitt\u00e4vi\u00e4 m\u00e4\u00e4ri\u00e4 morfiinia ja kodeiinia. Siksi se on loistava vaihtoehto ihmisille, jotka etsiv\u00e4t voimakasta annosta kivunlievitykseen. Lis\u00e4ksi BPH tarjoaa nopean toimituksen mihin tahansa paikkaan maailmassa, mik\u00e4 tekee siit\u00e4 parhaan vaihtoehdon ihmisille, jotka tarvitsevat l\u00e4\u00e4kkeens\u00e4 v\u00e4litt\u00f6m\u00e4sti. Viimeisen\u00e4, mutta ei v\u00e4h\u00e4isimp\u00e4n\u00e4, ruskean jauheheroiinin hinta on kohtuullinen muihin toimittajiin verrattuna, joten se on toivottava valinta asiakkaille, jotka haluavat laadukkaita l\u00e4\u00e4kkeit\u00e4 budjettia rikkomatta.       <\/p>\n<h3>Osta ruskeaa heroiinijauhetta verkosta<\/h3>\n<p> Ruskean jauheen muodossa oleva heroiini on eritt\u00e4in riippuvuutta aiheuttava ja riskialtis huume, jota yhdistet\u00e4\u00e4n usein muiden aineiden kanssa tehostamaan sen vaikutuksia. Sit\u00e4 myyd\u00e4\u00e4n yleens\u00e4 kadulla ruskeana, mustana tai ruutina. Morfiinin ja muiden opiaattien yhdistelm\u00e4 ruskeassa heroiinijauheessa antaa sille suuren tehon. Ruskean heroiinijauheen v\u00e4litt\u00f6mi\u00e4 sivuvaikutuksia ovat nopeampi syd\u00e4menly\u00f6nti, voimakas l\u00e4mm\u00f6n tunne, nopea hengitys ja himon tunne. V\u00e4litt\u00f6m\u00e4sti n\u00e4iden vaikutusten j\u00e4lkeen tulee uneliaisuuden ja rentoutumisen tunne. Ruskean heroiinijauheen s\u00e4\u00e4nn\u00f6llinen k\u00e4ytt\u00f6 voi ajan my\u00f6t\u00e4 johtaa huumeriippuvuuteen ja riippuvuuteen.      <\/p>\n<h3>Miksi ostaa ruskeajauheheroiinia Dr Lawsons Pharmacysta?<\/h3>\n<p> Jos haluat ostaa ruskeaa heroiinijauhetta verkosta, on useita vaihtoehtoja. Kaikki n\u00e4m\u00e4 vaihtoehdot eiv\u00e4t kuitenkaan ole luotettavia tai turvallisia. Dr. Lawsons Pharmacy auttaa t\u00e4ss\u00e4 tilanteessa. Tarjoamme laajan valikoiman luotettavia muotoja, merkkej\u00e4 ja lajikkeita ruskeaa heroiinijauhetta myyntiin verkossa. Lis\u00e4ksi lyhyet toimitusaikamme mahdollistavat l\u00e4\u00e4kkeiden hankkimisen ilman vaivaa. Haluamme, ett\u00e4 jokaisella meilt\u00e4 tilauksen tekev\u00e4ll\u00e4 asiakkaalla on tyydytt\u00e4v\u00e4 kokemus. Paras paikka ostaa ruskeaa heroiinijauhetta verkosta on Dr. Lawsons Pharmacy, joka tarjoaa yksinkertaisen tilausprosessin ja k\u00e4tevi\u00e4 maksuvaihtoehtoja. Joten tee tilaus myym\u00e4l\u00e4st\u00e4mme nyt saadaksesi parhaat alennukset haluamistasi tuotteista.        &nbsp;<\/p>\n","protected":false},"excerpt":{"rendered":"<p>Osta ruskeaa heroiinijauhetta verkosta Brown Powder Heroin (BPH) on saamassa suosiota kansainv\u00e4lisill\u00e4 markkinoilla. Vaikka BPH on ollut olemassa jo jonkin aikaa, kiinnostus sit\u00e4 kohtaan kasvaa, koska sill\u00e4 on erityisi\u00e4 vaikutuksia ihmiskehoon. Joten jos haluat ostaa ruskeaa heroiinijauhetta verkosta, Dr. Lawsons Pharmacy on paras vaihtoehto. Osta ruskea jauhe heroiini verkosta &#8211; OTA YHTEYTT\u00c4 Mist\u00e4 ruskea heroiinijauhe [&hellip;]<\/p>\n","protected":false},"featured_media":17944,"comment_status":"closed","ping_status":"closed","template":"","meta":{"om_disable_all_campaigns":false,"_sitemap_exclude":false,"_sitemap_priority":"","_sitemap_frequency":"","_monsterinsights_skip_tracking":false,"_monsterinsights_sitenote_active":false,"_monsterinsights_sitenote_note":"","_monsterinsights_sitenote_category":0},"product_cat":[18198],"product_tag":[18416,18407,18409,18402,18414,18418,18413,18412,18417,18405,18415,18410,18411,18403,18408,18400,18404,18398,18397,18401,18406,18399],"class_list":{"0":"post-28195","1":"product","2":"type-product","3":"status-publish","4":"has-post-thumbnail","6":"product_cat-heroiini","7":"product_tag-aito-ruskea-jauhe-heroiini-euroopassa","8":"product_tag-brown-powder-heroiinin-ilmainen-toimitus-eurooppaan","9":"product_tag-brown-powder-heroiinin-myynti-euroopassa","10":"product_tag-brown-powder-heroiinin-myynti-verkossa","11":"product_tag-brown-powder-heroin-europe-alennus","12":"product_tag-brown-powder-heroin-europe-arvostelu","13":"product_tag-brown-powder-heroin-europe-kauppa","14":"product_tag-brown-powder-heroin-europe-tarjoukset","15":"product_tag-brown-powder-heroin-europe-toimittajat","16":"product_tag-brown-powder-heroin-paras-hinta-euroopassa","17":"product_tag-brown-powder-heroin-toimitus-euroopassa","18":"product_tag-brown-powder-heroin-verkkokauppa-eurooppa","19":"product_tag-edullinen-ruskea-jauhe-heroiini-euroopassa","20":"product_tag-kuinka-paljon-on-ruskea-jauhe-heroiini","21":"product_tag-mista-ostaa-brown-powder-heroiinia-euroopassa","22":"product_tag-mista-ostaa-brown-powder-heroiinia-verkossa","23":"product_tag-osta-brown-powder-heroiinia-verkosta-euroopassa","24":"product_tag-osta-ruskeaa-heroiinijauhetta","25":"product_tag-osta-ruskeaa-heroiinijauhetta-verkosta","26":"product_tag-ruskean-jauheen-heroiinin-vaikutukset","27":"product_tag-tilaa-brown-powder-heroin-eu","28":"product_tag-tilaa-ruskeaa-heroiinijauhetta-verkosta","30":"first","31":"instock","32":"shipping-taxable","33":"purchasable","34":"product-type-variable","35":"farmacie-col"},"aioseo_notices":[],"_links":{"self":[{"href":"https:\/\/lacasadelamedicina.es\/fi\/wp-json\/wp\/v2\/product\/28195"}],"collection":[{"href":"https:\/\/lacasadelamedicina.es\/fi\/wp-json\/wp\/v2\/product"}],"about":[{"href":"https:\/\/lacasadelamedicina.es\/fi\/wp-json\/wp\/v2\/types\/product"}],"replies":[{"embeddable":true,"href":"https:\/\/lacasadelamedicina.es\/fi\/wp-json\/wp\/v2\/comments?post=28195"}],"wp:featuredmedia":[{"embeddable":true,"href":"https:\/\/lacasadelamedicina.es\/fi\/wp-json\/wp\/v2\/media\/17944"}],"wp:attachment":[{"href":"https:\/\/lacasadelamedicina.es\/fi\/wp-json\/wp\/v2\/media?parent=28195"}],"wp:term":[{"taxonomy":"product_cat","embeddable":true,"href":"https:\/\/lacasadelamedicina.es\/fi\/wp-json\/wp\/v2\/product_cat?post=28195"},{"taxonomy":"product_tag","embeddable":true,"href":"https:\/\/lacasadelamedicina.es\/fi\/wp-json\/wp\/v2\/product_tag?post=28195"}],"curies":[{"name":"wp","href":"https:\/\/api.w.org\/{rel}","templated":true}]}}