{"id":28188,"date":"2024-08-09T14:01:50","date_gmt":"2024-08-09T14:01:50","guid":{"rendered":"https:\/\/lacasadelamedicina.es\/product\/osta-black-tar-heroiinia-verkosta\/"},"modified":"2024-08-09T14:01:50","modified_gmt":"2024-08-09T14:01:50","slug":"osta-black-tar-heroiinia-verkosta","status":"publish","type":"product","link":"https:\/\/lacasadelamedicina.es\/fi\/tuote\/osta-black-tar-heroiinia-verkosta\/","title":{"rendered":"Osta Black Tar Heroiinia verkosta"},"content":{"rendered":"<h3>Osta Black Tar -heroiinia verkosta<\/h3>\n<p> Mustatervaheroiini on muunnelma huumausaineheroiinista, jolle on tunnusomaista sen tervamainen musta koostumus. Vaikka se on vaarallinen ja voimakas aine, sill\u00e4 on edelleen suuri kysynt\u00e4 saatavuuden ja edullisen hinnan ansiosta. Siksi Dr. Lawsons Pharmacy on ihanteellinen vaihtoehto, jos haluat ostaa mustatervaheroiinia verkosta halvimmalla hinnalla. Osta Black Tar heroiinia verkosta &#8211;    <a href=\"https:\/\/drlawsonspharmacy\/contact-us\/\">OTA YHTEYTT\u00c4<\/a><\/p>\n<h3>Milt\u00e4 mustatervaheroiini n\u00e4ytt\u00e4\u00e4 ja tuoksuu?<\/h3>\n<p> Tupakoinnin tai ruiskeen j\u00e4lkeen j\u00e4\u00e4neet j\u00e4\u00e4m\u00e4t har<a href=\"https:\/\/dieapotheke247.com\/\">e<\/a>roin kovettuu ja siit\u00e4 valmistetaan mustatervaheroiinia. Sill\u00e4 on voimakkaampi haju ja maku kuin muilla heroiinityypeill\u00e4 ja se on tehokkaampi. Napsauta &#8221;Lis\u00e4\u00e4 ostoskoriin&#8221; ja suorita kassaprosessi ostaaksesi Black Tar Heroiinia verkossa Dr. Lawsons Pharmacysta. Sitten Black Tar Heroin toimitetaan irtotavarana suoraan kotiisi. \u00c4l\u00e4 koskaan jaa neuloja tai ruiskuja kenenk\u00e4\u00e4n kanssa ja pid\u00e4 l\u00e4\u00e4kkeesi turvallisesti poissa lasten ja el\u00e4inten ulottuvilta.     <\/p>\n<h3>Mustan tervan heroiinin valmistus- ja kauppaprosessi<\/h3>\n<p> Oopiumjauhetta k\u00e4ytet\u00e4\u00e4n heroiinin valmistamiseen, joka tunnetaan nimell\u00e4 &#8221;musta terva&#8221;. Kun t\u00e4m\u00e4 materiaali on kuumennettu ja yhdistetty muihin kemikaaleihin, se muuttuu tahmeaksi, tummaksi aineeksi, joka tunnetaan nimell\u00e4 &#8221;terva&#8221;. Terva pilkotaan pieniksi paloiksi ja myyd\u00e4\u00e4n kadulla heroiinina. Mustatervan heroiinin valmistus ja kauppa ovat monimutkaisia \u200b\u200bprosesseja. Heroiinikauppiaat neuvottelevat rikollisen alamaailman kanssa saadakseen huumeiden valmistukseen tarvittavat tarvikkeet ja torjuakseen lainvalvontaviranomaisten yrityksi\u00e4 est\u00e4\u00e4 ne. Mutta nyt, kun mustatervaheroiinia on saatavilla verkossa hyv\u00e4maineisista myym\u00e4l\u00f6ist\u00e4, kuten Dr. Lawsons Pharmacysta, t\u00e4m\u00e4 menetelm\u00e4 on helpompi kuin koskaan. Ole tietoinen mustan tervan heroiinin netist\u00e4 tilaamisen vaaroista. Et ole vain vaarassa saada l\u00e4\u00e4kkeit\u00e4 ep\u00e4luotettavalta toimittajalta, vaan my\u00f6s altistat itsesi yliannostuksen ja HIV:n tai muiden infektioiden (sukupuolitautien) saamiselle. Siksi osta n\u00e4m\u00e4 l\u00e4\u00e4kkeet vain hyv\u00e4maineiselta j\u00e4lleenmyyj\u00e4lt\u00e4, kuten Dr. Lawsons Pharmacylta.         <\/p>\n<h3>Mustan tervan heroiinin negatiiviset vaikutukset<\/h3>\n<p> Mustatervaheroiini on l\u00e4\u00e4kkeen voimakas, ep\u00e4puhdas muunnelma, jolla on useita vakavia kielteisi\u00e4 vaikutuksia. Esimerkiksi mustatervaheroiini voi aiheuttaa p\u00e4\u00e4ns\u00e4rky\u00e4, pahoinvointia ja oksentelua. Pitk\u00e4aikainen k\u00e4ytt\u00f6 voi my\u00f6s aiheuttaa vieroitusoireita, kuten ahdistusta, kiihtyneisyytt\u00e4 ja masennusta. Riski sairastua syd\u00e4n- ja keuhkoongelmiin voi my\u00f6s lis\u00e4\u00e4nty\u00e4, jos k\u00e4yt\u00e4t mustatervaheroiinia. Jos sin\u00e4 tai joku tuttusi kamppailee mustatervan heroiiniriippuvuuden kanssa, \u00e4l\u00e4 ep\u00e4r\u00f6i pyyt\u00e4\u00e4 apua.     <\/p>\n<h3>Miksi ostaa Black Tar Heroiinia verkossa Dr. Lawsons Pharmacysta?<\/h3>\n<p> Etsitk\u00f6 laadukasta ja luotettavaa Internet-toimittajaa ostaaksesi mustatervaheroiinia? Dr. Lawsons Pharmacy on ainoa vaihtoehto. T\u00e4\u00e4lt\u00e4 saat laadukasta mustatervaheroiinia parhaaseen hintaan. Lis\u00e4ksi tarjoamme alan nopeimmat toimitusajat.    &nbsp;<\/p>\n","protected":false},"excerpt":{"rendered":"<p>&nbsp;<\/p>\n<p>&nbsp;<\/p>\n","protected":false},"featured_media":17929,"comment_status":"closed","ping_status":"closed","template":"","meta":{"om_disable_all_campaigns":false,"_sitemap_exclude":false,"_sitemap_priority":"","_sitemap_frequency":"","_monsterinsights_skip_tracking":false,"_monsterinsights_sitenote_active":false,"_monsterinsights_sitenote_note":"","_monsterinsights_sitenote_category":0},"product_cat":[18198],"product_tag":[18394,18385,18392,18396,18391,18390,18393,18388,18387,18380,18395,18389,18381,18378,18386,18379,18383,18377,18375,18382,18384,18376],"class_list":{"0":"post-28188","1":"product","2":"type-product","3":"status-publish","4":"has-post-thumbnail","6":"product_cat-heroiini","7":"product_tag-aito-mustatervaheroiini-eurooppa","8":"product_tag-black-tar-heroiinin-ilmainen-toimitus-eurooppaan","9":"product_tag-black-tar-heroin-europe-alennus","10":"product_tag-black-tar-heroin-europe-arvostelu","11":"product_tag-black-tar-heroin-europe-kauppa","12":"product_tag-black-tar-heroin-europe-tarjoukset","13":"product_tag-black-tar-heroin-europe-toimitus","14":"product_tag-black-tar-heroin-verkkokauppa-eurooppa","15":"product_tag-black-terva-heroiinin-myynti-euroopassa","16":"product_tag-black-terva-heroiinin-myynti-verkossa","17":"product_tag-black-terva-heroiinin-toimittajat-euroopassa","18":"product_tag-halpa-black-terva-heroiini-eurooppa","19":"product_tag-kuinka-paljon-mustatervaheroiini-maksaa","20":"product_tag-mista-ostaa-black-tar-heroiinia-verkossa","21":"product_tag-mista-ostaa-black-tar-heroin-europe","22":"product_tag-mustan-tervan-heroiinin-vaikutukset","23":"product_tag-mustatervaheroiini-paras-hinta-euroopassa","24":"product_tag-osta-black-tar-heroin-verkosta","25":"product_tag-osta-black-terva-heroiinia","26":"product_tag-osta-mustatervaheroiinia-verkosta-euroopassa","27":"product_tag-tilaa-black-tar-heroin-eu","28":"product_tag-tilaa-black-tar-heroin-verkosta","30":"first","31":"instock","32":"shipping-taxable","33":"purchasable","34":"product-type-variable","35":"farmacie-col"},"aioseo_notices":[],"_links":{"self":[{"href":"https:\/\/lacasadelamedicina.es\/fi\/wp-json\/wp\/v2\/product\/28188"}],"collection":[{"href":"https:\/\/lacasadelamedicina.es\/fi\/wp-json\/wp\/v2\/product"}],"about":[{"href":"https:\/\/lacasadelamedicina.es\/fi\/wp-json\/wp\/v2\/types\/product"}],"replies":[{"embeddable":true,"href":"https:\/\/lacasadelamedicina.es\/fi\/wp-json\/wp\/v2\/comments?post=28188"}],"wp:featuredmedia":[{"embeddable":true,"href":"https:\/\/lacasadelamedicina.es\/fi\/wp-json\/wp\/v2\/media\/17929"}],"wp:attachment":[{"href":"https:\/\/lacasadelamedicina.es\/fi\/wp-json\/wp\/v2\/media?parent=28188"}],"wp:term":[{"taxonomy":"product_cat","embeddable":true,"href":"https:\/\/lacasadelamedicina.es\/fi\/wp-json\/wp\/v2\/product_cat?post=28188"},{"taxonomy":"product_tag","embeddable":true,"href":"https:\/\/lacasadelamedicina.es\/fi\/wp-json\/wp\/v2\/product_tag?post=28188"}],"curies":[{"name":"wp","href":"https:\/\/api.w.org\/{rel}","templated":true}]}}