{"id":28175,"date":"2024-08-09T14:01:50","date_gmt":"2024-08-09T14:01:50","guid":{"rendered":"https:\/\/lacasadelamedicina.es\/product\/osta-puhdasta-mmb-2201-jauhetta-verkosta\/"},"modified":"2024-08-09T14:01:50","modified_gmt":"2024-08-09T14:01:50","slug":"osta-puhdasta-mmb-2201-jauhetta-verkosta","status":"publish","type":"product","link":"https:\/\/lacasadelamedicina.es\/fi\/tuote\/osta-puhdasta-mmb-2201-jauhetta-verkosta\/","title":{"rendered":"Osta puhdasta MMB-2201-jauhetta verkosta"},"content":{"rendered":"<h1>Osta Pure MMB-2201 Powder verkosta<\/h1>\n<p> Osta MMB-2201 jauhetta verkosta. Kannabinoidit ovat huippuluokan tutkimuskemikaaleja. MDMB-2201 voidaan ostaa verkossa hyv\u00e4maineelta Coinstar Chemicalilta tukkuhintaan. Osta Pure MMB-2201 Powder verkosta &#8211; <a href=\"https:\/\/drlawsonspharmacy\/contact-us\/\">OTA YHTEYTT\u00c4<\/a><strong>5f MDMB 2201 myyt\u00e4v\u00e4n\u00e4 MDMB 2201 reddit<\/strong><strong>mmb-fub | mmbfub<\/strong><strong>fub2201 | fub-akb48<\/strong> (tunnetaan my\u00f6s nimell\u00e4 5F-MMB-PICA, 5F-AMB-PICA ja I-AMB) on tehokas synteettinen kannabinoidi, joka perustuu indoli-3-karboksamidiin, jota myyd\u00e4\u00e4n aktiivisena aineosana kannabissekoituksissa ja k\u00e4ytet\u00e4\u00e4n suunnittelijal\u00e4\u00e4kkeen\u00e4. Synteettinen. Tammikuussa 2014 se mainittiin ensimm\u00e4isen kerran Ven\u00e4j\u00e4ll\u00e4 ja Valko-Ven\u00e4j\u00e4ll\u00e4; Siit\u00e4 huolimatta se myytiin my\u00f6hemmin useisiin muihin maihin. Synteettinen kannabinoidi indatsoliperheest\u00e4 nimelt\u00e4 5F-MDMB-2201 on huomattavan verrattavissa MMB-2201:een. 5F-MDMB-2201 vaikuttaa (antagonisoi) voimakkaasti CB1- ja CB2-reseptoreihin. Meksedroni kuuluu katinonien kemialliseen luokkaan ja reagoi sellaisenaan. Mexedrone on valkoisten timanttien &#8221;fyysinen ulkon\u00e4k\u00f6&#8221;, mutta voit ostaa sen my\u00f6s synteettisen\u00e4 jauheena tai kitein\u00e4. Mexedronin enimm\u00e4isannos on 50\u2013100 mg, ja se otetaan suun kautta. Mefedroniannoksilla 100\u2013150 mg on havaittu aiheuttavan samanlaisia \u200b\u200bvaikutuksia. Mexedronen vaikutukset voivat kest\u00e4\u00e4 4-6 tuntia.             <\/p>\n<h3>Osta Pure MMB-2201 Powder verkosta<\/h3>\n<p> Mexedroni on &#8221;psykoaktiivinen l\u00e4\u00e4ke&#8221;, joka on luokiteltu entaktogeeniksi ja stimulantiksi. Se aiheuttaa my\u00f6s kiihtymyst\u00e4. On ajateltavissa, mutta ei viel\u00e4 todistettu, ett\u00e4 Mexedrone aiheuttaa synaptisen tulvan tapahtuman stimuloivien vaikutusten vuoksi. Dopamiinia, norepinefriini\u00e4 ja serotoniinia voi olla l\u00e4sn\u00e4 synapseissa, jotka ovat aktiivisia Mexedrone-kokemuksen aikana.    <\/p>\n<h3><strong>Tilaa MMB-2201<\/strong><\/h3>\n<p> Mexedronen vaikutus on 70 % alkuper\u00e4isen kemikaalin mefedroni vaikutuksista. Mexedronen vaikutukset ovat luonteeltaan fyysisi\u00e4, henkisi\u00e4 ja kuulollisia, ja ne tulevat uskottavammiksi suuremmilla mittauksilla. Mexedronen todellisia sivuvaikutuksia ovat riemu, sedaatio, lis\u00e4\u00e4ntynyt kehon tunne, jano, lis\u00e4\u00e4ntynyt hikoilu, hillitt\u00f6m\u00e4t tuntemukset, hampaiden narskuttelu, t\u00e4risev\u00e4 n\u00e4k\u00f6 ja heikentynyt l\u00e4mp\u00f6tilan s\u00e4\u00e4tely. Mexedroneilla on psykologinen vaikutus, kuten tempaus, ajattelun kiihtyvyys ja verkostoitumisvaikutus. Mexedronen sivuvaikutukset voivat my\u00f6s ilmet\u00e4 kuultavissa parannuksissa. Mexedronin k\u00e4ytt\u00f6 voi johtaa huippuvaikutuksiin stimulaation j\u00e4lkeen. Mexedronen vaikutukset k\u00e4yt\u00f6n j\u00e4lkeen voivat olla haitallisia aiheuttaen hidastunutta ajattelua ja inspiraatiota, \u00e4lyllist\u00e4 uupumusta, ep\u00e4mukavuutta, vastahakoisuutta, raskasta mielialaa ja huomiota. Mexedronen j\u00e4lkivaikutukset ilmenev\u00e4t todenn\u00e4k\u00f6isimmin synapsien kulutuksen seurauksena, koska synapsien tarjonta v\u00e4heni kokemuksen viritysvaiheen aikana.        &nbsp;<\/p>\n","protected":false},"excerpt":{"rendered":"<p>Osta puhdasta MMB-2201 jauhetta verkosta. Tunnetaan my\u00f6s nimell\u00e4 I-AMB, 5F-AMB-PICA tai MMB-2201 jauhe.  &nbsp;<\/p>\n<p>&nbsp;<\/p>\n","protected":false},"featured_media":18454,"comment_status":"closed","ping_status":"closed","template":"","meta":{"om_disable_all_campaigns":false,"_sitemap_exclude":false,"_sitemap_priority":"","_sitemap_frequency":"","_monsterinsights_skip_tracking":false,"_monsterinsights_sitenote_active":false,"_monsterinsights_sitenote_note":"","_monsterinsights_sitenote_category":0},"product_cat":[17206],"product_tag":[18350,18345,18337,18333,18342,18331,18338,18332,18349,18336,18339,18344,18341,18352,18347,18348,18343,18351,18346,18335,18340,18334],"class_list":{"0":"post-28175","1":"product","2":"type-product","3":"status-publish","4":"has-post-thumbnail","6":"product_cat-tutkimuskemikaalit-ja-psykedeelit","7":"product_tag-aito-puhdas-mmb-2201-jauhe-euroopassa","8":"product_tag-edullinen-puhdas-mmb-2201-jauhe-euroopassa","9":"product_tag-kuinka-paljon-on-puhdasta-mmb-2201-jauhetta","10":"product_tag-mista-ostaa-puhdasta-mmb-2201-jauhetta-verkosta","11":"product_tag-mista-ostaa-puhdasta-mmb-2201-jauhetta-euroopassa","12":"product_tag-osta-puhdasta-mmb-2201-jauhetta","13":"product_tag-osta-puhdasta-mmb-2201-jauhetta-verkosta-euroopassa","14":"product_tag-osta-puhdasta-mmb-2201-jauhetta-verkosta","15":"product_tag-puhdas-mmb-2201-jauhe-eurooppaan-toimitus","16":"product_tag-puhdas-mmb-2201-jauhe-myynti-verkossa","17":"product_tag-puhdas-mmb-2201-jauhe-paras-hinta-euroopassa","18":"product_tag-puhdas-mmb-2201-jauhe-verkkokauppa-eurooppa","19":"product_tag-puhdasta-mmb-2201-jauhetta-ilman-toimitusta-eurooppaan","20":"product_tag-puhdasta-mmb-2201-jauhetta-euroopassa-fi-5","21":"product_tag-puhdasta-mmb-2201-jauhetta-euroopassa-fi-2","22":"product_tag-puhdasta-mmb-2201-jauhetta-euroopassa-fi-3","23":"product_tag-puhdasta-mmb-2201-jauhetta-euroopassa","24":"product_tag-puhdasta-mmb-2201-jauhetta-euroopassa-fi-4","25":"product_tag-puhdasta-mmb-2201-jauhetta-euroopassa-fi","26":"product_tag-puhtaan-mmb-2201-jauheen-vaikutukset","27":"product_tag-tilaa-puhdasta-mmb-2201-jauhetta-eu","28":"product_tag-tilaa-puhdasta-mmb-2201-jauhetta-verkosta","30":"first","31":"instock","32":"shipping-taxable","33":"purchasable","34":"product-type-variable","35":"farmacie-col"},"aioseo_notices":[],"_links":{"self":[{"href":"https:\/\/lacasadelamedicina.es\/fi\/wp-json\/wp\/v2\/product\/28175"}],"collection":[{"href":"https:\/\/lacasadelamedicina.es\/fi\/wp-json\/wp\/v2\/product"}],"about":[{"href":"https:\/\/lacasadelamedicina.es\/fi\/wp-json\/wp\/v2\/types\/product"}],"replies":[{"embeddable":true,"href":"https:\/\/lacasadelamedicina.es\/fi\/wp-json\/wp\/v2\/comments?post=28175"}],"wp:featuredmedia":[{"embeddable":true,"href":"https:\/\/lacasadelamedicina.es\/fi\/wp-json\/wp\/v2\/media\/18454"}],"wp:attachment":[{"href":"https:\/\/lacasadelamedicina.es\/fi\/wp-json\/wp\/v2\/media?parent=28175"}],"wp:term":[{"taxonomy":"product_cat","embeddable":true,"href":"https:\/\/lacasadelamedicina.es\/fi\/wp-json\/wp\/v2\/product_cat?post=28175"},{"taxonomy":"product_tag","embeddable":true,"href":"https:\/\/lacasadelamedicina.es\/fi\/wp-json\/wp\/v2\/product_tag?post=28175"}],"curies":[{"name":"wp","href":"https:\/\/api.w.org\/{rel}","templated":true}]}}