{"id":28160,"date":"2024-08-09T14:01:54","date_gmt":"2024-08-09T14:01:54","guid":{"rendered":"https:\/\/lacasadelamedicina.es\/product\/osta-valkoista-heroiinijauhetta-verkosta\/"},"modified":"2024-08-09T14:01:54","modified_gmt":"2024-08-09T14:01:54","slug":"osta-valkoista-heroiinijauhetta-verkosta","status":"publish","type":"product","link":"https:\/\/lacasadelamedicina.es\/fi\/tuote\/osta-valkoista-heroiinijauhetta-verkosta\/","title":{"rendered":"Osta valkoista heroiinijauhetta verkosta"},"content":{"rendered":"<h1>Osta White Powder Heroin verkosta.<\/h1>\n<p> Osta valkoista heroiinijauhetta verkosta &#8211; Yksi markkinoiden tehokkaimmista ja tuottoisimmista heroiinityypeist\u00e4 on valkoinen jauhe. Mutta kenelt\u00e4 se kannattaa ostaa? Paras paikka ostaa valkoista heroiinijauhetta verkosta halvimmalla hinnalla on Dr. Lawsons Pharmacy. Useiden toimitus- ja maksutapojen ansiosta Dr. Lawsons Pharmac<a href=\"https:\/\/dieapotheke247.com\/\">y<\/a> tekee valkoisen heroiinijauheen ostamisen irtotavarana helppoa ja turvallista. 100 % tyytyv\u00e4isyystakuumme ansiosta olemme eritt\u00e4in ylpeit\u00e4 voidessamme tarjota asiakkaillemme nopean, huomaamattoman ja turvallisen ostokokemuksen. Osta valkoista heroiinijauhetta verkosta &#8211;      <a href=\"https:\/\/drlawsonspharmacy\/contact-us\/\"><a href=\"https:\/\/drlawsonspharmacy\/contact-us\/\">OTA YHTEYTT\u00c4 Tilaa heroiinia verkosta<\/a><\/a><\/p>\n<h3>Valkoisen heroiinijauheen edut<\/h3>\n<p> Vaikka valkoista heroiinijauhetta k\u00e4ytet\u00e4\u00e4n usein virkistys- tai l\u00e4\u00e4ketieteellisesti opioidikivun hoitoon, se on my\u00f6s tulossa yh\u00e4 suositummaksi ihmisten keskuudessa, jotka etsiv\u00e4t \u00e4\u00e4rimm\u00e4isempi\u00e4 kokemuksia. Voit nyt ostaa puhdasta valkoista heroiinijauhetta verkosta Dr. Lawsons Pharmacysta ja kokea sen voimakkaat vaikutukset henkil\u00f6kohtaisesti. Saat markkinoiden puhtaimman heroiinin, kun saat sen valkoisena jauheena Dr. Lawsons Pharmacysta. T\u00e4m\u00e4 tekee siit\u00e4 t\u00e4ydellisen ihmisille, jotka etsiv\u00e4t intensiivist\u00e4 kokemusta, koska annoksesi on vahvempi ja kest\u00e4\u00e4 pidemp\u00e4\u00e4n kuin muut heroiinityypit. Lis\u00e4ksi hinnat ovat kohtuulliset ja toimitusajat lyhyet. Mit\u00e4 sin\u00e4 odotat? Tilaa suuri m\u00e4\u00e4r\u00e4 valkoista heroiinijauhetta heti! Osta valkoista heroiinijauhetta verkosta        <\/p>\n<h3>Valkoisen heroiinijauheen k\u00e4ytt\u00f6\u00f6n liittyv\u00e4t riskit<\/h3>\n<p> Ole tietoinen vaaroista, jos aiot ostaa valkoista heroiinijauhetta myyt\u00e4v\u00e4ksi verkossa. Valkoinen heroiinijauhe on eritt\u00e4in riippuvuutta aiheuttava aine, joka voi aiheuttaa sek\u00e4 henkist\u00e4 ett\u00e4 fyysist\u00e4 riippuvuutta, jos sit\u00e4 k\u00e4ytet\u00e4\u00e4n usein. Saatat kokea vaikeita ja kivuliaita vieroitusoireita, jos lopetat \u00e4killisesti sen k\u00e4yt\u00f6n. Lis\u00e4ksi pienetkin annokset t\u00e4t\u00e4 voimakasta kemikaalia voivat olla kohtalokkaita, jos niit\u00e4 k\u00e4ytet\u00e4\u00e4n v\u00e4\u00e4rin tai liiallisesti. Itse asiassa yliannostus on yksi yleisimmist\u00e4 valkoisen heroiinijauheen k\u00e4ytt\u00f6\u00f6n liittyvist\u00e4 kuolemista. Viimeisen\u00e4 mutta ei v\u00e4h\u00e4isimp\u00e4n\u00e4, valkoisen heroiinijauheen k\u00e4ytt\u00f6 on yhdistetty useisiin haitallisiin mielenterveysvaikutuksiin, mukaan lukien vainoharhaisuus, surullisuus, ajatush\u00e4iri\u00f6t, ahdistus ja riippuvuuden uusiutuminen. Osta valkoista heroiinijauhetta verkosta       <\/p>\n<h3>Osta valkoista heroiinijauhetta verkosta<\/h3>\n<p> On t\u00e4rke\u00e4\u00e4 ymm\u00e4rt\u00e4\u00e4, ett\u00e4 valkoiselle heroiinijauheelle ei ole &#8221;turvallista&#8221; annosta, koska mik\u00e4 tahansa m\u00e4\u00e4r\u00e4 voi olla hengenvaarallinen johtuen vuorovaikutuksesta henkil\u00f6n tunnettujen tai tiedostamattomien herkkien ja muiden l\u00e4\u00e4ketieteellisten ongelmien kanssa. T\u00e4st\u00e4 syyst\u00e4 heroiinin k\u00e4ytt\u00f6 \u2013 olipa se kuinka v\u00e4h\u00e4ist\u00e4 tahansa \u2013 tulee tapahtua vain p\u00e4tev\u00e4n l\u00e4\u00e4ketieteen ammattilaisen tiukassa valvonnassa. Tilaa heroiinia verkosta   <\/p>\n<h3>Miksi Dr. Lawsons Pharmacy on paras paikka ostaa valkoista heroiinijauhetta verkosta?<\/h3>\n<p> Jos aiot ostaa valkoista heroiinijauhetta verkosta, sinulla on useita etuja, mukaan lukien edullisuus ja yksinkertaisuus. On kuitenkin t\u00e4rke\u00e4\u00e4 olla tietoinen t\u00e4m\u00e4n aineen k\u00e4yt\u00f6n vaaroista ja hankkia se vain luotettavilta toimittajilta, kuten Dr. Lawsons Pharmacylta. Dr. Lawsons Pharmacyn avulla voit itsevarmasti nauttia verkossa myyt\u00e4v\u00e4n valkoisen heroiinijauheen lukuisista eduista. Tilaa heroiinia verkosta    &nbsp;<\/p>\n","protected":false},"excerpt":{"rendered":"<p>Osta White Powder Heroin verkosta. Osta valkoista heroiinijauhetta verkosta &#8211; Yksi markkinoiden tehokkaimmista ja tuottoisimmista heroiinityypeist\u00e4 on valkoinen jauhe. Mutta kenelt\u00e4 se kannattaa ostaa? Paras paikka ostaa valkoista heroiinijauhetta verkosta halvimmalla hinnalla on Dr. Lawsons Pharmacy. Useiden toimitus- ja maksutapojen ansiosta Dr. Lawsons Pharmacy tekee valkoisen heroiinijauheen ostamisen irtotavarana helppoa ja turvallista. 100 % tyytyv\u00e4isyystakuumme [&hellip;]<\/p>\n","protected":false},"featured_media":17989,"comment_status":"closed","ping_status":"closed","template":"","meta":{"om_disable_all_campaigns":false,"_sitemap_exclude":false,"_sitemap_priority":"","_sitemap_frequency":"","_monsterinsights_skip_tracking":false,"_monsterinsights_sitenote_active":false,"_monsterinsights_sitenote_note":"","_monsterinsights_sitenote_category":0},"product_cat":[18198],"product_tag":[18306,18301,18293,18298,18289,18287,18288,18294,18296,18290,18304,18305,18299,18308,18297,18295,18300,18292,18291,18303,18307,18302],"class_list":{"0":"post-28160","1":"product","2":"type-product","3":"status-publish","4":"has-post-thumbnail","6":"product_cat-heroiini","7":"product_tag-aito-valkoinen-heroiinijauhe-euroopassa","8":"product_tag-halpa-valkoinen-heroiinijauhe-euroopassa","9":"product_tag-kuinka-paljon-on-valkoinen-heroiinijauhe","10":"product_tag-mista-ostaa-valkoista-heroiinijauhetta-euroopassa","11":"product_tag-mista-ostaa-valkoista-heroiinijauhetta-verkossa","12":"product_tag-osta-valkoista-heroiinijauhetta","13":"product_tag-osta-valkoista-heroiinijauhetta-verkosta","14":"product_tag-osta-valkoista-heroiinijauhetta-verkosta-euroopassa","15":"product_tag-tilaa-valkoista-heroiinijauhetta-eu","16":"product_tag-tilaa-valkoista-heroiinijauhetta-verkosta","17":"product_tag-valkoinen-heroiinijauhe-euroopan-alennus","18":"product_tag-valkoinen-heroiinijauhe-euroopan-toimitus","19":"product_tag-valkoinen-heroiinijauhe-euroopassa","20":"product_tag-valkoinen-heroiinijauhe-eurooppa-katsaus","21":"product_tag-valkoinen-heroiinijauhe-ilmainen-toimitus-eurooppaan","22":"product_tag-valkoinen-heroiinijauhe-paras-hinta-euroopassa","23":"product_tag-valkoinen-heroiinijauhe-verkkokauppa-eurooppa","24":"product_tag-valkoisen-heroiinijauheen-myynti-verkossa","25":"product_tag-valkoisen-heroiinijauheen-vaikutukset","26":"product_tag-valkoista-heroiinijauhetta-euroopassa-fi","27":"product_tag-valkoista-heroiinijauhetta-euroopassa-fi-2","28":"product_tag-valkoista-heroiinijauhetta-euroopassa","30":"first","31":"instock","32":"shipping-taxable","33":"purchasable","34":"product-type-variable","35":"farmacie-col"},"aioseo_notices":[],"_links":{"self":[{"href":"https:\/\/lacasadelamedicina.es\/fi\/wp-json\/wp\/v2\/product\/28160"}],"collection":[{"href":"https:\/\/lacasadelamedicina.es\/fi\/wp-json\/wp\/v2\/product"}],"about":[{"href":"https:\/\/lacasadelamedicina.es\/fi\/wp-json\/wp\/v2\/types\/product"}],"replies":[{"embeddable":true,"href":"https:\/\/lacasadelamedicina.es\/fi\/wp-json\/wp\/v2\/comments?post=28160"}],"wp:featuredmedia":[{"embeddable":true,"href":"https:\/\/lacasadelamedicina.es\/fi\/wp-json\/wp\/v2\/media\/17989"}],"wp:attachment":[{"href":"https:\/\/lacasadelamedicina.es\/fi\/wp-json\/wp\/v2\/media?parent=28160"}],"wp:term":[{"taxonomy":"product_cat","embeddable":true,"href":"https:\/\/lacasadelamedicina.es\/fi\/wp-json\/wp\/v2\/product_cat?post=28160"},{"taxonomy":"product_tag","embeddable":true,"href":"https:\/\/lacasadelamedicina.es\/fi\/wp-json\/wp\/v2\/product_tag?post=28160"}],"curies":[{"name":"wp","href":"https:\/\/api.w.org\/{rel}","templated":true}]}}