{"id":28156,"date":"2024-08-09T14:01:54","date_gmt":"2024-08-09T14:01:54","guid":{"rendered":"https:\/\/lacasadelamedicina.es\/product\/osta-jwh-210-chemical-powder-verkosta\/"},"modified":"2024-08-09T14:01:54","modified_gmt":"2024-08-09T14:01:54","slug":"osta-jwh-210-chemical-powder-verkosta","status":"publish","type":"product","link":"https:\/\/lacasadelamedicina.es\/fi\/tuote\/osta-jwh-210-chemical-powder-verkosta\/","title":{"rendered":"Osta JWH-210 Chemical Powder verkosta"},"content":{"rendered":"<h1 class=\"product_title enter-title\">Osta Chemical Powder JWH-210 verkosta<\/h1>\n<p> Osta JWH-210 Chemical Powder verkosta &#8211; Osta JWH-210 Chemical Powder verkosta. JWH-210 (4-etyylinaftalen-1-yyli-(1-pentyyli-indol-3-yyli)metanoni), joka tunnetaan my\u00f6s nimell\u00e4. on voimakas kannabinoidi. Osta JWH-210 Chemical Powder verkosta &#8211; <a href=\"https:\/\/drlawsonspharmacy\/contact-us\/\">YHTEYSTIEDOT<\/a> JWH-210 voidaan ostaa verkosta. Naftoylindoliperheen j\u00e4senen\u00e4 JWH-210 on voimakas kannabinoidiagonisti CB1- ja CB2-reseptoreissa, ja Ki-arvot ovat 0,46 nM CB1:lle ja 0,69 nM CB2:lle. Sit\u00e4 k\u00e4ytet\u00e4\u00e4n kivun hallintaan. Vahvempi sitoutumisaffiniteetti (eli pienempi Ki) CB1:een kuin sen 4-metyyli- ja 4-n-propyylihomologit JWH-122 (CB1 Ki 0,69 nM), se on yksi tehokkaimmista 4-substituoiduista naftyylijohdannaisista naftoylindolisarjassa. . ja JWH-182 (CB1 Ki 0,65 nM) tai JWH-081 (CB1 Ki 1,2 nM), 4-metoksimolekyyli [2] John W. Huffman inspiroi l\u00f6yt\u00f6\u00e4 ja nime\u00e4mist\u00e4.        <\/p>\n<h3>Osta JWH-210 Chemical Powder verkosta<\/h3>\n<p> Oletko omistautunut tiedemies, joka haluaa sukeltaa synteettisten kannabinoidien monimutkaiseen alaan? \u00c4l\u00e4 sitten etsi kauempaa kuin JWH-210 Chemical Powder, huippuluokan tuote, joka on suunniteltu tukemaan uraauurtavaa farmakologista tutkimusta. JWH-210 Chemical Powder on ihanteellinen ty\u00f6kalu tutkimuksesi potentiaalin maksimoimiseen korkean laadun ja erikoisominaisuuksiensa ansiosta. JWH-210 Chemical Powder on valmistettu huolellisesti k\u00e4ytt\u00e4en uusimpia menetelmi\u00e4, jotta varmistetaan puhdas ja luotettava tuote jokaisessa tilauksessa. T\u00e4m\u00e4 aine osoittaa poikkeuksellista affiniteettia ja selektiivisyytt\u00e4 tehokkaana kannabinoidireseptorien agonistina, mik\u00e4 antaa tutkijoille mahdollisuuden saada kattava k\u00e4sitys endokannabinoidij\u00e4rjestelm\u00e4n monimutkaisista mekanismeista.     <\/p>\n<h3><strong>Tilaa JWH-210 Chemical Powder<\/strong><\/h3>\n<p> JWH-210 Chemical Powderin huomattava stabiilisuus, joka mahdollistaa tarkat annoslaskelmat ja laajan kokeilun, on yksi sen t\u00e4rkeimmist\u00e4 eduista. Sen stabiilius ja liukoisuus useisiin yleisiin liuottimiin tekev\u00e4t siit\u00e4 t\u00e4ydellisen ehdokkaan monenlaisiin laboratoriotarkoituksiin. JWH-210 Chemical Powderin ansiosta tutkijat voivat vapaasti tutkia erilaisia \u200b\u200bkiehtovia tutkimusaiheita, kuten neurofarmakologiaa, kivunhallintaa ja riippuvuustutkimuksia. T\u00e4m\u00e4n aineen sopeutumiskyky avaa uusia mahdollisuuksia uraauurtaville l\u00f6yd\u00f6ksille, jotka voivat vaikuttaa l\u00e4\u00e4kkeiden ja l\u00e4\u00e4ketieteellisen tutkimuksen kehitt\u00e4miseen tulevaisuudessa.    &nbsp;<\/p>\n","protected":false},"excerpt":{"rendered":"<p>Osta JWH-210 kemiallinen jauhe verkosta. JWH-210 kemiallinen jauhe kuuluu naftoylindoliperheeseen ja sit\u00e4 k\u00e4ytet\u00e4\u00e4n kipul\u00e4\u00e4kkeen\u00e4.  &nbsp;<\/p>\n","protected":false},"featured_media":18529,"comment_status":"closed","ping_status":"closed","template":"","meta":{"om_disable_all_campaigns":false,"_sitemap_exclude":false,"_sitemap_priority":"","_sitemap_frequency":"","_monsterinsights_skip_tracking":false,"_monsterinsights_sitenote_active":false,"_monsterinsights_sitenote_note":"","_monsterinsights_sitenote_category":0},"product_cat":[17206],"product_tag":[18284,18279,18282,18286,18281,18277,18280,18285,18283,18275,18278,18273,18269,18270,18271,18276,18268,18265,18266,18272,18274,18267],"class_list":{"0":"post-28156","1":"product","2":"type-product","3":"status-publish","4":"has-post-thumbnail","6":"product_cat-tutkimuskemikaalit-ja-psykedeelit","7":"product_tag-aito-jwh-210-chemical-powder-europe","8":"product_tag-halpa-jwh-210-chemical-powder-europe","9":"product_tag-jwh-210-chemical-powder-europe-alennus","10":"product_tag-jwh-210-chemical-powder-europe-katsaus","11":"product_tag-jwh-210-chemical-powder-europe-myymala","12":"product_tag-jwh-210-chemical-powder-europe-myynti","13":"product_tag-jwh-210-chemical-powder-europe-tarjoukset","14":"product_tag-jwh-210-chemical-powder-europe-toimittajat","15":"product_tag-jwh-210-chemical-powder-europe-toimitus","16":"product_tag-jwh-210-chemical-powder-ilmainen-toimitus-eurooppaan","17":"product_tag-jwh-210-chemical-powder-verkkokauppa-eurooppa","18":"product_tag-jwh-210-kemiallinen-jauhe-paras-hinta-euroopassa","19":"product_tag-jwh-210-kemiallisen-jauheen-vaikutukset","20":"product_tag-jwh-210-kemiallisten-jauheiden-myynti-verkossa","21":"product_tag-kuinka-paljon-on-jwh-210-chemical-powder","22":"product_tag-mista-ostaa-jwh-210-chemical-powder-europe","23":"product_tag-mista-ostaa-jwh-210-chemical-powder-verkosta","24":"product_tag-osta-jwh-210-chemical-powder","25":"product_tag-osta-jwh-210-chemical-powder-verkosta","26":"product_tag-osta-jwh-210-chemical-powder-verkosta-euroopassa","27":"product_tag-tilaa-jwh-210-chemical-powder-eu","28":"product_tag-tilaa-jwh-210-chemical-powder-verkosta","30":"first","31":"instock","32":"shipping-taxable","33":"purchasable","34":"product-type-variable","35":"farmacie-col"},"aioseo_notices":[],"_links":{"self":[{"href":"https:\/\/lacasadelamedicina.es\/fi\/wp-json\/wp\/v2\/product\/28156"}],"collection":[{"href":"https:\/\/lacasadelamedicina.es\/fi\/wp-json\/wp\/v2\/product"}],"about":[{"href":"https:\/\/lacasadelamedicina.es\/fi\/wp-json\/wp\/v2\/types\/product"}],"replies":[{"embeddable":true,"href":"https:\/\/lacasadelamedicina.es\/fi\/wp-json\/wp\/v2\/comments?post=28156"}],"wp:featuredmedia":[{"embeddable":true,"href":"https:\/\/lacasadelamedicina.es\/fi\/wp-json\/wp\/v2\/media\/18529"}],"wp:attachment":[{"href":"https:\/\/lacasadelamedicina.es\/fi\/wp-json\/wp\/v2\/media?parent=28156"}],"wp:term":[{"taxonomy":"product_cat","embeddable":true,"href":"https:\/\/lacasadelamedicina.es\/fi\/wp-json\/wp\/v2\/product_cat?post=28156"},{"taxonomy":"product_tag","embeddable":true,"href":"https:\/\/lacasadelamedicina.es\/fi\/wp-json\/wp\/v2\/product_tag?post=28156"}],"curies":[{"name":"wp","href":"https:\/\/api.w.org\/{rel}","templated":true}]}}