{"id":28148,"date":"2024-08-09T14:01:54","date_gmt":"2024-08-09T14:01:54","guid":{"rendered":"https:\/\/lacasadelamedicina.es\/product\/osta-leikkaamatonta-heroiinia-verkosta\/"},"modified":"2024-08-09T14:01:54","modified_gmt":"2024-08-09T14:01:54","slug":"osta-leikkaamatonta-heroiinia-verkosta","status":"publish","type":"product","link":"https:\/\/lacasadelamedicina.es\/fi\/tuote\/osta-leikkaamatonta-heroiinia-verkosta\/","title":{"rendered":"Osta leikkaamatonta heroiinia verkosta"},"content":{"rendered":"<h1>Osta leikkaamatonta heroiinia verkosta<\/h1>\n<p> Osta leikkaamatonta heroiinia verkosta \u2013 Leikkaamatonta heroiinia voi ostaa verkosta tietyilt\u00e4 j\u00e4lleenmyyjilt\u00e4, \u200b\u200bvaikka t\u00e4h\u00e4n liittyy omat riskins\u00e4. Joten jos olet miettinyt, mist\u00e4 l\u00f6yt\u00e4\u00e4 aitoa, turvallista, leikkaamatonta heroiinia verkosta, Dr. Lawsons Pharmacy on oikea paikka menn\u00e4. Osta leikkaamatonta heroiinia verkosta &#8211;   <a href=\"https:\/\/drlawsonspharmacy\/contact-us\/\">OTA YHTEYTT\u00c4<\/a><\/p>\n<h3>Miten leikkaamaton heroiini valmistetaan?<\/h3>\n<p> Leikkaamaton heroiini valmistetaan oopiumiunikon kuivatuista paloista. Se ker\u00e4t\u00e4\u00e4n ja muutetaan jauhemaiseksi, valkoiseksi materiaaliksi. Se sis\u00e4lt\u00e4\u00e4 korkeita pitoisuuksia morfiinia, <a href=\"https:\/\/dieapotheke247.com\/\">c<\/a>odeiini ja muut aineet, mukaan lukien voimakkaat opioidit. Lopputuloksena on jalostamaton oopiumilajike, joka ei sis\u00e4ll\u00e4 ylim\u00e4\u00e4r\u00e4isi\u00e4 kemikaaleja ja prosessointiaineita. L\u00e4\u00e4kkeen vahvuus muuttuu kosteuden ja alkaloidien m\u00e4\u00e4r\u00e4st\u00e4 riippuen.     <\/p>\n<h3>Leikkaamattoman heroiinin edut<\/h3>\n<p> Leikkaamattoman heroiinin tulisi olla valintasi, jos etsit korkeaa heroiinia, joka on muita parempi. Leikkaamaton heroiini on tehokkaampaa ja puhtaampaa kuin muut heroiinin muodot ja tarjoaa paremmat lyhyen ja pitk\u00e4n aikav\u00e4lin vaikutukset. Lis\u00e4ksi se voidaan r\u00e4\u00e4t\u00e4l\u00f6id\u00e4 k\u00e4ytt\u00e4j\u00e4n tarpeiden mukaan, jolloin saadaan cocktaileja, jotka antavat k\u00e4ytt\u00e4j\u00e4lle enemm\u00e4n hallintaa l\u00e4\u00e4kkeen annostuksesta ja laadusta. Verkosta ostettua leikkaamatonta heroiinia on my\u00f6s turvallisempaa kuluttaa valvonnassa. Suuremman vahvuuden ansiosta yliannostuksen riski on pienempi. Muihin heroiinityyppeihin verrattuna leikkaamattomalla heroiinilla on v\u00e4hemm\u00e4n kielteisi\u00e4 vaikutuksia ja pienempi riippuvuuden riski. Itse asiassa asiakkaat ovat v\u00e4itt\u00e4neet, ett\u00e4 Dr. Lawsons Pharmacy helpottaa puhtaan, vahvan, leikkaamattoman heroiinin ostamista verkosta.       <\/p>\n<h3>Leikkaamattoman heroiinin sivuvaikutukset<\/h3>\n<p> Lis\u00e4\u00e4ntynyt riippuvuuden ja yliannostuksen riski sek\u00e4 HIV:n ja muiden infektioiden lis\u00e4\u00e4ntyminen ovat kaikki terveysriskej\u00e4, jotka liittyv\u00e4t leikkaamattoman heroiinin k\u00e4ytt\u00f6\u00f6n. Lis\u00e4ksi leikkaamaton heroiini voi aiheuttaa fyysisi\u00e4 sivuvaikutuksia, kuten pahoinvointia, oksentelua, nopeaa syd\u00e4menly\u00f6nti\u00e4 ja suurempi yliannostusriski. Tietyiss\u00e4 olosuhteissa se voi johtaa jopa kuolemaan.   <\/p>\n<h3>Mist\u00e4 ostaa leikkaamatonta heroiinia verkossa?<\/h3>\n<p> Kun etsit leikkaamatonta heroiinia verkosta, etsi toimittajia, kuten Dr. Lawsons Pharmacy, joiden tuotteet ovat muut l\u00e4hteet arvioineet korkealaatuisiksi. Kun vertailet leikkaamattoman heroiinin hintoja verkossa, muista, ett\u00e4 kustannukset voivat vaihdella suuresti riippuen sijainnista (esim. kaupungeista, joissa heroiinin katuhinta on yleens\u00e4 korkeampi), vuorokaudenajasta (eutanasiaseremoniat johtavat usein korkeampiin hintoihin), maksutavasta ( luottokortit veloittavat yleens\u00e4 korkeampia maksuja kuin PayPal) jne. Koska ostamasi tuotteet sekoitetaan todenn\u00e4k\u00f6isesti muiden aineiden kanssa l\u00e4hteest\u00e4 riippumatta, on t\u00e4rke\u00e4\u00e4, ettet j\u00e4\u00e4 liian kiinni hintatietoihin. Keskity sen sijaan varmistamaan, ett\u00e4 puhtaus ja tuoreus s\u00e4ilyv\u00e4t koko kuljetuksen ja ostoprosessin ajan, ei vain lopputuotteen vaiheessa.    <\/p>\n<h3>Osta leikkaamatonta heroiinia verkossa Dr. Lawsons Pharmacysta<\/h3>\n<p> On t\u00e4rke\u00e4\u00e4 muistaa, ett\u00e4 leikkaamattoman heroiinin ep\u00e4asianmukaisella tai vastuuttomalla k\u00e4yt\u00f6ll\u00e4 voi olla vakavia seurauksia. T\u00e4m\u00e4 mieless\u00e4 pit\u00e4en sinun tulee ostaa leikkaamatonta heroiinia vain hyv\u00e4maineisista apteekeista, kuten Dr. Lawsons Pharmacysta. Parhaalla hinnalla tarjoamme vain aidon, leikkaamattoman heroiinin tukkumyynti\u00e4.   &nbsp;<\/p>\n","protected":false},"excerpt":{"rendered":"<p>Osta leikkaamatonta heroiinia verkosta Osta leikkaamatonta heroiinia verkosta \u2013 Leikkaamatonta heroiinia voi ostaa verkosta tietyilt\u00e4 j\u00e4lleenmyyjilt\u00e4, \u200b\u200bvaikka t\u00e4h\u00e4n liittyy omat riskins\u00e4. Joten jos olet miettinyt, mist\u00e4 l\u00f6yt\u00e4\u00e4 aitoa, turvallista, leikkaamatonta heroiinia verkosta, Dr. Lawsons Pharmacy on oikea paikka menn\u00e4. Osta leikkaamatonta heroiinia verkosta &#8211; OTA YHTEYTT\u00c4 Miten leikkaamaton heroiini valmistetaan? Leikkaamaton heroiini valmistetaan oopiumiunikon kuivatuista [&hellip;]<\/p>\n","protected":false},"featured_media":17974,"comment_status":"closed","ping_status":"closed","template":"","meta":{"om_disable_all_campaigns":false,"_sitemap_exclude":false,"_sitemap_priority":"","_sitemap_frequency":"","_monsterinsights_skip_tracking":false,"_monsterinsights_sitenote_active":false,"_monsterinsights_sitenote_note":"","_monsterinsights_sitenote_category":0},"product_cat":[18198],"product_tag":[18262,18257,18249,18264,18259,18260,18253,18251,18256,18248,18255,18261,18247,18263,18258,18254,18246,18245,18250,18243,18252,18244],"class_list":{"0":"post-28148","1":"product","2":"type-product","3":"status-publish","4":"has-post-thumbnail","6":"product_cat-heroiini","7":"product_tag-aito-leikkaamaton-heroiini-eurooppa","8":"product_tag-halpaa-leikkaamatonta-heroiinia-euroopassa","9":"product_tag-kuinka-paljon-on-leikkaamatonta-heroiinia","10":"product_tag-leikkaamaton-heroiini-eurooppa-arvostelu","11":"product_tag-leikkaamaton-heroiini-eurooppa-kauppa","12":"product_tag-leikkaamaton-heroiini-eurooppalainen-alennus","13":"product_tag-leikkaamaton-heroiini-ilmainen-toimitus-eurooppaan","14":"product_tag-leikkaamaton-heroiini-paras-hinta-euroopassa","15":"product_tag-leikkaamaton-heroiini-verkkokauppa-eurooppa","16":"product_tag-leikkaamaton-heroiinimyynti-verkossa","17":"product_tag-leikkaamaton-heroiinin-myynti-euroopassa","18":"product_tag-leikkaamaton-heroiinin-toimitus-euroopassa","19":"product_tag-leikkaamattoman-heroiinin-vaikutukset","20":"product_tag-leikkaamattomat-heroiinin-toimittajat-euroopassa","21":"product_tag-leikkaamattomia-heroiinisopimuksia-euroopassa","22":"product_tag-mista-ostaa-leikkaamatonta-heroiinia-euroopassa","23":"product_tag-mista-ostaa-leikkaamatonta-heroiinia-verkossa","24":"product_tag-osta-leikkaamatonta-heroiinia-verkosta","25":"product_tag-osta-leikkaamatonta-heroiinia-verkosta-euroopassa","26":"product_tag-ostaa-leikkaamatonta-heroiinia","27":"product_tag-tilaa-leikkaamatonta-heroiinia-eusta","28":"product_tag-tilaa-leikkaamatonta-heroiinia-verkosta","30":"first","31":"instock","32":"shipping-taxable","33":"purchasable","34":"product-type-variable","35":"farmacie-col"},"aioseo_notices":[],"_links":{"self":[{"href":"https:\/\/lacasadelamedicina.es\/fi\/wp-json\/wp\/v2\/product\/28148"}],"collection":[{"href":"https:\/\/lacasadelamedicina.es\/fi\/wp-json\/wp\/v2\/product"}],"about":[{"href":"https:\/\/lacasadelamedicina.es\/fi\/wp-json\/wp\/v2\/types\/product"}],"replies":[{"embeddable":true,"href":"https:\/\/lacasadelamedicina.es\/fi\/wp-json\/wp\/v2\/comments?post=28148"}],"wp:featuredmedia":[{"embeddable":true,"href":"https:\/\/lacasadelamedicina.es\/fi\/wp-json\/wp\/v2\/media\/17974"}],"wp:attachment":[{"href":"https:\/\/lacasadelamedicina.es\/fi\/wp-json\/wp\/v2\/media?parent=28148"}],"wp:term":[{"taxonomy":"product_cat","embeddable":true,"href":"https:\/\/lacasadelamedicina.es\/fi\/wp-json\/wp\/v2\/product_cat?post=28148"},{"taxonomy":"product_tag","embeddable":true,"href":"https:\/\/lacasadelamedicina.es\/fi\/wp-json\/wp\/v2\/product_tag?post=28148"}],"curies":[{"name":"wp","href":"https:\/\/api.w.org\/{rel}","templated":true}]}}